{"id":997,"date":"2022-02-09T20:59:14","date_gmt":"2022-02-09T20:59:14","guid":{"rendered":"https:\/\/www.silhouetteappliances.com\/fr\/product\/dbc2760bls-2\/"},"modified":"2022-12-02T19:57:37","modified_gmt":"2022-12-02T19:57:37","slug":"dbc2760bls","status":"publish","type":"product","link":"https:\/\/www.silhouetteappliances.com\/fr\/products\/dbc2760bls\/","title":{"rendered":"Emmental &#8211; Centre de boissons 24&Prime; \u00e0 porte fran\u00e7aise"},"content":{"rendered":"","protected":false},"excerpt":{"rendered":"","protected":false},"featured_media":750,"comment_status":"closed","ping_status":"open","template":"","meta":{"_acf_changed":false},"product_brand":[],"product_cat":[19],"product_tag":[],"class_list":{"0":"post-997","1":"product","2":"type-product","3":"status-publish","4":"has-post-thumbnail","6":"product_cat-refroidisseur-de-boissons","8":"first","9":"instock","10":"shipping-taxable","11":"product-type-simple"},"acf":[],"yoast_head":"<!-- This site is optimized with the Yoast SEO plugin v26.7 - https:\/\/yoast.com\/wordpress\/plugins\/seo\/ -->\n<title>Emmental - Centre de boissons 24&quot; \u00e0 porte fran\u00e7aise - DBC2760BLS | Silhouette Canada<\/title>\n<meta name=\"description\" content=\"Quels prix se cachent derri\u00e8re les portes 1 et 2 ? Les boissons de votre choix conserv\u00e9es par des experts. Cet encastrement dispose de deux zones de temp\u00e9rature pour conserver simultan\u00e9ment votre vin et vos boissons, et le refroidissement par ventilateur vous permet de profiter d&#039;un luxe sans givre.\" \/>\n<meta name=\"robots\" content=\"index, follow, max-snippet:-1, max-image-preview:large, max-video-preview:-1\" \/>\n<link rel=\"canonical\" href=\"https:\/\/www.silhouetteappliances.com\/fr\/products\/dbc2760bls\/\" \/>\n<meta property=\"og:locale\" content=\"fr_CA\" \/>\n<meta property=\"og:type\" content=\"article\" \/>\n<meta property=\"og:title\" content=\"Emmental - Centre de boissons 24&quot; \u00e0 porte fran\u00e7aise - DBC2760BLS | Silhouette Canada\" \/>\n<meta property=\"og:description\" content=\"Quels prix se cachent derri\u00e8re les portes 1 et 2 ? Les boissons de votre choix conserv\u00e9es par des experts. Cet encastrement dispose de deux zones de temp\u00e9rature pour conserver simultan\u00e9ment votre vin et vos boissons, et le refroidissement par ventilateur vous permet de profiter d&#039;un luxe sans givre.\" \/>\n<meta property=\"og:url\" content=\"https:\/\/www.silhouetteappliances.com\/fr\/products\/dbc2760bls\/\" \/>\n<meta property=\"og:site_name\" content=\"Silhouette - Canada - French\" \/>\n<meta property=\"article:publisher\" content=\"https:\/\/www.facebook.com\/SilhouetteAppliances\" \/>\n<meta property=\"article:modified_time\" content=\"2022-12-02T19:57:37+00:00\" \/>\n<meta property=\"og:image\" content=\"https:\/\/cdnweb.silhouetteappliances.com\/wp-content\/uploads\/sites\/7\/2021\/11\/10163000\/DBC2760BLSSweb1.png\" \/>\n\t<meta property=\"og:image:width\" content=\"341\" \/>\n\t<meta property=\"og:image:height\" content=\"483\" \/>\n\t<meta property=\"og:image:type\" content=\"image\/png\" \/>\n<meta name=\"twitter:card\" content=\"summary_large_image\" \/>\n<script type=\"application\/ld+json\" class=\"yoast-schema-graph\">{\"@context\":\"https:\/\/schema.org\",\"@graph\":[{\"@type\":[\"WebPage\",\"ItemPage\"],\"url\":\"https:\/\/www.silhouetteappliances.com\/fr\/products\/dbc2760bls\/\",\"name\":\"Emmental - Centre de boissons 24\\\" \u00e0 porte fran\u00e7aise - DBC2760BLS | Silhouette Canada\",\"isPartOf\":[],\"primaryImageOfPage\":[],\"image\":[],\"thumbnailUrl\":\"https:\/\/cdnweb.danby.com\/wp-content\/uploads\/sites\/7\/2021\/11\/10163000\/DBC2760BLSSweb1.png\",\"datePublished\":\"2022-02-09T20:59:14+00:00\",\"dateModified\":\"2022-12-02T19:57:37+00:00\",\"description\":\"Quels prix se cachent derri\u00e8re les portes 1 et 2 ? Les boissons de votre choix conserv\u00e9es par des experts. Cet encastrement dispose de deux zones de temp\u00e9rature pour conserver simultan\u00e9ment votre vin et vos boissons, et le refroidissement par ventilateur vous permet de profiter d'un luxe sans givre.\",\"breadcrumb\":[],\"inLanguage\":\"fr-CA\",\"potentialAction\":[{\"@type\":\"ReadAction\",\"target\":[\"https:\/\/www.silhouetteappliances.com\/fr\/products\/dbc2760bls\/\"]}]},{\"@type\":\"ImageObject\",\"inLanguage\":\"fr-CA\",\"url\":\"https:\/\/cdnweb.danby.com\/wp-content\/uploads\/sites\/7\/2021\/11\/10163000\/DBC2760BLSSweb1.png\",\"contentUrl\":\"https:\/\/cdnweb.danby.com\/wp-content\/uploads\/sites\/7\/2021\/11\/10163000\/DBC2760BLSSweb1.png\",\"width\":341,\"height\":483},{\"@type\":\"BreadcrumbList\",\"itemListElement\":[{\"@type\":\"ListItem\",\"position\":1,\"name\":\"Home\",\"item\":\"https:\/\/www.silhouetteappliances.com\/fr\/\"},{\"@type\":\"ListItem\",\"position\":2,\"name\":\"Shop\",\"item\":\"https:\/\/www.silhouetteappliances.com\/fr\/shop\/\"},{\"@type\":\"ListItem\",\"position\":3,\"name\":\"Emmental &#8211; Centre de boissons 24&#8243; \u00e0 porte fran\u00e7aise\"}]},{\"@type\":\"WebSite\",\"url\":\"https:\/\/www.silhouetteappliances.com\/fr\/\",\"name\":\"Silhouette - Canada - French\",\"description\":\"Enfriadores de vino Refrigeradores bajo mostrador.  Todos los frigor\u00edficos - Centro de Bebidas y Vinos\",\"publisher\":[],\"potentialAction\":[{\"@type\":\"SearchAction\",\"target\":{\"@type\":\"EntryPoint\",\"urlTemplate\":\"https:\/\/www.silhouetteappliances.com\/fr\/?s={search_term_string}\"},\"query-input\":{\"@type\":\"PropertyValueSpecification\",\"valueRequired\":true,\"valueName\":\"search_term_string\"}}],\"inLanguage\":\"fr-CA\"},{\"@type\":\"Organization\",\"name\":\"Silhouette Appliances\",\"url\":\"https:\/\/www.silhouetteappliances.com\/fr\/\",\"logo\":{\"@type\":\"ImageObject\",\"inLanguage\":\"fr-CA\",\"url\":\"https:\/\/www.silhouetteappliances.com\/fr\/wp-content\/uploads\/sites\/7\/2021\/12\/logo.png\",\"contentUrl\":\"https:\/\/www.silhouetteappliances.com\/fr\/wp-content\/uploads\/sites\/7\/2021\/12\/logo.png\",\"width\":216,\"height\":46,\"caption\":\"Silhouette Appliances\"},\"image\":[],\"sameAs\":[\"https:\/\/www.facebook.com\/SilhouetteAppliances\",\"https:\/\/www.youtube.com\/user\/SilhouetteAppliance\"]}]}<\/script>\n<!-- \/ Yoast SEO plugin. -->","yoast_head_json":{"title":"Emmental - Centre de boissons 24\" \u00e0 porte fran\u00e7aise - DBC2760BLS | Silhouette Canada","description":"Quels prix se cachent derri\u00e8re les portes 1 et 2 ? Les boissons de votre choix conserv\u00e9es par des experts. Cet encastrement dispose de deux zones de temp\u00e9rature pour conserver simultan\u00e9ment votre vin et vos boissons, et le refroidissement par ventilateur vous permet de profiter d'un luxe sans givre.","robots":{"index":"index","follow":"follow","max-snippet":"max-snippet:-1","max-image-preview":"max-image-preview:large","max-video-preview":"max-video-preview:-1"},"canonical":"https:\/\/www.silhouetteappliances.com\/fr\/products\/dbc2760bls\/","og_locale":"fr_CA","og_type":"article","og_title":"Emmental - Centre de boissons 24\" \u00e0 porte fran\u00e7aise - DBC2760BLS | Silhouette Canada","og_description":"Quels prix se cachent derri\u00e8re les portes 1 et 2 ? Les boissons de votre choix conserv\u00e9es par des experts. Cet encastrement dispose de deux zones de temp\u00e9rature pour conserver simultan\u00e9ment votre vin et vos boissons, et le refroidissement par ventilateur vous permet de profiter d'un luxe sans givre.","og_url":"https:\/\/www.silhouetteappliances.com\/fr\/products\/dbc2760bls\/","og_site_name":"Silhouette - Canada - French","article_publisher":"https:\/\/www.facebook.com\/SilhouetteAppliances","article_modified_time":"2022-12-02T19:57:37+00:00","og_image":[{"width":341,"height":483,"url":"https:\/\/cdnweb.silhouetteappliances.com\/wp-content\/uploads\/sites\/7\/2021\/11\/10163000\/DBC2760BLSSweb1.png","type":"image\/png"}],"twitter_card":"summary_large_image","schema":{"@context":"https:\/\/schema.org","@graph":[{"@type":["WebPage","ItemPage"],"url":"https:\/\/www.silhouetteappliances.com\/fr\/products\/dbc2760bls\/","name":"Emmental - Centre de boissons 24\" \u00e0 porte fran\u00e7aise - DBC2760BLS | Silhouette Canada","isPartOf":[],"primaryImageOfPage":[],"image":[],"thumbnailUrl":"https:\/\/cdnweb.danby.com\/wp-content\/uploads\/sites\/7\/2021\/11\/10163000\/DBC2760BLSSweb1.png","datePublished":"2022-02-09T20:59:14+00:00","dateModified":"2022-12-02T19:57:37+00:00","description":"Quels prix se cachent derri\u00e8re les portes 1 et 2 ? Les boissons de votre choix conserv\u00e9es par des experts. Cet encastrement dispose de deux zones de temp\u00e9rature pour conserver simultan\u00e9ment votre vin et vos boissons, et le refroidissement par ventilateur vous permet de profiter d'un luxe sans givre.","breadcrumb":[],"inLanguage":"fr-CA","potentialAction":[{"@type":"ReadAction","target":["https:\/\/www.silhouetteappliances.com\/fr\/products\/dbc2760bls\/"]}]},{"@type":"ImageObject","inLanguage":"fr-CA","url":"https:\/\/cdnweb.danby.com\/wp-content\/uploads\/sites\/7\/2021\/11\/10163000\/DBC2760BLSSweb1.png","contentUrl":"https:\/\/cdnweb.danby.com\/wp-content\/uploads\/sites\/7\/2021\/11\/10163000\/DBC2760BLSSweb1.png","width":341,"height":483},{"@type":"BreadcrumbList","itemListElement":[{"@type":"ListItem","position":1,"name":"Home","item":"https:\/\/www.silhouetteappliances.com\/fr\/"},{"@type":"ListItem","position":2,"name":"Shop","item":"https:\/\/www.silhouetteappliances.com\/fr\/shop\/"},{"@type":"ListItem","position":3,"name":"Emmental &#8211; Centre de boissons 24&#8243; \u00e0 porte fran\u00e7aise"}]},{"@type":"WebSite","url":"https:\/\/www.silhouetteappliances.com\/fr\/","name":"Silhouette - Canada - French","description":"Enfriadores de vino Refrigeradores bajo mostrador.  Todos los frigor\u00edficos - Centro de Bebidas y Vinos","publisher":[],"potentialAction":[{"@type":"SearchAction","target":{"@type":"EntryPoint","urlTemplate":"https:\/\/www.silhouetteappliances.com\/fr\/?s={search_term_string}"},"query-input":{"@type":"PropertyValueSpecification","valueRequired":true,"valueName":"search_term_string"}}],"inLanguage":"fr-CA"},{"@type":"Organization","name":"Silhouette Appliances","url":"https:\/\/www.silhouetteappliances.com\/fr\/","logo":{"@type":"ImageObject","inLanguage":"fr-CA","url":"https:\/\/www.silhouetteappliances.com\/fr\/wp-content\/uploads\/sites\/7\/2021\/12\/logo.png","contentUrl":"https:\/\/www.silhouetteappliances.com\/fr\/wp-content\/uploads\/sites\/7\/2021\/12\/logo.png","width":216,"height":46,"caption":"Silhouette Appliances"},"image":[],"sameAs":["https:\/\/www.facebook.com\/SilhouetteAppliances","https:\/\/www.youtube.com\/user\/SilhouetteAppliance"]}]}},"post_mailing_queue_ids":[],"_links":{"self":[{"href":"https:\/\/www.silhouetteappliances.com\/fr\/wp-json\/wp\/v2\/product\/997","targetHints":{"allow":["GET"]}}],"collection":[{"href":"https:\/\/www.silhouetteappliances.com\/fr\/wp-json\/wp\/v2\/product"}],"about":[{"href":"https:\/\/www.silhouetteappliances.com\/fr\/wp-json\/wp\/v2\/types\/product"}],"replies":[{"embeddable":true,"href":"https:\/\/www.silhouetteappliances.com\/fr\/wp-json\/wp\/v2\/comments?post=997"}],"wp:featuredmedia":[{"embeddable":true,"href":"https:\/\/www.silhouetteappliances.com\/fr\/wp-json\/wp\/v2\/media\/750"}],"wp:attachment":[{"href":"https:\/\/www.silhouetteappliances.com\/fr\/wp-json\/wp\/v2\/media?parent=997"}],"wp:term":[{"taxonomy":"product_brand","embeddable":true,"href":"https:\/\/www.silhouetteappliances.com\/fr\/wp-json\/wp\/v2\/product_brand?post=997"},{"taxonomy":"product_cat","embeddable":true,"href":"https:\/\/www.silhouetteappliances.com\/fr\/wp-json\/wp\/v2\/product_cat?post=997"},{"taxonomy":"product_tag","embeddable":true,"href":"https:\/\/www.silhouetteappliances.com\/fr\/wp-json\/wp\/v2\/product_tag?post=997"}],"curies":[{"name":"wp","href":"https:\/\/api.w.org\/{rel}","templated":true}]}}