{"id":996,"date":"2022-02-09T20:59:14","date_gmt":"2022-02-09T20:59:14","guid":{"rendered":"https:\/\/www.silhouetteappliances.com\/fr\/product\/dbc162blsst-2\/"},"modified":"2022-12-02T19:57:36","modified_gmt":"2022-12-02T19:57:36","slug":"dbc162blsst","status":"publish","type":"product","link":"https:\/\/www.silhouetteappliances.com\/fr\/products\/dbc162blsst\/","title":{"rendered":"Silhouette &#8211; Centre de boissons de 5,7 pi3"},"content":{"rendered":"","protected":false},"excerpt":{"rendered":"","protected":false},"featured_media":765,"comment_status":"closed","ping_status":"open","template":"","meta":{"_acf_changed":false},"product_brand":[],"product_cat":[19],"product_tag":[],"class_list":{"0":"post-996","1":"product","2":"type-product","3":"status-publish","4":"has-post-thumbnail","6":"product_cat-refroidisseur-de-boissons","8":"first","9":"instock","10":"shipping-taxable","11":"product-type-simple"},"acf":[],"yoast_head":"<!-- This site is optimized with the Yoast SEO plugin v27.5 - https:\/\/yoast.com\/product\/yoast-seo-wordpress\/ -->\n<title>Silhouette - Centre de boissons de 5,7 pi3 - DBC162BLSST | Silhouette Canada<\/title>\n<meta name=\"description\" content=\"Divertissez vos invit\u00e9s avec ce centre de boissons \u00e9l\u00e9gant et raffin\u00e9. Cet appareil est assorti d&#039;une garantie \u00e0 domicile de 24 mois sur les pi\u00e8ces et la main-d&#039;\u0153uvre. L&#039;installation et l&#039;entretien annuel (nettoyage) du r\u00e9frig\u00e9rateur ne sont pas couverts par la garantie.\" \/>\n<meta name=\"robots\" content=\"index, follow, max-snippet:-1, max-image-preview:large, max-video-preview:-1\" \/>\n<link rel=\"canonical\" href=\"https:\/\/www.silhouetteappliances.com\/fr\/products\/dbc162blsst\/\" \/>\n<meta property=\"og:locale\" content=\"fr_CA\" \/>\n<meta property=\"og:type\" content=\"article\" \/>\n<meta property=\"og:title\" content=\"Silhouette - Centre de boissons de 5,7 pi3 - DBC162BLSST | Silhouette Canada\" \/>\n<meta property=\"og:description\" content=\"Divertissez vos invit\u00e9s avec ce centre de boissons \u00e9l\u00e9gant et raffin\u00e9. Cet appareil est assorti d&#039;une garantie \u00e0 domicile de 24 mois sur les pi\u00e8ces et la main-d&#039;\u0153uvre. L&#039;installation et l&#039;entretien annuel (nettoyage) du r\u00e9frig\u00e9rateur ne sont pas couverts par la garantie.\" \/>\n<meta property=\"og:url\" content=\"https:\/\/www.silhouetteappliances.com\/fr\/products\/dbc162blsst\/\" \/>\n<meta property=\"og:site_name\" content=\"Silhouette - Canada - French\" \/>\n<meta property=\"article:publisher\" content=\"https:\/\/www.facebook.com\/SilhouetteAppliances\" \/>\n<meta property=\"article:modified_time\" content=\"2022-12-02T19:57:36+00:00\" \/>\n<meta property=\"og:image\" content=\"https:\/\/cdnweb.silhouetteappliances.com\/wp-content\/uploads\/sites\/7\/2021\/11\/10163405\/DBC162BLSST_StraightEmpty.jpg\" \/>\n\t<meta property=\"og:image:width\" content=\"800\" \/>\n\t<meta property=\"og:image:height\" content=\"1029\" \/>\n\t<meta property=\"og:image:type\" content=\"image\/jpeg\" \/>\n<meta name=\"twitter:card\" content=\"summary_large_image\" \/>\n<script type=\"application\/ld+json\" class=\"yoast-schema-graph\">{\"@context\":\"https:\\\/\\\/schema.org\",\"@graph\":[{\"@type\":[\"WebPage\",\"ItemPage\"],\"url\":\"https:\\\/\\\/www.silhouetteappliances.com\\\/fr\\\/products\\\/dbc162blsst\\\/\",\"name\":\"Silhouette - Centre de boissons de 5,7 pi3 - DBC162BLSST | Silhouette Canada\",\"isPartOf\":[],\"primaryImageOfPage\":[],\"image\":[],\"thumbnailUrl\":\"https:\\\/\\\/cdnweb.danby.com\\\/wp-content\\\/uploads\\\/sites\\\/7\\\/2021\\\/11\\\/10163405\\\/DBC162BLSST_StraightEmpty.jpg\",\"datePublished\":\"2022-02-09T20:59:14+00:00\",\"dateModified\":\"2022-12-02T19:57:36+00:00\",\"description\":\"Divertissez vos invit\u00e9s avec ce centre de boissons \u00e9l\u00e9gant et raffin\u00e9. Cet appareil est assorti d'une garantie \u00e0 domicile de 24 mois sur les pi\u00e8ces et la main-d'\u0153uvre. L'installation et l'entretien annuel (nettoyage) du r\u00e9frig\u00e9rateur ne sont pas couverts par la garantie.\",\"breadcrumb\":[],\"inLanguage\":\"fr-CA\",\"potentialAction\":[{\"@type\":\"ReadAction\",\"target\":[\"https:\\\/\\\/www.silhouetteappliances.com\\\/fr\\\/products\\\/dbc162blsst\\\/\"]}]},{\"@type\":\"ImageObject\",\"inLanguage\":\"fr-CA\",\"url\":\"https:\\\/\\\/cdnweb.danby.com\\\/wp-content\\\/uploads\\\/sites\\\/7\\\/2021\\\/11\\\/10163405\\\/DBC162BLSST_StraightEmpty.jpg\",\"contentUrl\":\"https:\\\/\\\/cdnweb.danby.com\\\/wp-content\\\/uploads\\\/sites\\\/7\\\/2021\\\/11\\\/10163405\\\/DBC162BLSST_StraightEmpty.jpg\",\"width\":800,\"height\":1029},{\"@type\":\"BreadcrumbList\",\"itemListElement\":[{\"@type\":\"ListItem\",\"position\":1,\"name\":\"Home\",\"item\":\"https:\\\/\\\/www.silhouetteappliances.com\\\/fr\\\/\"},{\"@type\":\"ListItem\",\"position\":2,\"name\":\"Shop\",\"item\":\"https:\\\/\\\/www.silhouetteappliances.com\\\/fr\\\/shop\\\/\"},{\"@type\":\"ListItem\",\"position\":3,\"name\":\"Silhouette &#8211; Centre de boissons de 5,7 pi3\"}]},{\"@type\":\"WebSite\",\"url\":\"https:\\\/\\\/www.silhouetteappliances.com\\\/fr\\\/\",\"name\":\"Silhouette - Canada - French\",\"description\":\"Enfriadores de vino Refrigeradores bajo mostrador.  Todos los frigor\u00edficos - Centro de Bebidas y Vinos\",\"publisher\":[],\"potentialAction\":[{\"@type\":\"SearchAction\",\"target\":{\"@type\":\"EntryPoint\",\"urlTemplate\":\"https:\\\/\\\/www.silhouetteappliances.com\\\/fr\\\/?s={search_term_string}\"},\"query-input\":{\"@type\":\"PropertyValueSpecification\",\"valueRequired\":true,\"valueName\":\"search_term_string\"}}],\"inLanguage\":\"fr-CA\"},{\"@type\":\"Organization\",\"name\":\"Silhouette Appliances\",\"url\":\"https:\\\/\\\/www.silhouetteappliances.com\\\/fr\\\/\",\"logo\":{\"@type\":\"ImageObject\",\"inLanguage\":\"fr-CA\",\"url\":\"https:\\\/\\\/www.silhouetteappliances.com\\\/fr\\\/wp-content\\\/uploads\\\/sites\\\/7\\\/2021\\\/12\\\/logo.png\",\"contentUrl\":\"https:\\\/\\\/www.silhouetteappliances.com\\\/fr\\\/wp-content\\\/uploads\\\/sites\\\/7\\\/2021\\\/12\\\/logo.png\",\"width\":216,\"height\":46,\"caption\":\"Silhouette Appliances\"},\"image\":[],\"sameAs\":[\"https:\\\/\\\/www.facebook.com\\\/SilhouetteAppliances\",\"https:\\\/\\\/www.youtube.com\\\/user\\\/SilhouetteAppliance\"]}]}<\/script>\n<!-- \/ Yoast SEO plugin. -->","yoast_head_json":{"title":"Silhouette - Centre de boissons de 5,7 pi3 - DBC162BLSST | Silhouette Canada","description":"Divertissez vos invit\u00e9s avec ce centre de boissons \u00e9l\u00e9gant et raffin\u00e9. Cet appareil est assorti d'une garantie \u00e0 domicile de 24 mois sur les pi\u00e8ces et la main-d'\u0153uvre. L'installation et l'entretien annuel (nettoyage) du r\u00e9frig\u00e9rateur ne sont pas couverts par la garantie.","robots":{"index":"index","follow":"follow","max-snippet":"max-snippet:-1","max-image-preview":"max-image-preview:large","max-video-preview":"max-video-preview:-1"},"canonical":"https:\/\/www.silhouetteappliances.com\/fr\/products\/dbc162blsst\/","og_locale":"fr_CA","og_type":"article","og_title":"Silhouette - Centre de boissons de 5,7 pi3 - DBC162BLSST | Silhouette Canada","og_description":"Divertissez vos invit\u00e9s avec ce centre de boissons \u00e9l\u00e9gant et raffin\u00e9. Cet appareil est assorti d'une garantie \u00e0 domicile de 24 mois sur les pi\u00e8ces et la main-d'\u0153uvre. L'installation et l'entretien annuel (nettoyage) du r\u00e9frig\u00e9rateur ne sont pas couverts par la garantie.","og_url":"https:\/\/www.silhouetteappliances.com\/fr\/products\/dbc162blsst\/","og_site_name":"Silhouette - Canada - French","article_publisher":"https:\/\/www.facebook.com\/SilhouetteAppliances","article_modified_time":"2022-12-02T19:57:36+00:00","og_image":[{"width":800,"height":1029,"url":"https:\/\/cdnweb.silhouetteappliances.com\/wp-content\/uploads\/sites\/7\/2021\/11\/10163405\/DBC162BLSST_StraightEmpty.jpg","type":"image\/jpeg"}],"twitter_card":"summary_large_image","schema":{"@context":"https:\/\/schema.org","@graph":[{"@type":["WebPage","ItemPage"],"url":"https:\/\/www.silhouetteappliances.com\/fr\/products\/dbc162blsst\/","name":"Silhouette - Centre de boissons de 5,7 pi3 - DBC162BLSST | Silhouette Canada","isPartOf":[],"primaryImageOfPage":[],"image":[],"thumbnailUrl":"https:\/\/cdnweb.danby.com\/wp-content\/uploads\/sites\/7\/2021\/11\/10163405\/DBC162BLSST_StraightEmpty.jpg","datePublished":"2022-02-09T20:59:14+00:00","dateModified":"2022-12-02T19:57:36+00:00","description":"Divertissez vos invit\u00e9s avec ce centre de boissons \u00e9l\u00e9gant et raffin\u00e9. Cet appareil est assorti d'une garantie \u00e0 domicile de 24 mois sur les pi\u00e8ces et la main-d'\u0153uvre. L'installation et l'entretien annuel (nettoyage) du r\u00e9frig\u00e9rateur ne sont pas couverts par la garantie.","breadcrumb":[],"inLanguage":"fr-CA","potentialAction":[{"@type":"ReadAction","target":["https:\/\/www.silhouetteappliances.com\/fr\/products\/dbc162blsst\/"]}]},{"@type":"ImageObject","inLanguage":"fr-CA","url":"https:\/\/cdnweb.danby.com\/wp-content\/uploads\/sites\/7\/2021\/11\/10163405\/DBC162BLSST_StraightEmpty.jpg","contentUrl":"https:\/\/cdnweb.danby.com\/wp-content\/uploads\/sites\/7\/2021\/11\/10163405\/DBC162BLSST_StraightEmpty.jpg","width":800,"height":1029},{"@type":"BreadcrumbList","itemListElement":[{"@type":"ListItem","position":1,"name":"Home","item":"https:\/\/www.silhouetteappliances.com\/fr\/"},{"@type":"ListItem","position":2,"name":"Shop","item":"https:\/\/www.silhouetteappliances.com\/fr\/shop\/"},{"@type":"ListItem","position":3,"name":"Silhouette &#8211; Centre de boissons de 5,7 pi3"}]},{"@type":"WebSite","url":"https:\/\/www.silhouetteappliances.com\/fr\/","name":"Silhouette - Canada - French","description":"Enfriadores de vino Refrigeradores bajo mostrador.  Todos los frigor\u00edficos - Centro de Bebidas y Vinos","publisher":[],"potentialAction":[{"@type":"SearchAction","target":{"@type":"EntryPoint","urlTemplate":"https:\/\/www.silhouetteappliances.com\/fr\/?s={search_term_string}"},"query-input":{"@type":"PropertyValueSpecification","valueRequired":true,"valueName":"search_term_string"}}],"inLanguage":"fr-CA"},{"@type":"Organization","name":"Silhouette Appliances","url":"https:\/\/www.silhouetteappliances.com\/fr\/","logo":{"@type":"ImageObject","inLanguage":"fr-CA","url":"https:\/\/www.silhouetteappliances.com\/fr\/wp-content\/uploads\/sites\/7\/2021\/12\/logo.png","contentUrl":"https:\/\/www.silhouetteappliances.com\/fr\/wp-content\/uploads\/sites\/7\/2021\/12\/logo.png","width":216,"height":46,"caption":"Silhouette Appliances"},"image":[],"sameAs":["https:\/\/www.facebook.com\/SilhouetteAppliances","https:\/\/www.youtube.com\/user\/SilhouetteAppliance"]}]}},"post_mailing_queue_ids":[],"_links":{"self":[{"href":"https:\/\/www.silhouetteappliances.com\/fr\/wp-json\/wp\/v2\/product\/996","targetHints":{"allow":["GET"]}}],"collection":[{"href":"https:\/\/www.silhouetteappliances.com\/fr\/wp-json\/wp\/v2\/product"}],"about":[{"href":"https:\/\/www.silhouetteappliances.com\/fr\/wp-json\/wp\/v2\/types\/product"}],"replies":[{"embeddable":true,"href":"https:\/\/www.silhouetteappliances.com\/fr\/wp-json\/wp\/v2\/comments?post=996"}],"wp:featuredmedia":[{"embeddable":true,"href":"https:\/\/www.silhouetteappliances.com\/fr\/wp-json\/wp\/v2\/media\/765"}],"wp:attachment":[{"href":"https:\/\/www.silhouetteappliances.com\/fr\/wp-json\/wp\/v2\/media?parent=996"}],"wp:term":[{"taxonomy":"product_brand","embeddable":true,"href":"https:\/\/www.silhouetteappliances.com\/fr\/wp-json\/wp\/v2\/product_brand?post=996"},{"taxonomy":"product_cat","embeddable":true,"href":"https:\/\/www.silhouetteappliances.com\/fr\/wp-json\/wp\/v2\/product_cat?post=996"},{"taxonomy":"product_tag","embeddable":true,"href":"https:\/\/www.silhouetteappliances.com\/fr\/wp-json\/wp\/v2\/product_tag?post=996"}],"curies":[{"name":"wp","href":"https:\/\/api.w.org\/{rel}","templated":true}]}}