{"id":994,"date":"2022-02-09T20:59:14","date_gmt":"2022-02-09T20:59:14","guid":{"rendered":"https:\/\/www.silhouetteappliances.com\/fr\/product\/dbc056d3bsspr-2\/"},"modified":"2022-12-02T19:57:34","modified_gmt":"2022-12-02T19:57:34","slug":"dbc056d3bsspr","status":"publish","type":"product","link":"https:\/\/www.silhouetteappliances.com\/fr\/products\/dbc056d3bsspr\/","title":{"rendered":"Saxony &#8211; Centre de boissons 24&Prime; \u00e0 zone unique."},"content":{"rendered":"","protected":false},"excerpt":{"rendered":"","protected":false},"featured_media":756,"comment_status":"closed","ping_status":"open","template":"","meta":{"_acf_changed":false},"product_brand":[],"product_cat":[19],"product_tag":[],"class_list":{"0":"post-994","1":"product","2":"type-product","3":"status-publish","4":"has-post-thumbnail","6":"product_cat-refroidisseur-de-boissons","8":"first","9":"instock","10":"shipping-taxable","11":"product-type-simple"},"acf":[],"yoast_head":"<!-- This site is optimized with the Yoast SEO plugin v26.7 - https:\/\/yoast.com\/wordpress\/plugins\/seo\/ -->\n<title>Saxony - Centre de boissons 24&quot; \u00e0 zone unique. - DBC056D3BSSPR | Silhouette Canada<\/title>\n<meta name=\"description\" content=\"Con\u00e7u pour les amateurs de bi\u00e8re, de sodas ou de jus de fruits les plus exigeants, ce meuble est \u00e9quip\u00e9 pour contenir une grande quantit\u00e9 de boissons. Les \u00e9tag\u00e8res bien espac\u00e9es laissent un espace pour le stockage du vin \u00e0 la base de l&#039;unit\u00e9 et la porte en verre tremp\u00e9 permet de garder votre abondance de brassins bien en vue.\" \/>\n<meta name=\"robots\" content=\"index, follow, max-snippet:-1, max-image-preview:large, max-video-preview:-1\" \/>\n<link rel=\"canonical\" href=\"https:\/\/www.silhouetteappliances.com\/fr\/products\/dbc056d3bsspr\/\" \/>\n<meta property=\"og:locale\" content=\"fr_CA\" \/>\n<meta property=\"og:type\" content=\"article\" \/>\n<meta property=\"og:title\" content=\"Saxony - Centre de boissons 24&quot; \u00e0 zone unique. - DBC056D3BSSPR | Silhouette Canada\" \/>\n<meta property=\"og:description\" content=\"Con\u00e7u pour les amateurs de bi\u00e8re, de sodas ou de jus de fruits les plus exigeants, ce meuble est \u00e9quip\u00e9 pour contenir une grande quantit\u00e9 de boissons. Les \u00e9tag\u00e8res bien espac\u00e9es laissent un espace pour le stockage du vin \u00e0 la base de l&#039;unit\u00e9 et la porte en verre tremp\u00e9 permet de garder votre abondance de brassins bien en vue.\" \/>\n<meta property=\"og:url\" content=\"https:\/\/www.silhouetteappliances.com\/fr\/products\/dbc056d3bsspr\/\" \/>\n<meta property=\"og:site_name\" content=\"Silhouette - Canada - French\" \/>\n<meta property=\"article:publisher\" content=\"https:\/\/www.facebook.com\/SilhouetteAppliances\" \/>\n<meta property=\"article:modified_time\" content=\"2022-12-02T19:57:34+00:00\" \/>\n<meta property=\"og:image\" content=\"https:\/\/cdnweb.silhouetteappliances.com\/wp-content\/uploads\/sites\/7\/2021\/11\/10163408\/DBC056D1BSSPR_Featured.png\" \/>\n\t<meta property=\"og:image:width\" content=\"491\" \/>\n\t<meta property=\"og:image:height\" content=\"550\" \/>\n\t<meta property=\"og:image:type\" content=\"image\/png\" \/>\n<meta name=\"twitter:card\" content=\"summary_large_image\" \/>\n<script type=\"application\/ld+json\" class=\"yoast-schema-graph\">{\"@context\":\"https:\/\/schema.org\",\"@graph\":[{\"@type\":[\"WebPage\",\"ItemPage\"],\"url\":\"https:\/\/www.silhouetteappliances.com\/fr\/products\/dbc056d3bsspr\/\",\"name\":\"Saxony - Centre de boissons 24\\\" \u00e0 zone unique. - DBC056D3BSSPR | Silhouette Canada\",\"isPartOf\":[],\"primaryImageOfPage\":[],\"image\":[],\"thumbnailUrl\":\"https:\/\/cdnweb.danby.com\/wp-content\/uploads\/sites\/7\/2021\/11\/10163408\/DBC056D1BSSPR_Featured.png\",\"datePublished\":\"2022-02-09T20:59:14+00:00\",\"dateModified\":\"2022-12-02T19:57:34+00:00\",\"description\":\"Con\u00e7u pour les amateurs de bi\u00e8re, de sodas ou de jus de fruits les plus exigeants, ce meuble est \u00e9quip\u00e9 pour contenir une grande quantit\u00e9 de boissons. Les \u00e9tag\u00e8res bien espac\u00e9es laissent un espace pour le stockage du vin \u00e0 la base de l'unit\u00e9 et la porte en verre tremp\u00e9 permet de garder votre abondance de brassins bien en vue.\",\"breadcrumb\":[],\"inLanguage\":\"fr-CA\",\"potentialAction\":[{\"@type\":\"ReadAction\",\"target\":[\"https:\/\/www.silhouetteappliances.com\/fr\/products\/dbc056d3bsspr\/\"]}]},{\"@type\":\"ImageObject\",\"inLanguage\":\"fr-CA\",\"url\":\"https:\/\/cdnweb.danby.com\/wp-content\/uploads\/sites\/7\/2021\/11\/10163408\/DBC056D1BSSPR_Featured.png\",\"contentUrl\":\"https:\/\/cdnweb.danby.com\/wp-content\/uploads\/sites\/7\/2021\/11\/10163408\/DBC056D1BSSPR_Featured.png\",\"width\":491,\"height\":550},{\"@type\":\"BreadcrumbList\",\"itemListElement\":[{\"@type\":\"ListItem\",\"position\":1,\"name\":\"Home\",\"item\":\"https:\/\/www.silhouetteappliances.com\/fr\/\"},{\"@type\":\"ListItem\",\"position\":2,\"name\":\"Shop\",\"item\":\"https:\/\/www.silhouetteappliances.com\/fr\/shop\/\"},{\"@type\":\"ListItem\",\"position\":3,\"name\":\"Saxony &#8211; Centre de boissons 24&#8243; \u00e0 zone unique.\"}]},{\"@type\":\"WebSite\",\"url\":\"https:\/\/www.silhouetteappliances.com\/fr\/\",\"name\":\"Silhouette - Canada - French\",\"description\":\"Enfriadores de vino Refrigeradores bajo mostrador.  Todos los frigor\u00edficos - Centro de Bebidas y Vinos\",\"publisher\":[],\"potentialAction\":[{\"@type\":\"SearchAction\",\"target\":{\"@type\":\"EntryPoint\",\"urlTemplate\":\"https:\/\/www.silhouetteappliances.com\/fr\/?s={search_term_string}\"},\"query-input\":{\"@type\":\"PropertyValueSpecification\",\"valueRequired\":true,\"valueName\":\"search_term_string\"}}],\"inLanguage\":\"fr-CA\"},{\"@type\":\"Organization\",\"name\":\"Silhouette Appliances\",\"url\":\"https:\/\/www.silhouetteappliances.com\/fr\/\",\"logo\":{\"@type\":\"ImageObject\",\"inLanguage\":\"fr-CA\",\"url\":\"https:\/\/www.silhouetteappliances.com\/fr\/wp-content\/uploads\/sites\/7\/2021\/12\/logo.png\",\"contentUrl\":\"https:\/\/www.silhouetteappliances.com\/fr\/wp-content\/uploads\/sites\/7\/2021\/12\/logo.png\",\"width\":216,\"height\":46,\"caption\":\"Silhouette Appliances\"},\"image\":[],\"sameAs\":[\"https:\/\/www.facebook.com\/SilhouetteAppliances\",\"https:\/\/www.youtube.com\/user\/SilhouetteAppliance\"]}]}<\/script>\n<!-- \/ Yoast SEO plugin. -->","yoast_head_json":{"title":"Saxony - Centre de boissons 24\" \u00e0 zone unique. - DBC056D3BSSPR | Silhouette Canada","description":"Con\u00e7u pour les amateurs de bi\u00e8re, de sodas ou de jus de fruits les plus exigeants, ce meuble est \u00e9quip\u00e9 pour contenir une grande quantit\u00e9 de boissons. Les \u00e9tag\u00e8res bien espac\u00e9es laissent un espace pour le stockage du vin \u00e0 la base de l'unit\u00e9 et la porte en verre tremp\u00e9 permet de garder votre abondance de brassins bien en vue.","robots":{"index":"index","follow":"follow","max-snippet":"max-snippet:-1","max-image-preview":"max-image-preview:large","max-video-preview":"max-video-preview:-1"},"canonical":"https:\/\/www.silhouetteappliances.com\/fr\/products\/dbc056d3bsspr\/","og_locale":"fr_CA","og_type":"article","og_title":"Saxony - Centre de boissons 24\" \u00e0 zone unique. - DBC056D3BSSPR | Silhouette Canada","og_description":"Con\u00e7u pour les amateurs de bi\u00e8re, de sodas ou de jus de fruits les plus exigeants, ce meuble est \u00e9quip\u00e9 pour contenir une grande quantit\u00e9 de boissons. Les \u00e9tag\u00e8res bien espac\u00e9es laissent un espace pour le stockage du vin \u00e0 la base de l'unit\u00e9 et la porte en verre tremp\u00e9 permet de garder votre abondance de brassins bien en vue.","og_url":"https:\/\/www.silhouetteappliances.com\/fr\/products\/dbc056d3bsspr\/","og_site_name":"Silhouette - Canada - French","article_publisher":"https:\/\/www.facebook.com\/SilhouetteAppliances","article_modified_time":"2022-12-02T19:57:34+00:00","og_image":[{"width":491,"height":550,"url":"https:\/\/cdnweb.silhouetteappliances.com\/wp-content\/uploads\/sites\/7\/2021\/11\/10163408\/DBC056D1BSSPR_Featured.png","type":"image\/png"}],"twitter_card":"summary_large_image","schema":{"@context":"https:\/\/schema.org","@graph":[{"@type":["WebPage","ItemPage"],"url":"https:\/\/www.silhouetteappliances.com\/fr\/products\/dbc056d3bsspr\/","name":"Saxony - Centre de boissons 24\" \u00e0 zone unique. - DBC056D3BSSPR | Silhouette Canada","isPartOf":[],"primaryImageOfPage":[],"image":[],"thumbnailUrl":"https:\/\/cdnweb.danby.com\/wp-content\/uploads\/sites\/7\/2021\/11\/10163408\/DBC056D1BSSPR_Featured.png","datePublished":"2022-02-09T20:59:14+00:00","dateModified":"2022-12-02T19:57:34+00:00","description":"Con\u00e7u pour les amateurs de bi\u00e8re, de sodas ou de jus de fruits les plus exigeants, ce meuble est \u00e9quip\u00e9 pour contenir une grande quantit\u00e9 de boissons. Les \u00e9tag\u00e8res bien espac\u00e9es laissent un espace pour le stockage du vin \u00e0 la base de l'unit\u00e9 et la porte en verre tremp\u00e9 permet de garder votre abondance de brassins bien en vue.","breadcrumb":[],"inLanguage":"fr-CA","potentialAction":[{"@type":"ReadAction","target":["https:\/\/www.silhouetteappliances.com\/fr\/products\/dbc056d3bsspr\/"]}]},{"@type":"ImageObject","inLanguage":"fr-CA","url":"https:\/\/cdnweb.danby.com\/wp-content\/uploads\/sites\/7\/2021\/11\/10163408\/DBC056D1BSSPR_Featured.png","contentUrl":"https:\/\/cdnweb.danby.com\/wp-content\/uploads\/sites\/7\/2021\/11\/10163408\/DBC056D1BSSPR_Featured.png","width":491,"height":550},{"@type":"BreadcrumbList","itemListElement":[{"@type":"ListItem","position":1,"name":"Home","item":"https:\/\/www.silhouetteappliances.com\/fr\/"},{"@type":"ListItem","position":2,"name":"Shop","item":"https:\/\/www.silhouetteappliances.com\/fr\/shop\/"},{"@type":"ListItem","position":3,"name":"Saxony &#8211; Centre de boissons 24&#8243; \u00e0 zone unique."}]},{"@type":"WebSite","url":"https:\/\/www.silhouetteappliances.com\/fr\/","name":"Silhouette - Canada - French","description":"Enfriadores de vino Refrigeradores bajo mostrador.  Todos los frigor\u00edficos - Centro de Bebidas y Vinos","publisher":[],"potentialAction":[{"@type":"SearchAction","target":{"@type":"EntryPoint","urlTemplate":"https:\/\/www.silhouetteappliances.com\/fr\/?s={search_term_string}"},"query-input":{"@type":"PropertyValueSpecification","valueRequired":true,"valueName":"search_term_string"}}],"inLanguage":"fr-CA"},{"@type":"Organization","name":"Silhouette Appliances","url":"https:\/\/www.silhouetteappliances.com\/fr\/","logo":{"@type":"ImageObject","inLanguage":"fr-CA","url":"https:\/\/www.silhouetteappliances.com\/fr\/wp-content\/uploads\/sites\/7\/2021\/12\/logo.png","contentUrl":"https:\/\/www.silhouetteappliances.com\/fr\/wp-content\/uploads\/sites\/7\/2021\/12\/logo.png","width":216,"height":46,"caption":"Silhouette Appliances"},"image":[],"sameAs":["https:\/\/www.facebook.com\/SilhouetteAppliances","https:\/\/www.youtube.com\/user\/SilhouetteAppliance"]}]}},"post_mailing_queue_ids":[],"_links":{"self":[{"href":"https:\/\/www.silhouetteappliances.com\/fr\/wp-json\/wp\/v2\/product\/994","targetHints":{"allow":["GET"]}}],"collection":[{"href":"https:\/\/www.silhouetteappliances.com\/fr\/wp-json\/wp\/v2\/product"}],"about":[{"href":"https:\/\/www.silhouetteappliances.com\/fr\/wp-json\/wp\/v2\/types\/product"}],"replies":[{"embeddable":true,"href":"https:\/\/www.silhouetteappliances.com\/fr\/wp-json\/wp\/v2\/comments?post=994"}],"wp:featuredmedia":[{"embeddable":true,"href":"https:\/\/www.silhouetteappliances.com\/fr\/wp-json\/wp\/v2\/media\/756"}],"wp:attachment":[{"href":"https:\/\/www.silhouetteappliances.com\/fr\/wp-json\/wp\/v2\/media?parent=994"}],"wp:term":[{"taxonomy":"product_brand","embeddable":true,"href":"https:\/\/www.silhouetteappliances.com\/fr\/wp-json\/wp\/v2\/product_brand?post=994"},{"taxonomy":"product_cat","embeddable":true,"href":"https:\/\/www.silhouetteappliances.com\/fr\/wp-json\/wp\/v2\/product_cat?post=994"},{"taxonomy":"product_tag","embeddable":true,"href":"https:\/\/www.silhouetteappliances.com\/fr\/wp-json\/wp\/v2\/product_tag?post=994"}],"curies":[{"name":"wp","href":"https:\/\/api.w.org\/{rel}","templated":true}]}}