{"id":989,"date":"2022-02-09T20:59:14","date_gmt":"2022-02-09T20:59:14","guid":{"rendered":"https:\/\/www.silhouetteappliances.com\/fr\/product\/dbc047d3bsspr-2\/"},"modified":"2022-12-02T19:57:32","modified_gmt":"2022-12-02T19:57:32","slug":"dbc047d3bsspr","status":"publish","type":"product","link":"https:\/\/www.silhouetteappliances.com\/fr\/products\/dbc047d3bsspr\/","title":{"rendered":"Silhouette &#8211; Centre de boissons de 4,7 pi3"},"content":{"rendered":"","protected":false},"excerpt":{"rendered":"<ul>\n<li>Centre de boissons \u00e0 porte fran\u00e7aise de 24 pouces de large<\/li>\n<li>Range jusqu&rsquo;\u00e0 61 canettes et 21 bouteilles de vin de 750 ml<\/li>\n<li>Temp\u00e9rature de 4\u00b0C \u00e0 18\u00b0C<\/li>\n<li>Tablettes en verre garnies d&rsquo;acier inoxydable<\/li>\n<li>Porte en acier inoxydable emboutie r\u00e9sistante \u00e0 la salet\u00e9 avec poign\u00e9e Pro<\/li>\n<li>Lumi\u00e8re int\u00e9rieure \u00e0 DEL blanche<\/li>\n<li>Thermostat \u00e9lectronique avec affichage \u00e0 travers la porte<\/li>\n<li>Porte r\u00e9versible<\/li>\n<\/ul>\n","protected":false},"featured_media":778,"comment_status":"closed","ping_status":"open","template":"","meta":{"_acf_changed":false},"product_brand":[],"product_cat":[19],"product_tag":[],"class_list":{"0":"post-989","1":"product","2":"type-product","3":"status-publish","4":"has-post-thumbnail","6":"product_cat-refroidisseur-de-boissons","8":"first","9":"instock","10":"shipping-taxable","11":"product-type-simple"},"acf":[],"yoast_head":"<!-- This site is optimized with the Yoast SEO plugin v26.7 - https:\/\/yoast.com\/wordpress\/plugins\/seo\/ -->\n<title>Silhouette - Centre de boissons de 4,7 pi3 - DBC047D3BSSPR | Silhouette Canada<\/title>\n<meta name=\"description\" content=\"Que vous pr\u00e9f\u00e9riez une pinte \u00e0 un Pinot, ou des bouchons plut\u00f4t que des canettes, le centre de zone \u00e0 double temp\u00e9rature a de la place pour les deux. La conception de la porte fran\u00e7aise rend chaque c\u00f4t\u00e9 \u00e9galement accessible, et vous n&#039;aurez plus jamais \u00e0 sacrifier votre s\u00e9lection de boissons.\" \/>\n<meta name=\"robots\" content=\"index, follow, max-snippet:-1, max-image-preview:large, max-video-preview:-1\" \/>\n<link rel=\"canonical\" href=\"https:\/\/www.silhouetteappliances.com\/fr\/products\/dbc047d3bsspr\/\" \/>\n<meta property=\"og:locale\" content=\"fr_CA\" \/>\n<meta property=\"og:type\" content=\"article\" \/>\n<meta property=\"og:title\" content=\"Silhouette - Centre de boissons de 4,7 pi3 - DBC047D3BSSPR | Silhouette Canada\" \/>\n<meta property=\"og:description\" content=\"Que vous pr\u00e9f\u00e9riez une pinte \u00e0 un Pinot, ou des bouchons plut\u00f4t que des canettes, le centre de zone \u00e0 double temp\u00e9rature a de la place pour les deux. La conception de la porte fran\u00e7aise rend chaque c\u00f4t\u00e9 \u00e9galement accessible, et vous n&#039;aurez plus jamais \u00e0 sacrifier votre s\u00e9lection de boissons.\" \/>\n<meta property=\"og:url\" content=\"https:\/\/www.silhouetteappliances.com\/fr\/products\/dbc047d3bsspr\/\" \/>\n<meta property=\"og:site_name\" content=\"Silhouette - Canada - French\" \/>\n<meta property=\"article:publisher\" content=\"https:\/\/www.facebook.com\/SilhouetteAppliances\" \/>\n<meta property=\"article:modified_time\" content=\"2022-12-02T19:57:32+00:00\" \/>\n<meta property=\"og:image\" content=\"https:\/\/cdnweb.silhouetteappliances.com\/wp-content\/uploads\/sites\/7\/2021\/11\/10163405\/DBC047D1BSSPR_FronttPropped.png\" \/>\n\t<meta property=\"og:image:width\" content=\"1500\" \/>\n\t<meta property=\"og:image:height\" content=\"1970\" \/>\n\t<meta property=\"og:image:type\" content=\"image\/png\" \/>\n<meta name=\"twitter:card\" content=\"summary_large_image\" \/>\n<script type=\"application\/ld+json\" class=\"yoast-schema-graph\">{\"@context\":\"https:\/\/schema.org\",\"@graph\":[{\"@type\":[\"WebPage\",\"ItemPage\"],\"url\":\"https:\/\/www.silhouetteappliances.com\/fr\/products\/dbc047d3bsspr\/\",\"name\":\"Silhouette - Centre de boissons de 4,7 pi3 - DBC047D3BSSPR | Silhouette Canada\",\"isPartOf\":[],\"primaryImageOfPage\":[],\"image\":[],\"thumbnailUrl\":\"https:\/\/cdnweb.danby.com\/wp-content\/uploads\/sites\/7\/2021\/11\/10163405\/DBC047D1BSSPR_FronttPropped.png\",\"datePublished\":\"2022-02-09T20:59:14+00:00\",\"dateModified\":\"2022-12-02T19:57:32+00:00\",\"description\":\"Que vous pr\u00e9f\u00e9riez une pinte \u00e0 un Pinot, ou des bouchons plut\u00f4t que des canettes, le centre de zone \u00e0 double temp\u00e9rature a de la place pour les deux. La conception de la porte fran\u00e7aise rend chaque c\u00f4t\u00e9 \u00e9galement accessible, et vous n'aurez plus jamais \u00e0 sacrifier votre s\u00e9lection de boissons.\",\"breadcrumb\":[],\"inLanguage\":\"fr-CA\",\"potentialAction\":[{\"@type\":\"ReadAction\",\"target\":[\"https:\/\/www.silhouetteappliances.com\/fr\/products\/dbc047d3bsspr\/\"]}]},{\"@type\":\"ImageObject\",\"inLanguage\":\"fr-CA\",\"url\":\"https:\/\/cdnweb.danby.com\/wp-content\/uploads\/sites\/7\/2021\/11\/10163405\/DBC047D1BSSPR_FronttPropped.png\",\"contentUrl\":\"https:\/\/cdnweb.danby.com\/wp-content\/uploads\/sites\/7\/2021\/11\/10163405\/DBC047D1BSSPR_FronttPropped.png\",\"width\":1500,\"height\":1970},{\"@type\":\"BreadcrumbList\",\"itemListElement\":[{\"@type\":\"ListItem\",\"position\":1,\"name\":\"Home\",\"item\":\"https:\/\/www.silhouetteappliances.com\/fr\/\"},{\"@type\":\"ListItem\",\"position\":2,\"name\":\"Shop\",\"item\":\"https:\/\/www.silhouetteappliances.com\/fr\/shop\/\"},{\"@type\":\"ListItem\",\"position\":3,\"name\":\"Silhouette &#8211; Centre de boissons de 4,7 pi3\"}]},{\"@type\":\"WebSite\",\"url\":\"https:\/\/www.silhouetteappliances.com\/fr\/\",\"name\":\"Silhouette - Canada - French\",\"description\":\"Enfriadores de vino Refrigeradores bajo mostrador.  Todos los frigor\u00edficos - Centro de Bebidas y Vinos\",\"publisher\":[],\"potentialAction\":[{\"@type\":\"SearchAction\",\"target\":{\"@type\":\"EntryPoint\",\"urlTemplate\":\"https:\/\/www.silhouetteappliances.com\/fr\/?s={search_term_string}\"},\"query-input\":{\"@type\":\"PropertyValueSpecification\",\"valueRequired\":true,\"valueName\":\"search_term_string\"}}],\"inLanguage\":\"fr-CA\"},{\"@type\":\"Organization\",\"name\":\"Silhouette Appliances\",\"url\":\"https:\/\/www.silhouetteappliances.com\/fr\/\",\"logo\":{\"@type\":\"ImageObject\",\"inLanguage\":\"fr-CA\",\"url\":\"https:\/\/www.silhouetteappliances.com\/fr\/wp-content\/uploads\/sites\/7\/2021\/12\/logo.png\",\"contentUrl\":\"https:\/\/www.silhouetteappliances.com\/fr\/wp-content\/uploads\/sites\/7\/2021\/12\/logo.png\",\"width\":216,\"height\":46,\"caption\":\"Silhouette Appliances\"},\"image\":[],\"sameAs\":[\"https:\/\/www.facebook.com\/SilhouetteAppliances\",\"https:\/\/www.youtube.com\/user\/SilhouetteAppliance\"]}]}<\/script>\n<!-- \/ Yoast SEO plugin. -->","yoast_head_json":{"title":"Silhouette - Centre de boissons de 4,7 pi3 - DBC047D3BSSPR | Silhouette Canada","description":"Que vous pr\u00e9f\u00e9riez une pinte \u00e0 un Pinot, ou des bouchons plut\u00f4t que des canettes, le centre de zone \u00e0 double temp\u00e9rature a de la place pour les deux. La conception de la porte fran\u00e7aise rend chaque c\u00f4t\u00e9 \u00e9galement accessible, et vous n'aurez plus jamais \u00e0 sacrifier votre s\u00e9lection de boissons.","robots":{"index":"index","follow":"follow","max-snippet":"max-snippet:-1","max-image-preview":"max-image-preview:large","max-video-preview":"max-video-preview:-1"},"canonical":"https:\/\/www.silhouetteappliances.com\/fr\/products\/dbc047d3bsspr\/","og_locale":"fr_CA","og_type":"article","og_title":"Silhouette - Centre de boissons de 4,7 pi3 - DBC047D3BSSPR | Silhouette Canada","og_description":"Que vous pr\u00e9f\u00e9riez une pinte \u00e0 un Pinot, ou des bouchons plut\u00f4t que des canettes, le centre de zone \u00e0 double temp\u00e9rature a de la place pour les deux. La conception de la porte fran\u00e7aise rend chaque c\u00f4t\u00e9 \u00e9galement accessible, et vous n'aurez plus jamais \u00e0 sacrifier votre s\u00e9lection de boissons.","og_url":"https:\/\/www.silhouetteappliances.com\/fr\/products\/dbc047d3bsspr\/","og_site_name":"Silhouette - Canada - French","article_publisher":"https:\/\/www.facebook.com\/SilhouetteAppliances","article_modified_time":"2022-12-02T19:57:32+00:00","og_image":[{"width":1500,"height":1970,"url":"https:\/\/cdnweb.silhouetteappliances.com\/wp-content\/uploads\/sites\/7\/2021\/11\/10163405\/DBC047D1BSSPR_FronttPropped.png","type":"image\/png"}],"twitter_card":"summary_large_image","schema":{"@context":"https:\/\/schema.org","@graph":[{"@type":["WebPage","ItemPage"],"url":"https:\/\/www.silhouetteappliances.com\/fr\/products\/dbc047d3bsspr\/","name":"Silhouette - Centre de boissons de 4,7 pi3 - DBC047D3BSSPR | Silhouette Canada","isPartOf":[],"primaryImageOfPage":[],"image":[],"thumbnailUrl":"https:\/\/cdnweb.danby.com\/wp-content\/uploads\/sites\/7\/2021\/11\/10163405\/DBC047D1BSSPR_FronttPropped.png","datePublished":"2022-02-09T20:59:14+00:00","dateModified":"2022-12-02T19:57:32+00:00","description":"Que vous pr\u00e9f\u00e9riez une pinte \u00e0 un Pinot, ou des bouchons plut\u00f4t que des canettes, le centre de zone \u00e0 double temp\u00e9rature a de la place pour les deux. La conception de la porte fran\u00e7aise rend chaque c\u00f4t\u00e9 \u00e9galement accessible, et vous n'aurez plus jamais \u00e0 sacrifier votre s\u00e9lection de boissons.","breadcrumb":[],"inLanguage":"fr-CA","potentialAction":[{"@type":"ReadAction","target":["https:\/\/www.silhouetteappliances.com\/fr\/products\/dbc047d3bsspr\/"]}]},{"@type":"ImageObject","inLanguage":"fr-CA","url":"https:\/\/cdnweb.danby.com\/wp-content\/uploads\/sites\/7\/2021\/11\/10163405\/DBC047D1BSSPR_FronttPropped.png","contentUrl":"https:\/\/cdnweb.danby.com\/wp-content\/uploads\/sites\/7\/2021\/11\/10163405\/DBC047D1BSSPR_FronttPropped.png","width":1500,"height":1970},{"@type":"BreadcrumbList","itemListElement":[{"@type":"ListItem","position":1,"name":"Home","item":"https:\/\/www.silhouetteappliances.com\/fr\/"},{"@type":"ListItem","position":2,"name":"Shop","item":"https:\/\/www.silhouetteappliances.com\/fr\/shop\/"},{"@type":"ListItem","position":3,"name":"Silhouette &#8211; Centre de boissons de 4,7 pi3"}]},{"@type":"WebSite","url":"https:\/\/www.silhouetteappliances.com\/fr\/","name":"Silhouette - Canada - French","description":"Enfriadores de vino Refrigeradores bajo mostrador.  Todos los frigor\u00edficos - Centro de Bebidas y Vinos","publisher":[],"potentialAction":[{"@type":"SearchAction","target":{"@type":"EntryPoint","urlTemplate":"https:\/\/www.silhouetteappliances.com\/fr\/?s={search_term_string}"},"query-input":{"@type":"PropertyValueSpecification","valueRequired":true,"valueName":"search_term_string"}}],"inLanguage":"fr-CA"},{"@type":"Organization","name":"Silhouette Appliances","url":"https:\/\/www.silhouetteappliances.com\/fr\/","logo":{"@type":"ImageObject","inLanguage":"fr-CA","url":"https:\/\/www.silhouetteappliances.com\/fr\/wp-content\/uploads\/sites\/7\/2021\/12\/logo.png","contentUrl":"https:\/\/www.silhouetteappliances.com\/fr\/wp-content\/uploads\/sites\/7\/2021\/12\/logo.png","width":216,"height":46,"caption":"Silhouette Appliances"},"image":[],"sameAs":["https:\/\/www.facebook.com\/SilhouetteAppliances","https:\/\/www.youtube.com\/user\/SilhouetteAppliance"]}]}},"post_mailing_queue_ids":[],"_links":{"self":[{"href":"https:\/\/www.silhouetteappliances.com\/fr\/wp-json\/wp\/v2\/product\/989","targetHints":{"allow":["GET"]}}],"collection":[{"href":"https:\/\/www.silhouetteappliances.com\/fr\/wp-json\/wp\/v2\/product"}],"about":[{"href":"https:\/\/www.silhouetteappliances.com\/fr\/wp-json\/wp\/v2\/types\/product"}],"replies":[{"embeddable":true,"href":"https:\/\/www.silhouetteappliances.com\/fr\/wp-json\/wp\/v2\/comments?post=989"}],"wp:featuredmedia":[{"embeddable":true,"href":"https:\/\/www.silhouetteappliances.com\/fr\/wp-json\/wp\/v2\/media\/778"}],"wp:attachment":[{"href":"https:\/\/www.silhouetteappliances.com\/fr\/wp-json\/wp\/v2\/media?parent=989"}],"wp:term":[{"taxonomy":"product_brand","embeddable":true,"href":"https:\/\/www.silhouetteappliances.com\/fr\/wp-json\/wp\/v2\/product_brand?post=989"},{"taxonomy":"product_cat","embeddable":true,"href":"https:\/\/www.silhouetteappliances.com\/fr\/wp-json\/wp\/v2\/product_cat?post=989"},{"taxonomy":"product_tag","embeddable":true,"href":"https:\/\/www.silhouetteappliances.com\/fr\/wp-json\/wp\/v2\/product_tag?post=989"}],"curies":[{"name":"wp","href":"https:\/\/api.w.org\/{rel}","templated":true}]}}