{"id":977,"date":"2022-02-09T20:59:14","date_gmt":"2022-02-09T20:59:14","guid":{"rendered":"https:\/\/www.silhouetteappliances.com\/fr\/product\/dar055d1bsspro-2\/"},"modified":"2023-11-09T16:10:18","modified_gmt":"2023-11-09T16:10:18","slug":"dar055d1bsspro","status":"publish","type":"product","link":"https:\/\/www.silhouetteappliances.com\/fr\/products\/dar055d1bsspro\/","title":{"rendered":"Aragon &#8211; R\u00e9frig\u00e9rateur int\u00e9gr\u00e9 d&rsquo;ext\u00e9rieur 24&Prime; tous usages"},"content":{"rendered":"","protected":false},"excerpt":{"rendered":"<ul style=\"font-weight: 400\">\n<li data-leveltext=\"\uf0b7\" data-font=\"Symbol\" data-listid=\"1\" data-list-defn-props=\"{&quot;335552541&quot;:1,&quot;335559684&quot;:-2,&quot;335559685&quot;:720,&quot;335559991&quot;:360,&quot;469769226&quot;:&quot;Symbol&quot;,&quot;469769242&quot;:[8226],&quot;469777803&quot;:&quot;left&quot;,&quot;469777804&quot;:&quot;\uf0b7&quot;,&quot;469777815&quot;:&quot;hybridMultilevel&quot;}\" data-aria-posinset=\"1\" data-aria-level=\"1\"><span data-contrast=\"auto\">R\u00e9frig\u00e9rateur ext\u00e9rieur de 5,5 pieds cubes encastr\u00e9 sous le comptoir<\/span><span data-ccp-props=\"{&quot;201341983&quot;:0,&quot;335559740&quot;:259}\">\u00a0<\/span><\/li>\n<li data-leveltext=\"\uf0b7\" data-font=\"Symbol\" data-listid=\"1\" data-list-defn-props=\"{&quot;335552541&quot;:1,&quot;335559684&quot;:-2,&quot;335559685&quot;:720,&quot;335559991&quot;:360,&quot;469769226&quot;:&quot;Symbol&quot;,&quot;469769242&quot;:[8226],&quot;469777803&quot;:&quot;left&quot;,&quot;469777804&quot;:&quot;\uf0b7&quot;,&quot;469777815&quot;:&quot;hybridMultilevel&quot;}\" data-aria-posinset=\"1\" data-aria-level=\"1\">Conforme \u00e0 ENERGY STAR\u00ae.<\/li>\n<li data-leveltext=\"\uf0b7\" data-font=\"Symbol\" data-listid=\"1\" data-list-defn-props=\"{&quot;335552541&quot;:1,&quot;335559684&quot;:-2,&quot;335559685&quot;:720,&quot;335559991&quot;:360,&quot;469769226&quot;:&quot;Symbol&quot;,&quot;469769242&quot;:[8226],&quot;469777803&quot;:&quot;left&quot;,&quot;469777804&quot;:&quot;\uf0b7&quot;,&quot;469777815&quot;:&quot;hybridMultilevel&quot;}\" data-aria-posinset=\"2\" data-aria-level=\"1\"><span data-contrast=\"auto\">Syst\u00e8me sans givre<\/span><span data-ccp-props=\"{&quot;201341983&quot;:0,&quot;335559740&quot;:259}\">\u00a0<\/span><\/li>\n<li data-leveltext=\"\uf0b7\" data-font=\"Symbol\" data-listid=\"1\" data-list-defn-props=\"{&quot;335552541&quot;:1,&quot;335559684&quot;:-2,&quot;335559685&quot;:720,&quot;335559991&quot;:360,&quot;469769226&quot;:&quot;Symbol&quot;,&quot;469769242&quot;:[8226],&quot;469777803&quot;:&quot;left&quot;,&quot;469777804&quot;:&quot;\uf0b7&quot;,&quot;469777815&quot;:&quot;hybridMultilevel&quot;}\" data-aria-posinset=\"3\" data-aria-level=\"1\"><span data-contrast=\"auto\">Thermostat num\u00e9rique avec affichage LED blanc<\/span><span data-ccp-props=\"{&quot;201341983&quot;:0,&quot;335559740&quot;:259}\">\u00a0<\/span><\/li>\n<li data-leveltext=\"\uf0b7\" data-font=\"Symbol\" data-listid=\"1\" data-list-defn-props=\"{&quot;335552541&quot;:1,&quot;335559684&quot;:-2,&quot;335559685&quot;:720,&quot;335559991&quot;:360,&quot;469769226&quot;:&quot;Symbol&quot;,&quot;469769242&quot;:[8226],&quot;469777803&quot;:&quot;left&quot;,&quot;469777804&quot;:&quot;\uf0b7&quot;,&quot;469777815&quot;:&quot;hybridMultilevel&quot;}\" data-aria-posinset=\"4\" data-aria-level=\"1\"><span data-contrast=\"auto\">Plage de temp\u00e9rature :\u00a0 36\u00b0F &#8211; 50\u00b0F (2\u00b0C &#8211; 10\u00b0C)<\/span><span data-ccp-props=\"{&quot;201341983&quot;:0,&quot;335559740&quot;:259}\">\u00a0<\/span><\/li>\n<li data-leveltext=\"\uf0b7\" data-font=\"Symbol\" data-listid=\"1\" data-list-defn-props=\"{&quot;335552541&quot;:1,&quot;335559684&quot;:-2,&quot;335559685&quot;:720,&quot;335559991&quot;:360,&quot;469769226&quot;:&quot;Symbol&quot;,&quot;469769242&quot;:[8226],&quot;469777803&quot;:&quot;left&quot;,&quot;469777804&quot;:&quot;\uf0b7&quot;,&quot;469777815&quot;:&quot;hybridMultilevel&quot;}\" data-aria-posinset=\"6\" data-aria-level=\"1\"><span data-contrast=\"auto\">3 \u00e9tag\u00e8res en verre r\u00e9glables<\/span><span data-ccp-props=\"{&quot;201341983&quot;:0,&quot;335559740&quot;:259}\">\u00a0<\/span><\/li>\n<li data-leveltext=\"\uf0b7\" data-font=\"Symbol\" data-listid=\"1\" data-list-defn-props=\"{&quot;335552541&quot;:1,&quot;335559684&quot;:-2,&quot;335559685&quot;:720,&quot;335559991&quot;:360,&quot;469769226&quot;:&quot;Symbol&quot;,&quot;469769242&quot;:[8226],&quot;469777803&quot;:&quot;left&quot;,&quot;469777804&quot;:&quot;\uf0b7&quot;,&quot;469777815&quot;:&quot;hybridMultilevel&quot;}\" data-aria-posinset=\"7\" data-aria-level=\"1\"><span data-contrast=\"auto\">Comprend un rappel de temp\u00e9rature, une alarme d&rsquo;ouverture de porte, une alarme de temp\u00e9rature.<\/span><span data-ccp-props=\"{&quot;201341983&quot;:0,&quot;335559740&quot;:259}\">\u00a0<\/span><\/li>\n<li data-leveltext=\"\uf0b7\" data-font=\"Symbol\" data-listid=\"1\" data-list-defn-props=\"{&quot;335552541&quot;:1,&quot;335559684&quot;:-2,&quot;335559685&quot;:720,&quot;335559991&quot;:360,&quot;469769226&quot;:&quot;Symbol&quot;,&quot;469769242&quot;:[8226],&quot;469777803&quot;:&quot;left&quot;,&quot;469777804&quot;:&quot;\uf0b7&quot;,&quot;469777815&quot;:&quot;hybridMultilevel&quot;}\" data-aria-posinset=\"8\" data-aria-level=\"1\"><span data-contrast=\"auto\">Acier inoxydable de qualit\u00e9 304 enti\u00e8rement envelope<\/span><span data-ccp-props=\"{&quot;201341983&quot;:0,&quot;335559740&quot;:259}\">\u00a0<\/span><\/li>\n<li data-leveltext=\"\uf0b7\" data-font=\"Symbol\" data-listid=\"1\" data-list-defn-props=\"{&quot;335552541&quot;:1,&quot;335559684&quot;:-2,&quot;335559685&quot;:720,&quot;335559991&quot;:360,&quot;469769226&quot;:&quot;Symbol&quot;,&quot;469769242&quot;:[8226],&quot;469777803&quot;:&quot;left&quot;,&quot;469777804&quot;:&quot;\uf0b7&quot;,&quot;469777815&quot;:&quot;hybridMultilevel&quot;}\" data-aria-posinset=\"9\" data-aria-level=\"1\"><span data-contrast=\"auto\">Garantie de 24 mois avec service \u00e0 domicile<\/span><span data-ccp-props=\"{&quot;201341983&quot;:0,&quot;335559740&quot;:259}\">\u00a0<\/span><\/li>\n<\/ul>\n","protected":false},"featured_media":748,"comment_status":"closed","ping_status":"closed","template":"","meta":{"_acf_changed":false},"product_brand":[],"product_cat":[18],"product_tag":[],"class_list":{"0":"post-977","1":"product","2":"type-product","3":"status-publish","4":"has-post-thumbnail","6":"product_cat-refrigeration-pour-lexterieur","7":"pa_by-cooling-zones-zone-unique","8":"pa_by-door-finish-acier-inoxydable","9":"pa_by-door-finish-porte-pleine","10":"pa_by-width-24-pouces","12":"first","13":"instock","14":"shipping-taxable","15":"product-type-simple"},"acf":[],"yoast_head":"<!-- This site is optimized with the Yoast SEO plugin v27.5 - https:\/\/yoast.com\/product\/yoast-seo-wordpress\/ -->\n<title>Aragon - R\u00e9frig\u00e9rateur int\u00e9gr\u00e9 d&#039;ext\u00e9rieur 24&quot; tous usages - DAR055D1BSSPRO | Silhouette Canada<\/title>\n<meta name=\"description\" content=\"Comment rendre le grand air plus rafra\u00eechissant qu&#039;il ne l&#039;est d\u00e9j\u00e0 ? Avec l&#039;ajout de cet \u00e9l\u00e9gant r\u00e9frig\u00e9rateur d&#039;ext\u00e9rieur, qui peut \u00eatre ind\u00e9pendant ou int\u00e9gr\u00e9 \u00e0 votre bar ext\u00e9rieur. En acier inoxydable r\u00e9sistant aux taches et \u00e9quip\u00e9 d&#039;une alarme, cet appareil est con\u00e7u pour durer dans des conditions ext\u00e9rieures et \u00eatre fonctionnel dans une atmosph\u00e8re de divertissement.\" \/>\n<meta name=\"robots\" content=\"index, follow, max-snippet:-1, max-image-preview:large, max-video-preview:-1\" \/>\n<link rel=\"canonical\" href=\"https:\/\/www.silhouetteappliances.com\/fr\/products\/dar055d1bsspro\/\" \/>\n<meta property=\"og:locale\" content=\"fr_CA\" \/>\n<meta property=\"og:type\" content=\"article\" \/>\n<meta property=\"og:title\" content=\"Aragon - R\u00e9frig\u00e9rateur int\u00e9gr\u00e9 d&#039;ext\u00e9rieur 24&quot; tous usages - DAR055D1BSSPRO | Silhouette Canada\" \/>\n<meta property=\"og:description\" content=\"Comment rendre le grand air plus rafra\u00eechissant qu&#039;il ne l&#039;est d\u00e9j\u00e0 ? Avec l&#039;ajout de cet \u00e9l\u00e9gant r\u00e9frig\u00e9rateur d&#039;ext\u00e9rieur, qui peut \u00eatre ind\u00e9pendant ou int\u00e9gr\u00e9 \u00e0 votre bar ext\u00e9rieur. En acier inoxydable r\u00e9sistant aux taches et \u00e9quip\u00e9 d&#039;une alarme, cet appareil est con\u00e7u pour durer dans des conditions ext\u00e9rieures et \u00eatre fonctionnel dans une atmosph\u00e8re de divertissement.\" \/>\n<meta property=\"og:url\" content=\"https:\/\/www.silhouetteappliances.com\/fr\/products\/dar055d1bsspro\/\" \/>\n<meta property=\"og:site_name\" content=\"Silhouette - Canada - French\" \/>\n<meta property=\"article:publisher\" content=\"https:\/\/www.facebook.com\/SilhouetteAppliances\" \/>\n<meta property=\"article:modified_time\" content=\"2023-11-09T16:10:18+00:00\" \/>\n<meta property=\"og:image\" content=\"https:\/\/cdnweb.silhouetteappliances.com\/wp-content\/uploads\/sites\/7\/2021\/11\/03121800\/DAR055D1BSSPRO_RightClosed.png\" \/>\n\t<meta property=\"og:image:width\" content=\"1500\" \/>\n\t<meta property=\"og:image:height\" content=\"1829\" \/>\n\t<meta property=\"og:image:type\" content=\"image\/png\" \/>\n<meta name=\"twitter:card\" content=\"summary_large_image\" \/>\n<script type=\"application\/ld+json\" class=\"yoast-schema-graph\">{\"@context\":\"https:\\\/\\\/schema.org\",\"@graph\":[{\"@type\":[\"WebPage\",\"ItemPage\"],\"url\":\"https:\\\/\\\/www.silhouetteappliances.com\\\/fr\\\/products\\\/dar055d1bsspro\\\/\",\"name\":\"Aragon - R\u00e9frig\u00e9rateur int\u00e9gr\u00e9 d'ext\u00e9rieur 24\\\" tous usages - DAR055D1BSSPRO | Silhouette Canada\",\"isPartOf\":[],\"primaryImageOfPage\":[],\"image\":[],\"thumbnailUrl\":\"https:\\\/\\\/cdnweb.danby.com\\\/wp-content\\\/uploads\\\/sites\\\/7\\\/2021\\\/11\\\/03121800\\\/DAR055D1BSSPRO_RightClosed.png\",\"datePublished\":\"2022-02-09T20:59:14+00:00\",\"dateModified\":\"2023-11-09T16:10:18+00:00\",\"description\":\"Comment rendre le grand air plus rafra\u00eechissant qu'il ne l'est d\u00e9j\u00e0 ? Avec l'ajout de cet \u00e9l\u00e9gant r\u00e9frig\u00e9rateur d'ext\u00e9rieur, qui peut \u00eatre ind\u00e9pendant ou int\u00e9gr\u00e9 \u00e0 votre bar ext\u00e9rieur. En acier inoxydable r\u00e9sistant aux taches et \u00e9quip\u00e9 d'une alarme, cet appareil est con\u00e7u pour durer dans des conditions ext\u00e9rieures et \u00eatre fonctionnel dans une atmosph\u00e8re de divertissement.\",\"breadcrumb\":[],\"inLanguage\":\"fr-CA\",\"potentialAction\":[{\"@type\":\"ReadAction\",\"target\":[\"https:\\\/\\\/www.silhouetteappliances.com\\\/fr\\\/products\\\/dar055d1bsspro\\\/\"]}]},{\"@type\":\"ImageObject\",\"inLanguage\":\"fr-CA\",\"url\":\"https:\\\/\\\/cdnweb.danby.com\\\/wp-content\\\/uploads\\\/sites\\\/7\\\/2021\\\/11\\\/03121800\\\/DAR055D1BSSPRO_RightClosed.png\",\"contentUrl\":\"https:\\\/\\\/cdnweb.danby.com\\\/wp-content\\\/uploads\\\/sites\\\/7\\\/2021\\\/11\\\/03121800\\\/DAR055D1BSSPRO_RightClosed.png\",\"width\":1500,\"height\":1829},{\"@type\":\"BreadcrumbList\",\"itemListElement\":[{\"@type\":\"ListItem\",\"position\":1,\"name\":\"Home\",\"item\":\"https:\\\/\\\/www.silhouetteappliances.com\\\/fr\\\/\"},{\"@type\":\"ListItem\",\"position\":2,\"name\":\"Shop\",\"item\":\"https:\\\/\\\/www.silhouetteappliances.com\\\/fr\\\/shop\\\/\"},{\"@type\":\"ListItem\",\"position\":3,\"name\":\"Aragon &#8211; R\u00e9frig\u00e9rateur int\u00e9gr\u00e9 d&#8217;ext\u00e9rieur 24&#8243; tous usages\"}]},{\"@type\":\"WebSite\",\"url\":\"https:\\\/\\\/www.silhouetteappliances.com\\\/fr\\\/\",\"name\":\"Silhouette - Canada - French\",\"description\":\"Enfriadores de vino Refrigeradores bajo mostrador.  Todos los frigor\u00edficos - Centro de Bebidas y Vinos\",\"publisher\":[],\"potentialAction\":[{\"@type\":\"SearchAction\",\"target\":{\"@type\":\"EntryPoint\",\"urlTemplate\":\"https:\\\/\\\/www.silhouetteappliances.com\\\/fr\\\/?s={search_term_string}\"},\"query-input\":{\"@type\":\"PropertyValueSpecification\",\"valueRequired\":true,\"valueName\":\"search_term_string\"}}],\"inLanguage\":\"fr-CA\"},{\"@type\":\"Organization\",\"name\":\"Silhouette Appliances\",\"url\":\"https:\\\/\\\/www.silhouetteappliances.com\\\/fr\\\/\",\"logo\":{\"@type\":\"ImageObject\",\"inLanguage\":\"fr-CA\",\"url\":\"https:\\\/\\\/www.silhouetteappliances.com\\\/fr\\\/wp-content\\\/uploads\\\/sites\\\/7\\\/2021\\\/12\\\/logo.png\",\"contentUrl\":\"https:\\\/\\\/www.silhouetteappliances.com\\\/fr\\\/wp-content\\\/uploads\\\/sites\\\/7\\\/2021\\\/12\\\/logo.png\",\"width\":216,\"height\":46,\"caption\":\"Silhouette Appliances\"},\"image\":[],\"sameAs\":[\"https:\\\/\\\/www.facebook.com\\\/SilhouetteAppliances\",\"https:\\\/\\\/www.youtube.com\\\/user\\\/SilhouetteAppliance\"]}]}<\/script>\n<!-- \/ Yoast SEO plugin. -->","yoast_head_json":{"title":"Aragon - R\u00e9frig\u00e9rateur int\u00e9gr\u00e9 d'ext\u00e9rieur 24\" tous usages - DAR055D1BSSPRO | Silhouette Canada","description":"Comment rendre le grand air plus rafra\u00eechissant qu'il ne l'est d\u00e9j\u00e0 ? Avec l'ajout de cet \u00e9l\u00e9gant r\u00e9frig\u00e9rateur d'ext\u00e9rieur, qui peut \u00eatre ind\u00e9pendant ou int\u00e9gr\u00e9 \u00e0 votre bar ext\u00e9rieur. En acier inoxydable r\u00e9sistant aux taches et \u00e9quip\u00e9 d'une alarme, cet appareil est con\u00e7u pour durer dans des conditions ext\u00e9rieures et \u00eatre fonctionnel dans une atmosph\u00e8re de divertissement.","robots":{"index":"index","follow":"follow","max-snippet":"max-snippet:-1","max-image-preview":"max-image-preview:large","max-video-preview":"max-video-preview:-1"},"canonical":"https:\/\/www.silhouetteappliances.com\/fr\/products\/dar055d1bsspro\/","og_locale":"fr_CA","og_type":"article","og_title":"Aragon - R\u00e9frig\u00e9rateur int\u00e9gr\u00e9 d'ext\u00e9rieur 24\" tous usages - DAR055D1BSSPRO | Silhouette Canada","og_description":"Comment rendre le grand air plus rafra\u00eechissant qu'il ne l'est d\u00e9j\u00e0 ? Avec l'ajout de cet \u00e9l\u00e9gant r\u00e9frig\u00e9rateur d'ext\u00e9rieur, qui peut \u00eatre ind\u00e9pendant ou int\u00e9gr\u00e9 \u00e0 votre bar ext\u00e9rieur. En acier inoxydable r\u00e9sistant aux taches et \u00e9quip\u00e9 d'une alarme, cet appareil est con\u00e7u pour durer dans des conditions ext\u00e9rieures et \u00eatre fonctionnel dans une atmosph\u00e8re de divertissement.","og_url":"https:\/\/www.silhouetteappliances.com\/fr\/products\/dar055d1bsspro\/","og_site_name":"Silhouette - Canada - French","article_publisher":"https:\/\/www.facebook.com\/SilhouetteAppliances","article_modified_time":"2023-11-09T16:10:18+00:00","og_image":[{"width":1500,"height":1829,"url":"https:\/\/cdnweb.silhouetteappliances.com\/wp-content\/uploads\/sites\/7\/2021\/11\/03121800\/DAR055D1BSSPRO_RightClosed.png","type":"image\/png"}],"twitter_card":"summary_large_image","schema":{"@context":"https:\/\/schema.org","@graph":[{"@type":["WebPage","ItemPage"],"url":"https:\/\/www.silhouetteappliances.com\/fr\/products\/dar055d1bsspro\/","name":"Aragon - R\u00e9frig\u00e9rateur int\u00e9gr\u00e9 d'ext\u00e9rieur 24\" tous usages - DAR055D1BSSPRO | Silhouette Canada","isPartOf":[],"primaryImageOfPage":[],"image":[],"thumbnailUrl":"https:\/\/cdnweb.danby.com\/wp-content\/uploads\/sites\/7\/2021\/11\/03121800\/DAR055D1BSSPRO_RightClosed.png","datePublished":"2022-02-09T20:59:14+00:00","dateModified":"2023-11-09T16:10:18+00:00","description":"Comment rendre le grand air plus rafra\u00eechissant qu'il ne l'est d\u00e9j\u00e0 ? Avec l'ajout de cet \u00e9l\u00e9gant r\u00e9frig\u00e9rateur d'ext\u00e9rieur, qui peut \u00eatre ind\u00e9pendant ou int\u00e9gr\u00e9 \u00e0 votre bar ext\u00e9rieur. En acier inoxydable r\u00e9sistant aux taches et \u00e9quip\u00e9 d'une alarme, cet appareil est con\u00e7u pour durer dans des conditions ext\u00e9rieures et \u00eatre fonctionnel dans une atmosph\u00e8re de divertissement.","breadcrumb":[],"inLanguage":"fr-CA","potentialAction":[{"@type":"ReadAction","target":["https:\/\/www.silhouetteappliances.com\/fr\/products\/dar055d1bsspro\/"]}]},{"@type":"ImageObject","inLanguage":"fr-CA","url":"https:\/\/cdnweb.danby.com\/wp-content\/uploads\/sites\/7\/2021\/11\/03121800\/DAR055D1BSSPRO_RightClosed.png","contentUrl":"https:\/\/cdnweb.danby.com\/wp-content\/uploads\/sites\/7\/2021\/11\/03121800\/DAR055D1BSSPRO_RightClosed.png","width":1500,"height":1829},{"@type":"BreadcrumbList","itemListElement":[{"@type":"ListItem","position":1,"name":"Home","item":"https:\/\/www.silhouetteappliances.com\/fr\/"},{"@type":"ListItem","position":2,"name":"Shop","item":"https:\/\/www.silhouetteappliances.com\/fr\/shop\/"},{"@type":"ListItem","position":3,"name":"Aragon &#8211; R\u00e9frig\u00e9rateur int\u00e9gr\u00e9 d&#8217;ext\u00e9rieur 24&#8243; tous usages"}]},{"@type":"WebSite","url":"https:\/\/www.silhouetteappliances.com\/fr\/","name":"Silhouette - Canada - French","description":"Enfriadores de vino Refrigeradores bajo mostrador.  Todos los frigor\u00edficos - Centro de Bebidas y Vinos","publisher":[],"potentialAction":[{"@type":"SearchAction","target":{"@type":"EntryPoint","urlTemplate":"https:\/\/www.silhouetteappliances.com\/fr\/?s={search_term_string}"},"query-input":{"@type":"PropertyValueSpecification","valueRequired":true,"valueName":"search_term_string"}}],"inLanguage":"fr-CA"},{"@type":"Organization","name":"Silhouette Appliances","url":"https:\/\/www.silhouetteappliances.com\/fr\/","logo":{"@type":"ImageObject","inLanguage":"fr-CA","url":"https:\/\/www.silhouetteappliances.com\/fr\/wp-content\/uploads\/sites\/7\/2021\/12\/logo.png","contentUrl":"https:\/\/www.silhouetteappliances.com\/fr\/wp-content\/uploads\/sites\/7\/2021\/12\/logo.png","width":216,"height":46,"caption":"Silhouette Appliances"},"image":[],"sameAs":["https:\/\/www.facebook.com\/SilhouetteAppliances","https:\/\/www.youtube.com\/user\/SilhouetteAppliance"]}]}},"post_mailing_queue_ids":[],"_links":{"self":[{"href":"https:\/\/www.silhouetteappliances.com\/fr\/wp-json\/wp\/v2\/product\/977","targetHints":{"allow":["GET"]}}],"collection":[{"href":"https:\/\/www.silhouetteappliances.com\/fr\/wp-json\/wp\/v2\/product"}],"about":[{"href":"https:\/\/www.silhouetteappliances.com\/fr\/wp-json\/wp\/v2\/types\/product"}],"replies":[{"embeddable":true,"href":"https:\/\/www.silhouetteappliances.com\/fr\/wp-json\/wp\/v2\/comments?post=977"}],"wp:featuredmedia":[{"embeddable":true,"href":"https:\/\/www.silhouetteappliances.com\/fr\/wp-json\/wp\/v2\/media\/748"}],"wp:attachment":[{"href":"https:\/\/www.silhouetteappliances.com\/fr\/wp-json\/wp\/v2\/media?parent=977"}],"wp:term":[{"taxonomy":"product_brand","embeddable":true,"href":"https:\/\/www.silhouetteappliances.com\/fr\/wp-json\/wp\/v2\/product_brand?post=977"},{"taxonomy":"product_cat","embeddable":true,"href":"https:\/\/www.silhouetteappliances.com\/fr\/wp-json\/wp\/v2\/product_cat?post=977"},{"taxonomy":"product_tag","embeddable":true,"href":"https:\/\/www.silhouetteappliances.com\/fr\/wp-json\/wp\/v2\/product_tag?post=977"}],"curies":[{"name":"wp","href":"https:\/\/api.w.org\/{rel}","templated":true}]}}