{"id":974,"date":"2022-02-09T20:59:14","date_gmt":"2022-02-09T20:59:14","guid":{"rendered":"https:\/\/www.silhouetteappliances.com\/fr\/product\/dar055d1bsspr-2\/"},"modified":"2022-12-02T19:57:28","modified_gmt":"2022-12-02T19:57:28","slug":"dar055d1bsspr","status":"publish","type":"product","link":"https:\/\/www.silhouetteappliances.com\/fr\/products\/dar055d1bsspr\/","title":{"rendered":"Niagara &#8211; R\u00e9frig\u00e9rateur tout int\u00e9gr\u00e9 de 24 pouces"},"content":{"rendered":"","protected":false},"excerpt":{"rendered":"","protected":false},"featured_media":746,"comment_status":"closed","ping_status":"open","template":"","meta":{"_acf_changed":false},"product_brand":[],"product_cat":[17],"product_tag":[],"class_list":{"0":"post-974","1":"product","2":"type-product","3":"status-publish","4":"has-post-thumbnail","6":"product_cat-refrigerateur-encastrable","8":"first","9":"instock","10":"shipping-taxable","11":"product-type-simple"},"acf":[],"yoast_head":"<!-- This site is optimized with the Yoast SEO plugin v27.4 - https:\/\/yoast.com\/product\/yoast-seo-wordpress\/ -->\n<title>Niagara - R\u00e9frig\u00e9rateur tout int\u00e9gr\u00e9 de 24 pouces - DAR055D1BSSPR | Silhouette Canada<\/title>\n<meta name=\"description\" content=\"De son nom \u00e0 ses caract\u00e9ristiques exceptionnelles, ce r\u00e9frig\u00e9rateur en acier inoxydable refl\u00e8te tout ce qui est cool et convoit\u00e9 dans la r\u00e9gion embl\u00e9matique du Niagara. La conception de la porte sans soudure, la poign\u00e9e ergonomique et la finition noire de l&#039;armoire lui conf\u00e8rent un aspect aussi impeccable \u00e0 l&#039;ext\u00e9rieur qu&#039;il est fonctionnel \u00e0 l&#039;int\u00e9rieur.\" \/>\n<meta name=\"robots\" content=\"index, follow, max-snippet:-1, max-image-preview:large, max-video-preview:-1\" \/>\n<link rel=\"canonical\" href=\"https:\/\/www.silhouetteappliances.com\/fr\/products\/dar055d1bsspr\/\" \/>\n<meta property=\"og:locale\" content=\"fr_CA\" \/>\n<meta property=\"og:type\" content=\"article\" \/>\n<meta property=\"og:title\" content=\"Niagara - R\u00e9frig\u00e9rateur tout int\u00e9gr\u00e9 de 24 pouces - DAR055D1BSSPR | Silhouette Canada\" \/>\n<meta property=\"og:description\" content=\"De son nom \u00e0 ses caract\u00e9ristiques exceptionnelles, ce r\u00e9frig\u00e9rateur en acier inoxydable refl\u00e8te tout ce qui est cool et convoit\u00e9 dans la r\u00e9gion embl\u00e9matique du Niagara. La conception de la porte sans soudure, la poign\u00e9e ergonomique et la finition noire de l&#039;armoire lui conf\u00e8rent un aspect aussi impeccable \u00e0 l&#039;ext\u00e9rieur qu&#039;il est fonctionnel \u00e0 l&#039;int\u00e9rieur.\" \/>\n<meta property=\"og:url\" content=\"https:\/\/www.silhouetteappliances.com\/fr\/products\/dar055d1bsspr\/\" \/>\n<meta property=\"og:site_name\" content=\"Silhouette - Canada - French\" \/>\n<meta property=\"article:publisher\" content=\"https:\/\/www.facebook.com\/SilhouetteAppliances\" \/>\n<meta property=\"article:modified_time\" content=\"2022-12-02T19:57:28+00:00\" \/>\n<meta property=\"og:image\" content=\"https:\/\/cdnweb.silhouetteappliances.com\/wp-content\/uploads\/sites\/7\/2021\/11\/26191238\/DAR055D1BSSPR_Featured3.png\" \/>\n\t<meta property=\"og:image:width\" content=\"543\" \/>\n\t<meta property=\"og:image:height\" content=\"600\" \/>\n\t<meta property=\"og:image:type\" content=\"image\/png\" \/>\n<meta name=\"twitter:card\" content=\"summary_large_image\" \/>\n<script type=\"application\/ld+json\" class=\"yoast-schema-graph\">{\"@context\":\"https:\\\/\\\/schema.org\",\"@graph\":[{\"@type\":[\"WebPage\",\"ItemPage\"],\"url\":\"https:\\\/\\\/www.silhouetteappliances.com\\\/fr\\\/products\\\/dar055d1bsspr\\\/\",\"name\":\"Niagara - R\u00e9frig\u00e9rateur tout int\u00e9gr\u00e9 de 24 pouces - DAR055D1BSSPR | Silhouette Canada\",\"isPartOf\":[],\"primaryImageOfPage\":[],\"image\":[],\"thumbnailUrl\":\"https:\\\/\\\/cdnweb.danby.com\\\/wp-content\\\/uploads\\\/sites\\\/7\\\/2021\\\/11\\\/26191238\\\/DAR055D1BSSPR_Featured3.png\",\"datePublished\":\"2022-02-09T20:59:14+00:00\",\"dateModified\":\"2022-12-02T19:57:28+00:00\",\"description\":\"De son nom \u00e0 ses caract\u00e9ristiques exceptionnelles, ce r\u00e9frig\u00e9rateur en acier inoxydable refl\u00e8te tout ce qui est cool et convoit\u00e9 dans la r\u00e9gion embl\u00e9matique du Niagara. La conception de la porte sans soudure, la poign\u00e9e ergonomique et la finition noire de l'armoire lui conf\u00e8rent un aspect aussi impeccable \u00e0 l'ext\u00e9rieur qu'il est fonctionnel \u00e0 l'int\u00e9rieur.\",\"breadcrumb\":[],\"inLanguage\":\"fr-CA\",\"potentialAction\":[{\"@type\":\"ReadAction\",\"target\":[\"https:\\\/\\\/www.silhouetteappliances.com\\\/fr\\\/products\\\/dar055d1bsspr\\\/\"]}]},{\"@type\":\"ImageObject\",\"inLanguage\":\"fr-CA\",\"url\":\"https:\\\/\\\/cdnweb.danby.com\\\/wp-content\\\/uploads\\\/sites\\\/7\\\/2021\\\/11\\\/26191238\\\/DAR055D1BSSPR_Featured3.png\",\"contentUrl\":\"https:\\\/\\\/cdnweb.danby.com\\\/wp-content\\\/uploads\\\/sites\\\/7\\\/2021\\\/11\\\/26191238\\\/DAR055D1BSSPR_Featured3.png\",\"width\":543,\"height\":600},{\"@type\":\"BreadcrumbList\",\"itemListElement\":[{\"@type\":\"ListItem\",\"position\":1,\"name\":\"Home\",\"item\":\"https:\\\/\\\/www.silhouetteappliances.com\\\/fr\\\/\"},{\"@type\":\"ListItem\",\"position\":2,\"name\":\"Shop\",\"item\":\"https:\\\/\\\/www.silhouetteappliances.com\\\/fr\\\/shop\\\/\"},{\"@type\":\"ListItem\",\"position\":3,\"name\":\"Niagara &#8211; R\u00e9frig\u00e9rateur tout int\u00e9gr\u00e9 de 24 pouces\"}]},{\"@type\":\"WebSite\",\"url\":\"https:\\\/\\\/www.silhouetteappliances.com\\\/fr\\\/\",\"name\":\"Silhouette - Canada - French\",\"description\":\"Enfriadores de vino Refrigeradores bajo mostrador.  Todos los frigor\u00edficos - Centro de Bebidas y Vinos\",\"publisher\":[],\"potentialAction\":[{\"@type\":\"SearchAction\",\"target\":{\"@type\":\"EntryPoint\",\"urlTemplate\":\"https:\\\/\\\/www.silhouetteappliances.com\\\/fr\\\/?s={search_term_string}\"},\"query-input\":{\"@type\":\"PropertyValueSpecification\",\"valueRequired\":true,\"valueName\":\"search_term_string\"}}],\"inLanguage\":\"fr-CA\"},{\"@type\":\"Organization\",\"name\":\"Silhouette Appliances\",\"url\":\"https:\\\/\\\/www.silhouetteappliances.com\\\/fr\\\/\",\"logo\":{\"@type\":\"ImageObject\",\"inLanguage\":\"fr-CA\",\"url\":\"https:\\\/\\\/www.silhouetteappliances.com\\\/fr\\\/wp-content\\\/uploads\\\/sites\\\/7\\\/2021\\\/12\\\/logo.png\",\"contentUrl\":\"https:\\\/\\\/www.silhouetteappliances.com\\\/fr\\\/wp-content\\\/uploads\\\/sites\\\/7\\\/2021\\\/12\\\/logo.png\",\"width\":216,\"height\":46,\"caption\":\"Silhouette Appliances\"},\"image\":[],\"sameAs\":[\"https:\\\/\\\/www.facebook.com\\\/SilhouetteAppliances\",\"https:\\\/\\\/www.youtube.com\\\/user\\\/SilhouetteAppliance\"]}]}<\/script>\n<!-- \/ Yoast SEO plugin. -->","yoast_head_json":{"title":"Niagara - R\u00e9frig\u00e9rateur tout int\u00e9gr\u00e9 de 24 pouces - DAR055D1BSSPR | Silhouette Canada","description":"De son nom \u00e0 ses caract\u00e9ristiques exceptionnelles, ce r\u00e9frig\u00e9rateur en acier inoxydable refl\u00e8te tout ce qui est cool et convoit\u00e9 dans la r\u00e9gion embl\u00e9matique du Niagara. La conception de la porte sans soudure, la poign\u00e9e ergonomique et la finition noire de l'armoire lui conf\u00e8rent un aspect aussi impeccable \u00e0 l'ext\u00e9rieur qu'il est fonctionnel \u00e0 l'int\u00e9rieur.","robots":{"index":"index","follow":"follow","max-snippet":"max-snippet:-1","max-image-preview":"max-image-preview:large","max-video-preview":"max-video-preview:-1"},"canonical":"https:\/\/www.silhouetteappliances.com\/fr\/products\/dar055d1bsspr\/","og_locale":"fr_CA","og_type":"article","og_title":"Niagara - R\u00e9frig\u00e9rateur tout int\u00e9gr\u00e9 de 24 pouces - DAR055D1BSSPR | Silhouette Canada","og_description":"De son nom \u00e0 ses caract\u00e9ristiques exceptionnelles, ce r\u00e9frig\u00e9rateur en acier inoxydable refl\u00e8te tout ce qui est cool et convoit\u00e9 dans la r\u00e9gion embl\u00e9matique du Niagara. La conception de la porte sans soudure, la poign\u00e9e ergonomique et la finition noire de l'armoire lui conf\u00e8rent un aspect aussi impeccable \u00e0 l'ext\u00e9rieur qu'il est fonctionnel \u00e0 l'int\u00e9rieur.","og_url":"https:\/\/www.silhouetteappliances.com\/fr\/products\/dar055d1bsspr\/","og_site_name":"Silhouette - Canada - French","article_publisher":"https:\/\/www.facebook.com\/SilhouetteAppliances","article_modified_time":"2022-12-02T19:57:28+00:00","og_image":[{"width":543,"height":600,"url":"https:\/\/cdnweb.silhouetteappliances.com\/wp-content\/uploads\/sites\/7\/2021\/11\/26191238\/DAR055D1BSSPR_Featured3.png","type":"image\/png"}],"twitter_card":"summary_large_image","schema":{"@context":"https:\/\/schema.org","@graph":[{"@type":["WebPage","ItemPage"],"url":"https:\/\/www.silhouetteappliances.com\/fr\/products\/dar055d1bsspr\/","name":"Niagara - R\u00e9frig\u00e9rateur tout int\u00e9gr\u00e9 de 24 pouces - DAR055D1BSSPR | Silhouette Canada","isPartOf":[],"primaryImageOfPage":[],"image":[],"thumbnailUrl":"https:\/\/cdnweb.danby.com\/wp-content\/uploads\/sites\/7\/2021\/11\/26191238\/DAR055D1BSSPR_Featured3.png","datePublished":"2022-02-09T20:59:14+00:00","dateModified":"2022-12-02T19:57:28+00:00","description":"De son nom \u00e0 ses caract\u00e9ristiques exceptionnelles, ce r\u00e9frig\u00e9rateur en acier inoxydable refl\u00e8te tout ce qui est cool et convoit\u00e9 dans la r\u00e9gion embl\u00e9matique du Niagara. La conception de la porte sans soudure, la poign\u00e9e ergonomique et la finition noire de l'armoire lui conf\u00e8rent un aspect aussi impeccable \u00e0 l'ext\u00e9rieur qu'il est fonctionnel \u00e0 l'int\u00e9rieur.","breadcrumb":[],"inLanguage":"fr-CA","potentialAction":[{"@type":"ReadAction","target":["https:\/\/www.silhouetteappliances.com\/fr\/products\/dar055d1bsspr\/"]}]},{"@type":"ImageObject","inLanguage":"fr-CA","url":"https:\/\/cdnweb.danby.com\/wp-content\/uploads\/sites\/7\/2021\/11\/26191238\/DAR055D1BSSPR_Featured3.png","contentUrl":"https:\/\/cdnweb.danby.com\/wp-content\/uploads\/sites\/7\/2021\/11\/26191238\/DAR055D1BSSPR_Featured3.png","width":543,"height":600},{"@type":"BreadcrumbList","itemListElement":[{"@type":"ListItem","position":1,"name":"Home","item":"https:\/\/www.silhouetteappliances.com\/fr\/"},{"@type":"ListItem","position":2,"name":"Shop","item":"https:\/\/www.silhouetteappliances.com\/fr\/shop\/"},{"@type":"ListItem","position":3,"name":"Niagara &#8211; R\u00e9frig\u00e9rateur tout int\u00e9gr\u00e9 de 24 pouces"}]},{"@type":"WebSite","url":"https:\/\/www.silhouetteappliances.com\/fr\/","name":"Silhouette - Canada - French","description":"Enfriadores de vino Refrigeradores bajo mostrador.  Todos los frigor\u00edficos - Centro de Bebidas y Vinos","publisher":[],"potentialAction":[{"@type":"SearchAction","target":{"@type":"EntryPoint","urlTemplate":"https:\/\/www.silhouetteappliances.com\/fr\/?s={search_term_string}"},"query-input":{"@type":"PropertyValueSpecification","valueRequired":true,"valueName":"search_term_string"}}],"inLanguage":"fr-CA"},{"@type":"Organization","name":"Silhouette Appliances","url":"https:\/\/www.silhouetteappliances.com\/fr\/","logo":{"@type":"ImageObject","inLanguage":"fr-CA","url":"https:\/\/www.silhouetteappliances.com\/fr\/wp-content\/uploads\/sites\/7\/2021\/12\/logo.png","contentUrl":"https:\/\/www.silhouetteappliances.com\/fr\/wp-content\/uploads\/sites\/7\/2021\/12\/logo.png","width":216,"height":46,"caption":"Silhouette Appliances"},"image":[],"sameAs":["https:\/\/www.facebook.com\/SilhouetteAppliances","https:\/\/www.youtube.com\/user\/SilhouetteAppliance"]}]}},"post_mailing_queue_ids":[],"_links":{"self":[{"href":"https:\/\/www.silhouetteappliances.com\/fr\/wp-json\/wp\/v2\/product\/974","targetHints":{"allow":["GET"]}}],"collection":[{"href":"https:\/\/www.silhouetteappliances.com\/fr\/wp-json\/wp\/v2\/product"}],"about":[{"href":"https:\/\/www.silhouetteappliances.com\/fr\/wp-json\/wp\/v2\/types\/product"}],"replies":[{"embeddable":true,"href":"https:\/\/www.silhouetteappliances.com\/fr\/wp-json\/wp\/v2\/comments?post=974"}],"wp:featuredmedia":[{"embeddable":true,"href":"https:\/\/www.silhouetteappliances.com\/fr\/wp-json\/wp\/v2\/media\/746"}],"wp:attachment":[{"href":"https:\/\/www.silhouetteappliances.com\/fr\/wp-json\/wp\/v2\/media?parent=974"}],"wp:term":[{"taxonomy":"product_brand","embeddable":true,"href":"https:\/\/www.silhouetteappliances.com\/fr\/wp-json\/wp\/v2\/product_brand?post=974"},{"taxonomy":"product_cat","embeddable":true,"href":"https:\/\/www.silhouetteappliances.com\/fr\/wp-json\/wp\/v2\/product_cat?post=974"},{"taxonomy":"product_tag","embeddable":true,"href":"https:\/\/www.silhouetteappliances.com\/fr\/wp-json\/wp\/v2\/product_tag?post=974"}],"curies":[{"name":"wp","href":"https:\/\/api.w.org\/{rel}","templated":true}]}}