{"id":697,"date":"2022-02-09T20:59:24","date_gmt":"2022-02-09T20:59:24","guid":{"rendered":"http:\/\/Khunter"},"modified":"2022-12-02T19:57:45","modified_gmt":"2022-12-02T19:57:45","slug":"dwc031d1bsspr","status":"publish","type":"product","link":"https:\/\/www.silhouetteappliances.com\/fr\/products\/dwc031d1bsspr\/","title":{"rendered":"Toscane &#8211; Cave \u00e0 vin de 15&Prime; \u00e0 zone unique"},"content":{"rendered":"","protected":false},"excerpt":{"rendered":"","protected":false},"featured_media":758,"comment_status":"closed","ping_status":"open","template":"","meta":{"_acf_changed":false},"product_brand":[],"product_cat":[21],"product_tag":[],"class_list":{"0":"post-697","1":"product","2":"type-product","3":"status-publish","4":"has-post-thumbnail","6":"product_cat-refroidisseurs-a-vin","8":"first","9":"instock","10":"shipping-taxable","11":"product-type-simple"},"acf":[],"yoast_head":"<!-- This site is optimized with the Yoast SEO plugin v26.7 - https:\/\/yoast.com\/wordpress\/plugins\/seo\/ -->\n<title>Toscane - Cave \u00e0 vin de 15&quot; \u00e0 zone unique - DWC031D1BSSPR | Silhouette Canada<\/title>\n<meta name=\"description\" content=\"C&#039;est la cave \u00e0 vin \u00e9l\u00e9gante et mince qui est l\u00e9g\u00e8re en largeur mais lourde en style. Rangez vos vins rouges ou blancs en toute s\u00e9curit\u00e9 derri\u00e8re la porte en verre tremp\u00e9 et d\u00e9ployez compl\u00e8tement les \u00e9tag\u00e8res lisses pour examiner sans effort la prochaine bouteille que vous allez d\u00e9guster.\" \/>\n<meta name=\"robots\" content=\"index, follow, max-snippet:-1, max-image-preview:large, max-video-preview:-1\" \/>\n<link rel=\"canonical\" href=\"https:\/\/www.silhouetteappliances.com\/fr\/products\/dwc031d1bsspr\/\" \/>\n<meta property=\"og:locale\" content=\"fr_CA\" \/>\n<meta property=\"og:type\" content=\"article\" \/>\n<meta property=\"og:title\" content=\"Toscane - Cave \u00e0 vin de 15&quot; \u00e0 zone unique - DWC031D1BSSPR | Silhouette Canada\" \/>\n<meta property=\"og:description\" content=\"C&#039;est la cave \u00e0 vin \u00e9l\u00e9gante et mince qui est l\u00e9g\u00e8re en largeur mais lourde en style. Rangez vos vins rouges ou blancs en toute s\u00e9curit\u00e9 derri\u00e8re la porte en verre tremp\u00e9 et d\u00e9ployez compl\u00e8tement les \u00e9tag\u00e8res lisses pour examiner sans effort la prochaine bouteille que vous allez d\u00e9guster.\" \/>\n<meta property=\"og:url\" content=\"https:\/\/www.silhouetteappliances.com\/fr\/products\/dwc031d1bsspr\/\" \/>\n<meta property=\"og:site_name\" content=\"Silhouette - Canada - French\" \/>\n<meta property=\"article:publisher\" content=\"https:\/\/www.facebook.com\/SilhouetteAppliances\" \/>\n<meta property=\"article:modified_time\" content=\"2022-12-02T19:57:45+00:00\" \/>\n<meta property=\"og:image\" content=\"https:\/\/cdnweb.silhouetteappliances.com\/wp-content\/uploads\/sites\/7\/2021\/11\/10162956\/DBC514BLS3.png\" \/>\n\t<meta property=\"og:image:width\" content=\"632\" \/>\n\t<meta property=\"og:image:height\" content=\"574\" \/>\n\t<meta property=\"og:image:type\" content=\"image\/png\" \/>\n<meta name=\"twitter:card\" content=\"summary_large_image\" \/>\n<script type=\"application\/ld+json\" class=\"yoast-schema-graph\">{\"@context\":\"https:\/\/schema.org\",\"@graph\":[{\"@type\":[\"WebPage\",\"ItemPage\"],\"url\":\"https:\/\/www.silhouetteappliances.com\/fr\/products\/dwc031d1bsspr\/\",\"name\":\"Toscane - Cave \u00e0 vin de 15\\\" \u00e0 zone unique - DWC031D1BSSPR | Silhouette Canada\",\"isPartOf\":[],\"primaryImageOfPage\":[],\"image\":[],\"thumbnailUrl\":\"https:\/\/cdnweb.danby.com\/wp-content\/uploads\/sites\/7\/2021\/11\/10162956\/DBC514BLS3.png\",\"datePublished\":\"2022-02-09T20:59:24+00:00\",\"dateModified\":\"2022-12-02T19:57:45+00:00\",\"description\":\"C'est la cave \u00e0 vin \u00e9l\u00e9gante et mince qui est l\u00e9g\u00e8re en largeur mais lourde en style. Rangez vos vins rouges ou blancs en toute s\u00e9curit\u00e9 derri\u00e8re la porte en verre tremp\u00e9 et d\u00e9ployez compl\u00e8tement les \u00e9tag\u00e8res lisses pour examiner sans effort la prochaine bouteille que vous allez d\u00e9guster.\",\"breadcrumb\":[],\"inLanguage\":\"fr-CA\",\"potentialAction\":[{\"@type\":\"ReadAction\",\"target\":[\"https:\/\/www.silhouetteappliances.com\/fr\/products\/dwc031d1bsspr\/\"]}]},{\"@type\":\"ImageObject\",\"inLanguage\":\"fr-CA\",\"url\":\"https:\/\/cdnweb.danby.com\/wp-content\/uploads\/sites\/7\/2021\/11\/10162956\/DBC514BLS3.png\",\"contentUrl\":\"https:\/\/cdnweb.danby.com\/wp-content\/uploads\/sites\/7\/2021\/11\/10162956\/DBC514BLS3.png\",\"width\":632,\"height\":574},{\"@type\":\"BreadcrumbList\",\"itemListElement\":[{\"@type\":\"ListItem\",\"position\":1,\"name\":\"Home\",\"item\":\"https:\/\/www.silhouetteappliances.com\/fr\/\"},{\"@type\":\"ListItem\",\"position\":2,\"name\":\"Shop\",\"item\":\"https:\/\/www.silhouetteappliances.com\/fr\/shop\/\"},{\"@type\":\"ListItem\",\"position\":3,\"name\":\"Toscane &#8211; Cave \u00e0 vin de 15&#8243; \u00e0 zone unique\"}]},{\"@type\":\"WebSite\",\"url\":\"https:\/\/www.silhouetteappliances.com\/fr\/\",\"name\":\"Silhouette - Canada - French\",\"description\":\"Enfriadores de vino Refrigeradores bajo mostrador.  Todos los frigor\u00edficos - Centro de Bebidas y Vinos\",\"publisher\":[],\"potentialAction\":[{\"@type\":\"SearchAction\",\"target\":{\"@type\":\"EntryPoint\",\"urlTemplate\":\"https:\/\/www.silhouetteappliances.com\/fr\/?s={search_term_string}\"},\"query-input\":{\"@type\":\"PropertyValueSpecification\",\"valueRequired\":true,\"valueName\":\"search_term_string\"}}],\"inLanguage\":\"fr-CA\"},{\"@type\":\"Organization\",\"name\":\"Silhouette Appliances\",\"url\":\"https:\/\/www.silhouetteappliances.com\/fr\/\",\"logo\":{\"@type\":\"ImageObject\",\"inLanguage\":\"fr-CA\",\"url\":\"https:\/\/www.silhouetteappliances.com\/fr\/wp-content\/uploads\/sites\/7\/2021\/12\/logo.png\",\"contentUrl\":\"https:\/\/www.silhouetteappliances.com\/fr\/wp-content\/uploads\/sites\/7\/2021\/12\/logo.png\",\"width\":216,\"height\":46,\"caption\":\"Silhouette Appliances\"},\"image\":[],\"sameAs\":[\"https:\/\/www.facebook.com\/SilhouetteAppliances\",\"https:\/\/www.youtube.com\/user\/SilhouetteAppliance\"]}]}<\/script>\n<!-- \/ Yoast SEO plugin. -->","yoast_head_json":{"title":"Toscane - Cave \u00e0 vin de 15\" \u00e0 zone unique - DWC031D1BSSPR | Silhouette Canada","description":"C'est la cave \u00e0 vin \u00e9l\u00e9gante et mince qui est l\u00e9g\u00e8re en largeur mais lourde en style. Rangez vos vins rouges ou blancs en toute s\u00e9curit\u00e9 derri\u00e8re la porte en verre tremp\u00e9 et d\u00e9ployez compl\u00e8tement les \u00e9tag\u00e8res lisses pour examiner sans effort la prochaine bouteille que vous allez d\u00e9guster.","robots":{"index":"index","follow":"follow","max-snippet":"max-snippet:-1","max-image-preview":"max-image-preview:large","max-video-preview":"max-video-preview:-1"},"canonical":"https:\/\/www.silhouetteappliances.com\/fr\/products\/dwc031d1bsspr\/","og_locale":"fr_CA","og_type":"article","og_title":"Toscane - Cave \u00e0 vin de 15\" \u00e0 zone unique - DWC031D1BSSPR | Silhouette Canada","og_description":"C'est la cave \u00e0 vin \u00e9l\u00e9gante et mince qui est l\u00e9g\u00e8re en largeur mais lourde en style. Rangez vos vins rouges ou blancs en toute s\u00e9curit\u00e9 derri\u00e8re la porte en verre tremp\u00e9 et d\u00e9ployez compl\u00e8tement les \u00e9tag\u00e8res lisses pour examiner sans effort la prochaine bouteille que vous allez d\u00e9guster.","og_url":"https:\/\/www.silhouetteappliances.com\/fr\/products\/dwc031d1bsspr\/","og_site_name":"Silhouette - Canada - French","article_publisher":"https:\/\/www.facebook.com\/SilhouetteAppliances","article_modified_time":"2022-12-02T19:57:45+00:00","og_image":[{"width":632,"height":574,"url":"https:\/\/cdnweb.silhouetteappliances.com\/wp-content\/uploads\/sites\/7\/2021\/11\/10162956\/DBC514BLS3.png","type":"image\/png"}],"twitter_card":"summary_large_image","schema":{"@context":"https:\/\/schema.org","@graph":[{"@type":["WebPage","ItemPage"],"url":"https:\/\/www.silhouetteappliances.com\/fr\/products\/dwc031d1bsspr\/","name":"Toscane - Cave \u00e0 vin de 15\" \u00e0 zone unique - DWC031D1BSSPR | Silhouette Canada","isPartOf":[],"primaryImageOfPage":[],"image":[],"thumbnailUrl":"https:\/\/cdnweb.danby.com\/wp-content\/uploads\/sites\/7\/2021\/11\/10162956\/DBC514BLS3.png","datePublished":"2022-02-09T20:59:24+00:00","dateModified":"2022-12-02T19:57:45+00:00","description":"C'est la cave \u00e0 vin \u00e9l\u00e9gante et mince qui est l\u00e9g\u00e8re en largeur mais lourde en style. Rangez vos vins rouges ou blancs en toute s\u00e9curit\u00e9 derri\u00e8re la porte en verre tremp\u00e9 et d\u00e9ployez compl\u00e8tement les \u00e9tag\u00e8res lisses pour examiner sans effort la prochaine bouteille que vous allez d\u00e9guster.","breadcrumb":[],"inLanguage":"fr-CA","potentialAction":[{"@type":"ReadAction","target":["https:\/\/www.silhouetteappliances.com\/fr\/products\/dwc031d1bsspr\/"]}]},{"@type":"ImageObject","inLanguage":"fr-CA","url":"https:\/\/cdnweb.danby.com\/wp-content\/uploads\/sites\/7\/2021\/11\/10162956\/DBC514BLS3.png","contentUrl":"https:\/\/cdnweb.danby.com\/wp-content\/uploads\/sites\/7\/2021\/11\/10162956\/DBC514BLS3.png","width":632,"height":574},{"@type":"BreadcrumbList","itemListElement":[{"@type":"ListItem","position":1,"name":"Home","item":"https:\/\/www.silhouetteappliances.com\/fr\/"},{"@type":"ListItem","position":2,"name":"Shop","item":"https:\/\/www.silhouetteappliances.com\/fr\/shop\/"},{"@type":"ListItem","position":3,"name":"Toscane &#8211; Cave \u00e0 vin de 15&#8243; \u00e0 zone unique"}]},{"@type":"WebSite","url":"https:\/\/www.silhouetteappliances.com\/fr\/","name":"Silhouette - Canada - French","description":"Enfriadores de vino Refrigeradores bajo mostrador.  Todos los frigor\u00edficos - Centro de Bebidas y Vinos","publisher":[],"potentialAction":[{"@type":"SearchAction","target":{"@type":"EntryPoint","urlTemplate":"https:\/\/www.silhouetteappliances.com\/fr\/?s={search_term_string}"},"query-input":{"@type":"PropertyValueSpecification","valueRequired":true,"valueName":"search_term_string"}}],"inLanguage":"fr-CA"},{"@type":"Organization","name":"Silhouette Appliances","url":"https:\/\/www.silhouetteappliances.com\/fr\/","logo":{"@type":"ImageObject","inLanguage":"fr-CA","url":"https:\/\/www.silhouetteappliances.com\/fr\/wp-content\/uploads\/sites\/7\/2021\/12\/logo.png","contentUrl":"https:\/\/www.silhouetteappliances.com\/fr\/wp-content\/uploads\/sites\/7\/2021\/12\/logo.png","width":216,"height":46,"caption":"Silhouette Appliances"},"image":[],"sameAs":["https:\/\/www.facebook.com\/SilhouetteAppliances","https:\/\/www.youtube.com\/user\/SilhouetteAppliance"]}]}},"post_mailing_queue_ids":[],"_links":{"self":[{"href":"https:\/\/www.silhouetteappliances.com\/fr\/wp-json\/wp\/v2\/product\/697","targetHints":{"allow":["GET"]}}],"collection":[{"href":"https:\/\/www.silhouetteappliances.com\/fr\/wp-json\/wp\/v2\/product"}],"about":[{"href":"https:\/\/www.silhouetteappliances.com\/fr\/wp-json\/wp\/v2\/types\/product"}],"replies":[{"embeddable":true,"href":"https:\/\/www.silhouetteappliances.com\/fr\/wp-json\/wp\/v2\/comments?post=697"}],"wp:featuredmedia":[{"embeddable":true,"href":"https:\/\/www.silhouetteappliances.com\/fr\/wp-json\/wp\/v2\/media\/758"}],"wp:attachment":[{"href":"https:\/\/www.silhouetteappliances.com\/fr\/wp-json\/wp\/v2\/media?parent=697"}],"wp:term":[{"taxonomy":"product_brand","embeddable":true,"href":"https:\/\/www.silhouetteappliances.com\/fr\/wp-json\/wp\/v2\/product_brand?post=697"},{"taxonomy":"product_cat","embeddable":true,"href":"https:\/\/www.silhouetteappliances.com\/fr\/wp-json\/wp\/v2\/product_cat?post=697"},{"taxonomy":"product_tag","embeddable":true,"href":"https:\/\/www.silhouetteappliances.com\/fr\/wp-json\/wp\/v2\/product_tag?post=697"}],"curies":[{"name":"wp","href":"https:\/\/api.w.org\/{rel}","templated":true}]}}