{"id":5252,"date":"2024-08-06T14:40:18","date_gmt":"2024-08-06T14:40:18","guid":{"rendered":"https:\/\/www.silhouetteappliances.com\/fr\/?post_type=product&#038;p=5252"},"modified":"2025-06-19T18:04:15","modified_gmt":"2025-06-19T18:04:15","slug":"sprwc052d3ss","status":"publish","type":"product","link":"https:\/\/www.silhouetteappliances.com\/fr\/products\/sprwc052d3ss\/","title":{"rendered":"Cave \u00e0 vin encastr\u00e9e Silhouette Pro Gen 3 &#8211; 24&Prime; en acier inoxydable"},"content":{"rendered":"","protected":false},"excerpt":{"rendered":"<ul>\n<li>Conception int\u00e9gr\u00e9e pour stocker jusqu&rsquo;\u00e0 51 bouteilles de vin Bordeaux standard ou 42 bouteilles de vin Bourgogne larges.<\/li>\n<li>Double zone : Plage de temp\u00e9rature : 41\u00b0F &#8211; 64\u00b0F (5\u00b0C &#8211; 18\u00b0C).<\/li>\n<li>Porte, plinthe et poign\u00e9e de style professionnel en acier inoxydable.<\/li>\n<li>Syst\u00e8me de rayonnage brevet\u00e9 : Espacement des bouteilles ajustable et affichage en biais Easel\u2122 pour mettre en valeur votre collection.<\/li>\n<li>Fonction de fermeture douce sur la porte et les \u00e9tag\u00e8res \u00e0 extension totale.<\/li>\n<li>Charni\u00e8res dissimul\u00e9es \u00e0 d\u00e9gagement z\u00e9ro ; porte r\u00e9versible sur le terrain.<\/li>\n<li>\u00c9clairage lat\u00e9ral LED anti-\u00e9blouissant, avec le nouveau Mode Galerie.<\/li>\n<li>Filtre \u00e0 charbon, verre bloquant les UV et composants anti-vibrations cr\u00e9ent un environnement id\u00e9al pour le cellier.<\/li>\n<li>Certifi\u00e9 ENERGY STAR\u00ae<\/li>\n<\/ul>\n","protected":false},"featured_media":5425,"comment_status":"closed","ping_status":"closed","template":"","meta":{"_acf_changed":false},"product_brand":[],"product_cat":[21],"product_tag":[],"class_list":{"0":"post-5252","1":"product","2":"type-product","3":"status-publish","4":"has-post-thumbnail","6":"product_cat-refroidisseurs-a-vin","8":"first","9":"instock","10":"shipping-taxable","11":"product-type-simple"},"acf":[],"yoast_head":"<!-- This site is optimized with the Yoast SEO plugin v26.7 - https:\/\/yoast.com\/wordpress\/plugins\/seo\/ -->\n<title>Cave \u00e0 vin encastr\u00e9e Silhouette Pro Gen 3 - 24&quot; en acier inoxydable - SPRWC052D3SS | Silhouette Canada<\/title>\n<meta name=\"description\" content=\"D\u00e9couvrez une \u00e9l\u00e9gance in\u00e9gal\u00e9e avec la cave \u00e0 vin encastr\u00e9e Silhouette Pro Gen 3 - SPRWC052D3SS 24&quot;. Cette cave \u00e0 vin \u00e9l\u00e9gante en acier inoxydable est con\u00e7ue pour s&#039;int\u00e9grer parfaitement dans votre maison, stockant jusqu&#039;\u00e0 51 bouteilles de Bordeaux standard ou 42 bouteilles larges de Bourgogne. Son contr\u00f4le de temp\u00e9rature \u00e0 double zone varie de 41\u00b0F \u00e0 64\u00b0F (5\u00b0C \u00e0 18\u00b0C), garantissant une conservation optimale pour les vins rouges et blancs. Le syst\u00e8me d&#039;\u00e9tag\u00e8res brevet\u00e9 comprend un espacement ajustable et un pr\u00e9sentoir inclin\u00e9 Easel Display\u2122 pour mettre en valeur votre collection de mani\u00e8re magnifique. Profitez de la commodit\u00e9 des portes \u00e0 fermeture douce et des \u00e9tag\u00e8res \u00e0 extension compl\u00e8te, ainsi que des charni\u00e8res cach\u00e9es sans d\u00e9gagement et d&#039;une porte r\u00e9versible. L&#039;\u00e9clairage lat\u00e9ral LED anti-reflets avec mode Galerie am\u00e9liore la visibilit\u00e9, tandis que le filtre \u00e0 charbon, le verre anti-UV et les composants anti-vibrations maintiennent l&#039;environnement id\u00e9al de la cave. Parfait pour tout amateur de vin, cette cave \u00e0 vin encastr\u00e9e combine fonctionnalit\u00e9 et sophistication moderne.\" \/>\n<meta name=\"robots\" content=\"index, follow, max-snippet:-1, max-image-preview:large, max-video-preview:-1\" \/>\n<link rel=\"canonical\" href=\"https:\/\/www.silhouetteappliances.com\/fr\/products\/sprwc052d3ss\/\" \/>\n<meta property=\"og:locale\" content=\"fr_CA\" \/>\n<meta property=\"og:type\" content=\"article\" \/>\n<meta property=\"og:title\" content=\"Cave \u00e0 vin encastr\u00e9e Silhouette Pro Gen 3 - 24&quot; en acier inoxydable - SPRWC052D3SS | Silhouette Canada\" \/>\n<meta property=\"og:description\" content=\"D\u00e9couvrez une \u00e9l\u00e9gance in\u00e9gal\u00e9e avec la cave \u00e0 vin encastr\u00e9e Silhouette Pro Gen 3 - SPRWC052D3SS 24&quot;. Cette cave \u00e0 vin \u00e9l\u00e9gante en acier inoxydable est con\u00e7ue pour s&#039;int\u00e9grer parfaitement dans votre maison, stockant jusqu&#039;\u00e0 51 bouteilles de Bordeaux standard ou 42 bouteilles larges de Bourgogne. Son contr\u00f4le de temp\u00e9rature \u00e0 double zone varie de 41\u00b0F \u00e0 64\u00b0F (5\u00b0C \u00e0 18\u00b0C), garantissant une conservation optimale pour les vins rouges et blancs. Le syst\u00e8me d&#039;\u00e9tag\u00e8res brevet\u00e9 comprend un espacement ajustable et un pr\u00e9sentoir inclin\u00e9 Easel Display\u2122 pour mettre en valeur votre collection de mani\u00e8re magnifique. Profitez de la commodit\u00e9 des portes \u00e0 fermeture douce et des \u00e9tag\u00e8res \u00e0 extension compl\u00e8te, ainsi que des charni\u00e8res cach\u00e9es sans d\u00e9gagement et d&#039;une porte r\u00e9versible. L&#039;\u00e9clairage lat\u00e9ral LED anti-reflets avec mode Galerie am\u00e9liore la visibilit\u00e9, tandis que le filtre \u00e0 charbon, le verre anti-UV et les composants anti-vibrations maintiennent l&#039;environnement id\u00e9al de la cave. Parfait pour tout amateur de vin, cette cave \u00e0 vin encastr\u00e9e combine fonctionnalit\u00e9 et sophistication moderne.\" \/>\n<meta property=\"og:url\" content=\"https:\/\/www.silhouetteappliances.com\/fr\/products\/sprwc052d3ss\/\" \/>\n<meta property=\"og:site_name\" content=\"Silhouette - Canada - French\" \/>\n<meta property=\"article:publisher\" content=\"https:\/\/www.facebook.com\/SilhouetteAppliances\" \/>\n<meta property=\"article:modified_time\" content=\"2025-06-19T18:04:15+00:00\" \/>\n<meta property=\"og:image\" content=\"https:\/\/cdnweb.silhouetteappliances.com\/wp-content\/uploads\/sites\/7\/2024\/09\/06142536\/SPRWC052D3SS_025.jpg\" \/>\n\t<meta property=\"og:image:width\" content=\"1500\" \/>\n\t<meta property=\"og:image:height\" content=\"2000\" \/>\n\t<meta property=\"og:image:type\" content=\"image\/jpeg\" \/>\n<meta name=\"twitter:card\" content=\"summary_large_image\" \/>\n<meta name=\"twitter:label1\" content=\"Estimation du temps de lecture\" \/>\n\t<meta name=\"twitter:data1\" content=\"1 minute\" \/>\n<script type=\"application\/ld+json\" class=\"yoast-schema-graph\">{\"@context\":\"https:\/\/schema.org\",\"@graph\":[{\"@type\":[\"WebPage\",\"ItemPage\"],\"url\":\"https:\/\/www.silhouetteappliances.com\/fr\/products\/sprwc052d3ss\/\",\"name\":\"Cave \u00e0 vin encastr\u00e9e Silhouette Pro Gen 3 - 24\\\" en acier inoxydable - SPRWC052D3SS | Silhouette Canada\",\"isPartOf\":[],\"primaryImageOfPage\":[],\"image\":[],\"thumbnailUrl\":\"https:\/\/cdnweb.danby.com\/wp-content\/uploads\/sites\/7\/2024\/11\/08204346\/Sil_WC_Thumbnail__0004_SPRWC052D3SS.jpg\",\"datePublished\":\"2024-08-06T14:40:18+00:00\",\"dateModified\":\"2025-06-19T18:04:15+00:00\",\"description\":\"D\u00e9couvrez une \u00e9l\u00e9gance in\u00e9gal\u00e9e avec la cave \u00e0 vin encastr\u00e9e Silhouette Pro Gen 3 - SPRWC052D3SS 24\\\". Cette cave \u00e0 vin \u00e9l\u00e9gante en acier inoxydable est con\u00e7ue pour s'int\u00e9grer parfaitement dans votre maison, stockant jusqu'\u00e0 51 bouteilles de Bordeaux standard ou 42 bouteilles larges de Bourgogne. Son contr\u00f4le de temp\u00e9rature \u00e0 double zone varie de 41\u00b0F \u00e0 64\u00b0F (5\u00b0C \u00e0 18\u00b0C), garantissant une conservation optimale pour les vins rouges et blancs. Le syst\u00e8me d'\u00e9tag\u00e8res brevet\u00e9 comprend un espacement ajustable et un pr\u00e9sentoir inclin\u00e9 Easel Display\u2122 pour mettre en valeur votre collection de mani\u00e8re magnifique. Profitez de la commodit\u00e9 des portes \u00e0 fermeture douce et des \u00e9tag\u00e8res \u00e0 extension compl\u00e8te, ainsi que des charni\u00e8res cach\u00e9es sans d\u00e9gagement et d'une porte r\u00e9versible. L'\u00e9clairage lat\u00e9ral LED anti-reflets avec mode Galerie am\u00e9liore la visibilit\u00e9, tandis que le filtre \u00e0 charbon, le verre anti-UV et les composants anti-vibrations maintiennent l'environnement id\u00e9al de la cave. Parfait pour tout amateur de vin, cette cave \u00e0 vin encastr\u00e9e combine fonctionnalit\u00e9 et sophistication moderne.\",\"breadcrumb\":[],\"inLanguage\":\"fr-CA\",\"potentialAction\":[{\"@type\":\"ReadAction\",\"target\":[\"https:\/\/www.silhouetteappliances.com\/fr\/products\/sprwc052d3ss\/\"]}]},{\"@type\":\"ImageObject\",\"inLanguage\":\"fr-CA\",\"url\":\"https:\/\/cdnweb.danby.com\/wp-content\/uploads\/sites\/7\/2024\/11\/08204346\/Sil_WC_Thumbnail__0004_SPRWC052D3SS.jpg\",\"contentUrl\":\"https:\/\/cdnweb.danby.com\/wp-content\/uploads\/sites\/7\/2024\/11\/08204346\/Sil_WC_Thumbnail__0004_SPRWC052D3SS.jpg\",\"width\":1125,\"height\":1500},{\"@type\":\"BreadcrumbList\",\"itemListElement\":[{\"@type\":\"ListItem\",\"position\":1,\"name\":\"Home\",\"item\":\"https:\/\/www.silhouetteappliances.com\/fr\/\"},{\"@type\":\"ListItem\",\"position\":2,\"name\":\"Shop\",\"item\":\"https:\/\/www.silhouetteappliances.com\/fr\/shop\/\"},{\"@type\":\"ListItem\",\"position\":3,\"name\":\"Cave \u00e0 vin encastr\u00e9e Silhouette Pro Gen 3 &#8211; 24&#8243; en acier inoxydable\"}]},{\"@type\":\"WebSite\",\"url\":\"https:\/\/www.silhouetteappliances.com\/fr\/\",\"name\":\"Silhouette - Canada - French\",\"description\":\"Enfriadores de vino Refrigeradores bajo mostrador.  Todos los frigor\u00edficos - Centro de Bebidas y Vinos\",\"publisher\":[],\"potentialAction\":[{\"@type\":\"SearchAction\",\"target\":{\"@type\":\"EntryPoint\",\"urlTemplate\":\"https:\/\/www.silhouetteappliances.com\/fr\/?s={search_term_string}\"},\"query-input\":{\"@type\":\"PropertyValueSpecification\",\"valueRequired\":true,\"valueName\":\"search_term_string\"}}],\"inLanguage\":\"fr-CA\"},{\"@type\":\"Organization\",\"name\":\"Silhouette Appliances\",\"url\":\"https:\/\/www.silhouetteappliances.com\/fr\/\",\"logo\":{\"@type\":\"ImageObject\",\"inLanguage\":\"fr-CA\",\"url\":\"https:\/\/www.silhouetteappliances.com\/fr\/wp-content\/uploads\/sites\/7\/2021\/12\/logo.png\",\"contentUrl\":\"https:\/\/www.silhouetteappliances.com\/fr\/wp-content\/uploads\/sites\/7\/2021\/12\/logo.png\",\"width\":216,\"height\":46,\"caption\":\"Silhouette Appliances\"},\"image\":[],\"sameAs\":[\"https:\/\/www.facebook.com\/SilhouetteAppliances\",\"https:\/\/www.youtube.com\/user\/SilhouetteAppliance\"]}]}<\/script>\n<!-- \/ Yoast SEO plugin. -->","yoast_head_json":{"title":"Cave \u00e0 vin encastr\u00e9e Silhouette Pro Gen 3 - 24\" en acier inoxydable - SPRWC052D3SS | Silhouette Canada","description":"D\u00e9couvrez une \u00e9l\u00e9gance in\u00e9gal\u00e9e avec la cave \u00e0 vin encastr\u00e9e Silhouette Pro Gen 3 - SPRWC052D3SS 24\". Cette cave \u00e0 vin \u00e9l\u00e9gante en acier inoxydable est con\u00e7ue pour s'int\u00e9grer parfaitement dans votre maison, stockant jusqu'\u00e0 51 bouteilles de Bordeaux standard ou 42 bouteilles larges de Bourgogne. Son contr\u00f4le de temp\u00e9rature \u00e0 double zone varie de 41\u00b0F \u00e0 64\u00b0F (5\u00b0C \u00e0 18\u00b0C), garantissant une conservation optimale pour les vins rouges et blancs. Le syst\u00e8me d'\u00e9tag\u00e8res brevet\u00e9 comprend un espacement ajustable et un pr\u00e9sentoir inclin\u00e9 Easel Display\u2122 pour mettre en valeur votre collection de mani\u00e8re magnifique. Profitez de la commodit\u00e9 des portes \u00e0 fermeture douce et des \u00e9tag\u00e8res \u00e0 extension compl\u00e8te, ainsi que des charni\u00e8res cach\u00e9es sans d\u00e9gagement et d'une porte r\u00e9versible. L'\u00e9clairage lat\u00e9ral LED anti-reflets avec mode Galerie am\u00e9liore la visibilit\u00e9, tandis que le filtre \u00e0 charbon, le verre anti-UV et les composants anti-vibrations maintiennent l'environnement id\u00e9al de la cave. Parfait pour tout amateur de vin, cette cave \u00e0 vin encastr\u00e9e combine fonctionnalit\u00e9 et sophistication moderne.","robots":{"index":"index","follow":"follow","max-snippet":"max-snippet:-1","max-image-preview":"max-image-preview:large","max-video-preview":"max-video-preview:-1"},"canonical":"https:\/\/www.silhouetteappliances.com\/fr\/products\/sprwc052d3ss\/","og_locale":"fr_CA","og_type":"article","og_title":"Cave \u00e0 vin encastr\u00e9e Silhouette Pro Gen 3 - 24\" en acier inoxydable - SPRWC052D3SS | Silhouette Canada","og_description":"D\u00e9couvrez une \u00e9l\u00e9gance in\u00e9gal\u00e9e avec la cave \u00e0 vin encastr\u00e9e Silhouette Pro Gen 3 - SPRWC052D3SS 24\". Cette cave \u00e0 vin \u00e9l\u00e9gante en acier inoxydable est con\u00e7ue pour s'int\u00e9grer parfaitement dans votre maison, stockant jusqu'\u00e0 51 bouteilles de Bordeaux standard ou 42 bouteilles larges de Bourgogne. Son contr\u00f4le de temp\u00e9rature \u00e0 double zone varie de 41\u00b0F \u00e0 64\u00b0F (5\u00b0C \u00e0 18\u00b0C), garantissant une conservation optimale pour les vins rouges et blancs. Le syst\u00e8me d'\u00e9tag\u00e8res brevet\u00e9 comprend un espacement ajustable et un pr\u00e9sentoir inclin\u00e9 Easel Display\u2122 pour mettre en valeur votre collection de mani\u00e8re magnifique. Profitez de la commodit\u00e9 des portes \u00e0 fermeture douce et des \u00e9tag\u00e8res \u00e0 extension compl\u00e8te, ainsi que des charni\u00e8res cach\u00e9es sans d\u00e9gagement et d'une porte r\u00e9versible. L'\u00e9clairage lat\u00e9ral LED anti-reflets avec mode Galerie am\u00e9liore la visibilit\u00e9, tandis que le filtre \u00e0 charbon, le verre anti-UV et les composants anti-vibrations maintiennent l'environnement id\u00e9al de la cave. Parfait pour tout amateur de vin, cette cave \u00e0 vin encastr\u00e9e combine fonctionnalit\u00e9 et sophistication moderne.","og_url":"https:\/\/www.silhouetteappliances.com\/fr\/products\/sprwc052d3ss\/","og_site_name":"Silhouette - Canada - French","article_publisher":"https:\/\/www.facebook.com\/SilhouetteAppliances","article_modified_time":"2025-06-19T18:04:15+00:00","og_image":[{"width":1500,"height":2000,"url":"https:\/\/cdnweb.silhouetteappliances.com\/wp-content\/uploads\/sites\/7\/2024\/09\/06142536\/SPRWC052D3SS_025.jpg","type":"image\/jpeg"}],"twitter_card":"summary_large_image","twitter_misc":{"Estimation du temps de lecture":"1 minute"},"schema":{"@context":"https:\/\/schema.org","@graph":[{"@type":["WebPage","ItemPage"],"url":"https:\/\/www.silhouetteappliances.com\/fr\/products\/sprwc052d3ss\/","name":"Cave \u00e0 vin encastr\u00e9e Silhouette Pro Gen 3 - 24\" en acier inoxydable - SPRWC052D3SS | Silhouette Canada","isPartOf":[],"primaryImageOfPage":[],"image":[],"thumbnailUrl":"https:\/\/cdnweb.danby.com\/wp-content\/uploads\/sites\/7\/2024\/11\/08204346\/Sil_WC_Thumbnail__0004_SPRWC052D3SS.jpg","datePublished":"2024-08-06T14:40:18+00:00","dateModified":"2025-06-19T18:04:15+00:00","description":"D\u00e9couvrez une \u00e9l\u00e9gance in\u00e9gal\u00e9e avec la cave \u00e0 vin encastr\u00e9e Silhouette Pro Gen 3 - SPRWC052D3SS 24\". Cette cave \u00e0 vin \u00e9l\u00e9gante en acier inoxydable est con\u00e7ue pour s'int\u00e9grer parfaitement dans votre maison, stockant jusqu'\u00e0 51 bouteilles de Bordeaux standard ou 42 bouteilles larges de Bourgogne. Son contr\u00f4le de temp\u00e9rature \u00e0 double zone varie de 41\u00b0F \u00e0 64\u00b0F (5\u00b0C \u00e0 18\u00b0C), garantissant une conservation optimale pour les vins rouges et blancs. Le syst\u00e8me d'\u00e9tag\u00e8res brevet\u00e9 comprend un espacement ajustable et un pr\u00e9sentoir inclin\u00e9 Easel Display\u2122 pour mettre en valeur votre collection de mani\u00e8re magnifique. Profitez de la commodit\u00e9 des portes \u00e0 fermeture douce et des \u00e9tag\u00e8res \u00e0 extension compl\u00e8te, ainsi que des charni\u00e8res cach\u00e9es sans d\u00e9gagement et d'une porte r\u00e9versible. L'\u00e9clairage lat\u00e9ral LED anti-reflets avec mode Galerie am\u00e9liore la visibilit\u00e9, tandis que le filtre \u00e0 charbon, le verre anti-UV et les composants anti-vibrations maintiennent l'environnement id\u00e9al de la cave. Parfait pour tout amateur de vin, cette cave \u00e0 vin encastr\u00e9e combine fonctionnalit\u00e9 et sophistication moderne.","breadcrumb":[],"inLanguage":"fr-CA","potentialAction":[{"@type":"ReadAction","target":["https:\/\/www.silhouetteappliances.com\/fr\/products\/sprwc052d3ss\/"]}]},{"@type":"ImageObject","inLanguage":"fr-CA","url":"https:\/\/cdnweb.danby.com\/wp-content\/uploads\/sites\/7\/2024\/11\/08204346\/Sil_WC_Thumbnail__0004_SPRWC052D3SS.jpg","contentUrl":"https:\/\/cdnweb.danby.com\/wp-content\/uploads\/sites\/7\/2024\/11\/08204346\/Sil_WC_Thumbnail__0004_SPRWC052D3SS.jpg","width":1125,"height":1500},{"@type":"BreadcrumbList","itemListElement":[{"@type":"ListItem","position":1,"name":"Home","item":"https:\/\/www.silhouetteappliances.com\/fr\/"},{"@type":"ListItem","position":2,"name":"Shop","item":"https:\/\/www.silhouetteappliances.com\/fr\/shop\/"},{"@type":"ListItem","position":3,"name":"Cave \u00e0 vin encastr\u00e9e Silhouette Pro Gen 3 &#8211; 24&#8243; en acier inoxydable"}]},{"@type":"WebSite","url":"https:\/\/www.silhouetteappliances.com\/fr\/","name":"Silhouette - Canada - French","description":"Enfriadores de vino Refrigeradores bajo mostrador.  Todos los frigor\u00edficos - Centro de Bebidas y Vinos","publisher":[],"potentialAction":[{"@type":"SearchAction","target":{"@type":"EntryPoint","urlTemplate":"https:\/\/www.silhouetteappliances.com\/fr\/?s={search_term_string}"},"query-input":{"@type":"PropertyValueSpecification","valueRequired":true,"valueName":"search_term_string"}}],"inLanguage":"fr-CA"},{"@type":"Organization","name":"Silhouette Appliances","url":"https:\/\/www.silhouetteappliances.com\/fr\/","logo":{"@type":"ImageObject","inLanguage":"fr-CA","url":"https:\/\/www.silhouetteappliances.com\/fr\/wp-content\/uploads\/sites\/7\/2021\/12\/logo.png","contentUrl":"https:\/\/www.silhouetteappliances.com\/fr\/wp-content\/uploads\/sites\/7\/2021\/12\/logo.png","width":216,"height":46,"caption":"Silhouette Appliances"},"image":[],"sameAs":["https:\/\/www.facebook.com\/SilhouetteAppliances","https:\/\/www.youtube.com\/user\/SilhouetteAppliance"]}]}},"post_mailing_queue_ids":[],"_links":{"self":[{"href":"https:\/\/www.silhouetteappliances.com\/fr\/wp-json\/wp\/v2\/product\/5252","targetHints":{"allow":["GET"]}}],"collection":[{"href":"https:\/\/www.silhouetteappliances.com\/fr\/wp-json\/wp\/v2\/product"}],"about":[{"href":"https:\/\/www.silhouetteappliances.com\/fr\/wp-json\/wp\/v2\/types\/product"}],"replies":[{"embeddable":true,"href":"https:\/\/www.silhouetteappliances.com\/fr\/wp-json\/wp\/v2\/comments?post=5252"}],"wp:featuredmedia":[{"embeddable":true,"href":"https:\/\/www.silhouetteappliances.com\/fr\/wp-json\/wp\/v2\/media\/5425"}],"wp:attachment":[{"href":"https:\/\/www.silhouetteappliances.com\/fr\/wp-json\/wp\/v2\/media?parent=5252"}],"wp:term":[{"taxonomy":"product_brand","embeddable":true,"href":"https:\/\/www.silhouetteappliances.com\/fr\/wp-json\/wp\/v2\/product_brand?post=5252"},{"taxonomy":"product_cat","embeddable":true,"href":"https:\/\/www.silhouetteappliances.com\/fr\/wp-json\/wp\/v2\/product_cat?post=5252"},{"taxonomy":"product_tag","embeddable":true,"href":"https:\/\/www.silhouetteappliances.com\/fr\/wp-json\/wp\/v2\/product_tag?post=5252"}],"curies":[{"name":"wp","href":"https:\/\/api.w.org\/{rel}","templated":true}]}}