{"id":5251,"date":"2024-08-06T14:39:25","date_gmt":"2024-08-06T14:39:25","guid":{"rendered":"https:\/\/www.silhouetteappliances.com\/fr\/?post_type=product&#038;p=5251"},"modified":"2026-02-24T15:07:52","modified_gmt":"2026-02-24T15:07:52","slug":"sprwc052d3ss-p","status":"publish","type":"product","link":"https:\/\/www.silhouetteappliances.com\/fr\/products\/sprwc052d3ss-p\/","title":{"rendered":"Silhouette Pro Gen 3 &#8211; Cave \u00e0 vin encastrable de 24 po, pr\u00eate pour panneau"},"content":{"rendered":"","protected":false},"excerpt":{"rendered":"<ul>\n<li>Conception int\u00e9gr\u00e9e pour stocker jusqu\u2019\u00e0 51 bouteilles de vin Bordeaux standard ou 42 bouteilles de vin Bourgogne larges.<\/li>\n<li>Zone double : Plage de temp\u00e9rature : 41\u00b0F &#8211; 64\u00b0F (5\u00b0C &#8211; 18\u00b0C).<\/li>\n<li>Porte en acier inoxydable, plinthe et poign\u00e9e de style professionnel.<\/li>\n<li>Fonction de fermeture douce sur la porte et les \u00e9tag\u00e8res \u00e0 extension compl\u00e8te.<\/li>\n<li>Charni\u00e8res dissimul\u00e9es \u00e0 d\u00e9gagement nul; balancement r\u00e9versible de la porte.<\/li>\n<li>\u00c9clairage lat\u00e9ral \u00e0 DEL anti-\u00e9blouissement, avec nouveau mode Galerie.<\/li>\n<li>Syst\u00e8me d&rsquo;\u00e9tag\u00e8res en instance de brevet : Espacement ajustable des bouteilles et pr\u00e9sentation inclin\u00e9e Easel Display\u2122 pour mettre en valeur votre collection.<\/li>\n<li>Filtre \u00e0 charbon, verre bloquant les UV et composants anti-vibration pour cr\u00e9er un environnement de cave id\u00e9al.<\/li>\n<li>Certifi\u00e9 ENERGY STAR\u00ae<\/li>\n<\/ul>\n","protected":false},"featured_media":5424,"comment_status":"closed","ping_status":"closed","template":"","meta":{"_acf_changed":false},"product_brand":[],"product_cat":[21],"product_tag":[],"class_list":{"0":"post-5251","1":"product","2":"type-product","3":"status-publish","4":"has-post-thumbnail","6":"product_cat-refroidisseurs-a-vin","8":"first","9":"instock","10":"shipping-taxable","11":"product-type-simple"},"acf":[],"yoast_head":"<!-- This site is optimized with the Yoast SEO plugin v26.7 - https:\/\/yoast.com\/wordpress\/plugins\/seo\/ -->\n<title>Silhouette Pro Gen 3 - Cave \u00e0 vin encastrable de 24 po, pr\u00eate pour panneau - SPRWC052D3SS-P | Silhouette Canada<\/title>\n<meta name=\"description\" content=\"Permettez-moi de vous pr\u00e9senter notre Pro Gen 3 - Cave \u00e0 vin de 24 pouces, parfaite pour une installation encastr\u00e9e ou sous le comptoir. Cette cave offre un contr\u00f4le de temp\u00e9rature \u00e0 double zone avec une plage de 5\u00b0C \u00e0 18\u00b0C (41\u00b0F \u00e0 64\u00b0F), garantissant des conditions de stockage optimales pour votre collection de vins. Fabriqu\u00e9e avec une porte en acier inoxydable, une plinthe et une poign\u00e9e de style professionnel, elle respire l\u2019\u00e9l\u00e9gance et la durabilit\u00e9. Profitez de la fonction de fermeture douce \u00e0 la fois sur la porte et les \u00e9tag\u00e8res \u00e0 extension compl\u00e8te, ainsi que des charni\u00e8res dissimul\u00e9es \u00e0 jeu nul et d\u2019une porte r\u00e9versible pour une int\u00e9gration sans faille dans n\u2019importe quel espace. Illuminez votre collection avec l\u2019\u00e9clairage lat\u00e9ral anti-\u00e9blouissement \u00e0 LED, mettant en vedette le nouveau Mode Galerie, tandis que notre syst\u00e8me d\u2019\u00e9tag\u00e8res brevet\u00e9 offre un espacement ajustable pour les bouteilles et une pr\u00e9sentation inclin\u00e9e pour mettre en valeur vos vins magnifiquement. Avec des fonctionnalit\u00e9s suppl\u00e9mentaires telles qu\u2019un filtre \u00e0 charbon, un verre bloquant les UV et des composants anti-vibrations, cette cave cr\u00e9e l\u2019environnement id\u00e9al pour le stockage du vin. Soutenue par une garantie de 2 ans couvrant les pi\u00e8ces et la main-d\u2019\u0153uvre avec un service \u00e0 domicile, vous pouvez avoir confiance en la qualit\u00e9 et la fiabilit\u00e9 de notre produit .\" \/>\n<meta name=\"robots\" content=\"index, follow, max-snippet:-1, max-image-preview:large, max-video-preview:-1\" \/>\n<link rel=\"canonical\" href=\"https:\/\/www.silhouetteappliances.com\/fr\/products\/sprwc052d3ss-p\/\" \/>\n<meta property=\"og:locale\" content=\"fr_CA\" \/>\n<meta property=\"og:type\" content=\"article\" \/>\n<meta property=\"og:title\" content=\"Silhouette Pro Gen 3 - Cave \u00e0 vin encastrable de 24 po, pr\u00eate pour panneau - SPRWC052D3SS-P | Silhouette Canada\" \/>\n<meta property=\"og:description\" content=\"Permettez-moi de vous pr\u00e9senter notre Pro Gen 3 - Cave \u00e0 vin de 24 pouces, parfaite pour une installation encastr\u00e9e ou sous le comptoir. Cette cave offre un contr\u00f4le de temp\u00e9rature \u00e0 double zone avec une plage de 5\u00b0C \u00e0 18\u00b0C (41\u00b0F \u00e0 64\u00b0F), garantissant des conditions de stockage optimales pour votre collection de vins. Fabriqu\u00e9e avec une porte en acier inoxydable, une plinthe et une poign\u00e9e de style professionnel, elle respire l\u2019\u00e9l\u00e9gance et la durabilit\u00e9. Profitez de la fonction de fermeture douce \u00e0 la fois sur la porte et les \u00e9tag\u00e8res \u00e0 extension compl\u00e8te, ainsi que des charni\u00e8res dissimul\u00e9es \u00e0 jeu nul et d\u2019une porte r\u00e9versible pour une int\u00e9gration sans faille dans n\u2019importe quel espace. Illuminez votre collection avec l\u2019\u00e9clairage lat\u00e9ral anti-\u00e9blouissement \u00e0 LED, mettant en vedette le nouveau Mode Galerie, tandis que notre syst\u00e8me d\u2019\u00e9tag\u00e8res brevet\u00e9 offre un espacement ajustable pour les bouteilles et une pr\u00e9sentation inclin\u00e9e pour mettre en valeur vos vins magnifiquement. Avec des fonctionnalit\u00e9s suppl\u00e9mentaires telles qu\u2019un filtre \u00e0 charbon, un verre bloquant les UV et des composants anti-vibrations, cette cave cr\u00e9e l\u2019environnement id\u00e9al pour le stockage du vin. Soutenue par une garantie de 2 ans couvrant les pi\u00e8ces et la main-d\u2019\u0153uvre avec un service \u00e0 domicile, vous pouvez avoir confiance en la qualit\u00e9 et la fiabilit\u00e9 de notre produit .\" \/>\n<meta property=\"og:url\" content=\"https:\/\/www.silhouetteappliances.com\/fr\/products\/sprwc052d3ss-p\/\" \/>\n<meta property=\"og:site_name\" content=\"Silhouette - Canada - French\" \/>\n<meta property=\"article:publisher\" content=\"https:\/\/www.facebook.com\/SilhouetteAppliances\" \/>\n<meta property=\"article:modified_time\" content=\"2026-02-24T15:07:52+00:00\" \/>\n<meta property=\"og:image\" content=\"https:\/\/cdnweb.silhouetteappliances.com\/wp-content\/uploads\/sites\/7\/2024\/11\/08204325\/Sil_WC_Thumbnail__0003_SPRWC052D3SS-P.jpg\" \/>\n\t<meta property=\"og:image:width\" content=\"1125\" \/>\n\t<meta property=\"og:image:height\" content=\"1500\" \/>\n\t<meta property=\"og:image:type\" content=\"image\/jpeg\" \/>\n<meta name=\"twitter:card\" content=\"summary_large_image\" \/>\n<meta name=\"twitter:label1\" content=\"Estimation du temps de lecture\" \/>\n\t<meta name=\"twitter:data1\" content=\"1 minute\" \/>\n<script type=\"application\/ld+json\" class=\"yoast-schema-graph\">{\"@context\":\"https:\/\/schema.org\",\"@graph\":[{\"@type\":[\"WebPage\",\"ItemPage\"],\"url\":\"https:\/\/www.silhouetteappliances.com\/fr\/products\/sprwc052d3ss-p\/\",\"name\":\"Silhouette Pro Gen 3 - Cave \u00e0 vin encastrable de 24 po, pr\u00eate pour panneau - SPRWC052D3SS-P | Silhouette Canada\",\"isPartOf\":[],\"primaryImageOfPage\":[],\"image\":[],\"thumbnailUrl\":\"https:\/\/cdnweb.danby.com\/wp-content\/uploads\/sites\/7\/2024\/11\/08204325\/Sil_WC_Thumbnail__0003_SPRWC052D3SS-P.jpg\",\"datePublished\":\"2024-08-06T14:39:25+00:00\",\"dateModified\":\"2026-02-24T15:07:52+00:00\",\"description\":\"Permettez-moi de vous pr\u00e9senter notre Pro Gen 3 - Cave \u00e0 vin de 24 pouces, parfaite pour une installation encastr\u00e9e ou sous le comptoir. Cette cave offre un contr\u00f4le de temp\u00e9rature \u00e0 double zone avec une plage de 5\u00b0C \u00e0 18\u00b0C (41\u00b0F \u00e0 64\u00b0F), garantissant des conditions de stockage optimales pour votre collection de vins. Fabriqu\u00e9e avec une porte en acier inoxydable, une plinthe et une poign\u00e9e de style professionnel, elle respire l\u2019\u00e9l\u00e9gance et la durabilit\u00e9. Profitez de la fonction de fermeture douce \u00e0 la fois sur la porte et les \u00e9tag\u00e8res \u00e0 extension compl\u00e8te, ainsi que des charni\u00e8res dissimul\u00e9es \u00e0 jeu nul et d\u2019une porte r\u00e9versible pour une int\u00e9gration sans faille dans n\u2019importe quel espace. Illuminez votre collection avec l\u2019\u00e9clairage lat\u00e9ral anti-\u00e9blouissement \u00e0 LED, mettant en vedette le nouveau Mode Galerie, tandis que notre syst\u00e8me d\u2019\u00e9tag\u00e8res brevet\u00e9 offre un espacement ajustable pour les bouteilles et une pr\u00e9sentation inclin\u00e9e pour mettre en valeur vos vins magnifiquement. Avec des fonctionnalit\u00e9s suppl\u00e9mentaires telles qu\u2019un filtre \u00e0 charbon, un verre bloquant les UV et des composants anti-vibrations, cette cave cr\u00e9e l\u2019environnement id\u00e9al pour le stockage du vin. Soutenue par une garantie de 2 ans couvrant les pi\u00e8ces et la main-d\u2019\u0153uvre avec un service \u00e0 domicile, vous pouvez avoir confiance en la qualit\u00e9 et la fiabilit\u00e9 de notre produit .\",\"breadcrumb\":[],\"inLanguage\":\"fr-CA\",\"potentialAction\":[{\"@type\":\"ReadAction\",\"target\":[\"https:\/\/www.silhouetteappliances.com\/fr\/products\/sprwc052d3ss-p\/\"]}]},{\"@type\":\"ImageObject\",\"inLanguage\":\"fr-CA\",\"url\":\"https:\/\/cdnweb.danby.com\/wp-content\/uploads\/sites\/7\/2024\/11\/08204325\/Sil_WC_Thumbnail__0003_SPRWC052D3SS-P.jpg\",\"contentUrl\":\"https:\/\/cdnweb.danby.com\/wp-content\/uploads\/sites\/7\/2024\/11\/08204325\/Sil_WC_Thumbnail__0003_SPRWC052D3SS-P.jpg\",\"width\":1125,\"height\":1500},{\"@type\":\"BreadcrumbList\",\"itemListElement\":[{\"@type\":\"ListItem\",\"position\":1,\"name\":\"Home\",\"item\":\"https:\/\/www.silhouetteappliances.com\/fr\/\"},{\"@type\":\"ListItem\",\"position\":2,\"name\":\"Shop\",\"item\":\"https:\/\/www.silhouetteappliances.com\/fr\/shop\/\"},{\"@type\":\"ListItem\",\"position\":3,\"name\":\"Silhouette Pro Gen 3 &#8211; Cave \u00e0 vin encastrable de 24 po, pr\u00eate pour panneau\"}]},{\"@type\":\"WebSite\",\"url\":\"https:\/\/www.silhouetteappliances.com\/fr\/\",\"name\":\"Silhouette - Canada - French\",\"description\":\"Enfriadores de vino Refrigeradores bajo mostrador.  Todos los frigor\u00edficos - Centro de Bebidas y Vinos\",\"publisher\":[],\"potentialAction\":[{\"@type\":\"SearchAction\",\"target\":{\"@type\":\"EntryPoint\",\"urlTemplate\":\"https:\/\/www.silhouetteappliances.com\/fr\/?s={search_term_string}\"},\"query-input\":{\"@type\":\"PropertyValueSpecification\",\"valueRequired\":true,\"valueName\":\"search_term_string\"}}],\"inLanguage\":\"fr-CA\"},{\"@type\":\"Organization\",\"name\":\"Silhouette Appliances\",\"url\":\"https:\/\/www.silhouetteappliances.com\/fr\/\",\"logo\":{\"@type\":\"ImageObject\",\"inLanguage\":\"fr-CA\",\"url\":\"https:\/\/www.silhouetteappliances.com\/fr\/wp-content\/uploads\/sites\/7\/2021\/12\/logo.png\",\"contentUrl\":\"https:\/\/www.silhouetteappliances.com\/fr\/wp-content\/uploads\/sites\/7\/2021\/12\/logo.png\",\"width\":216,\"height\":46,\"caption\":\"Silhouette Appliances\"},\"image\":[],\"sameAs\":[\"https:\/\/www.facebook.com\/SilhouetteAppliances\",\"https:\/\/www.youtube.com\/user\/SilhouetteAppliance\"]}]}<\/script>\n<!-- \/ Yoast SEO plugin. -->","yoast_head_json":{"title":"Silhouette Pro Gen 3 - Cave \u00e0 vin encastrable de 24 po, pr\u00eate pour panneau - SPRWC052D3SS-P | Silhouette Canada","description":"Permettez-moi de vous pr\u00e9senter notre Pro Gen 3 - Cave \u00e0 vin de 24 pouces, parfaite pour une installation encastr\u00e9e ou sous le comptoir. Cette cave offre un contr\u00f4le de temp\u00e9rature \u00e0 double zone avec une plage de 5\u00b0C \u00e0 18\u00b0C (41\u00b0F \u00e0 64\u00b0F), garantissant des conditions de stockage optimales pour votre collection de vins. Fabriqu\u00e9e avec une porte en acier inoxydable, une plinthe et une poign\u00e9e de style professionnel, elle respire l\u2019\u00e9l\u00e9gance et la durabilit\u00e9. Profitez de la fonction de fermeture douce \u00e0 la fois sur la porte et les \u00e9tag\u00e8res \u00e0 extension compl\u00e8te, ainsi que des charni\u00e8res dissimul\u00e9es \u00e0 jeu nul et d\u2019une porte r\u00e9versible pour une int\u00e9gration sans faille dans n\u2019importe quel espace. Illuminez votre collection avec l\u2019\u00e9clairage lat\u00e9ral anti-\u00e9blouissement \u00e0 LED, mettant en vedette le nouveau Mode Galerie, tandis que notre syst\u00e8me d\u2019\u00e9tag\u00e8res brevet\u00e9 offre un espacement ajustable pour les bouteilles et une pr\u00e9sentation inclin\u00e9e pour mettre en valeur vos vins magnifiquement. Avec des fonctionnalit\u00e9s suppl\u00e9mentaires telles qu\u2019un filtre \u00e0 charbon, un verre bloquant les UV et des composants anti-vibrations, cette cave cr\u00e9e l\u2019environnement id\u00e9al pour le stockage du vin. Soutenue par une garantie de 2 ans couvrant les pi\u00e8ces et la main-d\u2019\u0153uvre avec un service \u00e0 domicile, vous pouvez avoir confiance en la qualit\u00e9 et la fiabilit\u00e9 de notre produit .","robots":{"index":"index","follow":"follow","max-snippet":"max-snippet:-1","max-image-preview":"max-image-preview:large","max-video-preview":"max-video-preview:-1"},"canonical":"https:\/\/www.silhouetteappliances.com\/fr\/products\/sprwc052d3ss-p\/","og_locale":"fr_CA","og_type":"article","og_title":"Silhouette Pro Gen 3 - Cave \u00e0 vin encastrable de 24 po, pr\u00eate pour panneau - SPRWC052D3SS-P | Silhouette Canada","og_description":"Permettez-moi de vous pr\u00e9senter notre Pro Gen 3 - Cave \u00e0 vin de 24 pouces, parfaite pour une installation encastr\u00e9e ou sous le comptoir. Cette cave offre un contr\u00f4le de temp\u00e9rature \u00e0 double zone avec une plage de 5\u00b0C \u00e0 18\u00b0C (41\u00b0F \u00e0 64\u00b0F), garantissant des conditions de stockage optimales pour votre collection de vins. Fabriqu\u00e9e avec une porte en acier inoxydable, une plinthe et une poign\u00e9e de style professionnel, elle respire l\u2019\u00e9l\u00e9gance et la durabilit\u00e9. Profitez de la fonction de fermeture douce \u00e0 la fois sur la porte et les \u00e9tag\u00e8res \u00e0 extension compl\u00e8te, ainsi que des charni\u00e8res dissimul\u00e9es \u00e0 jeu nul et d\u2019une porte r\u00e9versible pour une int\u00e9gration sans faille dans n\u2019importe quel espace. Illuminez votre collection avec l\u2019\u00e9clairage lat\u00e9ral anti-\u00e9blouissement \u00e0 LED, mettant en vedette le nouveau Mode Galerie, tandis que notre syst\u00e8me d\u2019\u00e9tag\u00e8res brevet\u00e9 offre un espacement ajustable pour les bouteilles et une pr\u00e9sentation inclin\u00e9e pour mettre en valeur vos vins magnifiquement. Avec des fonctionnalit\u00e9s suppl\u00e9mentaires telles qu\u2019un filtre \u00e0 charbon, un verre bloquant les UV et des composants anti-vibrations, cette cave cr\u00e9e l\u2019environnement id\u00e9al pour le stockage du vin. Soutenue par une garantie de 2 ans couvrant les pi\u00e8ces et la main-d\u2019\u0153uvre avec un service \u00e0 domicile, vous pouvez avoir confiance en la qualit\u00e9 et la fiabilit\u00e9 de notre produit .","og_url":"https:\/\/www.silhouetteappliances.com\/fr\/products\/sprwc052d3ss-p\/","og_site_name":"Silhouette - Canada - French","article_publisher":"https:\/\/www.facebook.com\/SilhouetteAppliances","article_modified_time":"2026-02-24T15:07:52+00:00","og_image":[{"width":1125,"height":1500,"url":"https:\/\/cdnweb.silhouetteappliances.com\/wp-content\/uploads\/sites\/7\/2024\/11\/08204325\/Sil_WC_Thumbnail__0003_SPRWC052D3SS-P.jpg","type":"image\/jpeg"}],"twitter_card":"summary_large_image","twitter_misc":{"Estimation du temps de lecture":"1 minute"},"schema":{"@context":"https:\/\/schema.org","@graph":[{"@type":["WebPage","ItemPage"],"url":"https:\/\/www.silhouetteappliances.com\/fr\/products\/sprwc052d3ss-p\/","name":"Silhouette Pro Gen 3 - Cave \u00e0 vin encastrable de 24 po, pr\u00eate pour panneau - SPRWC052D3SS-P | Silhouette Canada","isPartOf":[],"primaryImageOfPage":[],"image":[],"thumbnailUrl":"https:\/\/cdnweb.danby.com\/wp-content\/uploads\/sites\/7\/2024\/11\/08204325\/Sil_WC_Thumbnail__0003_SPRWC052D3SS-P.jpg","datePublished":"2024-08-06T14:39:25+00:00","dateModified":"2026-02-24T15:07:52+00:00","description":"Permettez-moi de vous pr\u00e9senter notre Pro Gen 3 - Cave \u00e0 vin de 24 pouces, parfaite pour une installation encastr\u00e9e ou sous le comptoir. Cette cave offre un contr\u00f4le de temp\u00e9rature \u00e0 double zone avec une plage de 5\u00b0C \u00e0 18\u00b0C (41\u00b0F \u00e0 64\u00b0F), garantissant des conditions de stockage optimales pour votre collection de vins. Fabriqu\u00e9e avec une porte en acier inoxydable, une plinthe et une poign\u00e9e de style professionnel, elle respire l\u2019\u00e9l\u00e9gance et la durabilit\u00e9. Profitez de la fonction de fermeture douce \u00e0 la fois sur la porte et les \u00e9tag\u00e8res \u00e0 extension compl\u00e8te, ainsi que des charni\u00e8res dissimul\u00e9es \u00e0 jeu nul et d\u2019une porte r\u00e9versible pour une int\u00e9gration sans faille dans n\u2019importe quel espace. Illuminez votre collection avec l\u2019\u00e9clairage lat\u00e9ral anti-\u00e9blouissement \u00e0 LED, mettant en vedette le nouveau Mode Galerie, tandis que notre syst\u00e8me d\u2019\u00e9tag\u00e8res brevet\u00e9 offre un espacement ajustable pour les bouteilles et une pr\u00e9sentation inclin\u00e9e pour mettre en valeur vos vins magnifiquement. Avec des fonctionnalit\u00e9s suppl\u00e9mentaires telles qu\u2019un filtre \u00e0 charbon, un verre bloquant les UV et des composants anti-vibrations, cette cave cr\u00e9e l\u2019environnement id\u00e9al pour le stockage du vin. Soutenue par une garantie de 2 ans couvrant les pi\u00e8ces et la main-d\u2019\u0153uvre avec un service \u00e0 domicile, vous pouvez avoir confiance en la qualit\u00e9 et la fiabilit\u00e9 de notre produit .","breadcrumb":[],"inLanguage":"fr-CA","potentialAction":[{"@type":"ReadAction","target":["https:\/\/www.silhouetteappliances.com\/fr\/products\/sprwc052d3ss-p\/"]}]},{"@type":"ImageObject","inLanguage":"fr-CA","url":"https:\/\/cdnweb.danby.com\/wp-content\/uploads\/sites\/7\/2024\/11\/08204325\/Sil_WC_Thumbnail__0003_SPRWC052D3SS-P.jpg","contentUrl":"https:\/\/cdnweb.danby.com\/wp-content\/uploads\/sites\/7\/2024\/11\/08204325\/Sil_WC_Thumbnail__0003_SPRWC052D3SS-P.jpg","width":1125,"height":1500},{"@type":"BreadcrumbList","itemListElement":[{"@type":"ListItem","position":1,"name":"Home","item":"https:\/\/www.silhouetteappliances.com\/fr\/"},{"@type":"ListItem","position":2,"name":"Shop","item":"https:\/\/www.silhouetteappliances.com\/fr\/shop\/"},{"@type":"ListItem","position":3,"name":"Silhouette Pro Gen 3 &#8211; Cave \u00e0 vin encastrable de 24 po, pr\u00eate pour panneau"}]},{"@type":"WebSite","url":"https:\/\/www.silhouetteappliances.com\/fr\/","name":"Silhouette - Canada - French","description":"Enfriadores de vino Refrigeradores bajo mostrador.  Todos los frigor\u00edficos - Centro de Bebidas y Vinos","publisher":[],"potentialAction":[{"@type":"SearchAction","target":{"@type":"EntryPoint","urlTemplate":"https:\/\/www.silhouetteappliances.com\/fr\/?s={search_term_string}"},"query-input":{"@type":"PropertyValueSpecification","valueRequired":true,"valueName":"search_term_string"}}],"inLanguage":"fr-CA"},{"@type":"Organization","name":"Silhouette Appliances","url":"https:\/\/www.silhouetteappliances.com\/fr\/","logo":{"@type":"ImageObject","inLanguage":"fr-CA","url":"https:\/\/www.silhouetteappliances.com\/fr\/wp-content\/uploads\/sites\/7\/2021\/12\/logo.png","contentUrl":"https:\/\/www.silhouetteappliances.com\/fr\/wp-content\/uploads\/sites\/7\/2021\/12\/logo.png","width":216,"height":46,"caption":"Silhouette Appliances"},"image":[],"sameAs":["https:\/\/www.facebook.com\/SilhouetteAppliances","https:\/\/www.youtube.com\/user\/SilhouetteAppliance"]}]}},"post_mailing_queue_ids":[],"_links":{"self":[{"href":"https:\/\/www.silhouetteappliances.com\/fr\/wp-json\/wp\/v2\/product\/5251","targetHints":{"allow":["GET"]}}],"collection":[{"href":"https:\/\/www.silhouetteappliances.com\/fr\/wp-json\/wp\/v2\/product"}],"about":[{"href":"https:\/\/www.silhouetteappliances.com\/fr\/wp-json\/wp\/v2\/types\/product"}],"replies":[{"embeddable":true,"href":"https:\/\/www.silhouetteappliances.com\/fr\/wp-json\/wp\/v2\/comments?post=5251"}],"wp:featuredmedia":[{"embeddable":true,"href":"https:\/\/www.silhouetteappliances.com\/fr\/wp-json\/wp\/v2\/media\/5424"}],"wp:attachment":[{"href":"https:\/\/www.silhouetteappliances.com\/fr\/wp-json\/wp\/v2\/media?parent=5251"}],"wp:term":[{"taxonomy":"product_brand","embeddable":true,"href":"https:\/\/www.silhouetteappliances.com\/fr\/wp-json\/wp\/v2\/product_brand?post=5251"},{"taxonomy":"product_cat","embeddable":true,"href":"https:\/\/www.silhouetteappliances.com\/fr\/wp-json\/wp\/v2\/product_cat?post=5251"},{"taxonomy":"product_tag","embeddable":true,"href":"https:\/\/www.silhouetteappliances.com\/fr\/wp-json\/wp\/v2\/product_tag?post=5251"}],"curies":[{"name":"wp","href":"https:\/\/api.w.org\/{rel}","templated":true}]}}