{"id":5250,"date":"2024-08-06T14:39:20","date_gmt":"2024-08-06T14:39:20","guid":{"rendered":"https:\/\/www.silhouetteappliances.com\/fr\/?post_type=product&#038;p=5250"},"modified":"2024-11-08T19:55:38","modified_gmt":"2024-11-08T19:55:38","slug":"sprwbc052d3ss","status":"publish","type":"product","link":"https:\/\/www.silhouetteappliances.com\/fr\/products\/sprwbc052d3ss\/","title":{"rendered":"Centre de vin et de boissons encastr\u00e9 Silhouette Pro Gen 3 &#8211; 24&Prime; en acier inoxydable"},"content":{"rendered":"","protected":false},"excerpt":{"rendered":"<ul>\n<li>Design encastrable pouvant stocker jusqu&rsquo;\u00e0 79 canettes de boissons et 19 bouteilles de vin Bordeaux standard.<\/li>\n<li>Double zone : parfaite combinaison de stockage de vin et de boissons.<\/li>\n<li>Plage de temp\u00e9rature de la zone sup\u00e9rieure : 34\u00b0F &#8211; 50\u00b0F (1\u00b0C &#8211; 10\u00b0C).<\/li>\n<li>Plage de temp\u00e9rature de la zone inf\u00e9rieure : 50\u00b0F &#8211; 64\u00b0F (10\u00b0C &#8211; 18\u00b0C).<\/li>\n<li>Porte en acier inoxydable, plinthe et poign\u00e9e de style professionnel.<\/li>\n<li>\u00c9tag\u00e8re \u00e0 vin brevet\u00e9e avec espacement ajustable des bouteilles.<\/li>\n<li>Fonction de fermeture douce sur la porte et l&rsquo;\u00e9tag\u00e8re \u00e0 vin \u00e0 extension compl\u00e8te.<\/li>\n<li>Charni\u00e8res dissimul\u00e9es sans d\u00e9gagement ; ouverture de porte r\u00e9versible sur site.<\/li>\n<li>Espacement optimis\u00e9 des \u00e9tag\u00e8res pour les canettes hautes.<\/li>\n<li>Espace d&rsquo;\u00e9tag\u00e8re pour le stockage vertical des bouteilles hautes.<\/li>\n<li>\u00c9clairage lat\u00e9ral LED anti-\u00e9blouissement.<\/li>\n<\/ul>\n","protected":false},"featured_media":5421,"comment_status":"closed","ping_status":"closed","template":"","meta":{"_acf_changed":false},"product_brand":[],"product_cat":[21,19],"product_tag":[],"class_list":{"0":"post-5250","1":"product","2":"type-product","3":"status-publish","4":"has-post-thumbnail","6":"product_cat-refroidisseurs-a-vin","7":"product_cat-refroidisseur-de-boissons","9":"first","10":"instock","11":"shipping-taxable","12":"product-type-simple"},"acf":[],"yoast_head":"<!-- This site is optimized with the Yoast SEO plugin v27.5 - https:\/\/yoast.com\/product\/yoast-seo-wordpress\/ -->\n<title>Centre de vin et de boissons encastr\u00e9 Silhouette Pro Gen 3 - 24&quot; en acier inoxydable - SPRWBC052D3SS | Silhouette Canada<\/title>\n<meta name=\"description\" content=\"D\u00e9couvrez le centre de vin et de boissons encastr\u00e9 Silhouette Pro Gen 3 - SPRWBC052D3SS 24&quot; en acier inoxydable, une fusion parfaite de forme et de fonctionnalit\u00e9. Cet appareil \u00e9l\u00e9gant peut stocker jusqu&#039;\u00e0 79 canettes de boissons et 19 bouteilles de vin de Bordeaux standard, ce qui le rend id\u00e9al pour recevoir. Le design \u00e0 double zone permet un contr\u00f4le pr\u00e9cis de la temp\u00e9rature, avec une plage de 34\u00b0F \u00e0 50\u00b0F pour la zone sup\u00e9rieure et de 50\u00b0F \u00e0 64\u00b0F pour la zone inf\u00e9rieure, garantissant que vos boissons sont toujours \u00e0 la temp\u00e9rature optimale. Dot\u00e9 d&#039;une porte en acier inoxydable, d&#039;une plinthe et d&#039;une poign\u00e9e de style professionnel, cette unit\u00e9 respire la sophistication. L&#039;\u00e9tag\u00e8re \u00e0 vin brevet\u00e9e avec espacement r\u00e9glable des bouteilles, la porte et l&#039;\u00e9tag\u00e8re \u00e0 fermeture douce, les charni\u00e8res cach\u00e9es sans d\u00e9gagement et la porte r\u00e9versible sur le terrain ajoutent \u00e0 sa polyvalence. L&#039;espacement optimis\u00e9 des \u00e9tag\u00e8res permet d&#039;accueillir des grandes canettes, tandis que l&#039;\u00e9clairage lat\u00e9ral LED anti-reflets offre une visibilit\u00e9 claire. \u00c9levez votre maison avec ce centre de vin et de boissons \u00e0 la pointe de la technologie.\" \/>\n<meta name=\"robots\" content=\"index, follow, max-snippet:-1, max-image-preview:large, max-video-preview:-1\" \/>\n<link rel=\"canonical\" href=\"https:\/\/www.silhouetteappliances.com\/fr\/products\/sprwbc052d3ss\/\" \/>\n<meta property=\"og:locale\" content=\"fr_CA\" \/>\n<meta property=\"og:type\" content=\"article\" \/>\n<meta property=\"og:title\" content=\"Centre de vin et de boissons encastr\u00e9 Silhouette Pro Gen 3 - 24&quot; en acier inoxydable - SPRWBC052D3SS | Silhouette Canada\" \/>\n<meta property=\"og:description\" content=\"D\u00e9couvrez le centre de vin et de boissons encastr\u00e9 Silhouette Pro Gen 3 - SPRWBC052D3SS 24&quot; en acier inoxydable, une fusion parfaite de forme et de fonctionnalit\u00e9. Cet appareil \u00e9l\u00e9gant peut stocker jusqu&#039;\u00e0 79 canettes de boissons et 19 bouteilles de vin de Bordeaux standard, ce qui le rend id\u00e9al pour recevoir. Le design \u00e0 double zone permet un contr\u00f4le pr\u00e9cis de la temp\u00e9rature, avec une plage de 34\u00b0F \u00e0 50\u00b0F pour la zone sup\u00e9rieure et de 50\u00b0F \u00e0 64\u00b0F pour la zone inf\u00e9rieure, garantissant que vos boissons sont toujours \u00e0 la temp\u00e9rature optimale. Dot\u00e9 d&#039;une porte en acier inoxydable, d&#039;une plinthe et d&#039;une poign\u00e9e de style professionnel, cette unit\u00e9 respire la sophistication. L&#039;\u00e9tag\u00e8re \u00e0 vin brevet\u00e9e avec espacement r\u00e9glable des bouteilles, la porte et l&#039;\u00e9tag\u00e8re \u00e0 fermeture douce, les charni\u00e8res cach\u00e9es sans d\u00e9gagement et la porte r\u00e9versible sur le terrain ajoutent \u00e0 sa polyvalence. L&#039;espacement optimis\u00e9 des \u00e9tag\u00e8res permet d&#039;accueillir des grandes canettes, tandis que l&#039;\u00e9clairage lat\u00e9ral LED anti-reflets offre une visibilit\u00e9 claire. \u00c9levez votre maison avec ce centre de vin et de boissons \u00e0 la pointe de la technologie.\" \/>\n<meta property=\"og:url\" content=\"https:\/\/www.silhouetteappliances.com\/fr\/products\/sprwbc052d3ss\/\" \/>\n<meta property=\"og:site_name\" content=\"Silhouette - Canada - French\" \/>\n<meta property=\"article:publisher\" content=\"https:\/\/www.facebook.com\/SilhouetteAppliances\" \/>\n<meta property=\"article:modified_time\" content=\"2024-11-08T19:55:38+00:00\" \/>\n<meta property=\"og:image\" content=\"https:\/\/cdnweb.silhouetteappliances.com\/wp-content\/uploads\/sites\/7\/2024\/09\/06140902\/SPRWBC052D3SS-001-scaled.jpg\" \/>\n\t<meta property=\"og:image:width\" content=\"1920\" \/>\n\t<meta property=\"og:image:height\" content=\"2560\" \/>\n\t<meta property=\"og:image:type\" content=\"image\/jpeg\" \/>\n<meta name=\"twitter:card\" content=\"summary_large_image\" \/>\n<meta name=\"twitter:label1\" content=\"Estimation du temps de lecture\" \/>\n\t<meta name=\"twitter:data1\" content=\"1 minute\" \/>\n<script type=\"application\/ld+json\" class=\"yoast-schema-graph\">{\"@context\":\"https:\\\/\\\/schema.org\",\"@graph\":[{\"@type\":[\"WebPage\",\"ItemPage\"],\"url\":\"https:\\\/\\\/www.silhouetteappliances.com\\\/fr\\\/products\\\/sprwbc052d3ss\\\/\",\"name\":\"Centre de vin et de boissons encastr\u00e9 Silhouette Pro Gen 3 - 24\\\" en acier inoxydable - SPRWBC052D3SS | Silhouette Canada\",\"isPartOf\":[],\"primaryImageOfPage\":[],\"image\":[],\"thumbnailUrl\":\"https:\\\/\\\/cdnweb.danby.com\\\/wp-content\\\/uploads\\\/sites\\\/7\\\/2024\\\/11\\\/08195536\\\/Sil_BCThumbnail_0001_SPRWBC052D3SS.jpg\",\"datePublished\":\"2024-08-06T14:39:20+00:00\",\"dateModified\":\"2024-11-08T19:55:38+00:00\",\"description\":\"D\u00e9couvrez le centre de vin et de boissons encastr\u00e9 Silhouette Pro Gen 3 - SPRWBC052D3SS 24\\\" en acier inoxydable, une fusion parfaite de forme et de fonctionnalit\u00e9. Cet appareil \u00e9l\u00e9gant peut stocker jusqu'\u00e0 79 canettes de boissons et 19 bouteilles de vin de Bordeaux standard, ce qui le rend id\u00e9al pour recevoir. Le design \u00e0 double zone permet un contr\u00f4le pr\u00e9cis de la temp\u00e9rature, avec une plage de 34\u00b0F \u00e0 50\u00b0F pour la zone sup\u00e9rieure et de 50\u00b0F \u00e0 64\u00b0F pour la zone inf\u00e9rieure, garantissant que vos boissons sont toujours \u00e0 la temp\u00e9rature optimale. Dot\u00e9 d'une porte en acier inoxydable, d'une plinthe et d'une poign\u00e9e de style professionnel, cette unit\u00e9 respire la sophistication. L'\u00e9tag\u00e8re \u00e0 vin brevet\u00e9e avec espacement r\u00e9glable des bouteilles, la porte et l'\u00e9tag\u00e8re \u00e0 fermeture douce, les charni\u00e8res cach\u00e9es sans d\u00e9gagement et la porte r\u00e9versible sur le terrain ajoutent \u00e0 sa polyvalence. L'espacement optimis\u00e9 des \u00e9tag\u00e8res permet d'accueillir des grandes canettes, tandis que l'\u00e9clairage lat\u00e9ral LED anti-reflets offre une visibilit\u00e9 claire. \u00c9levez votre maison avec ce centre de vin et de boissons \u00e0 la pointe de la technologie.\",\"breadcrumb\":[],\"inLanguage\":\"fr-CA\",\"potentialAction\":[{\"@type\":\"ReadAction\",\"target\":[\"https:\\\/\\\/www.silhouetteappliances.com\\\/fr\\\/products\\\/sprwbc052d3ss\\\/\"]}]},{\"@type\":\"ImageObject\",\"inLanguage\":\"fr-CA\",\"url\":\"https:\\\/\\\/cdnweb.danby.com\\\/wp-content\\\/uploads\\\/sites\\\/7\\\/2024\\\/11\\\/08195536\\\/Sil_BCThumbnail_0001_SPRWBC052D3SS.jpg\",\"contentUrl\":\"https:\\\/\\\/cdnweb.danby.com\\\/wp-content\\\/uploads\\\/sites\\\/7\\\/2024\\\/11\\\/08195536\\\/Sil_BCThumbnail_0001_SPRWBC052D3SS.jpg\",\"width\":1125,\"height\":1500},{\"@type\":\"BreadcrumbList\",\"itemListElement\":[{\"@type\":\"ListItem\",\"position\":1,\"name\":\"Home\",\"item\":\"https:\\\/\\\/www.silhouetteappliances.com\\\/fr\\\/\"},{\"@type\":\"ListItem\",\"position\":2,\"name\":\"Shop\",\"item\":\"https:\\\/\\\/www.silhouetteappliances.com\\\/fr\\\/shop\\\/\"},{\"@type\":\"ListItem\",\"position\":3,\"name\":\"Centre de vin et de boissons encastr\u00e9 Silhouette Pro Gen 3 &#8211; 24&#8243; en acier inoxydable\"}]},{\"@type\":\"WebSite\",\"url\":\"https:\\\/\\\/www.silhouetteappliances.com\\\/fr\\\/\",\"name\":\"Silhouette - Canada - French\",\"description\":\"Enfriadores de vino Refrigeradores bajo mostrador.  Todos los frigor\u00edficos - Centro de Bebidas y Vinos\",\"publisher\":[],\"potentialAction\":[{\"@type\":\"SearchAction\",\"target\":{\"@type\":\"EntryPoint\",\"urlTemplate\":\"https:\\\/\\\/www.silhouetteappliances.com\\\/fr\\\/?s={search_term_string}\"},\"query-input\":{\"@type\":\"PropertyValueSpecification\",\"valueRequired\":true,\"valueName\":\"search_term_string\"}}],\"inLanguage\":\"fr-CA\"},{\"@type\":\"Organization\",\"name\":\"Silhouette Appliances\",\"url\":\"https:\\\/\\\/www.silhouetteappliances.com\\\/fr\\\/\",\"logo\":{\"@type\":\"ImageObject\",\"inLanguage\":\"fr-CA\",\"url\":\"https:\\\/\\\/www.silhouetteappliances.com\\\/fr\\\/wp-content\\\/uploads\\\/sites\\\/7\\\/2021\\\/12\\\/logo.png\",\"contentUrl\":\"https:\\\/\\\/www.silhouetteappliances.com\\\/fr\\\/wp-content\\\/uploads\\\/sites\\\/7\\\/2021\\\/12\\\/logo.png\",\"width\":216,\"height\":46,\"caption\":\"Silhouette Appliances\"},\"image\":[],\"sameAs\":[\"https:\\\/\\\/www.facebook.com\\\/SilhouetteAppliances\",\"https:\\\/\\\/www.youtube.com\\\/user\\\/SilhouetteAppliance\"]}]}<\/script>\n<!-- \/ Yoast SEO plugin. -->","yoast_head_json":{"title":"Centre de vin et de boissons encastr\u00e9 Silhouette Pro Gen 3 - 24\" en acier inoxydable - SPRWBC052D3SS | Silhouette Canada","description":"D\u00e9couvrez le centre de vin et de boissons encastr\u00e9 Silhouette Pro Gen 3 - SPRWBC052D3SS 24\" en acier inoxydable, une fusion parfaite de forme et de fonctionnalit\u00e9. Cet appareil \u00e9l\u00e9gant peut stocker jusqu'\u00e0 79 canettes de boissons et 19 bouteilles de vin de Bordeaux standard, ce qui le rend id\u00e9al pour recevoir. Le design \u00e0 double zone permet un contr\u00f4le pr\u00e9cis de la temp\u00e9rature, avec une plage de 34\u00b0F \u00e0 50\u00b0F pour la zone sup\u00e9rieure et de 50\u00b0F \u00e0 64\u00b0F pour la zone inf\u00e9rieure, garantissant que vos boissons sont toujours \u00e0 la temp\u00e9rature optimale. Dot\u00e9 d'une porte en acier inoxydable, d'une plinthe et d'une poign\u00e9e de style professionnel, cette unit\u00e9 respire la sophistication. L'\u00e9tag\u00e8re \u00e0 vin brevet\u00e9e avec espacement r\u00e9glable des bouteilles, la porte et l'\u00e9tag\u00e8re \u00e0 fermeture douce, les charni\u00e8res cach\u00e9es sans d\u00e9gagement et la porte r\u00e9versible sur le terrain ajoutent \u00e0 sa polyvalence. L'espacement optimis\u00e9 des \u00e9tag\u00e8res permet d'accueillir des grandes canettes, tandis que l'\u00e9clairage lat\u00e9ral LED anti-reflets offre une visibilit\u00e9 claire. \u00c9levez votre maison avec ce centre de vin et de boissons \u00e0 la pointe de la technologie.","robots":{"index":"index","follow":"follow","max-snippet":"max-snippet:-1","max-image-preview":"max-image-preview:large","max-video-preview":"max-video-preview:-1"},"canonical":"https:\/\/www.silhouetteappliances.com\/fr\/products\/sprwbc052d3ss\/","og_locale":"fr_CA","og_type":"article","og_title":"Centre de vin et de boissons encastr\u00e9 Silhouette Pro Gen 3 - 24\" en acier inoxydable - SPRWBC052D3SS | Silhouette Canada","og_description":"D\u00e9couvrez le centre de vin et de boissons encastr\u00e9 Silhouette Pro Gen 3 - SPRWBC052D3SS 24\" en acier inoxydable, une fusion parfaite de forme et de fonctionnalit\u00e9. Cet appareil \u00e9l\u00e9gant peut stocker jusqu'\u00e0 79 canettes de boissons et 19 bouteilles de vin de Bordeaux standard, ce qui le rend id\u00e9al pour recevoir. Le design \u00e0 double zone permet un contr\u00f4le pr\u00e9cis de la temp\u00e9rature, avec une plage de 34\u00b0F \u00e0 50\u00b0F pour la zone sup\u00e9rieure et de 50\u00b0F \u00e0 64\u00b0F pour la zone inf\u00e9rieure, garantissant que vos boissons sont toujours \u00e0 la temp\u00e9rature optimale. Dot\u00e9 d'une porte en acier inoxydable, d'une plinthe et d'une poign\u00e9e de style professionnel, cette unit\u00e9 respire la sophistication. L'\u00e9tag\u00e8re \u00e0 vin brevet\u00e9e avec espacement r\u00e9glable des bouteilles, la porte et l'\u00e9tag\u00e8re \u00e0 fermeture douce, les charni\u00e8res cach\u00e9es sans d\u00e9gagement et la porte r\u00e9versible sur le terrain ajoutent \u00e0 sa polyvalence. L'espacement optimis\u00e9 des \u00e9tag\u00e8res permet d'accueillir des grandes canettes, tandis que l'\u00e9clairage lat\u00e9ral LED anti-reflets offre une visibilit\u00e9 claire. \u00c9levez votre maison avec ce centre de vin et de boissons \u00e0 la pointe de la technologie.","og_url":"https:\/\/www.silhouetteappliances.com\/fr\/products\/sprwbc052d3ss\/","og_site_name":"Silhouette - Canada - French","article_publisher":"https:\/\/www.facebook.com\/SilhouetteAppliances","article_modified_time":"2024-11-08T19:55:38+00:00","og_image":[{"width":1920,"height":2560,"url":"https:\/\/cdnweb.silhouetteappliances.com\/wp-content\/uploads\/sites\/7\/2024\/09\/06140902\/SPRWBC052D3SS-001-scaled.jpg","type":"image\/jpeg"}],"twitter_card":"summary_large_image","twitter_misc":{"Estimation du temps de lecture":"1 minute"},"schema":{"@context":"https:\/\/schema.org","@graph":[{"@type":["WebPage","ItemPage"],"url":"https:\/\/www.silhouetteappliances.com\/fr\/products\/sprwbc052d3ss\/","name":"Centre de vin et de boissons encastr\u00e9 Silhouette Pro Gen 3 - 24\" en acier inoxydable - SPRWBC052D3SS | Silhouette Canada","isPartOf":[],"primaryImageOfPage":[],"image":[],"thumbnailUrl":"https:\/\/cdnweb.danby.com\/wp-content\/uploads\/sites\/7\/2024\/11\/08195536\/Sil_BCThumbnail_0001_SPRWBC052D3SS.jpg","datePublished":"2024-08-06T14:39:20+00:00","dateModified":"2024-11-08T19:55:38+00:00","description":"D\u00e9couvrez le centre de vin et de boissons encastr\u00e9 Silhouette Pro Gen 3 - SPRWBC052D3SS 24\" en acier inoxydable, une fusion parfaite de forme et de fonctionnalit\u00e9. Cet appareil \u00e9l\u00e9gant peut stocker jusqu'\u00e0 79 canettes de boissons et 19 bouteilles de vin de Bordeaux standard, ce qui le rend id\u00e9al pour recevoir. Le design \u00e0 double zone permet un contr\u00f4le pr\u00e9cis de la temp\u00e9rature, avec une plage de 34\u00b0F \u00e0 50\u00b0F pour la zone sup\u00e9rieure et de 50\u00b0F \u00e0 64\u00b0F pour la zone inf\u00e9rieure, garantissant que vos boissons sont toujours \u00e0 la temp\u00e9rature optimale. Dot\u00e9 d'une porte en acier inoxydable, d'une plinthe et d'une poign\u00e9e de style professionnel, cette unit\u00e9 respire la sophistication. L'\u00e9tag\u00e8re \u00e0 vin brevet\u00e9e avec espacement r\u00e9glable des bouteilles, la porte et l'\u00e9tag\u00e8re \u00e0 fermeture douce, les charni\u00e8res cach\u00e9es sans d\u00e9gagement et la porte r\u00e9versible sur le terrain ajoutent \u00e0 sa polyvalence. L'espacement optimis\u00e9 des \u00e9tag\u00e8res permet d'accueillir des grandes canettes, tandis que l'\u00e9clairage lat\u00e9ral LED anti-reflets offre une visibilit\u00e9 claire. \u00c9levez votre maison avec ce centre de vin et de boissons \u00e0 la pointe de la technologie.","breadcrumb":[],"inLanguage":"fr-CA","potentialAction":[{"@type":"ReadAction","target":["https:\/\/www.silhouetteappliances.com\/fr\/products\/sprwbc052d3ss\/"]}]},{"@type":"ImageObject","inLanguage":"fr-CA","url":"https:\/\/cdnweb.danby.com\/wp-content\/uploads\/sites\/7\/2024\/11\/08195536\/Sil_BCThumbnail_0001_SPRWBC052D3SS.jpg","contentUrl":"https:\/\/cdnweb.danby.com\/wp-content\/uploads\/sites\/7\/2024\/11\/08195536\/Sil_BCThumbnail_0001_SPRWBC052D3SS.jpg","width":1125,"height":1500},{"@type":"BreadcrumbList","itemListElement":[{"@type":"ListItem","position":1,"name":"Home","item":"https:\/\/www.silhouetteappliances.com\/fr\/"},{"@type":"ListItem","position":2,"name":"Shop","item":"https:\/\/www.silhouetteappliances.com\/fr\/shop\/"},{"@type":"ListItem","position":3,"name":"Centre de vin et de boissons encastr\u00e9 Silhouette Pro Gen 3 &#8211; 24&#8243; en acier inoxydable"}]},{"@type":"WebSite","url":"https:\/\/www.silhouetteappliances.com\/fr\/","name":"Silhouette - Canada - French","description":"Enfriadores de vino Refrigeradores bajo mostrador.  Todos los frigor\u00edficos - Centro de Bebidas y Vinos","publisher":[],"potentialAction":[{"@type":"SearchAction","target":{"@type":"EntryPoint","urlTemplate":"https:\/\/www.silhouetteappliances.com\/fr\/?s={search_term_string}"},"query-input":{"@type":"PropertyValueSpecification","valueRequired":true,"valueName":"search_term_string"}}],"inLanguage":"fr-CA"},{"@type":"Organization","name":"Silhouette Appliances","url":"https:\/\/www.silhouetteappliances.com\/fr\/","logo":{"@type":"ImageObject","inLanguage":"fr-CA","url":"https:\/\/www.silhouetteappliances.com\/fr\/wp-content\/uploads\/sites\/7\/2021\/12\/logo.png","contentUrl":"https:\/\/www.silhouetteappliances.com\/fr\/wp-content\/uploads\/sites\/7\/2021\/12\/logo.png","width":216,"height":46,"caption":"Silhouette Appliances"},"image":[],"sameAs":["https:\/\/www.facebook.com\/SilhouetteAppliances","https:\/\/www.youtube.com\/user\/SilhouetteAppliance"]}]}},"post_mailing_queue_ids":[],"_links":{"self":[{"href":"https:\/\/www.silhouetteappliances.com\/fr\/wp-json\/wp\/v2\/product\/5250","targetHints":{"allow":["GET"]}}],"collection":[{"href":"https:\/\/www.silhouetteappliances.com\/fr\/wp-json\/wp\/v2\/product"}],"about":[{"href":"https:\/\/www.silhouetteappliances.com\/fr\/wp-json\/wp\/v2\/types\/product"}],"replies":[{"embeddable":true,"href":"https:\/\/www.silhouetteappliances.com\/fr\/wp-json\/wp\/v2\/comments?post=5250"}],"wp:featuredmedia":[{"embeddable":true,"href":"https:\/\/www.silhouetteappliances.com\/fr\/wp-json\/wp\/v2\/media\/5421"}],"wp:attachment":[{"href":"https:\/\/www.silhouetteappliances.com\/fr\/wp-json\/wp\/v2\/media?parent=5250"}],"wp:term":[{"taxonomy":"product_brand","embeddable":true,"href":"https:\/\/www.silhouetteappliances.com\/fr\/wp-json\/wp\/v2\/product_brand?post=5250"},{"taxonomy":"product_cat","embeddable":true,"href":"https:\/\/www.silhouetteappliances.com\/fr\/wp-json\/wp\/v2\/product_cat?post=5250"},{"taxonomy":"product_tag","embeddable":true,"href":"https:\/\/www.silhouetteappliances.com\/fr\/wp-json\/wp\/v2\/product_tag?post=5250"}],"curies":[{"name":"wp","href":"https:\/\/api.w.org\/{rel}","templated":true}]}}