{"id":4736,"date":"2022-08-24T13:30:43","date_gmt":"2022-08-24T13:30:43","guid":{"rendered":"https:\/\/www.silhouetteappliances.com\/fr\/?post_type=product&#038;p=4736"},"modified":"2023-11-09T16:10:15","modified_gmt":"2023-11-09T16:10:15","slug":"srvwc050r","status":"publish","type":"product","link":"https:\/\/www.silhouetteappliances.com\/fr\/products\/srvwc050r\/","title":{"rendered":"Silhouette &#8211; R\u00e9serve (poign\u00e9e droite)"},"content":{"rendered":"","protected":false},"excerpt":{"rendered":"<ul>\n<li>R\u00e9frig\u00e9rateur encastr\u00e9 sous le comptoir de 24&Prime; de large<\/li>\n<li>R\u00e9glage d&rsquo;usine de l&rsquo;orientation de la main droite<\/li>\n<li>Peut contenir jusqu&rsquo;\u00e0 105 canettes et jusqu&rsquo;\u00e0 5 bouteilles de vin.<\/li>\n<li>Temp\u00e9rature r\u00e9glable entre 33\u00b0F et 44\u00b0F<\/li>\n<li>2 1\/2 tablettes en verre r\u00e9glables avec organisateur STAK<\/li>\n<li>Contr\u00f4le pr\u00e9cis de la temp\u00e9rature gr\u00e2ce \u00e0 notre ventilateur contr\u00f4l\u00e9 par micro-ordinateur qui surveille et ajuste en permanence la temp\u00e9rature.<\/li>\n<li>L&rsquo;\u00e9clairage LED p\u00e9rim\u00e9trique illumine l&rsquo;int\u00e9rieur de haut en bas avec 3 intensit\u00e9s diff\u00e9rentes<\/li>\n<li>Affichage Invisi-touch : les commandes sont mont\u00e9es sur l&rsquo;ext\u00e9rieur de l&rsquo;unit\u00e9 et peuvent \u00eatre r\u00e9gl\u00e9es pour dispara\u00eetre lorsqu&rsquo;elles ne sont pas utilis\u00e9es.<\/li>\n<li>Porte \u00e0 faible \u00e9missivit\u00e9, \u00e0 double vitrage et remplie d&rsquo;argon<\/li>\n<li>Porte \u00e0 fermeture automatique<\/li>\n<li>Comprend un mode sabbat, une alarme de temp\u00e9rature, une alarme d&rsquo;ouverture de porte et un rappel de temp\u00e9rature.<\/li>\n<li>Garantie de 24 mois avec service \u00e0 domicile<\/li>\n<\/ul>\n","protected":false},"featured_media":4739,"comment_status":"closed","ping_status":"closed","template":"","meta":{"_acf_changed":false},"product_brand":[],"product_cat":[21],"product_tag":[],"class_list":{"0":"post-4736","1":"product","2":"type-product","3":"status-publish","4":"has-post-thumbnail","6":"product_cat-refroidisseurs-a-vin","8":"first","9":"instock","10":"shipping-taxable","11":"product-type-simple"},"acf":[],"yoast_head":"<!-- This site is optimized with the Yoast SEO plugin v26.7 - https:\/\/yoast.com\/wordpress\/plugins\/seo\/ -->\n<title>Silhouette - R\u00e9serve (poign\u00e9e droite) - SRVWC050R | Silhouette Canada<\/title>\n<meta name=\"description\" content=\"Stockez bien plus que de la bi\u00e8re et du soda dans le r\u00e9frig\u00e9rateur de r\u00e9serve Silhouette. Avec une plage de temp\u00e9rature allant de 1\u00b0C \u00e0 6\u00b0C, vous pouvez conserver en toute s\u00e9curit\u00e9 des plateaux de fromage et de viande, des fruits de mer et d&#039;autres denr\u00e9es p\u00e9rissables. Que vous receviez des amis ou que vous ayez besoin d&#039;une r\u00e9frig\u00e9ration plus pratique pour votre famille, le design sous le comptoir du Silhouette Reserve offre un style et une praticit\u00e9 comme aucun autre centre de boissons sur le march\u00e9.\" \/>\n<meta name=\"robots\" content=\"index, follow, max-snippet:-1, max-image-preview:large, max-video-preview:-1\" \/>\n<link rel=\"canonical\" href=\"https:\/\/www.silhouetteappliances.com\/fr\/products\/srvwc050r\/\" \/>\n<meta property=\"og:locale\" content=\"fr_CA\" \/>\n<meta property=\"og:type\" content=\"article\" \/>\n<meta property=\"og:title\" content=\"Silhouette - R\u00e9serve (poign\u00e9e droite) - SRVWC050R | Silhouette Canada\" \/>\n<meta property=\"og:description\" content=\"Stockez bien plus que de la bi\u00e8re et du soda dans le r\u00e9frig\u00e9rateur de r\u00e9serve Silhouette. Avec une plage de temp\u00e9rature allant de 1\u00b0C \u00e0 6\u00b0C, vous pouvez conserver en toute s\u00e9curit\u00e9 des plateaux de fromage et de viande, des fruits de mer et d&#039;autres denr\u00e9es p\u00e9rissables. Que vous receviez des amis ou que vous ayez besoin d&#039;une r\u00e9frig\u00e9ration plus pratique pour votre famille, le design sous le comptoir du Silhouette Reserve offre un style et une praticit\u00e9 comme aucun autre centre de boissons sur le march\u00e9.\" \/>\n<meta property=\"og:url\" content=\"https:\/\/www.silhouetteappliances.com\/fr\/products\/srvwc050r\/\" \/>\n<meta property=\"og:site_name\" content=\"Silhouette - Canada - French\" \/>\n<meta property=\"article:publisher\" content=\"https:\/\/www.facebook.com\/SilhouetteAppliances\" \/>\n<meta property=\"article:modified_time\" content=\"2023-11-09T16:10:15+00:00\" \/>\n<meta property=\"og:image\" content=\"https:\/\/cdnweb.silhouetteappliances.com\/wp-content\/uploads\/sites\/7\/2022\/08\/24132647\/SRVWC050R_Front_Closed_Propped-copy.jpg\" \/>\n\t<meta property=\"og:image:width\" content=\"1500\" \/>\n\t<meta property=\"og:image:height\" content=\"2087\" \/>\n\t<meta property=\"og:image:type\" content=\"image\/jpeg\" \/>\n<meta name=\"twitter:card\" content=\"summary_large_image\" \/>\n<script type=\"application\/ld+json\" class=\"yoast-schema-graph\">{\"@context\":\"https:\/\/schema.org\",\"@graph\":[{\"@type\":[\"WebPage\",\"ItemPage\"],\"url\":\"https:\/\/www.silhouetteappliances.com\/fr\/products\/srvwc050r\/\",\"name\":\"Silhouette - R\u00e9serve (poign\u00e9e droite) - SRVWC050R | Silhouette Canada\",\"isPartOf\":[],\"primaryImageOfPage\":[],\"image\":[],\"thumbnailUrl\":\"https:\/\/cdnweb.danby.com\/wp-content\/uploads\/sites\/7\/2022\/08\/24132647\/SRVWC050R_Front_Closed_Propped-copy.jpg\",\"datePublished\":\"2022-08-24T13:30:43+00:00\",\"dateModified\":\"2023-11-09T16:10:15+00:00\",\"description\":\"Stockez bien plus que de la bi\u00e8re et du soda dans le r\u00e9frig\u00e9rateur de r\u00e9serve Silhouette. Avec une plage de temp\u00e9rature allant de 1\u00b0C \u00e0 6\u00b0C, vous pouvez conserver en toute s\u00e9curit\u00e9 des plateaux de fromage et de viande, des fruits de mer et d'autres denr\u00e9es p\u00e9rissables. Que vous receviez des amis ou que vous ayez besoin d'une r\u00e9frig\u00e9ration plus pratique pour votre famille, le design sous le comptoir du Silhouette Reserve offre un style et une praticit\u00e9 comme aucun autre centre de boissons sur le march\u00e9.\",\"breadcrumb\":[],\"inLanguage\":\"fr-CA\",\"potentialAction\":[{\"@type\":\"ReadAction\",\"target\":[\"https:\/\/www.silhouetteappliances.com\/fr\/products\/srvwc050r\/\"]}]},{\"@type\":\"ImageObject\",\"inLanguage\":\"fr-CA\",\"url\":\"https:\/\/cdnweb.danby.com\/wp-content\/uploads\/sites\/7\/2022\/08\/24132647\/SRVWC050R_Front_Closed_Propped-copy.jpg\",\"contentUrl\":\"https:\/\/cdnweb.danby.com\/wp-content\/uploads\/sites\/7\/2022\/08\/24132647\/SRVWC050R_Front_Closed_Propped-copy.jpg\",\"width\":1500,\"height\":2087},{\"@type\":\"BreadcrumbList\",\"itemListElement\":[{\"@type\":\"ListItem\",\"position\":1,\"name\":\"Home\",\"item\":\"https:\/\/www.silhouetteappliances.com\/fr\/\"},{\"@type\":\"ListItem\",\"position\":2,\"name\":\"Shop\",\"item\":\"https:\/\/www.silhouetteappliances.com\/fr\/shop\/\"},{\"@type\":\"ListItem\",\"position\":3,\"name\":\"Silhouette &#8211; R\u00e9serve (poign\u00e9e droite)\"}]},{\"@type\":\"WebSite\",\"url\":\"https:\/\/www.silhouetteappliances.com\/fr\/\",\"name\":\"Silhouette - Canada - French\",\"description\":\"Enfriadores de vino Refrigeradores bajo mostrador.  Todos los frigor\u00edficos - Centro de Bebidas y Vinos\",\"publisher\":[],\"potentialAction\":[{\"@type\":\"SearchAction\",\"target\":{\"@type\":\"EntryPoint\",\"urlTemplate\":\"https:\/\/www.silhouetteappliances.com\/fr\/?s={search_term_string}\"},\"query-input\":{\"@type\":\"PropertyValueSpecification\",\"valueRequired\":true,\"valueName\":\"search_term_string\"}}],\"inLanguage\":\"fr-CA\"},{\"@type\":\"Organization\",\"name\":\"Silhouette Appliances\",\"url\":\"https:\/\/www.silhouetteappliances.com\/fr\/\",\"logo\":{\"@type\":\"ImageObject\",\"inLanguage\":\"fr-CA\",\"url\":\"https:\/\/www.silhouetteappliances.com\/fr\/wp-content\/uploads\/sites\/7\/2021\/12\/logo.png\",\"contentUrl\":\"https:\/\/www.silhouetteappliances.com\/fr\/wp-content\/uploads\/sites\/7\/2021\/12\/logo.png\",\"width\":216,\"height\":46,\"caption\":\"Silhouette Appliances\"},\"image\":[],\"sameAs\":[\"https:\/\/www.facebook.com\/SilhouetteAppliances\",\"https:\/\/www.youtube.com\/user\/SilhouetteAppliance\"]}]}<\/script>\n<!-- \/ Yoast SEO plugin. -->","yoast_head_json":{"title":"Silhouette - R\u00e9serve (poign\u00e9e droite) - SRVWC050R | Silhouette Canada","description":"Stockez bien plus que de la bi\u00e8re et du soda dans le r\u00e9frig\u00e9rateur de r\u00e9serve Silhouette. Avec une plage de temp\u00e9rature allant de 1\u00b0C \u00e0 6\u00b0C, vous pouvez conserver en toute s\u00e9curit\u00e9 des plateaux de fromage et de viande, des fruits de mer et d'autres denr\u00e9es p\u00e9rissables. Que vous receviez des amis ou que vous ayez besoin d'une r\u00e9frig\u00e9ration plus pratique pour votre famille, le design sous le comptoir du Silhouette Reserve offre un style et une praticit\u00e9 comme aucun autre centre de boissons sur le march\u00e9.","robots":{"index":"index","follow":"follow","max-snippet":"max-snippet:-1","max-image-preview":"max-image-preview:large","max-video-preview":"max-video-preview:-1"},"canonical":"https:\/\/www.silhouetteappliances.com\/fr\/products\/srvwc050r\/","og_locale":"fr_CA","og_type":"article","og_title":"Silhouette - R\u00e9serve (poign\u00e9e droite) - SRVWC050R | Silhouette Canada","og_description":"Stockez bien plus que de la bi\u00e8re et du soda dans le r\u00e9frig\u00e9rateur de r\u00e9serve Silhouette. Avec une plage de temp\u00e9rature allant de 1\u00b0C \u00e0 6\u00b0C, vous pouvez conserver en toute s\u00e9curit\u00e9 des plateaux de fromage et de viande, des fruits de mer et d'autres denr\u00e9es p\u00e9rissables. Que vous receviez des amis ou que vous ayez besoin d'une r\u00e9frig\u00e9ration plus pratique pour votre famille, le design sous le comptoir du Silhouette Reserve offre un style et une praticit\u00e9 comme aucun autre centre de boissons sur le march\u00e9.","og_url":"https:\/\/www.silhouetteappliances.com\/fr\/products\/srvwc050r\/","og_site_name":"Silhouette - Canada - French","article_publisher":"https:\/\/www.facebook.com\/SilhouetteAppliances","article_modified_time":"2023-11-09T16:10:15+00:00","og_image":[{"width":1500,"height":2087,"url":"https:\/\/cdnweb.silhouetteappliances.com\/wp-content\/uploads\/sites\/7\/2022\/08\/24132647\/SRVWC050R_Front_Closed_Propped-copy.jpg","type":"image\/jpeg"}],"twitter_card":"summary_large_image","schema":{"@context":"https:\/\/schema.org","@graph":[{"@type":["WebPage","ItemPage"],"url":"https:\/\/www.silhouetteappliances.com\/fr\/products\/srvwc050r\/","name":"Silhouette - R\u00e9serve (poign\u00e9e droite) - SRVWC050R | Silhouette Canada","isPartOf":[],"primaryImageOfPage":[],"image":[],"thumbnailUrl":"https:\/\/cdnweb.danby.com\/wp-content\/uploads\/sites\/7\/2022\/08\/24132647\/SRVWC050R_Front_Closed_Propped-copy.jpg","datePublished":"2022-08-24T13:30:43+00:00","dateModified":"2023-11-09T16:10:15+00:00","description":"Stockez bien plus que de la bi\u00e8re et du soda dans le r\u00e9frig\u00e9rateur de r\u00e9serve Silhouette. Avec une plage de temp\u00e9rature allant de 1\u00b0C \u00e0 6\u00b0C, vous pouvez conserver en toute s\u00e9curit\u00e9 des plateaux de fromage et de viande, des fruits de mer et d'autres denr\u00e9es p\u00e9rissables. Que vous receviez des amis ou que vous ayez besoin d'une r\u00e9frig\u00e9ration plus pratique pour votre famille, le design sous le comptoir du Silhouette Reserve offre un style et une praticit\u00e9 comme aucun autre centre de boissons sur le march\u00e9.","breadcrumb":[],"inLanguage":"fr-CA","potentialAction":[{"@type":"ReadAction","target":["https:\/\/www.silhouetteappliances.com\/fr\/products\/srvwc050r\/"]}]},{"@type":"ImageObject","inLanguage":"fr-CA","url":"https:\/\/cdnweb.danby.com\/wp-content\/uploads\/sites\/7\/2022\/08\/24132647\/SRVWC050R_Front_Closed_Propped-copy.jpg","contentUrl":"https:\/\/cdnweb.danby.com\/wp-content\/uploads\/sites\/7\/2022\/08\/24132647\/SRVWC050R_Front_Closed_Propped-copy.jpg","width":1500,"height":2087},{"@type":"BreadcrumbList","itemListElement":[{"@type":"ListItem","position":1,"name":"Home","item":"https:\/\/www.silhouetteappliances.com\/fr\/"},{"@type":"ListItem","position":2,"name":"Shop","item":"https:\/\/www.silhouetteappliances.com\/fr\/shop\/"},{"@type":"ListItem","position":3,"name":"Silhouette &#8211; R\u00e9serve (poign\u00e9e droite)"}]},{"@type":"WebSite","url":"https:\/\/www.silhouetteappliances.com\/fr\/","name":"Silhouette - Canada - French","description":"Enfriadores de vino Refrigeradores bajo mostrador.  Todos los frigor\u00edficos - Centro de Bebidas y Vinos","publisher":[],"potentialAction":[{"@type":"SearchAction","target":{"@type":"EntryPoint","urlTemplate":"https:\/\/www.silhouetteappliances.com\/fr\/?s={search_term_string}"},"query-input":{"@type":"PropertyValueSpecification","valueRequired":true,"valueName":"search_term_string"}}],"inLanguage":"fr-CA"},{"@type":"Organization","name":"Silhouette Appliances","url":"https:\/\/www.silhouetteappliances.com\/fr\/","logo":{"@type":"ImageObject","inLanguage":"fr-CA","url":"https:\/\/www.silhouetteappliances.com\/fr\/wp-content\/uploads\/sites\/7\/2021\/12\/logo.png","contentUrl":"https:\/\/www.silhouetteappliances.com\/fr\/wp-content\/uploads\/sites\/7\/2021\/12\/logo.png","width":216,"height":46,"caption":"Silhouette Appliances"},"image":[],"sameAs":["https:\/\/www.facebook.com\/SilhouetteAppliances","https:\/\/www.youtube.com\/user\/SilhouetteAppliance"]}]}},"post_mailing_queue_ids":[],"_links":{"self":[{"href":"https:\/\/www.silhouetteappliances.com\/fr\/wp-json\/wp\/v2\/product\/4736","targetHints":{"allow":["GET"]}}],"collection":[{"href":"https:\/\/www.silhouetteappliances.com\/fr\/wp-json\/wp\/v2\/product"}],"about":[{"href":"https:\/\/www.silhouetteappliances.com\/fr\/wp-json\/wp\/v2\/types\/product"}],"replies":[{"embeddable":true,"href":"https:\/\/www.silhouetteappliances.com\/fr\/wp-json\/wp\/v2\/comments?post=4736"}],"wp:featuredmedia":[{"embeddable":true,"href":"https:\/\/www.silhouetteappliances.com\/fr\/wp-json\/wp\/v2\/media\/4739"}],"wp:attachment":[{"href":"https:\/\/www.silhouetteappliances.com\/fr\/wp-json\/wp\/v2\/media?parent=4736"}],"wp:term":[{"taxonomy":"product_brand","embeddable":true,"href":"https:\/\/www.silhouetteappliances.com\/fr\/wp-json\/wp\/v2\/product_brand?post=4736"},{"taxonomy":"product_cat","embeddable":true,"href":"https:\/\/www.silhouetteappliances.com\/fr\/wp-json\/wp\/v2\/product_cat?post=4736"},{"taxonomy":"product_tag","embeddable":true,"href":"https:\/\/www.silhouetteappliances.com\/fr\/wp-json\/wp\/v2\/product_tag?post=4736"}],"curies":[{"name":"wp","href":"https:\/\/api.w.org\/{rel}","templated":true}]}}