{"id":1080,"date":"2022-02-09T20:59:36","date_gmt":"2022-02-09T20:59:36","guid":{"rendered":"https:\/\/www.silhouetteappliances.com\/fr\/product\/swc057d1bss\/"},"modified":"2022-12-02T19:58:07","modified_gmt":"2022-12-02T19:58:07","slug":"swc057d1bss","status":"publish","type":"product","link":"https:\/\/www.silhouetteappliances.com\/fr\/products\/swc057d1bss\/","title":{"rendered":"Silhouette &#8211; 5.4 cu.ft Wine Cellar"},"content":{"rendered":"","protected":false},"excerpt":{"rendered":"<ul>\n<li data-leveltext=\"\uf0b7\" data-font=\"Symbol\" data-listid=\"9\" data-list-defn-props=\"{&quot;335552541&quot;:1,&quot;335559684&quot;:-2,&quot;335559685&quot;:720,&quot;335559991&quot;:360,&quot;469769226&quot;:&quot;Symbol&quot;,&quot;469769242&quot;:[8226],&quot;469777803&quot;:&quot;left&quot;,&quot;469777804&quot;:&quot;\uf0b7&quot;,&quot;469777815&quot;:&quot;hybridMultilevel&quot;}\" data-aria-posinset=\"1\" data-aria-level=\"1\"><span data-contrast=\"auto\">Cave \u00e0 vin encastr\u00e9e de 24&Prime; de large sous le comptoir<\/span><span data-ccp-props=\"{&quot;201341983&quot;:0,&quot;335559739&quot;:160,&quot;335559740&quot;:259}\">\u00a0<\/span><\/li>\n<li data-leveltext=\"\uf0b7\" data-font=\"Symbol\" data-listid=\"9\" data-list-defn-props=\"{&quot;335552541&quot;:1,&quot;335559684&quot;:-2,&quot;335559685&quot;:720,&quot;335559991&quot;:360,&quot;469769226&quot;:&quot;Symbol&quot;,&quot;469769242&quot;:[8226],&quot;469777803&quot;:&quot;left&quot;,&quot;469777804&quot;:&quot;\uf0b7&quot;,&quot;469777815&quot;:&quot;hybridMultilevel&quot;}\" data-aria-posinset=\"2\" data-aria-level=\"1\"><span data-contrast=\"auto\">Stocke jusqu&rsquo;\u00e0 60 bouteilles* de vin<\/span><span data-ccp-props=\"{&quot;201341983&quot;:0,&quot;335559740&quot;:259}\">\u00a0<\/span><\/li>\n<li data-leveltext=\"\uf0b7\" data-font=\"Symbol\" data-listid=\"9\" data-list-defn-props=\"{&quot;335552541&quot;:1,&quot;335559684&quot;:-2,&quot;335559685&quot;:720,&quot;335559991&quot;:360,&quot;469769226&quot;:&quot;Symbol&quot;,&quot;469769242&quot;:[8226],&quot;469777803&quot;:&quot;left&quot;,&quot;469777804&quot;:&quot;\uf0b7&quot;,&quot;469777815&quot;:&quot;hybridMultilevel&quot;}\" data-aria-posinset=\"3\" data-aria-level=\"1\"><span data-contrast=\"auto\">Une seule zone de temp\u00e9rature a une plage de temp\u00e9rature de 5\u00b0C \u00e0 18\u00b0C (41\u00b0F \u00e0 64\u00b0F).<\/span><span data-ccp-props=\"{&quot;201341983&quot;:0,&quot;335559739&quot;:160,&quot;335559740&quot;:259}\">\u00a0<\/span><\/li>\n<li data-leveltext=\"\uf0b7\" data-font=\"Symbol\" data-listid=\"9\" data-list-defn-props=\"{&quot;335552541&quot;:1,&quot;335559684&quot;:-2,&quot;335559685&quot;:720,&quot;335559991&quot;:360,&quot;469769226&quot;:&quot;Symbol&quot;,&quot;469769242&quot;:[8226],&quot;469777803&quot;:&quot;left&quot;,&quot;469777804&quot;:&quot;\uf0b7&quot;,&quot;469777815&quot;:&quot;hybridMultilevel&quot;}\" data-aria-posinset=\"4\" data-aria-level=\"1\"><span data-contrast=\"auto\">Le thermostat num\u00e9rique comprend une fonction de rappel de la temp\u00e9rature, alarme de porte entrouverte, alarme de temperature<\/span><span data-ccp-props=\"{&quot;201341983&quot;:0,&quot;335559739&quot;:160,&quot;335559740&quot;:259}\">\u00a0<\/span><\/li>\n<li data-leveltext=\"\uf0b7\" data-font=\"Symbol\" data-listid=\"9\" data-list-defn-props=\"{&quot;335552541&quot;:1,&quot;335559684&quot;:-2,&quot;335559685&quot;:720,&quot;335559991&quot;:360,&quot;469769226&quot;:&quot;Symbol&quot;,&quot;469769242&quot;:[8226],&quot;469777803&quot;:&quot;left&quot;,&quot;469777804&quot;:&quot;\uf0b7&quot;,&quot;469777815&quot;:&quot;hybridMultilevel&quot;}\" data-aria-posinset=\"5\" data-aria-level=\"1\"><span data-contrast=\"auto\">Refroidissement actif: ventilateur sans givre le refroidissement forc\u00e9 maintient une temp\u00e9rature constante et r\u00e9guli\u00e8re<\/span><span data-ccp-props=\"{&quot;201341983&quot;:0,&quot;335559739&quot;:160,&quot;335559740&quot;:259}\">\u00a0<\/span><\/li>\n<li data-leveltext=\"\uf0b7\" data-font=\"Symbol\" data-listid=\"9\" data-list-defn-props=\"{&quot;335552541&quot;:1,&quot;335559684&quot;:-2,&quot;335559685&quot;:720,&quot;335559991&quot;:360,&quot;469769226&quot;:&quot;Symbol&quot;,&quot;469769242&quot;:[8226],&quot;469777803&quot;:&quot;left&quot;,&quot;469777804&quot;:&quot;\uf0b7&quot;,&quot;469777815&quot;:&quot;hybridMultilevel&quot;}\" data-aria-posinset=\"6\" data-aria-level=\"1\"><span data-contrast=\"auto\">Voyant lumineux LED bleu avec s\u00e9lection hi\/low<\/span><span data-ccp-props=\"{&quot;201341983&quot;:0,&quot;335559739&quot;:160,&quot;335559740&quot;:259}\">\u00a0<\/span><\/li>\n<li data-leveltext=\"\uf0b7\" data-font=\"Symbol\" data-listid=\"9\" data-list-defn-props=\"{&quot;335552541&quot;:1,&quot;335559684&quot;:-2,&quot;335559685&quot;:720,&quot;335559991&quot;:360,&quot;469769226&quot;:&quot;Symbol&quot;,&quot;469769242&quot;:[8226],&quot;469777803&quot;:&quot;left&quot;,&quot;469777804&quot;:&quot;\uf0b7&quot;,&quot;469777815&quot;:&quot;hybridMultilevel&quot;}\" data-aria-posinset=\"7\" data-aria-level=\"1\"><span data-contrast=\"auto\">Les \u00e9tag\u00e8res \u00e0 vin sont garnies de bois de h\u00eatre naturel.<\/span><span data-ccp-props=\"{&quot;201341983&quot;:0,&quot;335559740&quot;:259}\">\u00a0<\/span><\/li>\n<li data-leveltext=\"\uf0b7\" data-font=\"Symbol\" data-listid=\"9\" data-list-defn-props=\"{&quot;335552541&quot;:1,&quot;335559684&quot;:-2,&quot;335559685&quot;:720,&quot;335559991&quot;:360,&quot;469769226&quot;:&quot;Symbol&quot;,&quot;469769242&quot;:[8226],&quot;469777803&quot;:&quot;left&quot;,&quot;469777804&quot;:&quot;\uf0b7&quot;,&quot;469777815&quot;:&quot;hybridMultilevel&quot;}\" data-aria-posinset=\"8\" data-aria-level=\"1\"><span data-contrast=\"auto\">Comprend un rangement \u00e0 vin en forme de vague<\/span><span data-ccp-props=\"{&quot;201341983&quot;:0,&quot;335559739&quot;:160,&quot;335559740&quot;:259}\">\u00a0<\/span><\/li>\n<li data-leveltext=\"\uf0b7\" data-font=\"Symbol\" data-listid=\"9\" data-list-defn-props=\"{&quot;335552541&quot;:1,&quot;335559684&quot;:-2,&quot;335559685&quot;:720,&quot;335559991&quot;:360,&quot;469769226&quot;:&quot;Symbol&quot;,&quot;469769242&quot;:[8226],&quot;469777803&quot;:&quot;left&quot;,&quot;469777804&quot;:&quot;\uf0b7&quot;,&quot;469777815&quot;:&quot;hybridMultilevel&quot;}\" data-aria-posinset=\"9\" data-aria-level=\"1\"><span data-contrast=\"auto\">-Porte r\u00e9versible pour une ouverture \u00e0 gauche ou \u00e0 droite.<\/span><span data-ccp-props=\"{&quot;201341983&quot;:0,&quot;335559739&quot;:160,&quot;335559740&quot;:259}\">\u00a0<\/span><\/li>\n<li data-leveltext=\"\uf0b7\" data-font=\"Symbol\" data-listid=\"9\" data-list-defn-props=\"{&quot;335552541&quot;:1,&quot;335559684&quot;:-2,&quot;335559685&quot;:720,&quot;335559991&quot;:360,&quot;469769226&quot;:&quot;Symbol&quot;,&quot;469769242&quot;:[8226],&quot;469777803&quot;:&quot;left&quot;,&quot;469777804&quot;:&quot;\uf0b7&quot;,&quot;469777815&quot;:&quot;hybridMultilevel&quot;}\" data-aria-posinset=\"10\" data-aria-level=\"1\"><span data-contrast=\"auto\">Fonctionnement silencieux 42db<\/span><span data-ccp-props=\"{&quot;201341983&quot;:0,&quot;335559740&quot;:259}\">\u00a0<\/span><\/li>\n<li data-leveltext=\"\uf0b7\" data-font=\"Symbol\" data-listid=\"9\" data-list-defn-props=\"{&quot;335552541&quot;:1,&quot;335559684&quot;:-2,&quot;335559685&quot;:720,&quot;335559991&quot;:360,&quot;469769226&quot;:&quot;Symbol&quot;,&quot;469769242&quot;:[8226],&quot;469777803&quot;:&quot;left&quot;,&quot;469777804&quot;:&quot;\uf0b7&quot;,&quot;469777815&quot;:&quot;hybridMultilevel&quot;}\" data-aria-posinset=\"11\" data-aria-level=\"1\"><span data-contrast=\"auto\">Garantie de 24 mois pi\u00e8ces et main d&rsquo;\u0153uvre avec service \u00e0 domicile<\/span><span data-ccp-props=\"{&quot;201341983&quot;:0,&quot;335559740&quot;:259}\">\u00a0<\/span><\/li>\n<\/ul>\n","protected":false},"featured_media":1336,"comment_status":"closed","ping_status":"closed","template":"","meta":{"_acf_changed":false},"product_brand":[],"product_cat":[21],"product_tag":[],"class_list":{"0":"post-1080","1":"product","2":"type-product","3":"status-publish","4":"has-post-thumbnail","6":"product_cat-refroidisseurs-a-vin","7":"pa_by-cooling-zones-zone-unique","8":"pa_by-door-finish-acier-inoxydable","9":"pa_by-door-finish-verre","10":"pa_by-width-24-pouces","12":"first","13":"instock","14":"shipping-taxable","15":"product-type-simple"},"acf":[],"yoast_head":"<!-- This site is optimized with the Yoast SEO plugin v26.7 - https:\/\/yoast.com\/wordpress\/plugins\/seo\/ -->\n<title>Silhouette - 5.4 cu.ft Wine Cellar - SWC057D1BSS | Silhouette Canada<\/title>\n<meta name=\"description\" content=\"Cette cave \u00e0 vin, qui peut accueillir confortablement plus de 51 bouteilles, est pr\u00eate \u00e0 accueillir votre collection. Si la porte magn\u00e9tique bien pens\u00e9e est une caract\u00e9ristique de premier ordre, l&#039;ensemble de la cave \u00e0 vin poss\u00e8de un attrait ind\u00e9niable.\" \/>\n<meta name=\"robots\" content=\"index, follow, max-snippet:-1, max-image-preview:large, max-video-preview:-1\" \/>\n<link rel=\"canonical\" href=\"https:\/\/www.silhouetteappliances.com\/fr\/products\/swc057d1bss\/\" \/>\n<meta property=\"og:locale\" content=\"fr_CA\" \/>\n<meta property=\"og:type\" content=\"article\" \/>\n<meta property=\"og:title\" content=\"Silhouette - 5.4 cu.ft Wine Cellar - SWC057D1BSS | Silhouette Canada\" \/>\n<meta property=\"og:description\" content=\"Cette cave \u00e0 vin, qui peut accueillir confortablement plus de 51 bouteilles, est pr\u00eate \u00e0 accueillir votre collection. Si la porte magn\u00e9tique bien pens\u00e9e est une caract\u00e9ristique de premier ordre, l&#039;ensemble de la cave \u00e0 vin poss\u00e8de un attrait ind\u00e9niable.\" \/>\n<meta property=\"og:url\" content=\"https:\/\/www.silhouetteappliances.com\/fr\/products\/swc057d1bss\/\" \/>\n<meta property=\"og:site_name\" content=\"Silhouette - Canada - French\" \/>\n<meta property=\"article:publisher\" content=\"https:\/\/www.facebook.com\/SilhouetteAppliances\" \/>\n<meta property=\"article:modified_time\" content=\"2022-12-02T19:58:07+00:00\" \/>\n<meta property=\"og:image\" content=\"https:\/\/cdnweb.silhouetteappliances.com\/wp-content\/uploads\/sites\/7\/2022\/02\/09230013\/SBC057D1BSS_Front_Propped.png\" \/>\n\t<meta property=\"og:image:width\" content=\"1229\" \/>\n\t<meta property=\"og:image:height\" content=\"1688\" \/>\n\t<meta property=\"og:image:type\" content=\"image\/png\" \/>\n<meta name=\"twitter:card\" content=\"summary_large_image\" \/>\n<script type=\"application\/ld+json\" class=\"yoast-schema-graph\">{\"@context\":\"https:\/\/schema.org\",\"@graph\":[{\"@type\":[\"WebPage\",\"ItemPage\"],\"url\":\"https:\/\/www.silhouetteappliances.com\/fr\/products\/swc057d1bss\/\",\"name\":\"Silhouette - 5.4 cu.ft Wine Cellar - SWC057D1BSS | Silhouette Canada\",\"isPartOf\":[],\"primaryImageOfPage\":[],\"image\":[],\"thumbnailUrl\":\"https:\/\/cdnweb.danby.com\/wp-content\/uploads\/sites\/7\/2022\/02\/09230013\/SBC057D1BSS_Front_Propped.png\",\"datePublished\":\"2022-02-09T20:59:36+00:00\",\"dateModified\":\"2022-12-02T19:58:07+00:00\",\"description\":\"Cette cave \u00e0 vin, qui peut accueillir confortablement plus de 51 bouteilles, est pr\u00eate \u00e0 accueillir votre collection. Si la porte magn\u00e9tique bien pens\u00e9e est une caract\u00e9ristique de premier ordre, l'ensemble de la cave \u00e0 vin poss\u00e8de un attrait ind\u00e9niable.\",\"breadcrumb\":[],\"inLanguage\":\"fr-CA\",\"potentialAction\":[{\"@type\":\"ReadAction\",\"target\":[\"https:\/\/www.silhouetteappliances.com\/fr\/products\/swc057d1bss\/\"]}]},{\"@type\":\"ImageObject\",\"inLanguage\":\"fr-CA\",\"url\":\"https:\/\/cdnweb.danby.com\/wp-content\/uploads\/sites\/7\/2022\/02\/09230013\/SBC057D1BSS_Front_Propped.png\",\"contentUrl\":\"https:\/\/cdnweb.danby.com\/wp-content\/uploads\/sites\/7\/2022\/02\/09230013\/SBC057D1BSS_Front_Propped.png\",\"width\":1229,\"height\":1688},{\"@type\":\"BreadcrumbList\",\"itemListElement\":[{\"@type\":\"ListItem\",\"position\":1,\"name\":\"Home\",\"item\":\"https:\/\/www.silhouetteappliances.com\/fr\/\"},{\"@type\":\"ListItem\",\"position\":2,\"name\":\"Shop\",\"item\":\"https:\/\/www.silhouetteappliances.com\/fr\/shop\/\"},{\"@type\":\"ListItem\",\"position\":3,\"name\":\"Silhouette &#8211; 5.4 cu.ft Wine Cellar\"}]},{\"@type\":\"WebSite\",\"url\":\"https:\/\/www.silhouetteappliances.com\/fr\/\",\"name\":\"Silhouette - Canada - French\",\"description\":\"Enfriadores de vino Refrigeradores bajo mostrador.  Todos los frigor\u00edficos - Centro de Bebidas y Vinos\",\"publisher\":[],\"potentialAction\":[{\"@type\":\"SearchAction\",\"target\":{\"@type\":\"EntryPoint\",\"urlTemplate\":\"https:\/\/www.silhouetteappliances.com\/fr\/?s={search_term_string}\"},\"query-input\":{\"@type\":\"PropertyValueSpecification\",\"valueRequired\":true,\"valueName\":\"search_term_string\"}}],\"inLanguage\":\"fr-CA\"},{\"@type\":\"Organization\",\"name\":\"Silhouette Appliances\",\"url\":\"https:\/\/www.silhouetteappliances.com\/fr\/\",\"logo\":{\"@type\":\"ImageObject\",\"inLanguage\":\"fr-CA\",\"url\":\"https:\/\/www.silhouetteappliances.com\/fr\/wp-content\/uploads\/sites\/7\/2021\/12\/logo.png\",\"contentUrl\":\"https:\/\/www.silhouetteappliances.com\/fr\/wp-content\/uploads\/sites\/7\/2021\/12\/logo.png\",\"width\":216,\"height\":46,\"caption\":\"Silhouette Appliances\"},\"image\":[],\"sameAs\":[\"https:\/\/www.facebook.com\/SilhouetteAppliances\",\"https:\/\/www.youtube.com\/user\/SilhouetteAppliance\"]}]}<\/script>\n<!-- \/ Yoast SEO plugin. -->","yoast_head_json":{"title":"Silhouette - 5.4 cu.ft Wine Cellar - SWC057D1BSS | Silhouette Canada","description":"Cette cave \u00e0 vin, qui peut accueillir confortablement plus de 51 bouteilles, est pr\u00eate \u00e0 accueillir votre collection. Si la porte magn\u00e9tique bien pens\u00e9e est une caract\u00e9ristique de premier ordre, l'ensemble de la cave \u00e0 vin poss\u00e8de un attrait ind\u00e9niable.","robots":{"index":"index","follow":"follow","max-snippet":"max-snippet:-1","max-image-preview":"max-image-preview:large","max-video-preview":"max-video-preview:-1"},"canonical":"https:\/\/www.silhouetteappliances.com\/fr\/products\/swc057d1bss\/","og_locale":"fr_CA","og_type":"article","og_title":"Silhouette - 5.4 cu.ft Wine Cellar - SWC057D1BSS | Silhouette Canada","og_description":"Cette cave \u00e0 vin, qui peut accueillir confortablement plus de 51 bouteilles, est pr\u00eate \u00e0 accueillir votre collection. Si la porte magn\u00e9tique bien pens\u00e9e est une caract\u00e9ristique de premier ordre, l'ensemble de la cave \u00e0 vin poss\u00e8de un attrait ind\u00e9niable.","og_url":"https:\/\/www.silhouetteappliances.com\/fr\/products\/swc057d1bss\/","og_site_name":"Silhouette - Canada - French","article_publisher":"https:\/\/www.facebook.com\/SilhouetteAppliances","article_modified_time":"2022-12-02T19:58:07+00:00","og_image":[{"width":1229,"height":1688,"url":"https:\/\/cdnweb.silhouetteappliances.com\/wp-content\/uploads\/sites\/7\/2022\/02\/09230013\/SBC057D1BSS_Front_Propped.png","type":"image\/png"}],"twitter_card":"summary_large_image","schema":{"@context":"https:\/\/schema.org","@graph":[{"@type":["WebPage","ItemPage"],"url":"https:\/\/www.silhouetteappliances.com\/fr\/products\/swc057d1bss\/","name":"Silhouette - 5.4 cu.ft Wine Cellar - SWC057D1BSS | Silhouette Canada","isPartOf":[],"primaryImageOfPage":[],"image":[],"thumbnailUrl":"https:\/\/cdnweb.danby.com\/wp-content\/uploads\/sites\/7\/2022\/02\/09230013\/SBC057D1BSS_Front_Propped.png","datePublished":"2022-02-09T20:59:36+00:00","dateModified":"2022-12-02T19:58:07+00:00","description":"Cette cave \u00e0 vin, qui peut accueillir confortablement plus de 51 bouteilles, est pr\u00eate \u00e0 accueillir votre collection. Si la porte magn\u00e9tique bien pens\u00e9e est une caract\u00e9ristique de premier ordre, l'ensemble de la cave \u00e0 vin poss\u00e8de un attrait ind\u00e9niable.","breadcrumb":[],"inLanguage":"fr-CA","potentialAction":[{"@type":"ReadAction","target":["https:\/\/www.silhouetteappliances.com\/fr\/products\/swc057d1bss\/"]}]},{"@type":"ImageObject","inLanguage":"fr-CA","url":"https:\/\/cdnweb.danby.com\/wp-content\/uploads\/sites\/7\/2022\/02\/09230013\/SBC057D1BSS_Front_Propped.png","contentUrl":"https:\/\/cdnweb.danby.com\/wp-content\/uploads\/sites\/7\/2022\/02\/09230013\/SBC057D1BSS_Front_Propped.png","width":1229,"height":1688},{"@type":"BreadcrumbList","itemListElement":[{"@type":"ListItem","position":1,"name":"Home","item":"https:\/\/www.silhouetteappliances.com\/fr\/"},{"@type":"ListItem","position":2,"name":"Shop","item":"https:\/\/www.silhouetteappliances.com\/fr\/shop\/"},{"@type":"ListItem","position":3,"name":"Silhouette &#8211; 5.4 cu.ft Wine Cellar"}]},{"@type":"WebSite","url":"https:\/\/www.silhouetteappliances.com\/fr\/","name":"Silhouette - Canada - French","description":"Enfriadores de vino Refrigeradores bajo mostrador.  Todos los frigor\u00edficos - Centro de Bebidas y Vinos","publisher":[],"potentialAction":[{"@type":"SearchAction","target":{"@type":"EntryPoint","urlTemplate":"https:\/\/www.silhouetteappliances.com\/fr\/?s={search_term_string}"},"query-input":{"@type":"PropertyValueSpecification","valueRequired":true,"valueName":"search_term_string"}}],"inLanguage":"fr-CA"},{"@type":"Organization","name":"Silhouette Appliances","url":"https:\/\/www.silhouetteappliances.com\/fr\/","logo":{"@type":"ImageObject","inLanguage":"fr-CA","url":"https:\/\/www.silhouetteappliances.com\/fr\/wp-content\/uploads\/sites\/7\/2021\/12\/logo.png","contentUrl":"https:\/\/www.silhouetteappliances.com\/fr\/wp-content\/uploads\/sites\/7\/2021\/12\/logo.png","width":216,"height":46,"caption":"Silhouette Appliances"},"image":[],"sameAs":["https:\/\/www.facebook.com\/SilhouetteAppliances","https:\/\/www.youtube.com\/user\/SilhouetteAppliance"]}]}},"post_mailing_queue_ids":[],"_links":{"self":[{"href":"https:\/\/www.silhouetteappliances.com\/fr\/wp-json\/wp\/v2\/product\/1080","targetHints":{"allow":["GET"]}}],"collection":[{"href":"https:\/\/www.silhouetteappliances.com\/fr\/wp-json\/wp\/v2\/product"}],"about":[{"href":"https:\/\/www.silhouetteappliances.com\/fr\/wp-json\/wp\/v2\/types\/product"}],"replies":[{"embeddable":true,"href":"https:\/\/www.silhouetteappliances.com\/fr\/wp-json\/wp\/v2\/comments?post=1080"}],"wp:featuredmedia":[{"embeddable":true,"href":"https:\/\/www.silhouetteappliances.com\/fr\/wp-json\/wp\/v2\/media\/1336"}],"wp:attachment":[{"href":"https:\/\/www.silhouetteappliances.com\/fr\/wp-json\/wp\/v2\/media?parent=1080"}],"wp:term":[{"taxonomy":"product_brand","embeddable":true,"href":"https:\/\/www.silhouetteappliances.com\/fr\/wp-json\/wp\/v2\/product_brand?post=1080"},{"taxonomy":"product_cat","embeddable":true,"href":"https:\/\/www.silhouetteappliances.com\/fr\/wp-json\/wp\/v2\/product_cat?post=1080"},{"taxonomy":"product_tag","embeddable":true,"href":"https:\/\/www.silhouetteappliances.com\/fr\/wp-json\/wp\/v2\/product_tag?post=1080"}],"curies":[{"name":"wp","href":"https:\/\/api.w.org\/{rel}","templated":true}]}}