{"id":1077,"date":"2022-02-09T20:59:36","date_gmt":"2022-02-09T20:59:36","guid":{"rendered":"https:\/\/www.silhouetteappliances.com\/fr\/product\/sswc056d1b\/"},"modified":"2022-12-02T19:58:06","modified_gmt":"2022-12-02T19:58:06","slug":"sswc056d1b","status":"publish","type":"product","link":"https:\/\/www.silhouetteappliances.com\/fr\/products\/sswc056d1b\/","title":{"rendered":"Sydney &#8211; Cave \u00e0 vin 24&Prime; \u00e0 zone unique"},"content":{"rendered":"","protected":false},"excerpt":{"rendered":"<li>Rappel de temp\u00e9rature, alarme de porte entrouverte, alarme de temp\u00e9rature, mode sabbat.<\/li>\n","protected":false},"featured_media":1326,"comment_status":"closed","ping_status":"open","template":"","meta":{"_acf_changed":false},"product_brand":[],"product_cat":[21],"product_tag":[],"class_list":{"0":"post-1077","1":"product","2":"type-product","3":"status-publish","4":"has-post-thumbnail","6":"product_cat-refroidisseurs-a-vin","8":"first","9":"instock","10":"shipping-taxable","11":"product-type-simple"},"acf":[],"yoast_head":"<!-- This site is optimized with the Yoast SEO plugin v26.7 - https:\/\/yoast.com\/wordpress\/plugins\/seo\/ -->\n<title>Sydney - Cave \u00e0 vin 24&quot; \u00e0 zone unique - SSWC056D1B | Silhouette Canada<\/title>\n<meta name=\"description\" content=\"Sydney est la cave \u00e0 vin parfaite pour l&#039;amuseur \u00e9l\u00e9gant. Son audacieuse finition en onyx noir et sa poign\u00e9e en aluminium assortie sont aussi brillantes que le vin qui s&#039;y trouve.\u00a0 Cette unit\u00e9 contemporaine est dot\u00e9e des meilleures caract\u00e9ristiques, y compris une alerte de temp\u00e9rature \u00e9lev\u00e9e et d&#039;ouverture de porte, afin de garantir que vos vins pr\u00e9f\u00e9r\u00e9s soient conserv\u00e9s \u00e0 la temp\u00e9rature id\u00e9ale pour le plus grand plaisir de vos invit\u00e9s.\" \/>\n<meta name=\"robots\" content=\"index, follow, max-snippet:-1, max-image-preview:large, max-video-preview:-1\" \/>\n<link rel=\"canonical\" href=\"https:\/\/www.silhouetteappliances.com\/fr\/products\/sswc056d1b\/\" \/>\n<meta property=\"og:locale\" content=\"fr_CA\" \/>\n<meta property=\"og:type\" content=\"article\" \/>\n<meta property=\"og:title\" content=\"Sydney - Cave \u00e0 vin 24&quot; \u00e0 zone unique - SSWC056D1B | Silhouette Canada\" \/>\n<meta property=\"og:description\" content=\"Sydney est la cave \u00e0 vin parfaite pour l&#039;amuseur \u00e9l\u00e9gant. Son audacieuse finition en onyx noir et sa poign\u00e9e en aluminium assortie sont aussi brillantes que le vin qui s&#039;y trouve.\u00a0 Cette unit\u00e9 contemporaine est dot\u00e9e des meilleures caract\u00e9ristiques, y compris une alerte de temp\u00e9rature \u00e9lev\u00e9e et d&#039;ouverture de porte, afin de garantir que vos vins pr\u00e9f\u00e9r\u00e9s soient conserv\u00e9s \u00e0 la temp\u00e9rature id\u00e9ale pour le plus grand plaisir de vos invit\u00e9s.\" \/>\n<meta property=\"og:url\" content=\"https:\/\/www.silhouetteappliances.com\/fr\/products\/sswc056d1b\/\" \/>\n<meta property=\"og:site_name\" content=\"Silhouette - Canada - French\" \/>\n<meta property=\"article:publisher\" content=\"https:\/\/www.facebook.com\/SilhouetteAppliances\" \/>\n<meta property=\"article:modified_time\" content=\"2022-12-02T19:58:06+00:00\" \/>\n<meta property=\"og:image\" content=\"https:\/\/cdnweb.silhouetteappliances.com\/wp-content\/uploads\/sites\/7\/2022\/02\/09225637\/image005.png\" \/>\n\t<meta property=\"og:image:width\" content=\"502\" \/>\n\t<meta property=\"og:image:height\" content=\"550\" \/>\n\t<meta property=\"og:image:type\" content=\"image\/png\" \/>\n<meta name=\"twitter:card\" content=\"summary_large_image\" \/>\n<script type=\"application\/ld+json\" class=\"yoast-schema-graph\">{\"@context\":\"https:\/\/schema.org\",\"@graph\":[{\"@type\":[\"WebPage\",\"ItemPage\"],\"url\":\"https:\/\/www.silhouetteappliances.com\/fr\/products\/sswc056d1b\/\",\"name\":\"Sydney - Cave \u00e0 vin 24\\\" \u00e0 zone unique - SSWC056D1B | Silhouette Canada\",\"isPartOf\":[],\"primaryImageOfPage\":[],\"image\":[],\"thumbnailUrl\":\"https:\/\/cdnweb.danby.com\/wp-content\/uploads\/sites\/7\/2022\/02\/09225637\/image005.png\",\"datePublished\":\"2022-02-09T20:59:36+00:00\",\"dateModified\":\"2022-12-02T19:58:06+00:00\",\"description\":\"Sydney est la cave \u00e0 vin parfaite pour l'amuseur \u00e9l\u00e9gant. Son audacieuse finition en onyx noir et sa poign\u00e9e en aluminium assortie sont aussi brillantes que le vin qui s'y trouve.\u00a0 Cette unit\u00e9 contemporaine est dot\u00e9e des meilleures caract\u00e9ristiques, y compris une alerte de temp\u00e9rature \u00e9lev\u00e9e et d'ouverture de porte, afin de garantir que vos vins pr\u00e9f\u00e9r\u00e9s soient conserv\u00e9s \u00e0 la temp\u00e9rature id\u00e9ale pour le plus grand plaisir de vos invit\u00e9s.\",\"breadcrumb\":[],\"inLanguage\":\"fr-CA\",\"potentialAction\":[{\"@type\":\"ReadAction\",\"target\":[\"https:\/\/www.silhouetteappliances.com\/fr\/products\/sswc056d1b\/\"]}]},{\"@type\":\"ImageObject\",\"inLanguage\":\"fr-CA\",\"url\":\"https:\/\/cdnweb.danby.com\/wp-content\/uploads\/sites\/7\/2022\/02\/09225637\/image005.png\",\"contentUrl\":\"https:\/\/cdnweb.danby.com\/wp-content\/uploads\/sites\/7\/2022\/02\/09225637\/image005.png\",\"width\":502,\"height\":550},{\"@type\":\"BreadcrumbList\",\"itemListElement\":[{\"@type\":\"ListItem\",\"position\":1,\"name\":\"Home\",\"item\":\"https:\/\/www.silhouetteappliances.com\/fr\/\"},{\"@type\":\"ListItem\",\"position\":2,\"name\":\"Shop\",\"item\":\"https:\/\/www.silhouetteappliances.com\/fr\/shop\/\"},{\"@type\":\"ListItem\",\"position\":3,\"name\":\"Sydney &#8211; Cave \u00e0 vin 24&#8243; \u00e0 zone unique\"}]},{\"@type\":\"WebSite\",\"url\":\"https:\/\/www.silhouetteappliances.com\/fr\/\",\"name\":\"Silhouette - Canada - French\",\"description\":\"Enfriadores de vino Refrigeradores bajo mostrador.  Todos los frigor\u00edficos - Centro de Bebidas y Vinos\",\"publisher\":[],\"potentialAction\":[{\"@type\":\"SearchAction\",\"target\":{\"@type\":\"EntryPoint\",\"urlTemplate\":\"https:\/\/www.silhouetteappliances.com\/fr\/?s={search_term_string}\"},\"query-input\":{\"@type\":\"PropertyValueSpecification\",\"valueRequired\":true,\"valueName\":\"search_term_string\"}}],\"inLanguage\":\"fr-CA\"},{\"@type\":\"Organization\",\"name\":\"Silhouette Appliances\",\"url\":\"https:\/\/www.silhouetteappliances.com\/fr\/\",\"logo\":{\"@type\":\"ImageObject\",\"inLanguage\":\"fr-CA\",\"url\":\"https:\/\/www.silhouetteappliances.com\/fr\/wp-content\/uploads\/sites\/7\/2021\/12\/logo.png\",\"contentUrl\":\"https:\/\/www.silhouetteappliances.com\/fr\/wp-content\/uploads\/sites\/7\/2021\/12\/logo.png\",\"width\":216,\"height\":46,\"caption\":\"Silhouette Appliances\"},\"image\":[],\"sameAs\":[\"https:\/\/www.facebook.com\/SilhouetteAppliances\",\"https:\/\/www.youtube.com\/user\/SilhouetteAppliance\"]}]}<\/script>\n<!-- \/ Yoast SEO plugin. -->","yoast_head_json":{"title":"Sydney - Cave \u00e0 vin 24\" \u00e0 zone unique - SSWC056D1B | Silhouette Canada","description":"Sydney est la cave \u00e0 vin parfaite pour l'amuseur \u00e9l\u00e9gant. Son audacieuse finition en onyx noir et sa poign\u00e9e en aluminium assortie sont aussi brillantes que le vin qui s'y trouve.\u00a0 Cette unit\u00e9 contemporaine est dot\u00e9e des meilleures caract\u00e9ristiques, y compris une alerte de temp\u00e9rature \u00e9lev\u00e9e et d'ouverture de porte, afin de garantir que vos vins pr\u00e9f\u00e9r\u00e9s soient conserv\u00e9s \u00e0 la temp\u00e9rature id\u00e9ale pour le plus grand plaisir de vos invit\u00e9s.","robots":{"index":"index","follow":"follow","max-snippet":"max-snippet:-1","max-image-preview":"max-image-preview:large","max-video-preview":"max-video-preview:-1"},"canonical":"https:\/\/www.silhouetteappliances.com\/fr\/products\/sswc056d1b\/","og_locale":"fr_CA","og_type":"article","og_title":"Sydney - Cave \u00e0 vin 24\" \u00e0 zone unique - SSWC056D1B | Silhouette Canada","og_description":"Sydney est la cave \u00e0 vin parfaite pour l'amuseur \u00e9l\u00e9gant. Son audacieuse finition en onyx noir et sa poign\u00e9e en aluminium assortie sont aussi brillantes que le vin qui s'y trouve.\u00a0 Cette unit\u00e9 contemporaine est dot\u00e9e des meilleures caract\u00e9ristiques, y compris une alerte de temp\u00e9rature \u00e9lev\u00e9e et d'ouverture de porte, afin de garantir que vos vins pr\u00e9f\u00e9r\u00e9s soient conserv\u00e9s \u00e0 la temp\u00e9rature id\u00e9ale pour le plus grand plaisir de vos invit\u00e9s.","og_url":"https:\/\/www.silhouetteappliances.com\/fr\/products\/sswc056d1b\/","og_site_name":"Silhouette - Canada - French","article_publisher":"https:\/\/www.facebook.com\/SilhouetteAppliances","article_modified_time":"2022-12-02T19:58:06+00:00","og_image":[{"width":502,"height":550,"url":"https:\/\/cdnweb.silhouetteappliances.com\/wp-content\/uploads\/sites\/7\/2022\/02\/09225637\/image005.png","type":"image\/png"}],"twitter_card":"summary_large_image","schema":{"@context":"https:\/\/schema.org","@graph":[{"@type":["WebPage","ItemPage"],"url":"https:\/\/www.silhouetteappliances.com\/fr\/products\/sswc056d1b\/","name":"Sydney - Cave \u00e0 vin 24\" \u00e0 zone unique - SSWC056D1B | Silhouette Canada","isPartOf":[],"primaryImageOfPage":[],"image":[],"thumbnailUrl":"https:\/\/cdnweb.danby.com\/wp-content\/uploads\/sites\/7\/2022\/02\/09225637\/image005.png","datePublished":"2022-02-09T20:59:36+00:00","dateModified":"2022-12-02T19:58:06+00:00","description":"Sydney est la cave \u00e0 vin parfaite pour l'amuseur \u00e9l\u00e9gant. Son audacieuse finition en onyx noir et sa poign\u00e9e en aluminium assortie sont aussi brillantes que le vin qui s'y trouve.\u00a0 Cette unit\u00e9 contemporaine est dot\u00e9e des meilleures caract\u00e9ristiques, y compris une alerte de temp\u00e9rature \u00e9lev\u00e9e et d'ouverture de porte, afin de garantir que vos vins pr\u00e9f\u00e9r\u00e9s soient conserv\u00e9s \u00e0 la temp\u00e9rature id\u00e9ale pour le plus grand plaisir de vos invit\u00e9s.","breadcrumb":[],"inLanguage":"fr-CA","potentialAction":[{"@type":"ReadAction","target":["https:\/\/www.silhouetteappliances.com\/fr\/products\/sswc056d1b\/"]}]},{"@type":"ImageObject","inLanguage":"fr-CA","url":"https:\/\/cdnweb.danby.com\/wp-content\/uploads\/sites\/7\/2022\/02\/09225637\/image005.png","contentUrl":"https:\/\/cdnweb.danby.com\/wp-content\/uploads\/sites\/7\/2022\/02\/09225637\/image005.png","width":502,"height":550},{"@type":"BreadcrumbList","itemListElement":[{"@type":"ListItem","position":1,"name":"Home","item":"https:\/\/www.silhouetteappliances.com\/fr\/"},{"@type":"ListItem","position":2,"name":"Shop","item":"https:\/\/www.silhouetteappliances.com\/fr\/shop\/"},{"@type":"ListItem","position":3,"name":"Sydney &#8211; Cave \u00e0 vin 24&#8243; \u00e0 zone unique"}]},{"@type":"WebSite","url":"https:\/\/www.silhouetteappliances.com\/fr\/","name":"Silhouette - Canada - French","description":"Enfriadores de vino Refrigeradores bajo mostrador.  Todos los frigor\u00edficos - Centro de Bebidas y Vinos","publisher":[],"potentialAction":[{"@type":"SearchAction","target":{"@type":"EntryPoint","urlTemplate":"https:\/\/www.silhouetteappliances.com\/fr\/?s={search_term_string}"},"query-input":{"@type":"PropertyValueSpecification","valueRequired":true,"valueName":"search_term_string"}}],"inLanguage":"fr-CA"},{"@type":"Organization","name":"Silhouette Appliances","url":"https:\/\/www.silhouetteappliances.com\/fr\/","logo":{"@type":"ImageObject","inLanguage":"fr-CA","url":"https:\/\/www.silhouetteappliances.com\/fr\/wp-content\/uploads\/sites\/7\/2021\/12\/logo.png","contentUrl":"https:\/\/www.silhouetteappliances.com\/fr\/wp-content\/uploads\/sites\/7\/2021\/12\/logo.png","width":216,"height":46,"caption":"Silhouette Appliances"},"image":[],"sameAs":["https:\/\/www.facebook.com\/SilhouetteAppliances","https:\/\/www.youtube.com\/user\/SilhouetteAppliance"]}]}},"post_mailing_queue_ids":[],"_links":{"self":[{"href":"https:\/\/www.silhouetteappliances.com\/fr\/wp-json\/wp\/v2\/product\/1077","targetHints":{"allow":["GET"]}}],"collection":[{"href":"https:\/\/www.silhouetteappliances.com\/fr\/wp-json\/wp\/v2\/product"}],"about":[{"href":"https:\/\/www.silhouetteappliances.com\/fr\/wp-json\/wp\/v2\/types\/product"}],"replies":[{"embeddable":true,"href":"https:\/\/www.silhouetteappliances.com\/fr\/wp-json\/wp\/v2\/comments?post=1077"}],"wp:featuredmedia":[{"embeddable":true,"href":"https:\/\/www.silhouetteappliances.com\/fr\/wp-json\/wp\/v2\/media\/1326"}],"wp:attachment":[{"href":"https:\/\/www.silhouetteappliances.com\/fr\/wp-json\/wp\/v2\/media?parent=1077"}],"wp:term":[{"taxonomy":"product_brand","embeddable":true,"href":"https:\/\/www.silhouetteappliances.com\/fr\/wp-json\/wp\/v2\/product_brand?post=1077"},{"taxonomy":"product_cat","embeddable":true,"href":"https:\/\/www.silhouetteappliances.com\/fr\/wp-json\/wp\/v2\/product_cat?post=1077"},{"taxonomy":"product_tag","embeddable":true,"href":"https:\/\/www.silhouetteappliances.com\/fr\/wp-json\/wp\/v2\/product_tag?post=1077"}],"curies":[{"name":"wp","href":"https:\/\/api.w.org\/{rel}","templated":true}]}}