{"id":1072,"date":"2022-02-09T20:59:36","date_gmt":"2022-02-09T20:59:36","guid":{"rendered":"https:\/\/www.silhouetteappliances.com\/fr\/product\/ssbc056d1b\/"},"modified":"2022-12-02T19:58:05","modified_gmt":"2022-12-02T19:58:05","slug":"ssbc056d1b","status":"publish","type":"product","link":"https:\/\/www.silhouetteappliances.com\/fr\/products\/ssbc056d1b\/","title":{"rendered":"Prague &#8211; Centre de boissons 24&Prime; \u00e0 zone unique"},"content":{"rendered":"","protected":false},"excerpt":{"rendered":"<li>La conception des portes de qualit\u00e9 sup\u00e9rieure comprend un verre \u00e0 double vitrage, \u00e0 faible \u00e9missivit\u00e9 et rempli d&rsquo;argon.<\/li>\n","protected":false},"featured_media":1305,"comment_status":"closed","ping_status":"open","template":"","meta":{"_acf_changed":false},"product_brand":[],"product_cat":[19],"product_tag":[],"class_list":{"0":"post-1072","1":"product","2":"type-product","3":"status-publish","4":"has-post-thumbnail","6":"product_cat-refroidisseur-de-boissons","8":"first","9":"instock","10":"shipping-taxable","11":"product-type-simple"},"acf":[],"yoast_head":"<!-- This site is optimized with the Yoast SEO plugin v26.7 - https:\/\/yoast.com\/wordpress\/plugins\/seo\/ -->\n<title>Prague - Centre de boissons 24&quot; \u00e0 zone unique - SSBC056D1B | Silhouette Canada<\/title>\n<meta name=\"description\" content=\"Nomm\u00e9 d&#039;apr\u00e8s une ville r\u00e9put\u00e9e pour sa bi\u00e8re d\u00e9licieuse, ses structures \u00e9l\u00e9gantes et son hospitalit\u00e9 g\u00e9n\u00e9reuse, ce centre de boissons ne d\u00e9cevra pas l&#039;amuseur moderne. La finition contemporaine audacieuse en onyx noir avec poign\u00e9e assortie brille et apporte une sophistication chic \u00e0 tout d\u00e9cor. Avec la possibilit\u00e9 de stocker jusqu&#039;\u00e0 138 canettes et 6 bouteilles de vin, vos invit\u00e9s ne seront jamais en manque.\" \/>\n<meta name=\"robots\" content=\"index, follow, max-snippet:-1, max-image-preview:large, max-video-preview:-1\" \/>\n<link rel=\"canonical\" href=\"https:\/\/www.silhouetteappliances.com\/fr\/products\/ssbc056d1b\/\" \/>\n<meta property=\"og:locale\" content=\"fr_CA\" \/>\n<meta property=\"og:type\" content=\"article\" \/>\n<meta property=\"og:title\" content=\"Prague - Centre de boissons 24&quot; \u00e0 zone unique - SSBC056D1B | Silhouette Canada\" \/>\n<meta property=\"og:description\" content=\"Nomm\u00e9 d&#039;apr\u00e8s une ville r\u00e9put\u00e9e pour sa bi\u00e8re d\u00e9licieuse, ses structures \u00e9l\u00e9gantes et son hospitalit\u00e9 g\u00e9n\u00e9reuse, ce centre de boissons ne d\u00e9cevra pas l&#039;amuseur moderne. La finition contemporaine audacieuse en onyx noir avec poign\u00e9e assortie brille et apporte une sophistication chic \u00e0 tout d\u00e9cor. Avec la possibilit\u00e9 de stocker jusqu&#039;\u00e0 138 canettes et 6 bouteilles de vin, vos invit\u00e9s ne seront jamais en manque.\" \/>\n<meta property=\"og:url\" content=\"https:\/\/www.silhouetteappliances.com\/fr\/products\/ssbc056d1b\/\" \/>\n<meta property=\"og:site_name\" content=\"Silhouette - Canada - French\" \/>\n<meta property=\"article:publisher\" content=\"https:\/\/www.facebook.com\/SilhouetteAppliances\" \/>\n<meta property=\"article:modified_time\" content=\"2022-12-02T19:58:05+00:00\" \/>\n<meta property=\"og:image\" content=\"https:\/\/cdnweb.silhouetteappliances.com\/wp-content\/uploads\/sites\/7\/2022\/02\/09224509\/SSBC056D1B_Front_Empty-1.png\" \/>\n\t<meta property=\"og:image:width\" content=\"1028\" \/>\n\t<meta property=\"og:image:height\" content=\"1437\" \/>\n\t<meta property=\"og:image:type\" content=\"image\/png\" \/>\n<meta name=\"twitter:card\" content=\"summary_large_image\" \/>\n<script type=\"application\/ld+json\" class=\"yoast-schema-graph\">{\"@context\":\"https:\/\/schema.org\",\"@graph\":[{\"@type\":[\"WebPage\",\"ItemPage\"],\"url\":\"https:\/\/www.silhouetteappliances.com\/fr\/products\/ssbc056d1b\/\",\"name\":\"Prague - Centre de boissons 24\\\" \u00e0 zone unique - SSBC056D1B | Silhouette Canada\",\"isPartOf\":[],\"primaryImageOfPage\":[],\"image\":[],\"thumbnailUrl\":\"https:\/\/cdnweb.danby.com\/wp-content\/uploads\/sites\/7\/2022\/02\/09224509\/SSBC056D1B_Front_Empty-1.png\",\"datePublished\":\"2022-02-09T20:59:36+00:00\",\"dateModified\":\"2022-12-02T19:58:05+00:00\",\"description\":\"Nomm\u00e9 d'apr\u00e8s une ville r\u00e9put\u00e9e pour sa bi\u00e8re d\u00e9licieuse, ses structures \u00e9l\u00e9gantes et son hospitalit\u00e9 g\u00e9n\u00e9reuse, ce centre de boissons ne d\u00e9cevra pas l'amuseur moderne. La finition contemporaine audacieuse en onyx noir avec poign\u00e9e assortie brille et apporte une sophistication chic \u00e0 tout d\u00e9cor. Avec la possibilit\u00e9 de stocker jusqu'\u00e0 138 canettes et 6 bouteilles de vin, vos invit\u00e9s ne seront jamais en manque.\",\"breadcrumb\":[],\"inLanguage\":\"fr-CA\",\"potentialAction\":[{\"@type\":\"ReadAction\",\"target\":[\"https:\/\/www.silhouetteappliances.com\/fr\/products\/ssbc056d1b\/\"]}]},{\"@type\":\"ImageObject\",\"inLanguage\":\"fr-CA\",\"url\":\"https:\/\/cdnweb.danby.com\/wp-content\/uploads\/sites\/7\/2022\/02\/09224509\/SSBC056D1B_Front_Empty-1.png\",\"contentUrl\":\"https:\/\/cdnweb.danby.com\/wp-content\/uploads\/sites\/7\/2022\/02\/09224509\/SSBC056D1B_Front_Empty-1.png\",\"width\":1028,\"height\":1437},{\"@type\":\"BreadcrumbList\",\"itemListElement\":[{\"@type\":\"ListItem\",\"position\":1,\"name\":\"Home\",\"item\":\"https:\/\/www.silhouetteappliances.com\/fr\/\"},{\"@type\":\"ListItem\",\"position\":2,\"name\":\"Shop\",\"item\":\"https:\/\/www.silhouetteappliances.com\/fr\/shop\/\"},{\"@type\":\"ListItem\",\"position\":3,\"name\":\"Prague &#8211; Centre de boissons 24&#8243; \u00e0 zone unique\"}]},{\"@type\":\"WebSite\",\"url\":\"https:\/\/www.silhouetteappliances.com\/fr\/\",\"name\":\"Silhouette - Canada - French\",\"description\":\"Enfriadores de vino Refrigeradores bajo mostrador.  Todos los frigor\u00edficos - Centro de Bebidas y Vinos\",\"publisher\":[],\"potentialAction\":[{\"@type\":\"SearchAction\",\"target\":{\"@type\":\"EntryPoint\",\"urlTemplate\":\"https:\/\/www.silhouetteappliances.com\/fr\/?s={search_term_string}\"},\"query-input\":{\"@type\":\"PropertyValueSpecification\",\"valueRequired\":true,\"valueName\":\"search_term_string\"}}],\"inLanguage\":\"fr-CA\"},{\"@type\":\"Organization\",\"name\":\"Silhouette Appliances\",\"url\":\"https:\/\/www.silhouetteappliances.com\/fr\/\",\"logo\":{\"@type\":\"ImageObject\",\"inLanguage\":\"fr-CA\",\"url\":\"https:\/\/www.silhouetteappliances.com\/fr\/wp-content\/uploads\/sites\/7\/2021\/12\/logo.png\",\"contentUrl\":\"https:\/\/www.silhouetteappliances.com\/fr\/wp-content\/uploads\/sites\/7\/2021\/12\/logo.png\",\"width\":216,\"height\":46,\"caption\":\"Silhouette Appliances\"},\"image\":[],\"sameAs\":[\"https:\/\/www.facebook.com\/SilhouetteAppliances\",\"https:\/\/www.youtube.com\/user\/SilhouetteAppliance\"]}]}<\/script>\n<!-- \/ Yoast SEO plugin. -->","yoast_head_json":{"title":"Prague - Centre de boissons 24\" \u00e0 zone unique - SSBC056D1B | Silhouette Canada","description":"Nomm\u00e9 d'apr\u00e8s une ville r\u00e9put\u00e9e pour sa bi\u00e8re d\u00e9licieuse, ses structures \u00e9l\u00e9gantes et son hospitalit\u00e9 g\u00e9n\u00e9reuse, ce centre de boissons ne d\u00e9cevra pas l'amuseur moderne. La finition contemporaine audacieuse en onyx noir avec poign\u00e9e assortie brille et apporte une sophistication chic \u00e0 tout d\u00e9cor. Avec la possibilit\u00e9 de stocker jusqu'\u00e0 138 canettes et 6 bouteilles de vin, vos invit\u00e9s ne seront jamais en manque.","robots":{"index":"index","follow":"follow","max-snippet":"max-snippet:-1","max-image-preview":"max-image-preview:large","max-video-preview":"max-video-preview:-1"},"canonical":"https:\/\/www.silhouetteappliances.com\/fr\/products\/ssbc056d1b\/","og_locale":"fr_CA","og_type":"article","og_title":"Prague - Centre de boissons 24\" \u00e0 zone unique - SSBC056D1B | Silhouette Canada","og_description":"Nomm\u00e9 d'apr\u00e8s une ville r\u00e9put\u00e9e pour sa bi\u00e8re d\u00e9licieuse, ses structures \u00e9l\u00e9gantes et son hospitalit\u00e9 g\u00e9n\u00e9reuse, ce centre de boissons ne d\u00e9cevra pas l'amuseur moderne. La finition contemporaine audacieuse en onyx noir avec poign\u00e9e assortie brille et apporte une sophistication chic \u00e0 tout d\u00e9cor. Avec la possibilit\u00e9 de stocker jusqu'\u00e0 138 canettes et 6 bouteilles de vin, vos invit\u00e9s ne seront jamais en manque.","og_url":"https:\/\/www.silhouetteappliances.com\/fr\/products\/ssbc056d1b\/","og_site_name":"Silhouette - Canada - French","article_publisher":"https:\/\/www.facebook.com\/SilhouetteAppliances","article_modified_time":"2022-12-02T19:58:05+00:00","og_image":[{"width":1028,"height":1437,"url":"https:\/\/cdnweb.silhouetteappliances.com\/wp-content\/uploads\/sites\/7\/2022\/02\/09224509\/SSBC056D1B_Front_Empty-1.png","type":"image\/png"}],"twitter_card":"summary_large_image","schema":{"@context":"https:\/\/schema.org","@graph":[{"@type":["WebPage","ItemPage"],"url":"https:\/\/www.silhouetteappliances.com\/fr\/products\/ssbc056d1b\/","name":"Prague - Centre de boissons 24\" \u00e0 zone unique - SSBC056D1B | Silhouette Canada","isPartOf":[],"primaryImageOfPage":[],"image":[],"thumbnailUrl":"https:\/\/cdnweb.danby.com\/wp-content\/uploads\/sites\/7\/2022\/02\/09224509\/SSBC056D1B_Front_Empty-1.png","datePublished":"2022-02-09T20:59:36+00:00","dateModified":"2022-12-02T19:58:05+00:00","description":"Nomm\u00e9 d'apr\u00e8s une ville r\u00e9put\u00e9e pour sa bi\u00e8re d\u00e9licieuse, ses structures \u00e9l\u00e9gantes et son hospitalit\u00e9 g\u00e9n\u00e9reuse, ce centre de boissons ne d\u00e9cevra pas l'amuseur moderne. La finition contemporaine audacieuse en onyx noir avec poign\u00e9e assortie brille et apporte une sophistication chic \u00e0 tout d\u00e9cor. Avec la possibilit\u00e9 de stocker jusqu'\u00e0 138 canettes et 6 bouteilles de vin, vos invit\u00e9s ne seront jamais en manque.","breadcrumb":[],"inLanguage":"fr-CA","potentialAction":[{"@type":"ReadAction","target":["https:\/\/www.silhouetteappliances.com\/fr\/products\/ssbc056d1b\/"]}]},{"@type":"ImageObject","inLanguage":"fr-CA","url":"https:\/\/cdnweb.danby.com\/wp-content\/uploads\/sites\/7\/2022\/02\/09224509\/SSBC056D1B_Front_Empty-1.png","contentUrl":"https:\/\/cdnweb.danby.com\/wp-content\/uploads\/sites\/7\/2022\/02\/09224509\/SSBC056D1B_Front_Empty-1.png","width":1028,"height":1437},{"@type":"BreadcrumbList","itemListElement":[{"@type":"ListItem","position":1,"name":"Home","item":"https:\/\/www.silhouetteappliances.com\/fr\/"},{"@type":"ListItem","position":2,"name":"Shop","item":"https:\/\/www.silhouetteappliances.com\/fr\/shop\/"},{"@type":"ListItem","position":3,"name":"Prague &#8211; Centre de boissons 24&#8243; \u00e0 zone unique"}]},{"@type":"WebSite","url":"https:\/\/www.silhouetteappliances.com\/fr\/","name":"Silhouette - Canada - French","description":"Enfriadores de vino Refrigeradores bajo mostrador.  Todos los frigor\u00edficos - Centro de Bebidas y Vinos","publisher":[],"potentialAction":[{"@type":"SearchAction","target":{"@type":"EntryPoint","urlTemplate":"https:\/\/www.silhouetteappliances.com\/fr\/?s={search_term_string}"},"query-input":{"@type":"PropertyValueSpecification","valueRequired":true,"valueName":"search_term_string"}}],"inLanguage":"fr-CA"},{"@type":"Organization","name":"Silhouette Appliances","url":"https:\/\/www.silhouetteappliances.com\/fr\/","logo":{"@type":"ImageObject","inLanguage":"fr-CA","url":"https:\/\/www.silhouetteappliances.com\/fr\/wp-content\/uploads\/sites\/7\/2021\/12\/logo.png","contentUrl":"https:\/\/www.silhouetteappliances.com\/fr\/wp-content\/uploads\/sites\/7\/2021\/12\/logo.png","width":216,"height":46,"caption":"Silhouette Appliances"},"image":[],"sameAs":["https:\/\/www.facebook.com\/SilhouetteAppliances","https:\/\/www.youtube.com\/user\/SilhouetteAppliance"]}]}},"post_mailing_queue_ids":[],"_links":{"self":[{"href":"https:\/\/www.silhouetteappliances.com\/fr\/wp-json\/wp\/v2\/product\/1072","targetHints":{"allow":["GET"]}}],"collection":[{"href":"https:\/\/www.silhouetteappliances.com\/fr\/wp-json\/wp\/v2\/product"}],"about":[{"href":"https:\/\/www.silhouetteappliances.com\/fr\/wp-json\/wp\/v2\/types\/product"}],"replies":[{"embeddable":true,"href":"https:\/\/www.silhouetteappliances.com\/fr\/wp-json\/wp\/v2\/comments?post=1072"}],"wp:featuredmedia":[{"embeddable":true,"href":"https:\/\/www.silhouetteappliances.com\/fr\/wp-json\/wp\/v2\/media\/1305"}],"wp:attachment":[{"href":"https:\/\/www.silhouetteappliances.com\/fr\/wp-json\/wp\/v2\/media?parent=1072"}],"wp:term":[{"taxonomy":"product_brand","embeddable":true,"href":"https:\/\/www.silhouetteappliances.com\/fr\/wp-json\/wp\/v2\/product_brand?post=1072"},{"taxonomy":"product_cat","embeddable":true,"href":"https:\/\/www.silhouetteappliances.com\/fr\/wp-json\/wp\/v2\/product_cat?post=1072"},{"taxonomy":"product_tag","embeddable":true,"href":"https:\/\/www.silhouetteappliances.com\/fr\/wp-json\/wp\/v2\/product_tag?post=1072"}],"curies":[{"name":"wp","href":"https:\/\/api.w.org\/{rel}","templated":true}]}}