{"id":1065,"date":"2022-02-09T20:59:36","date_gmt":"2022-02-09T20:59:36","guid":{"rendered":"https:\/\/www.silhouetteappliances.com\/fr\/product\/sprwc140d1ss\/"},"modified":"2022-12-02T19:58:01","modified_gmt":"2022-12-02T19:58:01","slug":"sprwc140d1ss","status":"publish","type":"product","link":"https:\/\/www.silhouetteappliances.com\/fr\/products\/sprwc140d1ss\/","title":{"rendered":"Bordeaux &#8211; Rafra\u00eechisseur \u00e0 vin"},"content":{"rendered":"","protected":false},"excerpt":{"rendered":"<ul>\n<li>La colonne \u00e0 vin int\u00e9gr\u00e9e permet de stocker jusqu&rsquo;\u00e0 129 bouteilles de vin dans deux zones de temp\u00e9rature contr\u00f4l\u00e9es s\u00e9par\u00e9ment.<\/li>\n<li>Plage de temp\u00e9rature : 41\u00b0F &#8211; 64\u00b0F (5\u00b0C &#8211; 18\u00b0C)<\/li>\n<li>Le refroidissement par convection comprend deux ventilateurs silencieux qui restent allum\u00e9s pour faire circuler l&rsquo;air et maintenir une temp\u00e9rature uniforme.<\/li>\n<li>Thermostat num\u00e9rique r\u00e9gl\u00e9 \u00e0 un angle de 22 degr\u00e9s pour une visualisation facile, commandes tactiles capacitives sans faille.<\/li>\n<li>Choisissez entre 2 couleurs d&rsquo;\u00e9clairage int\u00e9rieur : Blanc arctique ou bleu azur<\/li>\n<li>L&rsquo;\u00e9clairage LED p\u00e9rim\u00e9trique diffuse une lueur chaleureuse et comprend 4 options d&rsquo;\u00e9clairage.<\/li>\n<li>Porte de qualit\u00e9 sup\u00e9rieure avec double vitrage \u00e0 faible \u00e9missivit\u00e9 et remplissage \u00e0 l&rsquo;argon.<\/li>\n<li>Porte r\u00e9versible pour une ouverture \u00e0 gauche ou \u00e0 droite<\/li>\n<li>La poign\u00e9e ergonomique est d\u00e9sormais 20 % plus longue<\/li>\n<li>Rappel de temp\u00e9rature, alarme de porte entrouverte, alarme de temp\u00e9rature, mode sabbat<\/li>\n<li>S\u00e9curit\u00e9 Pro : serrure de porte int\u00e9gr\u00e9e<\/li>\n<li>Fonctionnement silencieux 39 d\u00e9cibels<\/li>\n<li>Acier inoxydable de qualit\u00e9 304<\/li>\n<\/ul>\n","protected":false},"featured_media":1284,"comment_status":"closed","ping_status":"closed","template":"","meta":{"_acf_changed":false},"product_brand":[],"product_cat":[21],"product_tag":[],"class_list":{"0":"post-1065","1":"product","2":"type-product","3":"status-publish","4":"has-post-thumbnail","6":"product_cat-refroidisseurs-a-vin","7":"pa_by-cooling-zones-double-zone","8":"pa_by-door-finish-acier-inoxydable","9":"pa_by-door-finish-verre","10":"pa_by-width-24-pouces","12":"first","13":"instock","14":"shipping-taxable","15":"product-type-simple"},"acf":[],"yoast_head":"<!-- This site is optimized with the Yoast SEO plugin v26.7 - https:\/\/yoast.com\/wordpress\/plugins\/seo\/ -->\n<title>Bordeaux - Rafra\u00eechisseur \u00e0 vin - SPRWC140D1SS | Silhouette Canada<\/title>\n<meta name=\"description\" content=\"Seule une cave \u00e0 vin de poids fera l&#039;affaire pour ces go\u00fbts raffin\u00e9s et ces collections robustes. Cette colonne \u00e9l\u00e9gante est une pi\u00e8ce unique qui abrite les meilleures caract\u00e9ristiques, y compris des \u00e9tag\u00e8res stables et une technologie anti-basculement, afin de garantir que chaque bouteille est berc\u00e9e avec soin. Le refroidisseur sans balancement de temp\u00e9rature promet de conserver correctement chaque c\u00e9page qui pla\u00eet \u00e0 votre palais.\" \/>\n<meta name=\"robots\" content=\"index, follow, max-snippet:-1, max-image-preview:large, max-video-preview:-1\" \/>\n<link rel=\"canonical\" href=\"https:\/\/www.silhouetteappliances.com\/fr\/products\/sprwc140d1ss\/\" \/>\n<meta property=\"og:locale\" content=\"fr_CA\" \/>\n<meta property=\"og:type\" content=\"article\" \/>\n<meta property=\"og:title\" content=\"Bordeaux - Rafra\u00eechisseur \u00e0 vin - SPRWC140D1SS | Silhouette Canada\" \/>\n<meta property=\"og:description\" content=\"Seule une cave \u00e0 vin de poids fera l&#039;affaire pour ces go\u00fbts raffin\u00e9s et ces collections robustes. Cette colonne \u00e9l\u00e9gante est une pi\u00e8ce unique qui abrite les meilleures caract\u00e9ristiques, y compris des \u00e9tag\u00e8res stables et une technologie anti-basculement, afin de garantir que chaque bouteille est berc\u00e9e avec soin. Le refroidisseur sans balancement de temp\u00e9rature promet de conserver correctement chaque c\u00e9page qui pla\u00eet \u00e0 votre palais.\" \/>\n<meta property=\"og:url\" content=\"https:\/\/www.silhouetteappliances.com\/fr\/products\/sprwc140d1ss\/\" \/>\n<meta property=\"og:site_name\" content=\"Silhouette - Canada - French\" \/>\n<meta property=\"article:publisher\" content=\"https:\/\/www.facebook.com\/SilhouetteAppliances\" \/>\n<meta property=\"article:modified_time\" content=\"2022-12-02T19:58:01+00:00\" \/>\n<meta property=\"og:image\" content=\"https:\/\/cdnweb.silhouetteappliances.com\/wp-content\/uploads\/sites\/7\/2022\/02\/09224043\/SPRWC140D1SS_Front.png\" \/>\n\t<meta property=\"og:image:width\" content=\"4000\" \/>\n\t<meta property=\"og:image:height\" content=\"4000\" \/>\n\t<meta property=\"og:image:type\" content=\"image\/png\" \/>\n<meta name=\"twitter:card\" content=\"summary_large_image\" \/>\n<script type=\"application\/ld+json\" class=\"yoast-schema-graph\">{\"@context\":\"https:\/\/schema.org\",\"@graph\":[{\"@type\":[\"WebPage\",\"ItemPage\"],\"url\":\"https:\/\/www.silhouetteappliances.com\/fr\/products\/sprwc140d1ss\/\",\"name\":\"Bordeaux - Rafra\u00eechisseur \u00e0 vin - SPRWC140D1SS | Silhouette Canada\",\"isPartOf\":[],\"primaryImageOfPage\":[],\"image\":[],\"thumbnailUrl\":\"https:\/\/cdnweb.danby.com\/wp-content\/uploads\/sites\/7\/2022\/02\/09224043\/SPRWC140D1SS_Front.png\",\"datePublished\":\"2022-02-09T20:59:36+00:00\",\"dateModified\":\"2022-12-02T19:58:01+00:00\",\"description\":\"Seule une cave \u00e0 vin de poids fera l'affaire pour ces go\u00fbts raffin\u00e9s et ces collections robustes. Cette colonne \u00e9l\u00e9gante est une pi\u00e8ce unique qui abrite les meilleures caract\u00e9ristiques, y compris des \u00e9tag\u00e8res stables et une technologie anti-basculement, afin de garantir que chaque bouteille est berc\u00e9e avec soin. Le refroidisseur sans balancement de temp\u00e9rature promet de conserver correctement chaque c\u00e9page qui pla\u00eet \u00e0 votre palais.\",\"breadcrumb\":[],\"inLanguage\":\"fr-CA\",\"potentialAction\":[{\"@type\":\"ReadAction\",\"target\":[\"https:\/\/www.silhouetteappliances.com\/fr\/products\/sprwc140d1ss\/\"]}]},{\"@type\":\"ImageObject\",\"inLanguage\":\"fr-CA\",\"url\":\"https:\/\/cdnweb.danby.com\/wp-content\/uploads\/sites\/7\/2022\/02\/09224043\/SPRWC140D1SS_Front.png\",\"contentUrl\":\"https:\/\/cdnweb.danby.com\/wp-content\/uploads\/sites\/7\/2022\/02\/09224043\/SPRWC140D1SS_Front.png\",\"width\":4000,\"height\":4000},{\"@type\":\"BreadcrumbList\",\"itemListElement\":[{\"@type\":\"ListItem\",\"position\":1,\"name\":\"Home\",\"item\":\"https:\/\/www.silhouetteappliances.com\/fr\/\"},{\"@type\":\"ListItem\",\"position\":2,\"name\":\"Shop\",\"item\":\"https:\/\/www.silhouetteappliances.com\/fr\/shop\/\"},{\"@type\":\"ListItem\",\"position\":3,\"name\":\"Bordeaux &#8211; Rafra\u00eechisseur \u00e0 vin\"}]},{\"@type\":\"WebSite\",\"url\":\"https:\/\/www.silhouetteappliances.com\/fr\/\",\"name\":\"Silhouette - Canada - French\",\"description\":\"Enfriadores de vino Refrigeradores bajo mostrador.  Todos los frigor\u00edficos - Centro de Bebidas y Vinos\",\"publisher\":[],\"potentialAction\":[{\"@type\":\"SearchAction\",\"target\":{\"@type\":\"EntryPoint\",\"urlTemplate\":\"https:\/\/www.silhouetteappliances.com\/fr\/?s={search_term_string}\"},\"query-input\":{\"@type\":\"PropertyValueSpecification\",\"valueRequired\":true,\"valueName\":\"search_term_string\"}}],\"inLanguage\":\"fr-CA\"},{\"@type\":\"Organization\",\"name\":\"Silhouette Appliances\",\"url\":\"https:\/\/www.silhouetteappliances.com\/fr\/\",\"logo\":{\"@type\":\"ImageObject\",\"inLanguage\":\"fr-CA\",\"url\":\"https:\/\/www.silhouetteappliances.com\/fr\/wp-content\/uploads\/sites\/7\/2021\/12\/logo.png\",\"contentUrl\":\"https:\/\/www.silhouetteappliances.com\/fr\/wp-content\/uploads\/sites\/7\/2021\/12\/logo.png\",\"width\":216,\"height\":46,\"caption\":\"Silhouette Appliances\"},\"image\":[],\"sameAs\":[\"https:\/\/www.facebook.com\/SilhouetteAppliances\",\"https:\/\/www.youtube.com\/user\/SilhouetteAppliance\"]}]}<\/script>\n<!-- \/ Yoast SEO plugin. -->","yoast_head_json":{"title":"Bordeaux - Rafra\u00eechisseur \u00e0 vin - SPRWC140D1SS | Silhouette Canada","description":"Seule une cave \u00e0 vin de poids fera l'affaire pour ces go\u00fbts raffin\u00e9s et ces collections robustes. Cette colonne \u00e9l\u00e9gante est une pi\u00e8ce unique qui abrite les meilleures caract\u00e9ristiques, y compris des \u00e9tag\u00e8res stables et une technologie anti-basculement, afin de garantir que chaque bouteille est berc\u00e9e avec soin. Le refroidisseur sans balancement de temp\u00e9rature promet de conserver correctement chaque c\u00e9page qui pla\u00eet \u00e0 votre palais.","robots":{"index":"index","follow":"follow","max-snippet":"max-snippet:-1","max-image-preview":"max-image-preview:large","max-video-preview":"max-video-preview:-1"},"canonical":"https:\/\/www.silhouetteappliances.com\/fr\/products\/sprwc140d1ss\/","og_locale":"fr_CA","og_type":"article","og_title":"Bordeaux - Rafra\u00eechisseur \u00e0 vin - SPRWC140D1SS | Silhouette Canada","og_description":"Seule une cave \u00e0 vin de poids fera l'affaire pour ces go\u00fbts raffin\u00e9s et ces collections robustes. Cette colonne \u00e9l\u00e9gante est une pi\u00e8ce unique qui abrite les meilleures caract\u00e9ristiques, y compris des \u00e9tag\u00e8res stables et une technologie anti-basculement, afin de garantir que chaque bouteille est berc\u00e9e avec soin. Le refroidisseur sans balancement de temp\u00e9rature promet de conserver correctement chaque c\u00e9page qui pla\u00eet \u00e0 votre palais.","og_url":"https:\/\/www.silhouetteappliances.com\/fr\/products\/sprwc140d1ss\/","og_site_name":"Silhouette - Canada - French","article_publisher":"https:\/\/www.facebook.com\/SilhouetteAppliances","article_modified_time":"2022-12-02T19:58:01+00:00","og_image":[{"width":4000,"height":4000,"url":"https:\/\/cdnweb.silhouetteappliances.com\/wp-content\/uploads\/sites\/7\/2022\/02\/09224043\/SPRWC140D1SS_Front.png","type":"image\/png"}],"twitter_card":"summary_large_image","schema":{"@context":"https:\/\/schema.org","@graph":[{"@type":["WebPage","ItemPage"],"url":"https:\/\/www.silhouetteappliances.com\/fr\/products\/sprwc140d1ss\/","name":"Bordeaux - Rafra\u00eechisseur \u00e0 vin - SPRWC140D1SS | Silhouette Canada","isPartOf":[],"primaryImageOfPage":[],"image":[],"thumbnailUrl":"https:\/\/cdnweb.danby.com\/wp-content\/uploads\/sites\/7\/2022\/02\/09224043\/SPRWC140D1SS_Front.png","datePublished":"2022-02-09T20:59:36+00:00","dateModified":"2022-12-02T19:58:01+00:00","description":"Seule une cave \u00e0 vin de poids fera l'affaire pour ces go\u00fbts raffin\u00e9s et ces collections robustes. Cette colonne \u00e9l\u00e9gante est une pi\u00e8ce unique qui abrite les meilleures caract\u00e9ristiques, y compris des \u00e9tag\u00e8res stables et une technologie anti-basculement, afin de garantir que chaque bouteille est berc\u00e9e avec soin. Le refroidisseur sans balancement de temp\u00e9rature promet de conserver correctement chaque c\u00e9page qui pla\u00eet \u00e0 votre palais.","breadcrumb":[],"inLanguage":"fr-CA","potentialAction":[{"@type":"ReadAction","target":["https:\/\/www.silhouetteappliances.com\/fr\/products\/sprwc140d1ss\/"]}]},{"@type":"ImageObject","inLanguage":"fr-CA","url":"https:\/\/cdnweb.danby.com\/wp-content\/uploads\/sites\/7\/2022\/02\/09224043\/SPRWC140D1SS_Front.png","contentUrl":"https:\/\/cdnweb.danby.com\/wp-content\/uploads\/sites\/7\/2022\/02\/09224043\/SPRWC140D1SS_Front.png","width":4000,"height":4000},{"@type":"BreadcrumbList","itemListElement":[{"@type":"ListItem","position":1,"name":"Home","item":"https:\/\/www.silhouetteappliances.com\/fr\/"},{"@type":"ListItem","position":2,"name":"Shop","item":"https:\/\/www.silhouetteappliances.com\/fr\/shop\/"},{"@type":"ListItem","position":3,"name":"Bordeaux &#8211; Rafra\u00eechisseur \u00e0 vin"}]},{"@type":"WebSite","url":"https:\/\/www.silhouetteappliances.com\/fr\/","name":"Silhouette - Canada - French","description":"Enfriadores de vino Refrigeradores bajo mostrador.  Todos los frigor\u00edficos - Centro de Bebidas y Vinos","publisher":[],"potentialAction":[{"@type":"SearchAction","target":{"@type":"EntryPoint","urlTemplate":"https:\/\/www.silhouetteappliances.com\/fr\/?s={search_term_string}"},"query-input":{"@type":"PropertyValueSpecification","valueRequired":true,"valueName":"search_term_string"}}],"inLanguage":"fr-CA"},{"@type":"Organization","name":"Silhouette Appliances","url":"https:\/\/www.silhouetteappliances.com\/fr\/","logo":{"@type":"ImageObject","inLanguage":"fr-CA","url":"https:\/\/www.silhouetteappliances.com\/fr\/wp-content\/uploads\/sites\/7\/2021\/12\/logo.png","contentUrl":"https:\/\/www.silhouetteappliances.com\/fr\/wp-content\/uploads\/sites\/7\/2021\/12\/logo.png","width":216,"height":46,"caption":"Silhouette Appliances"},"image":[],"sameAs":["https:\/\/www.facebook.com\/SilhouetteAppliances","https:\/\/www.youtube.com\/user\/SilhouetteAppliance"]}]}},"post_mailing_queue_ids":[],"_links":{"self":[{"href":"https:\/\/www.silhouetteappliances.com\/fr\/wp-json\/wp\/v2\/product\/1065","targetHints":{"allow":["GET"]}}],"collection":[{"href":"https:\/\/www.silhouetteappliances.com\/fr\/wp-json\/wp\/v2\/product"}],"about":[{"href":"https:\/\/www.silhouetteappliances.com\/fr\/wp-json\/wp\/v2\/types\/product"}],"replies":[{"embeddable":true,"href":"https:\/\/www.silhouetteappliances.com\/fr\/wp-json\/wp\/v2\/comments?post=1065"}],"wp:featuredmedia":[{"embeddable":true,"href":"https:\/\/www.silhouetteappliances.com\/fr\/wp-json\/wp\/v2\/media\/1284"}],"wp:attachment":[{"href":"https:\/\/www.silhouetteappliances.com\/fr\/wp-json\/wp\/v2\/media?parent=1065"}],"wp:term":[{"taxonomy":"product_brand","embeddable":true,"href":"https:\/\/www.silhouetteappliances.com\/fr\/wp-json\/wp\/v2\/product_brand?post=1065"},{"taxonomy":"product_cat","embeddable":true,"href":"https:\/\/www.silhouetteappliances.com\/fr\/wp-json\/wp\/v2\/product_cat?post=1065"},{"taxonomy":"product_tag","embeddable":true,"href":"https:\/\/www.silhouetteappliances.com\/fr\/wp-json\/wp\/v2\/product_tag?post=1065"}],"curies":[{"name":"wp","href":"https:\/\/api.w.org\/{rel}","templated":true}]}}