{"id":1062,"date":"2022-02-09T20:59:36","date_gmt":"2022-02-09T20:59:36","guid":{"rendered":"https:\/\/www.silhouetteappliances.com\/fr\/product\/sprwc031d1ss\/"},"modified":"2022-12-02T19:57:57","modified_gmt":"2022-12-02T19:57:57","slug":"sprwc031d1ss","status":"publish","type":"product","link":"https:\/\/www.silhouetteappliances.com\/fr\/products\/sprwc031d1ss\/","title":{"rendered":"Toscane &#8211; Rafra\u00eechisseur \u00e0 vin"},"content":{"rendered":"","protected":false},"excerpt":{"rendered":"<ul>\n<li>La colonne \u00e0 vin int\u00e9gr\u00e9e permet de stocker jusqu&rsquo;\u00e0 28 bouteilles de vin.<\/li>\n<li>Plage de temp\u00e9rature : 41F &#8211; 64F (5C &#8211; 18C)<\/li>\n<li>Le refroidissement par pro-vection utilise un ventilateur silencieux toujours en marche pour faire circuler l&rsquo;air et maintenir une temp\u00e9rature uniforme.<\/li>\n<li>Thermostat num\u00e9rique avec commandes tactiles capacitives sans discontinuit\u00e9<\/li>\n<li>Choisissez entre 2 couleurs d&rsquo;\u00e9clairage int\u00e9rieur : Blanc arctique ou Bleu azur<\/li>\n<li>L&rsquo;\u00e9clairage LED p\u00e9rim\u00e9trique diffuse une lueur chaleureuse et comprend 4 options d&rsquo;\u00e9clairage.<\/li>\n<li>Pro-glide : anti-vibration, \u00e9tag\u00e8res \u00e0 extension compl\u00e8te<\/li>\n<li>La conception des portes de qualit\u00e9 sup\u00e9rieure comprend un verre \u00e0 double vitrage, \u00e0 faible \u00e9missivit\u00e9 et rempli d&rsquo;argon.<\/li>\n<li>Porte r\u00e9versible pour une ouverture \u00e0 gauche ou \u00e0 droite<\/li>\n<li>Charni\u00e8re int\u00e9gr\u00e9e et cach\u00e9e<\/li>\n<li>Poign\u00e9e ergonomique, d\u00e9sormais 20 % plus longue<\/li>\n<li>Rappel de temp\u00e9rature, alarme de porte entrouverte, alarme de temp\u00e9rature, mode sabbat.<\/li>\n<li>S\u00e9curit\u00e9 professionnelle: serrure de porte int\u00e9gr\u00e9e<\/li>\n<li>Fonctionnement silencieux 39 db<\/li>\n<li>Acier inoxydable de qualit\u00e9 304<\/li>\n<\/ul>\n","protected":false},"featured_media":1266,"comment_status":"closed","ping_status":"open","template":"","meta":{"_acf_changed":false},"product_brand":[],"product_cat":[21],"product_tag":[],"class_list":{"0":"post-1062","1":"product","2":"type-product","3":"status-publish","4":"has-post-thumbnail","6":"product_cat-refroidisseurs-a-vin","7":"pa_by-cooling-zones-zone-unique","8":"pa_by-door-finish-acier-inoxydable","9":"pa_by-door-finish-verre","10":"pa_by-width-15-pouces","12":"first","13":"instock","14":"shipping-taxable","15":"product-type-simple"},"acf":[],"yoast_head":"<!-- This site is optimized with the Yoast SEO plugin v26.7 - https:\/\/yoast.com\/wordpress\/plugins\/seo\/ -->\n<title>Toscane - Rafra\u00eechisseur \u00e0 vin - SPRWC031D1SS | Silhouette Canada<\/title>\n<meta name=\"description\" content=\"C&#039;est la cave \u00e0 vin \u00e9l\u00e9gante et mince qui est l\u00e9g\u00e8re en largeur mais lourde en style. Rangez vos vins rouges ou blancs en toute s\u00e9curit\u00e9 derri\u00e8re la porte en verre tremp\u00e9 et d\u00e9ployez compl\u00e8tement les \u00e9tag\u00e8res lisses pour examiner sans effort la prochaine bouteille que vous allez d\u00e9guster.\" \/>\n<meta name=\"robots\" content=\"index, follow, max-snippet:-1, max-image-preview:large, max-video-preview:-1\" \/>\n<link rel=\"canonical\" href=\"https:\/\/www.silhouetteappliances.com\/fr\/products\/sprwc031d1ss\/\" \/>\n<meta property=\"og:locale\" content=\"fr_CA\" \/>\n<meta property=\"og:type\" content=\"article\" \/>\n<meta property=\"og:title\" content=\"Toscane - Rafra\u00eechisseur \u00e0 vin - SPRWC031D1SS | Silhouette Canada\" \/>\n<meta property=\"og:description\" content=\"C&#039;est la cave \u00e0 vin \u00e9l\u00e9gante et mince qui est l\u00e9g\u00e8re en largeur mais lourde en style. Rangez vos vins rouges ou blancs en toute s\u00e9curit\u00e9 derri\u00e8re la porte en verre tremp\u00e9 et d\u00e9ployez compl\u00e8tement les \u00e9tag\u00e8res lisses pour examiner sans effort la prochaine bouteille que vous allez d\u00e9guster.\" \/>\n<meta property=\"og:url\" content=\"https:\/\/www.silhouetteappliances.com\/fr\/products\/sprwc031d1ss\/\" \/>\n<meta property=\"og:site_name\" content=\"Silhouette - Canada - French\" \/>\n<meta property=\"article:publisher\" content=\"https:\/\/www.facebook.com\/SilhouetteAppliances\" \/>\n<meta property=\"article:modified_time\" content=\"2022-12-02T19:57:57+00:00\" \/>\n<meta property=\"og:image\" content=\"https:\/\/cdnweb.silhouetteappliances.com\/wp-content\/uploads\/sites\/7\/2022\/02\/09223838\/SPRWC031D1SS_Front.jpg\" \/>\n\t<meta property=\"og:image:width\" content=\"1440\" \/>\n\t<meta property=\"og:image:height\" content=\"1920\" \/>\n\t<meta property=\"og:image:type\" content=\"image\/jpeg\" \/>\n<meta name=\"twitter:card\" content=\"summary_large_image\" \/>\n<script type=\"application\/ld+json\" class=\"yoast-schema-graph\">{\"@context\":\"https:\/\/schema.org\",\"@graph\":[{\"@type\":[\"WebPage\",\"ItemPage\"],\"url\":\"https:\/\/www.silhouetteappliances.com\/fr\/products\/sprwc031d1ss\/\",\"name\":\"Toscane - Rafra\u00eechisseur \u00e0 vin - SPRWC031D1SS | Silhouette Canada\",\"isPartOf\":[],\"primaryImageOfPage\":[],\"image\":[],\"thumbnailUrl\":\"https:\/\/cdnweb.danby.com\/wp-content\/uploads\/sites\/7\/2022\/02\/09223838\/SPRWC031D1SS_Front.jpg\",\"datePublished\":\"2022-02-09T20:59:36+00:00\",\"dateModified\":\"2022-12-02T19:57:57+00:00\",\"description\":\"C'est la cave \u00e0 vin \u00e9l\u00e9gante et mince qui est l\u00e9g\u00e8re en largeur mais lourde en style. Rangez vos vins rouges ou blancs en toute s\u00e9curit\u00e9 derri\u00e8re la porte en verre tremp\u00e9 et d\u00e9ployez compl\u00e8tement les \u00e9tag\u00e8res lisses pour examiner sans effort la prochaine bouteille que vous allez d\u00e9guster.\",\"breadcrumb\":[],\"inLanguage\":\"fr-CA\",\"potentialAction\":[{\"@type\":\"ReadAction\",\"target\":[\"https:\/\/www.silhouetteappliances.com\/fr\/products\/sprwc031d1ss\/\"]}]},{\"@type\":\"ImageObject\",\"inLanguage\":\"fr-CA\",\"url\":\"https:\/\/cdnweb.danby.com\/wp-content\/uploads\/sites\/7\/2022\/02\/09223838\/SPRWC031D1SS_Front.jpg\",\"contentUrl\":\"https:\/\/cdnweb.danby.com\/wp-content\/uploads\/sites\/7\/2022\/02\/09223838\/SPRWC031D1SS_Front.jpg\",\"width\":1440,\"height\":1920},{\"@type\":\"BreadcrumbList\",\"itemListElement\":[{\"@type\":\"ListItem\",\"position\":1,\"name\":\"Home\",\"item\":\"https:\/\/www.silhouetteappliances.com\/fr\/\"},{\"@type\":\"ListItem\",\"position\":2,\"name\":\"Shop\",\"item\":\"https:\/\/www.silhouetteappliances.com\/fr\/shop\/\"},{\"@type\":\"ListItem\",\"position\":3,\"name\":\"Toscane &#8211; Rafra\u00eechisseur \u00e0 vin\"}]},{\"@type\":\"WebSite\",\"url\":\"https:\/\/www.silhouetteappliances.com\/fr\/\",\"name\":\"Silhouette - Canada - French\",\"description\":\"Enfriadores de vino Refrigeradores bajo mostrador.  Todos los frigor\u00edficos - Centro de Bebidas y Vinos\",\"publisher\":[],\"potentialAction\":[{\"@type\":\"SearchAction\",\"target\":{\"@type\":\"EntryPoint\",\"urlTemplate\":\"https:\/\/www.silhouetteappliances.com\/fr\/?s={search_term_string}\"},\"query-input\":{\"@type\":\"PropertyValueSpecification\",\"valueRequired\":true,\"valueName\":\"search_term_string\"}}],\"inLanguage\":\"fr-CA\"},{\"@type\":\"Organization\",\"name\":\"Silhouette Appliances\",\"url\":\"https:\/\/www.silhouetteappliances.com\/fr\/\",\"logo\":{\"@type\":\"ImageObject\",\"inLanguage\":\"fr-CA\",\"url\":\"https:\/\/www.silhouetteappliances.com\/fr\/wp-content\/uploads\/sites\/7\/2021\/12\/logo.png\",\"contentUrl\":\"https:\/\/www.silhouetteappliances.com\/fr\/wp-content\/uploads\/sites\/7\/2021\/12\/logo.png\",\"width\":216,\"height\":46,\"caption\":\"Silhouette Appliances\"},\"image\":[],\"sameAs\":[\"https:\/\/www.facebook.com\/SilhouetteAppliances\",\"https:\/\/www.youtube.com\/user\/SilhouetteAppliance\"]}]}<\/script>\n<!-- \/ Yoast SEO plugin. -->","yoast_head_json":{"title":"Toscane - Rafra\u00eechisseur \u00e0 vin - SPRWC031D1SS | Silhouette Canada","description":"C'est la cave \u00e0 vin \u00e9l\u00e9gante et mince qui est l\u00e9g\u00e8re en largeur mais lourde en style. Rangez vos vins rouges ou blancs en toute s\u00e9curit\u00e9 derri\u00e8re la porte en verre tremp\u00e9 et d\u00e9ployez compl\u00e8tement les \u00e9tag\u00e8res lisses pour examiner sans effort la prochaine bouteille que vous allez d\u00e9guster.","robots":{"index":"index","follow":"follow","max-snippet":"max-snippet:-1","max-image-preview":"max-image-preview:large","max-video-preview":"max-video-preview:-1"},"canonical":"https:\/\/www.silhouetteappliances.com\/fr\/products\/sprwc031d1ss\/","og_locale":"fr_CA","og_type":"article","og_title":"Toscane - Rafra\u00eechisseur \u00e0 vin - SPRWC031D1SS | Silhouette Canada","og_description":"C'est la cave \u00e0 vin \u00e9l\u00e9gante et mince qui est l\u00e9g\u00e8re en largeur mais lourde en style. Rangez vos vins rouges ou blancs en toute s\u00e9curit\u00e9 derri\u00e8re la porte en verre tremp\u00e9 et d\u00e9ployez compl\u00e8tement les \u00e9tag\u00e8res lisses pour examiner sans effort la prochaine bouteille que vous allez d\u00e9guster.","og_url":"https:\/\/www.silhouetteappliances.com\/fr\/products\/sprwc031d1ss\/","og_site_name":"Silhouette - Canada - French","article_publisher":"https:\/\/www.facebook.com\/SilhouetteAppliances","article_modified_time":"2022-12-02T19:57:57+00:00","og_image":[{"width":1440,"height":1920,"url":"https:\/\/cdnweb.silhouetteappliances.com\/wp-content\/uploads\/sites\/7\/2022\/02\/09223838\/SPRWC031D1SS_Front.jpg","type":"image\/jpeg"}],"twitter_card":"summary_large_image","schema":{"@context":"https:\/\/schema.org","@graph":[{"@type":["WebPage","ItemPage"],"url":"https:\/\/www.silhouetteappliances.com\/fr\/products\/sprwc031d1ss\/","name":"Toscane - Rafra\u00eechisseur \u00e0 vin - SPRWC031D1SS | Silhouette Canada","isPartOf":[],"primaryImageOfPage":[],"image":[],"thumbnailUrl":"https:\/\/cdnweb.danby.com\/wp-content\/uploads\/sites\/7\/2022\/02\/09223838\/SPRWC031D1SS_Front.jpg","datePublished":"2022-02-09T20:59:36+00:00","dateModified":"2022-12-02T19:57:57+00:00","description":"C'est la cave \u00e0 vin \u00e9l\u00e9gante et mince qui est l\u00e9g\u00e8re en largeur mais lourde en style. Rangez vos vins rouges ou blancs en toute s\u00e9curit\u00e9 derri\u00e8re la porte en verre tremp\u00e9 et d\u00e9ployez compl\u00e8tement les \u00e9tag\u00e8res lisses pour examiner sans effort la prochaine bouteille que vous allez d\u00e9guster.","breadcrumb":[],"inLanguage":"fr-CA","potentialAction":[{"@type":"ReadAction","target":["https:\/\/www.silhouetteappliances.com\/fr\/products\/sprwc031d1ss\/"]}]},{"@type":"ImageObject","inLanguage":"fr-CA","url":"https:\/\/cdnweb.danby.com\/wp-content\/uploads\/sites\/7\/2022\/02\/09223838\/SPRWC031D1SS_Front.jpg","contentUrl":"https:\/\/cdnweb.danby.com\/wp-content\/uploads\/sites\/7\/2022\/02\/09223838\/SPRWC031D1SS_Front.jpg","width":1440,"height":1920},{"@type":"BreadcrumbList","itemListElement":[{"@type":"ListItem","position":1,"name":"Home","item":"https:\/\/www.silhouetteappliances.com\/fr\/"},{"@type":"ListItem","position":2,"name":"Shop","item":"https:\/\/www.silhouetteappliances.com\/fr\/shop\/"},{"@type":"ListItem","position":3,"name":"Toscane &#8211; Rafra\u00eechisseur \u00e0 vin"}]},{"@type":"WebSite","url":"https:\/\/www.silhouetteappliances.com\/fr\/","name":"Silhouette - Canada - French","description":"Enfriadores de vino Refrigeradores bajo mostrador.  Todos los frigor\u00edficos - Centro de Bebidas y Vinos","publisher":[],"potentialAction":[{"@type":"SearchAction","target":{"@type":"EntryPoint","urlTemplate":"https:\/\/www.silhouetteappliances.com\/fr\/?s={search_term_string}"},"query-input":{"@type":"PropertyValueSpecification","valueRequired":true,"valueName":"search_term_string"}}],"inLanguage":"fr-CA"},{"@type":"Organization","name":"Silhouette Appliances","url":"https:\/\/www.silhouetteappliances.com\/fr\/","logo":{"@type":"ImageObject","inLanguage":"fr-CA","url":"https:\/\/www.silhouetteappliances.com\/fr\/wp-content\/uploads\/sites\/7\/2021\/12\/logo.png","contentUrl":"https:\/\/www.silhouetteappliances.com\/fr\/wp-content\/uploads\/sites\/7\/2021\/12\/logo.png","width":216,"height":46,"caption":"Silhouette Appliances"},"image":[],"sameAs":["https:\/\/www.facebook.com\/SilhouetteAppliances","https:\/\/www.youtube.com\/user\/SilhouetteAppliance"]}]}},"post_mailing_queue_ids":[],"_links":{"self":[{"href":"https:\/\/www.silhouetteappliances.com\/fr\/wp-json\/wp\/v2\/product\/1062","targetHints":{"allow":["GET"]}}],"collection":[{"href":"https:\/\/www.silhouetteappliances.com\/fr\/wp-json\/wp\/v2\/product"}],"about":[{"href":"https:\/\/www.silhouetteappliances.com\/fr\/wp-json\/wp\/v2\/types\/product"}],"replies":[{"embeddable":true,"href":"https:\/\/www.silhouetteappliances.com\/fr\/wp-json\/wp\/v2\/comments?post=1062"}],"wp:featuredmedia":[{"embeddable":true,"href":"https:\/\/www.silhouetteappliances.com\/fr\/wp-json\/wp\/v2\/media\/1266"}],"wp:attachment":[{"href":"https:\/\/www.silhouetteappliances.com\/fr\/wp-json\/wp\/v2\/media?parent=1062"}],"wp:term":[{"taxonomy":"product_brand","embeddable":true,"href":"https:\/\/www.silhouetteappliances.com\/fr\/wp-json\/wp\/v2\/product_brand?post=1062"},{"taxonomy":"product_cat","embeddable":true,"href":"https:\/\/www.silhouetteappliances.com\/fr\/wp-json\/wp\/v2\/product_cat?post=1062"},{"taxonomy":"product_tag","embeddable":true,"href":"https:\/\/www.silhouetteappliances.com\/fr\/wp-json\/wp\/v2\/product_tag?post=1062"}],"curies":[{"name":"wp","href":"https:\/\/api.w.org\/{rel}","templated":true}]}}