{"id":1056,"date":"2022-02-09T20:59:36","date_gmt":"2022-02-09T20:59:36","guid":{"rendered":"https:\/\/www.silhouetteappliances.com\/fr\/product\/sprbc047d1ss\/"},"modified":"2023-11-09T16:10:17","modified_gmt":"2023-11-09T16:10:17","slug":"sprbc047d1ss","status":"publish","type":"product","link":"https:\/\/www.silhouetteappliances.com\/fr\/products\/sprbc047d1ss\/","title":{"rendered":"Lorraine &#8211; Centre de boissons 24&Prime; \u00e0 porte fran\u00e7aise"},"content":{"rendered":"","protected":false},"excerpt":{"rendered":"<ul>\n<li>La conception int\u00e9gr\u00e9e sous le comptoir permet de stocker jusqu&rsquo;\u00e0 61 canettes et 21 bouteilles de vin.<\/li>\n<li>Plage de temp\u00e9rature : Gauche 1 &#8211; 10C \/ 34 &#8211; 50F &#8211; Droite 5C &#8211; 18C \/ 41 &#8211; 64F<\/li>\n<li>Le refroidissement par pro-vection comprend deux ventilateurs silencieux qui restent allum\u00e9s pour faire circuler l&rsquo;air et maintenir une temp\u00e9rature uniforme.<\/li>\n<li>Commandes tactiles capacitives transparentes<\/li>\n<li>Choisissez entre 2 couleurs d&rsquo;\u00e9clairage int\u00e9rieur : Blanc arctique ou Bleu azur<\/li>\n<li>L&rsquo;\u00e9clairage LED p\u00e9rim\u00e9trique diffuse une lueur chaleureuse et comprend 4 options d&rsquo;\u00e9clairage.<\/li>\n<li>Pro-glide : anti-vibration, \u00e9tag\u00e8res \u00e0 extension compl\u00e8te pour le vin, 3 \u00e9tag\u00e8res en verre transparent r\u00e9glables pour les boissons.<\/li>\n<li>La conception des portes de qualit\u00e9 sup\u00e9rieure comprend un verre \u00e0 double vitrage, \u00e0 faible \u00e9missivit\u00e9 et rempli d&rsquo;argon.<\/li>\n<li>Charni\u00e8re int\u00e9gr\u00e9e et cach\u00e9e<\/li>\n<li>Poign\u00e9e ergonomique, d\u00e9sormais 20 % plus longue<\/li>\n<li>Rappel de temp\u00e9rature, alarme de porte entrouverte, alarme de temp\u00e9rature, mode sabbat.<\/li>\n<li>S\u00e9curit\u00e9 professionnelle : serrure de porte int\u00e9gr\u00e9e<\/li>\n<li>Fonctionnement silencieux 39 db<\/li>\n<li>Acier inoxydable de qualit\u00e9 304<\/li>\n<\/ul>\n","protected":false},"featured_media":1253,"comment_status":"closed","ping_status":"closed","template":"","meta":{"_acf_changed":false},"product_brand":[],"product_cat":[19],"product_tag":[],"class_list":{"0":"post-1056","1":"product","2":"type-product","3":"status-publish","4":"has-post-thumbnail","6":"product_cat-refroidisseur-de-boissons","7":"pa_by-cooling-zones-double-zone","8":"pa_by-door-finish-acier-inoxydable","9":"pa_by-door-finish-verre","10":"pa_by-width-24-pouces","12":"first","13":"instock","14":"shipping-taxable","15":"product-type-simple"},"acf":[],"yoast_head":"<!-- This site is optimized with the Yoast SEO plugin v27.5 - https:\/\/yoast.com\/product\/yoast-seo-wordpress\/ -->\n<title>Lorraine - Centre de boissons 24&quot; \u00e0 porte fran\u00e7aise - SPRBC047D1SS | Silhouette Canada<\/title>\n<meta name=\"description\" content=\"Que vous pr\u00e9f\u00e9riez une pinte \u00e0 un Pinot, ou des bouchons plut\u00f4t que des canettes, ce centre de zone \u00e0 double temp\u00e9rature a de la place pour les deux. La conception de la porte fran\u00e7aise rend chaque c\u00f4t\u00e9 \u00e9galement accessible, et vous n&#039;aurez plus jamais \u00e0 sacrifier votre s\u00e9lection de boissons.\" \/>\n<meta name=\"robots\" content=\"index, follow, max-snippet:-1, max-image-preview:large, max-video-preview:-1\" \/>\n<link rel=\"canonical\" href=\"https:\/\/www.silhouetteappliances.com\/fr\/products\/sprbc047d1ss\/\" \/>\n<meta property=\"og:locale\" content=\"fr_CA\" \/>\n<meta property=\"og:type\" content=\"article\" \/>\n<meta property=\"og:title\" content=\"Lorraine - Centre de boissons 24&quot; \u00e0 porte fran\u00e7aise - SPRBC047D1SS | Silhouette Canada\" \/>\n<meta property=\"og:description\" content=\"Que vous pr\u00e9f\u00e9riez une pinte \u00e0 un Pinot, ou des bouchons plut\u00f4t que des canettes, ce centre de zone \u00e0 double temp\u00e9rature a de la place pour les deux. La conception de la porte fran\u00e7aise rend chaque c\u00f4t\u00e9 \u00e9galement accessible, et vous n&#039;aurez plus jamais \u00e0 sacrifier votre s\u00e9lection de boissons.\" \/>\n<meta property=\"og:url\" content=\"https:\/\/www.silhouetteappliances.com\/fr\/products\/sprbc047d1ss\/\" \/>\n<meta property=\"og:site_name\" content=\"Silhouette - Canada - French\" \/>\n<meta property=\"article:publisher\" content=\"https:\/\/www.facebook.com\/SilhouetteAppliances\" \/>\n<meta property=\"article:modified_time\" content=\"2023-11-09T16:10:17+00:00\" \/>\n<meta property=\"og:image\" content=\"https:\/\/cdnweb.silhouetteappliances.com\/wp-content\/uploads\/sites\/7\/2022\/02\/09223548\/SPRBC047D1SS_Front_propped.png\" \/>\n\t<meta property=\"og:image:width\" content=\"1305\" \/>\n\t<meta property=\"og:image:height\" content=\"1800\" \/>\n\t<meta property=\"og:image:type\" content=\"image\/png\" \/>\n<meta name=\"twitter:card\" content=\"summary_large_image\" \/>\n<script type=\"application\/ld+json\" class=\"yoast-schema-graph\">{\"@context\":\"https:\\\/\\\/schema.org\",\"@graph\":[{\"@type\":[\"WebPage\",\"ItemPage\"],\"url\":\"https:\\\/\\\/www.silhouetteappliances.com\\\/fr\\\/products\\\/sprbc047d1ss\\\/\",\"name\":\"Lorraine - Centre de boissons 24\\\" \u00e0 porte fran\u00e7aise - SPRBC047D1SS | Silhouette Canada\",\"isPartOf\":[],\"primaryImageOfPage\":[],\"image\":[],\"thumbnailUrl\":\"https:\\\/\\\/cdnweb.danby.com\\\/wp-content\\\/uploads\\\/sites\\\/7\\\/2022\\\/02\\\/09223548\\\/SPRBC047D1SS_Front_propped.png\",\"datePublished\":\"2022-02-09T20:59:36+00:00\",\"dateModified\":\"2023-11-09T16:10:17+00:00\",\"description\":\"Que vous pr\u00e9f\u00e9riez une pinte \u00e0 un Pinot, ou des bouchons plut\u00f4t que des canettes, ce centre de zone \u00e0 double temp\u00e9rature a de la place pour les deux. La conception de la porte fran\u00e7aise rend chaque c\u00f4t\u00e9 \u00e9galement accessible, et vous n'aurez plus jamais \u00e0 sacrifier votre s\u00e9lection de boissons.\",\"breadcrumb\":[],\"inLanguage\":\"fr-CA\",\"potentialAction\":[{\"@type\":\"ReadAction\",\"target\":[\"https:\\\/\\\/www.silhouetteappliances.com\\\/fr\\\/products\\\/sprbc047d1ss\\\/\"]}]},{\"@type\":\"ImageObject\",\"inLanguage\":\"fr-CA\",\"url\":\"https:\\\/\\\/cdnweb.danby.com\\\/wp-content\\\/uploads\\\/sites\\\/7\\\/2022\\\/02\\\/09223548\\\/SPRBC047D1SS_Front_propped.png\",\"contentUrl\":\"https:\\\/\\\/cdnweb.danby.com\\\/wp-content\\\/uploads\\\/sites\\\/7\\\/2022\\\/02\\\/09223548\\\/SPRBC047D1SS_Front_propped.png\",\"width\":1305,\"height\":1800},{\"@type\":\"BreadcrumbList\",\"itemListElement\":[{\"@type\":\"ListItem\",\"position\":1,\"name\":\"Home\",\"item\":\"https:\\\/\\\/www.silhouetteappliances.com\\\/fr\\\/\"},{\"@type\":\"ListItem\",\"position\":2,\"name\":\"Shop\",\"item\":\"https:\\\/\\\/www.silhouetteappliances.com\\\/fr\\\/shop\\\/\"},{\"@type\":\"ListItem\",\"position\":3,\"name\":\"Lorraine &#8211; Centre de boissons 24&#8243; \u00e0 porte fran\u00e7aise\"}]},{\"@type\":\"WebSite\",\"url\":\"https:\\\/\\\/www.silhouetteappliances.com\\\/fr\\\/\",\"name\":\"Silhouette - Canada - French\",\"description\":\"Enfriadores de vino Refrigeradores bajo mostrador.  Todos los frigor\u00edficos - Centro de Bebidas y Vinos\",\"publisher\":[],\"potentialAction\":[{\"@type\":\"SearchAction\",\"target\":{\"@type\":\"EntryPoint\",\"urlTemplate\":\"https:\\\/\\\/www.silhouetteappliances.com\\\/fr\\\/?s={search_term_string}\"},\"query-input\":{\"@type\":\"PropertyValueSpecification\",\"valueRequired\":true,\"valueName\":\"search_term_string\"}}],\"inLanguage\":\"fr-CA\"},{\"@type\":\"Organization\",\"name\":\"Silhouette Appliances\",\"url\":\"https:\\\/\\\/www.silhouetteappliances.com\\\/fr\\\/\",\"logo\":{\"@type\":\"ImageObject\",\"inLanguage\":\"fr-CA\",\"url\":\"https:\\\/\\\/www.silhouetteappliances.com\\\/fr\\\/wp-content\\\/uploads\\\/sites\\\/7\\\/2021\\\/12\\\/logo.png\",\"contentUrl\":\"https:\\\/\\\/www.silhouetteappliances.com\\\/fr\\\/wp-content\\\/uploads\\\/sites\\\/7\\\/2021\\\/12\\\/logo.png\",\"width\":216,\"height\":46,\"caption\":\"Silhouette Appliances\"},\"image\":[],\"sameAs\":[\"https:\\\/\\\/www.facebook.com\\\/SilhouetteAppliances\",\"https:\\\/\\\/www.youtube.com\\\/user\\\/SilhouetteAppliance\"]}]}<\/script>\n<!-- \/ Yoast SEO plugin. -->","yoast_head_json":{"title":"Lorraine - Centre de boissons 24\" \u00e0 porte fran\u00e7aise - SPRBC047D1SS | Silhouette Canada","description":"Que vous pr\u00e9f\u00e9riez une pinte \u00e0 un Pinot, ou des bouchons plut\u00f4t que des canettes, ce centre de zone \u00e0 double temp\u00e9rature a de la place pour les deux. La conception de la porte fran\u00e7aise rend chaque c\u00f4t\u00e9 \u00e9galement accessible, et vous n'aurez plus jamais \u00e0 sacrifier votre s\u00e9lection de boissons.","robots":{"index":"index","follow":"follow","max-snippet":"max-snippet:-1","max-image-preview":"max-image-preview:large","max-video-preview":"max-video-preview:-1"},"canonical":"https:\/\/www.silhouetteappliances.com\/fr\/products\/sprbc047d1ss\/","og_locale":"fr_CA","og_type":"article","og_title":"Lorraine - Centre de boissons 24\" \u00e0 porte fran\u00e7aise - SPRBC047D1SS | Silhouette Canada","og_description":"Que vous pr\u00e9f\u00e9riez une pinte \u00e0 un Pinot, ou des bouchons plut\u00f4t que des canettes, ce centre de zone \u00e0 double temp\u00e9rature a de la place pour les deux. La conception de la porte fran\u00e7aise rend chaque c\u00f4t\u00e9 \u00e9galement accessible, et vous n'aurez plus jamais \u00e0 sacrifier votre s\u00e9lection de boissons.","og_url":"https:\/\/www.silhouetteappliances.com\/fr\/products\/sprbc047d1ss\/","og_site_name":"Silhouette - Canada - French","article_publisher":"https:\/\/www.facebook.com\/SilhouetteAppliances","article_modified_time":"2023-11-09T16:10:17+00:00","og_image":[{"width":1305,"height":1800,"url":"https:\/\/cdnweb.silhouetteappliances.com\/wp-content\/uploads\/sites\/7\/2022\/02\/09223548\/SPRBC047D1SS_Front_propped.png","type":"image\/png"}],"twitter_card":"summary_large_image","schema":{"@context":"https:\/\/schema.org","@graph":[{"@type":["WebPage","ItemPage"],"url":"https:\/\/www.silhouetteappliances.com\/fr\/products\/sprbc047d1ss\/","name":"Lorraine - Centre de boissons 24\" \u00e0 porte fran\u00e7aise - SPRBC047D1SS | Silhouette Canada","isPartOf":[],"primaryImageOfPage":[],"image":[],"thumbnailUrl":"https:\/\/cdnweb.danby.com\/wp-content\/uploads\/sites\/7\/2022\/02\/09223548\/SPRBC047D1SS_Front_propped.png","datePublished":"2022-02-09T20:59:36+00:00","dateModified":"2023-11-09T16:10:17+00:00","description":"Que vous pr\u00e9f\u00e9riez une pinte \u00e0 un Pinot, ou des bouchons plut\u00f4t que des canettes, ce centre de zone \u00e0 double temp\u00e9rature a de la place pour les deux. La conception de la porte fran\u00e7aise rend chaque c\u00f4t\u00e9 \u00e9galement accessible, et vous n'aurez plus jamais \u00e0 sacrifier votre s\u00e9lection de boissons.","breadcrumb":[],"inLanguage":"fr-CA","potentialAction":[{"@type":"ReadAction","target":["https:\/\/www.silhouetteappliances.com\/fr\/products\/sprbc047d1ss\/"]}]},{"@type":"ImageObject","inLanguage":"fr-CA","url":"https:\/\/cdnweb.danby.com\/wp-content\/uploads\/sites\/7\/2022\/02\/09223548\/SPRBC047D1SS_Front_propped.png","contentUrl":"https:\/\/cdnweb.danby.com\/wp-content\/uploads\/sites\/7\/2022\/02\/09223548\/SPRBC047D1SS_Front_propped.png","width":1305,"height":1800},{"@type":"BreadcrumbList","itemListElement":[{"@type":"ListItem","position":1,"name":"Home","item":"https:\/\/www.silhouetteappliances.com\/fr\/"},{"@type":"ListItem","position":2,"name":"Shop","item":"https:\/\/www.silhouetteappliances.com\/fr\/shop\/"},{"@type":"ListItem","position":3,"name":"Lorraine &#8211; Centre de boissons 24&#8243; \u00e0 porte fran\u00e7aise"}]},{"@type":"WebSite","url":"https:\/\/www.silhouetteappliances.com\/fr\/","name":"Silhouette - Canada - French","description":"Enfriadores de vino Refrigeradores bajo mostrador.  Todos los frigor\u00edficos - Centro de Bebidas y Vinos","publisher":[],"potentialAction":[{"@type":"SearchAction","target":{"@type":"EntryPoint","urlTemplate":"https:\/\/www.silhouetteappliances.com\/fr\/?s={search_term_string}"},"query-input":{"@type":"PropertyValueSpecification","valueRequired":true,"valueName":"search_term_string"}}],"inLanguage":"fr-CA"},{"@type":"Organization","name":"Silhouette Appliances","url":"https:\/\/www.silhouetteappliances.com\/fr\/","logo":{"@type":"ImageObject","inLanguage":"fr-CA","url":"https:\/\/www.silhouetteappliances.com\/fr\/wp-content\/uploads\/sites\/7\/2021\/12\/logo.png","contentUrl":"https:\/\/www.silhouetteappliances.com\/fr\/wp-content\/uploads\/sites\/7\/2021\/12\/logo.png","width":216,"height":46,"caption":"Silhouette Appliances"},"image":[],"sameAs":["https:\/\/www.facebook.com\/SilhouetteAppliances","https:\/\/www.youtube.com\/user\/SilhouetteAppliance"]}]}},"post_mailing_queue_ids":[],"_links":{"self":[{"href":"https:\/\/www.silhouetteappliances.com\/fr\/wp-json\/wp\/v2\/product\/1056","targetHints":{"allow":["GET"]}}],"collection":[{"href":"https:\/\/www.silhouetteappliances.com\/fr\/wp-json\/wp\/v2\/product"}],"about":[{"href":"https:\/\/www.silhouetteappliances.com\/fr\/wp-json\/wp\/v2\/types\/product"}],"replies":[{"embeddable":true,"href":"https:\/\/www.silhouetteappliances.com\/fr\/wp-json\/wp\/v2\/comments?post=1056"}],"wp:featuredmedia":[{"embeddable":true,"href":"https:\/\/www.silhouetteappliances.com\/fr\/wp-json\/wp\/v2\/media\/1253"}],"wp:attachment":[{"href":"https:\/\/www.silhouetteappliances.com\/fr\/wp-json\/wp\/v2\/media?parent=1056"}],"wp:term":[{"taxonomy":"product_brand","embeddable":true,"href":"https:\/\/www.silhouetteappliances.com\/fr\/wp-json\/wp\/v2\/product_brand?post=1056"},{"taxonomy":"product_cat","embeddable":true,"href":"https:\/\/www.silhouetteappliances.com\/fr\/wp-json\/wp\/v2\/product_cat?post=1056"},{"taxonomy":"product_tag","embeddable":true,"href":"https:\/\/www.silhouetteappliances.com\/fr\/wp-json\/wp\/v2\/product_tag?post=1056"}],"curies":[{"name":"wp","href":"https:\/\/api.w.org\/{rel}","templated":true}]}}