{"id":1055,"date":"2022-02-09T20:59:36","date_gmt":"2022-02-09T20:59:36","guid":{"rendered":"https:\/\/www.silhouetteappliances.com\/fr\/product\/sprbc031d1ss\/"},"modified":"2022-12-02T19:57:56","modified_gmt":"2022-12-02T19:57:56","slug":"sprbc031d1ss","status":"publish","type":"product","link":"https:\/\/www.silhouetteappliances.com\/fr\/products\/sprbc031d1ss\/","title":{"rendered":"Silhouette &#8211; Centre de boissons encastr\u00e9 sous le comptoir de 3,1 pi3"},"content":{"rendered":"","protected":false},"excerpt":{"rendered":"<ul>\n<li>Le centre de boissons int\u00e9gr\u00e9 permet de stocker jusqu&rsquo;\u00e0 7 bouteilles de vin et jusqu&rsquo;\u00e0 66 canettes de 355 ml.<\/li>\n<li>Plage de temp\u00e9rature : 34F &#8211; 50F (1C &#8211; 10C)<\/li>\n<li>Le refroidissement par pro-vection utilise un ventilateur silencieux toujours en marche pour faire circuler l&rsquo;air et maintenir une temp\u00e9rature uniforme.<\/li>\n<li>Thermostat num\u00e9rique avec commandes tactiles capacitives sans discontinuit\u00e9<\/li>\n<li>Choisissez entre 2 couleurs d&rsquo;\u00e9clairage int\u00e9rieur : Blanc arctique ou Bleu azur<\/li>\n<li>L&rsquo;\u00e9clairage LED p\u00e9rim\u00e9trique diffuse une lueur chaleureuse et comprend 4 options d&rsquo;\u00e9clairage.<\/li>\n<li>Pro-glide : anti-vibration, \u00e9tag\u00e8res \u00e0 extension compl\u00e8te<\/li>\n<li>La conception des portes de qualit\u00e9 sup\u00e9rieure comprend un verre \u00e0 double vitrage, \u00e0 faible \u00e9missivit\u00e9 et rempli d&rsquo;argon.<\/li>\n<li>Porte r\u00e9versible pour une ouverture \u00e0 gauche ou \u00e0 droite<\/li>\n<li>Charni\u00e8re int\u00e9gr\u00e9e et cach\u00e9e<\/li>\n<li>La poign\u00e9e ergonomique est d\u00e9sormais 20 % plus longuer<\/li>\n<li>Rappel de temp\u00e9rature, alarme de porte entrouverte, alarme de temp\u00e9rature, mode sabbat.<\/li>\n<li>Pro Security : serrure de porte int\u00e9gr\u00e9e<\/li>\n<li>Fonctionnement silencieux 39 db<\/li>\n<li>Acier inoxydable de qualit\u00e9 304<\/li>\n<\/ul>\n","protected":false},"featured_media":1100,"comment_status":"closed","ping_status":"open","template":"","meta":{"_acf_changed":false},"product_brand":[],"product_cat":[19],"product_tag":[],"class_list":{"0":"post-1055","1":"product","2":"type-product","3":"status-publish","4":"has-post-thumbnail","6":"product_cat-refroidisseur-de-boissons","7":"pa_by-cooling-zones-zone-unique","8":"pa_by-door-finish-acier-inoxydable","9":"pa_by-door-finish-verre","10":"pa_by-width-15-pouces","12":"first","13":"instock","14":"shipping-taxable","15":"product-type-simple"},"acf":[],"yoast_head":"<!-- This site is optimized with the Yoast SEO plugin v26.7 - https:\/\/yoast.com\/wordpress\/plugins\/seo\/ -->\n<title>Silhouette - Centre de boissons encastr\u00e9 sous le comptoir de 3,1 pi3 - SPRBC031D1SS | Silhouette Canada<\/title>\n<meta name=\"robots\" content=\"index, follow, max-snippet:-1, max-image-preview:large, max-video-preview:-1\" \/>\n<link rel=\"canonical\" href=\"https:\/\/www.silhouetteappliances.com\/fr\/products\/sprbc031d1ss\/\" \/>\n<meta property=\"og:locale\" content=\"fr_CA\" \/>\n<meta property=\"og:type\" content=\"article\" \/>\n<meta property=\"og:title\" content=\"Silhouette - Centre de boissons encastr\u00e9 sous le comptoir de 3,1 pi3 - SPRBC031D1SS | Silhouette Canada\" \/>\n<meta property=\"og:url\" content=\"https:\/\/www.silhouetteappliances.com\/fr\/products\/sprbc031d1ss\/\" \/>\n<meta property=\"og:site_name\" content=\"Silhouette - Canada - French\" \/>\n<meta property=\"article:publisher\" content=\"https:\/\/www.facebook.com\/SilhouetteAppliances\" \/>\n<meta property=\"article:modified_time\" content=\"2022-12-02T19:57:56+00:00\" \/>\n<meta property=\"og:image\" content=\"https:\/\/cdnweb.silhouetteappliances.com\/wp-content\/uploads\/sites\/7\/2022\/02\/09205106\/SPRBC031D1SS-details-0001-scaled-1.jpg\" \/>\n\t<meta property=\"og:image:width\" content=\"1707\" \/>\n\t<meta property=\"og:image:height\" content=\"2560\" \/>\n\t<meta property=\"og:image:type\" content=\"image\/jpeg\" \/>\n<meta name=\"twitter:card\" content=\"summary_large_image\" \/>\n<script type=\"application\/ld+json\" class=\"yoast-schema-graph\">{\"@context\":\"https:\/\/schema.org\",\"@graph\":[{\"@type\":[\"WebPage\",\"ItemPage\"],\"url\":\"https:\/\/www.silhouetteappliances.com\/fr\/products\/sprbc031d1ss\/\",\"name\":\"Silhouette - Centre de boissons encastr\u00e9 sous le comptoir de 3,1 pi3 - SPRBC031D1SS | Silhouette Canada\",\"isPartOf\":[],\"primaryImageOfPage\":[],\"image\":[],\"thumbnailUrl\":\"https:\/\/cdnweb.danby.com\/wp-content\/uploads\/sites\/7\/2022\/02\/09205106\/SPRBC031D1SS-details-0001-scaled-1.jpg\",\"datePublished\":\"2022-02-09T20:59:36+00:00\",\"dateModified\":\"2022-12-02T19:57:56+00:00\",\"breadcrumb\":[],\"inLanguage\":\"fr-CA\",\"potentialAction\":[{\"@type\":\"ReadAction\",\"target\":[\"https:\/\/www.silhouetteappliances.com\/fr\/products\/sprbc031d1ss\/\"]}]},{\"@type\":\"ImageObject\",\"inLanguage\":\"fr-CA\",\"url\":\"https:\/\/cdnweb.danby.com\/wp-content\/uploads\/sites\/7\/2022\/02\/09205106\/SPRBC031D1SS-details-0001-scaled-1.jpg\",\"contentUrl\":\"https:\/\/cdnweb.danby.com\/wp-content\/uploads\/sites\/7\/2022\/02\/09205106\/SPRBC031D1SS-details-0001-scaled-1.jpg\",\"width\":1707,\"height\":2560},{\"@type\":\"BreadcrumbList\",\"itemListElement\":[{\"@type\":\"ListItem\",\"position\":1,\"name\":\"Home\",\"item\":\"https:\/\/www.silhouetteappliances.com\/fr\/\"},{\"@type\":\"ListItem\",\"position\":2,\"name\":\"Shop\",\"item\":\"https:\/\/www.silhouetteappliances.com\/fr\/shop\/\"},{\"@type\":\"ListItem\",\"position\":3,\"name\":\"Silhouette &#8211; Centre de boissons encastr\u00e9 sous le comptoir de 3,1 pi3\"}]},{\"@type\":\"WebSite\",\"url\":\"https:\/\/www.silhouetteappliances.com\/fr\/\",\"name\":\"Silhouette - Canada - French\",\"description\":\"Enfriadores de vino Refrigeradores bajo mostrador.  Todos los frigor\u00edficos - Centro de Bebidas y Vinos\",\"publisher\":[],\"potentialAction\":[{\"@type\":\"SearchAction\",\"target\":{\"@type\":\"EntryPoint\",\"urlTemplate\":\"https:\/\/www.silhouetteappliances.com\/fr\/?s={search_term_string}\"},\"query-input\":{\"@type\":\"PropertyValueSpecification\",\"valueRequired\":true,\"valueName\":\"search_term_string\"}}],\"inLanguage\":\"fr-CA\"},{\"@type\":\"Organization\",\"name\":\"Silhouette Appliances\",\"url\":\"https:\/\/www.silhouetteappliances.com\/fr\/\",\"logo\":{\"@type\":\"ImageObject\",\"inLanguage\":\"fr-CA\",\"url\":\"https:\/\/www.silhouetteappliances.com\/fr\/wp-content\/uploads\/sites\/7\/2021\/12\/logo.png\",\"contentUrl\":\"https:\/\/www.silhouetteappliances.com\/fr\/wp-content\/uploads\/sites\/7\/2021\/12\/logo.png\",\"width\":216,\"height\":46,\"caption\":\"Silhouette Appliances\"},\"image\":[],\"sameAs\":[\"https:\/\/www.facebook.com\/SilhouetteAppliances\",\"https:\/\/www.youtube.com\/user\/SilhouetteAppliance\"]}]}<\/script>\n<!-- \/ Yoast SEO plugin. -->","yoast_head_json":{"title":"Silhouette - Centre de boissons encastr\u00e9 sous le comptoir de 3,1 pi3 - SPRBC031D1SS | Silhouette Canada","robots":{"index":"index","follow":"follow","max-snippet":"max-snippet:-1","max-image-preview":"max-image-preview:large","max-video-preview":"max-video-preview:-1"},"canonical":"https:\/\/www.silhouetteappliances.com\/fr\/products\/sprbc031d1ss\/","og_locale":"fr_CA","og_type":"article","og_title":"Silhouette - Centre de boissons encastr\u00e9 sous le comptoir de 3,1 pi3 - SPRBC031D1SS | Silhouette Canada","og_url":"https:\/\/www.silhouetteappliances.com\/fr\/products\/sprbc031d1ss\/","og_site_name":"Silhouette - Canada - French","article_publisher":"https:\/\/www.facebook.com\/SilhouetteAppliances","article_modified_time":"2022-12-02T19:57:56+00:00","og_image":[{"width":1707,"height":2560,"url":"https:\/\/cdnweb.silhouetteappliances.com\/wp-content\/uploads\/sites\/7\/2022\/02\/09205106\/SPRBC031D1SS-details-0001-scaled-1.jpg","type":"image\/jpeg"}],"twitter_card":"summary_large_image","schema":{"@context":"https:\/\/schema.org","@graph":[{"@type":["WebPage","ItemPage"],"url":"https:\/\/www.silhouetteappliances.com\/fr\/products\/sprbc031d1ss\/","name":"Silhouette - Centre de boissons encastr\u00e9 sous le comptoir de 3,1 pi3 - SPRBC031D1SS | Silhouette Canada","isPartOf":[],"primaryImageOfPage":[],"image":[],"thumbnailUrl":"https:\/\/cdnweb.danby.com\/wp-content\/uploads\/sites\/7\/2022\/02\/09205106\/SPRBC031D1SS-details-0001-scaled-1.jpg","datePublished":"2022-02-09T20:59:36+00:00","dateModified":"2022-12-02T19:57:56+00:00","breadcrumb":[],"inLanguage":"fr-CA","potentialAction":[{"@type":"ReadAction","target":["https:\/\/www.silhouetteappliances.com\/fr\/products\/sprbc031d1ss\/"]}]},{"@type":"ImageObject","inLanguage":"fr-CA","url":"https:\/\/cdnweb.danby.com\/wp-content\/uploads\/sites\/7\/2022\/02\/09205106\/SPRBC031D1SS-details-0001-scaled-1.jpg","contentUrl":"https:\/\/cdnweb.danby.com\/wp-content\/uploads\/sites\/7\/2022\/02\/09205106\/SPRBC031D1SS-details-0001-scaled-1.jpg","width":1707,"height":2560},{"@type":"BreadcrumbList","itemListElement":[{"@type":"ListItem","position":1,"name":"Home","item":"https:\/\/www.silhouetteappliances.com\/fr\/"},{"@type":"ListItem","position":2,"name":"Shop","item":"https:\/\/www.silhouetteappliances.com\/fr\/shop\/"},{"@type":"ListItem","position":3,"name":"Silhouette &#8211; Centre de boissons encastr\u00e9 sous le comptoir de 3,1 pi3"}]},{"@type":"WebSite","url":"https:\/\/www.silhouetteappliances.com\/fr\/","name":"Silhouette - Canada - French","description":"Enfriadores de vino Refrigeradores bajo mostrador.  Todos los frigor\u00edficos - Centro de Bebidas y Vinos","publisher":[],"potentialAction":[{"@type":"SearchAction","target":{"@type":"EntryPoint","urlTemplate":"https:\/\/www.silhouetteappliances.com\/fr\/?s={search_term_string}"},"query-input":{"@type":"PropertyValueSpecification","valueRequired":true,"valueName":"search_term_string"}}],"inLanguage":"fr-CA"},{"@type":"Organization","name":"Silhouette Appliances","url":"https:\/\/www.silhouetteappliances.com\/fr\/","logo":{"@type":"ImageObject","inLanguage":"fr-CA","url":"https:\/\/www.silhouetteappliances.com\/fr\/wp-content\/uploads\/sites\/7\/2021\/12\/logo.png","contentUrl":"https:\/\/www.silhouetteappliances.com\/fr\/wp-content\/uploads\/sites\/7\/2021\/12\/logo.png","width":216,"height":46,"caption":"Silhouette Appliances"},"image":[],"sameAs":["https:\/\/www.facebook.com\/SilhouetteAppliances","https:\/\/www.youtube.com\/user\/SilhouetteAppliance"]}]}},"post_mailing_queue_ids":[],"_links":{"self":[{"href":"https:\/\/www.silhouetteappliances.com\/fr\/wp-json\/wp\/v2\/product\/1055","targetHints":{"allow":["GET"]}}],"collection":[{"href":"https:\/\/www.silhouetteappliances.com\/fr\/wp-json\/wp\/v2\/product"}],"about":[{"href":"https:\/\/www.silhouetteappliances.com\/fr\/wp-json\/wp\/v2\/types\/product"}],"replies":[{"embeddable":true,"href":"https:\/\/www.silhouetteappliances.com\/fr\/wp-json\/wp\/v2\/comments?post=1055"}],"wp:featuredmedia":[{"embeddable":true,"href":"https:\/\/www.silhouetteappliances.com\/fr\/wp-json\/wp\/v2\/media\/1100"}],"wp:attachment":[{"href":"https:\/\/www.silhouetteappliances.com\/fr\/wp-json\/wp\/v2\/media?parent=1055"}],"wp:term":[{"taxonomy":"product_brand","embeddable":true,"href":"https:\/\/www.silhouetteappliances.com\/fr\/wp-json\/wp\/v2\/product_brand?post=1055"},{"taxonomy":"product_cat","embeddable":true,"href":"https:\/\/www.silhouetteappliances.com\/fr\/wp-json\/wp\/v2\/product_cat?post=1055"},{"taxonomy":"product_tag","embeddable":true,"href":"https:\/\/www.silhouetteappliances.com\/fr\/wp-json\/wp\/v2\/product_tag?post=1055"}],"curies":[{"name":"wp","href":"https:\/\/api.w.org\/{rel}","templated":true}]}}