{"id":1036,"date":"2022-02-09T20:59:24","date_gmt":"2022-02-09T20:59:24","guid":{"rendered":"https:\/\/www.silhouetteappliances.com\/fr\/product\/dwc2727bls\/"},"modified":"2022-12-02T19:57:51","modified_gmt":"2022-12-02T19:57:51","slug":"dwc2727bls","status":"publish","type":"product","link":"https:\/\/www.silhouetteappliances.com\/fr\/products\/dwc2727bls\/","title":{"rendered":"Camembert &#8211; Cave \u00e0 vin 24&Prime; double zone \u00e0 porte fran\u00e7aise"},"content":{"rendered":"","protected":false},"excerpt":{"rendered":"","protected":false},"featured_media":1185,"comment_status":"closed","ping_status":"open","template":"","meta":{"_acf_changed":false},"product_brand":[],"product_cat":[21],"product_tag":[],"class_list":{"0":"post-1036","1":"product","2":"type-product","3":"status-publish","4":"has-post-thumbnail","6":"product_cat-refroidisseurs-a-vin","8":"first","9":"instock","10":"shipping-taxable","11":"product-type-simple"},"acf":[],"yoast_head":"<!-- This site is optimized with the Yoast SEO plugin v26.7 - https:\/\/yoast.com\/wordpress\/plugins\/seo\/ -->\n<title>Camembert - Cave \u00e0 vin 24&quot; double zone \u00e0 porte fran\u00e7aise - DWC2727BLS | Silhouette Canada<\/title>\n<meta name=\"description\" content=\"Voici le refroidisseur \u00e0 vin qui a de la classe et de la commodit\u00e9 \u00e0 revendre. Deux portes fran\u00e7aises en verre tremp\u00e9 s&#039;ouvrent pour r\u00e9v\u00e9ler deux zones de temp\u00e9rature qui offrent un stockage sp\u00e9cialis\u00e9 pour vos vins rouges et blancs les plus fins. D\u00e9couvrez les d\u00e9lices de la dualit\u00e9.\" \/>\n<meta name=\"robots\" content=\"index, follow, max-snippet:-1, max-image-preview:large, max-video-preview:-1\" \/>\n<link rel=\"canonical\" href=\"https:\/\/www.silhouetteappliances.com\/fr\/products\/dwc2727bls\/\" \/>\n<meta property=\"og:locale\" content=\"fr_CA\" \/>\n<meta property=\"og:type\" content=\"article\" \/>\n<meta property=\"og:title\" content=\"Camembert - Cave \u00e0 vin 24&quot; double zone \u00e0 porte fran\u00e7aise - DWC2727BLS | Silhouette Canada\" \/>\n<meta property=\"og:description\" content=\"Voici le refroidisseur \u00e0 vin qui a de la classe et de la commodit\u00e9 \u00e0 revendre. Deux portes fran\u00e7aises en verre tremp\u00e9 s&#039;ouvrent pour r\u00e9v\u00e9ler deux zones de temp\u00e9rature qui offrent un stockage sp\u00e9cialis\u00e9 pour vos vins rouges et blancs les plus fins. D\u00e9couvrez les d\u00e9lices de la dualit\u00e9.\" \/>\n<meta property=\"og:url\" content=\"https:\/\/www.silhouetteappliances.com\/fr\/products\/dwc2727bls\/\" \/>\n<meta property=\"og:site_name\" content=\"Silhouette - Canada - French\" \/>\n<meta property=\"article:publisher\" content=\"https:\/\/www.facebook.com\/SilhouetteAppliances\" \/>\n<meta property=\"article:modified_time\" content=\"2022-12-02T19:57:51+00:00\" \/>\n<meta property=\"og:image\" content=\"https:\/\/cdnweb.silhouetteappliances.com\/wp-content\/uploads\/sites\/7\/2022\/02\/09222844\/DWC2727BLSweb.png\" \/>\n\t<meta property=\"og:image:width\" content=\"632\" \/>\n\t<meta property=\"og:image:height\" content=\"574\" \/>\n\t<meta property=\"og:image:type\" content=\"image\/png\" \/>\n<meta name=\"twitter:card\" content=\"summary_large_image\" \/>\n<script type=\"application\/ld+json\" class=\"yoast-schema-graph\">{\"@context\":\"https:\/\/schema.org\",\"@graph\":[{\"@type\":[\"WebPage\",\"ItemPage\"],\"url\":\"https:\/\/www.silhouetteappliances.com\/fr\/products\/dwc2727bls\/\",\"name\":\"Camembert - Cave \u00e0 vin 24\\\" double zone \u00e0 porte fran\u00e7aise - DWC2727BLS | Silhouette Canada\",\"isPartOf\":[],\"primaryImageOfPage\":[],\"image\":[],\"thumbnailUrl\":\"https:\/\/cdnweb.danby.com\/wp-content\/uploads\/sites\/7\/2022\/02\/09222844\/DWC2727BLSweb.png\",\"datePublished\":\"2022-02-09T20:59:24+00:00\",\"dateModified\":\"2022-12-02T19:57:51+00:00\",\"description\":\"Voici le refroidisseur \u00e0 vin qui a de la classe et de la commodit\u00e9 \u00e0 revendre. Deux portes fran\u00e7aises en verre tremp\u00e9 s'ouvrent pour r\u00e9v\u00e9ler deux zones de temp\u00e9rature qui offrent un stockage sp\u00e9cialis\u00e9 pour vos vins rouges et blancs les plus fins. D\u00e9couvrez les d\u00e9lices de la dualit\u00e9.\",\"breadcrumb\":[],\"inLanguage\":\"fr-CA\",\"potentialAction\":[{\"@type\":\"ReadAction\",\"target\":[\"https:\/\/www.silhouetteappliances.com\/fr\/products\/dwc2727bls\/\"]}]},{\"@type\":\"ImageObject\",\"inLanguage\":\"fr-CA\",\"url\":\"https:\/\/cdnweb.danby.com\/wp-content\/uploads\/sites\/7\/2022\/02\/09222844\/DWC2727BLSweb.png\",\"contentUrl\":\"https:\/\/cdnweb.danby.com\/wp-content\/uploads\/sites\/7\/2022\/02\/09222844\/DWC2727BLSweb.png\",\"width\":632,\"height\":574},{\"@type\":\"BreadcrumbList\",\"itemListElement\":[{\"@type\":\"ListItem\",\"position\":1,\"name\":\"Home\",\"item\":\"https:\/\/www.silhouetteappliances.com\/fr\/\"},{\"@type\":\"ListItem\",\"position\":2,\"name\":\"Shop\",\"item\":\"https:\/\/www.silhouetteappliances.com\/fr\/shop\/\"},{\"@type\":\"ListItem\",\"position\":3,\"name\":\"Camembert &#8211; Cave \u00e0 vin 24&#8243; double zone \u00e0 porte fran\u00e7aise\"}]},{\"@type\":\"WebSite\",\"url\":\"https:\/\/www.silhouetteappliances.com\/fr\/\",\"name\":\"Silhouette - Canada - French\",\"description\":\"Enfriadores de vino Refrigeradores bajo mostrador.  Todos los frigor\u00edficos - Centro de Bebidas y Vinos\",\"publisher\":[],\"potentialAction\":[{\"@type\":\"SearchAction\",\"target\":{\"@type\":\"EntryPoint\",\"urlTemplate\":\"https:\/\/www.silhouetteappliances.com\/fr\/?s={search_term_string}\"},\"query-input\":{\"@type\":\"PropertyValueSpecification\",\"valueRequired\":true,\"valueName\":\"search_term_string\"}}],\"inLanguage\":\"fr-CA\"},{\"@type\":\"Organization\",\"name\":\"Silhouette Appliances\",\"url\":\"https:\/\/www.silhouetteappliances.com\/fr\/\",\"logo\":{\"@type\":\"ImageObject\",\"inLanguage\":\"fr-CA\",\"url\":\"https:\/\/www.silhouetteappliances.com\/fr\/wp-content\/uploads\/sites\/7\/2021\/12\/logo.png\",\"contentUrl\":\"https:\/\/www.silhouetteappliances.com\/fr\/wp-content\/uploads\/sites\/7\/2021\/12\/logo.png\",\"width\":216,\"height\":46,\"caption\":\"Silhouette Appliances\"},\"image\":[],\"sameAs\":[\"https:\/\/www.facebook.com\/SilhouetteAppliances\",\"https:\/\/www.youtube.com\/user\/SilhouetteAppliance\"]}]}<\/script>\n<!-- \/ Yoast SEO plugin. -->","yoast_head_json":{"title":"Camembert - Cave \u00e0 vin 24\" double zone \u00e0 porte fran\u00e7aise - DWC2727BLS | Silhouette Canada","description":"Voici le refroidisseur \u00e0 vin qui a de la classe et de la commodit\u00e9 \u00e0 revendre. Deux portes fran\u00e7aises en verre tremp\u00e9 s'ouvrent pour r\u00e9v\u00e9ler deux zones de temp\u00e9rature qui offrent un stockage sp\u00e9cialis\u00e9 pour vos vins rouges et blancs les plus fins. D\u00e9couvrez les d\u00e9lices de la dualit\u00e9.","robots":{"index":"index","follow":"follow","max-snippet":"max-snippet:-1","max-image-preview":"max-image-preview:large","max-video-preview":"max-video-preview:-1"},"canonical":"https:\/\/www.silhouetteappliances.com\/fr\/products\/dwc2727bls\/","og_locale":"fr_CA","og_type":"article","og_title":"Camembert - Cave \u00e0 vin 24\" double zone \u00e0 porte fran\u00e7aise - DWC2727BLS | Silhouette Canada","og_description":"Voici le refroidisseur \u00e0 vin qui a de la classe et de la commodit\u00e9 \u00e0 revendre. Deux portes fran\u00e7aises en verre tremp\u00e9 s'ouvrent pour r\u00e9v\u00e9ler deux zones de temp\u00e9rature qui offrent un stockage sp\u00e9cialis\u00e9 pour vos vins rouges et blancs les plus fins. D\u00e9couvrez les d\u00e9lices de la dualit\u00e9.","og_url":"https:\/\/www.silhouetteappliances.com\/fr\/products\/dwc2727bls\/","og_site_name":"Silhouette - Canada - French","article_publisher":"https:\/\/www.facebook.com\/SilhouetteAppliances","article_modified_time":"2022-12-02T19:57:51+00:00","og_image":[{"width":632,"height":574,"url":"https:\/\/cdnweb.silhouetteappliances.com\/wp-content\/uploads\/sites\/7\/2022\/02\/09222844\/DWC2727BLSweb.png","type":"image\/png"}],"twitter_card":"summary_large_image","schema":{"@context":"https:\/\/schema.org","@graph":[{"@type":["WebPage","ItemPage"],"url":"https:\/\/www.silhouetteappliances.com\/fr\/products\/dwc2727bls\/","name":"Camembert - Cave \u00e0 vin 24\" double zone \u00e0 porte fran\u00e7aise - DWC2727BLS | Silhouette Canada","isPartOf":[],"primaryImageOfPage":[],"image":[],"thumbnailUrl":"https:\/\/cdnweb.danby.com\/wp-content\/uploads\/sites\/7\/2022\/02\/09222844\/DWC2727BLSweb.png","datePublished":"2022-02-09T20:59:24+00:00","dateModified":"2022-12-02T19:57:51+00:00","description":"Voici le refroidisseur \u00e0 vin qui a de la classe et de la commodit\u00e9 \u00e0 revendre. Deux portes fran\u00e7aises en verre tremp\u00e9 s'ouvrent pour r\u00e9v\u00e9ler deux zones de temp\u00e9rature qui offrent un stockage sp\u00e9cialis\u00e9 pour vos vins rouges et blancs les plus fins. D\u00e9couvrez les d\u00e9lices de la dualit\u00e9.","breadcrumb":[],"inLanguage":"fr-CA","potentialAction":[{"@type":"ReadAction","target":["https:\/\/www.silhouetteappliances.com\/fr\/products\/dwc2727bls\/"]}]},{"@type":"ImageObject","inLanguage":"fr-CA","url":"https:\/\/cdnweb.danby.com\/wp-content\/uploads\/sites\/7\/2022\/02\/09222844\/DWC2727BLSweb.png","contentUrl":"https:\/\/cdnweb.danby.com\/wp-content\/uploads\/sites\/7\/2022\/02\/09222844\/DWC2727BLSweb.png","width":632,"height":574},{"@type":"BreadcrumbList","itemListElement":[{"@type":"ListItem","position":1,"name":"Home","item":"https:\/\/www.silhouetteappliances.com\/fr\/"},{"@type":"ListItem","position":2,"name":"Shop","item":"https:\/\/www.silhouetteappliances.com\/fr\/shop\/"},{"@type":"ListItem","position":3,"name":"Camembert &#8211; Cave \u00e0 vin 24&#8243; double zone \u00e0 porte fran\u00e7aise"}]},{"@type":"WebSite","url":"https:\/\/www.silhouetteappliances.com\/fr\/","name":"Silhouette - Canada - French","description":"Enfriadores de vino Refrigeradores bajo mostrador.  Todos los frigor\u00edficos - Centro de Bebidas y Vinos","publisher":[],"potentialAction":[{"@type":"SearchAction","target":{"@type":"EntryPoint","urlTemplate":"https:\/\/www.silhouetteappliances.com\/fr\/?s={search_term_string}"},"query-input":{"@type":"PropertyValueSpecification","valueRequired":true,"valueName":"search_term_string"}}],"inLanguage":"fr-CA"},{"@type":"Organization","name":"Silhouette Appliances","url":"https:\/\/www.silhouetteappliances.com\/fr\/","logo":{"@type":"ImageObject","inLanguage":"fr-CA","url":"https:\/\/www.silhouetteappliances.com\/fr\/wp-content\/uploads\/sites\/7\/2021\/12\/logo.png","contentUrl":"https:\/\/www.silhouetteappliances.com\/fr\/wp-content\/uploads\/sites\/7\/2021\/12\/logo.png","width":216,"height":46,"caption":"Silhouette Appliances"},"image":[],"sameAs":["https:\/\/www.facebook.com\/SilhouetteAppliances","https:\/\/www.youtube.com\/user\/SilhouetteAppliance"]}]}},"post_mailing_queue_ids":[],"_links":{"self":[{"href":"https:\/\/www.silhouetteappliances.com\/fr\/wp-json\/wp\/v2\/product\/1036","targetHints":{"allow":["GET"]}}],"collection":[{"href":"https:\/\/www.silhouetteappliances.com\/fr\/wp-json\/wp\/v2\/product"}],"about":[{"href":"https:\/\/www.silhouetteappliances.com\/fr\/wp-json\/wp\/v2\/types\/product"}],"replies":[{"embeddable":true,"href":"https:\/\/www.silhouetteappliances.com\/fr\/wp-json\/wp\/v2\/comments?post=1036"}],"wp:featuredmedia":[{"embeddable":true,"href":"https:\/\/www.silhouetteappliances.com\/fr\/wp-json\/wp\/v2\/media\/1185"}],"wp:attachment":[{"href":"https:\/\/www.silhouetteappliances.com\/fr\/wp-json\/wp\/v2\/media?parent=1036"}],"wp:term":[{"taxonomy":"product_brand","embeddable":true,"href":"https:\/\/www.silhouetteappliances.com\/fr\/wp-json\/wp\/v2\/product_brand?post=1036"},{"taxonomy":"product_cat","embeddable":true,"href":"https:\/\/www.silhouetteappliances.com\/fr\/wp-json\/wp\/v2\/product_cat?post=1036"},{"taxonomy":"product_tag","embeddable":true,"href":"https:\/\/www.silhouetteappliances.com\/fr\/wp-json\/wp\/v2\/product_tag?post=1036"}],"curies":[{"name":"wp","href":"https:\/\/api.w.org\/{rel}","templated":true}]}}