{"id":1030,"date":"2022-02-09T20:59:24","date_gmt":"2022-02-09T20:59:24","guid":{"rendered":"https:\/\/www.silhouetteappliances.com\/fr\/product\/dwc1534bls\/"},"modified":"2022-12-02T19:57:47","modified_gmt":"2022-12-02T19:57:47","slug":"dwc1534bls","status":"publish","type":"product","link":"https:\/\/www.silhouetteappliances.com\/fr\/products\/dwc1534bls\/","title":{"rendered":"Cheshire &#8211; Cave \u00e0 vin de 15&Prime; \u00e0 zone unique"},"content":{"rendered":"","protected":false},"excerpt":{"rendered":"","protected":false},"featured_media":1178,"comment_status":"closed","ping_status":"open","template":"","meta":{"_acf_changed":false},"product_brand":[],"product_cat":[21],"product_tag":[],"class_list":{"0":"post-1030","1":"product","2":"type-product","3":"status-publish","4":"has-post-thumbnail","6":"product_cat-refroidisseurs-a-vin","8":"first","9":"instock","10":"shipping-taxable","11":"product-type-simple"},"acf":[],"yoast_head":"<!-- This site is optimized with the Yoast SEO plugin v27.5 - https:\/\/yoast.com\/product\/yoast-seo-wordpress\/ -->\n<title>Cheshire - Cave \u00e0 vin de 15&quot; \u00e0 zone unique - DWC1534BLS | Silhouette Canada<\/title>\n<meta name=\"description\" content=\"Ce luxueux refroidisseur de vin se dresse comme une colonne solide, capable d&#039;attirer l&#039;attention de chacun de vos invit\u00e9s. De la garniture ext\u00e9rieure en acier inoxydable aux lumi\u00e8res int\u00e9rieures \u00e9clairantes, cette pi\u00e8ce est plus qu&#039;un accessoire de rangement, c&#039;est une v\u00e9ritable attraction.\" \/>\n<meta name=\"robots\" content=\"index, follow, max-snippet:-1, max-image-preview:large, max-video-preview:-1\" \/>\n<link rel=\"canonical\" href=\"https:\/\/www.silhouetteappliances.com\/fr\/products\/dwc1534bls\/\" \/>\n<meta property=\"og:locale\" content=\"fr_CA\" \/>\n<meta property=\"og:type\" content=\"article\" \/>\n<meta property=\"og:title\" content=\"Cheshire - Cave \u00e0 vin de 15&quot; \u00e0 zone unique - DWC1534BLS | Silhouette Canada\" \/>\n<meta property=\"og:description\" content=\"Ce luxueux refroidisseur de vin se dresse comme une colonne solide, capable d&#039;attirer l&#039;attention de chacun de vos invit\u00e9s. De la garniture ext\u00e9rieure en acier inoxydable aux lumi\u00e8res int\u00e9rieures \u00e9clairantes, cette pi\u00e8ce est plus qu&#039;un accessoire de rangement, c&#039;est une v\u00e9ritable attraction.\" \/>\n<meta property=\"og:url\" content=\"https:\/\/www.silhouetteappliances.com\/fr\/products\/dwc1534bls\/\" \/>\n<meta property=\"og:site_name\" content=\"Silhouette - Canada - French\" \/>\n<meta property=\"article:publisher\" content=\"https:\/\/www.facebook.com\/SilhouetteAppliances\" \/>\n<meta property=\"article:modified_time\" content=\"2022-12-02T19:57:47+00:00\" \/>\n<meta property=\"og:image\" content=\"https:\/\/cdnweb.silhouetteappliances.com\/wp-content\/uploads\/sites\/7\/2022\/02\/09222825\/DWC1534BLSweb.png\" \/>\n\t<meta property=\"og:image:width\" content=\"632\" \/>\n\t<meta property=\"og:image:height\" content=\"574\" \/>\n\t<meta property=\"og:image:type\" content=\"image\/png\" \/>\n<meta name=\"twitter:card\" content=\"summary_large_image\" \/>\n<script type=\"application\/ld+json\" class=\"yoast-schema-graph\">{\"@context\":\"https:\\\/\\\/schema.org\",\"@graph\":[{\"@type\":[\"WebPage\",\"ItemPage\"],\"url\":\"https:\\\/\\\/www.silhouetteappliances.com\\\/fr\\\/products\\\/dwc1534bls\\\/\",\"name\":\"Cheshire - Cave \u00e0 vin de 15\\\" \u00e0 zone unique - DWC1534BLS | Silhouette Canada\",\"isPartOf\":[],\"primaryImageOfPage\":[],\"image\":[],\"thumbnailUrl\":\"https:\\\/\\\/cdnweb.danby.com\\\/wp-content\\\/uploads\\\/sites\\\/7\\\/2022\\\/02\\\/09222825\\\/DWC1534BLSweb.png\",\"datePublished\":\"2022-02-09T20:59:24+00:00\",\"dateModified\":\"2022-12-02T19:57:47+00:00\",\"description\":\"Ce luxueux refroidisseur de vin se dresse comme une colonne solide, capable d'attirer l'attention de chacun de vos invit\u00e9s. De la garniture ext\u00e9rieure en acier inoxydable aux lumi\u00e8res int\u00e9rieures \u00e9clairantes, cette pi\u00e8ce est plus qu'un accessoire de rangement, c'est une v\u00e9ritable attraction.\",\"breadcrumb\":[],\"inLanguage\":\"fr-CA\",\"potentialAction\":[{\"@type\":\"ReadAction\",\"target\":[\"https:\\\/\\\/www.silhouetteappliances.com\\\/fr\\\/products\\\/dwc1534bls\\\/\"]}]},{\"@type\":\"ImageObject\",\"inLanguage\":\"fr-CA\",\"url\":\"https:\\\/\\\/cdnweb.danby.com\\\/wp-content\\\/uploads\\\/sites\\\/7\\\/2022\\\/02\\\/09222825\\\/DWC1534BLSweb.png\",\"contentUrl\":\"https:\\\/\\\/cdnweb.danby.com\\\/wp-content\\\/uploads\\\/sites\\\/7\\\/2022\\\/02\\\/09222825\\\/DWC1534BLSweb.png\",\"width\":632,\"height\":574},{\"@type\":\"BreadcrumbList\",\"itemListElement\":[{\"@type\":\"ListItem\",\"position\":1,\"name\":\"Home\",\"item\":\"https:\\\/\\\/www.silhouetteappliances.com\\\/fr\\\/\"},{\"@type\":\"ListItem\",\"position\":2,\"name\":\"Shop\",\"item\":\"https:\\\/\\\/www.silhouetteappliances.com\\\/fr\\\/shop\\\/\"},{\"@type\":\"ListItem\",\"position\":3,\"name\":\"Cheshire &#8211; Cave \u00e0 vin de 15&#8243; \u00e0 zone unique\"}]},{\"@type\":\"WebSite\",\"url\":\"https:\\\/\\\/www.silhouetteappliances.com\\\/fr\\\/\",\"name\":\"Silhouette - Canada - French\",\"description\":\"Enfriadores de vino Refrigeradores bajo mostrador.  Todos los frigor\u00edficos - Centro de Bebidas y Vinos\",\"publisher\":[],\"potentialAction\":[{\"@type\":\"SearchAction\",\"target\":{\"@type\":\"EntryPoint\",\"urlTemplate\":\"https:\\\/\\\/www.silhouetteappliances.com\\\/fr\\\/?s={search_term_string}\"},\"query-input\":{\"@type\":\"PropertyValueSpecification\",\"valueRequired\":true,\"valueName\":\"search_term_string\"}}],\"inLanguage\":\"fr-CA\"},{\"@type\":\"Organization\",\"name\":\"Silhouette Appliances\",\"url\":\"https:\\\/\\\/www.silhouetteappliances.com\\\/fr\\\/\",\"logo\":{\"@type\":\"ImageObject\",\"inLanguage\":\"fr-CA\",\"url\":\"https:\\\/\\\/www.silhouetteappliances.com\\\/fr\\\/wp-content\\\/uploads\\\/sites\\\/7\\\/2021\\\/12\\\/logo.png\",\"contentUrl\":\"https:\\\/\\\/www.silhouetteappliances.com\\\/fr\\\/wp-content\\\/uploads\\\/sites\\\/7\\\/2021\\\/12\\\/logo.png\",\"width\":216,\"height\":46,\"caption\":\"Silhouette Appliances\"},\"image\":[],\"sameAs\":[\"https:\\\/\\\/www.facebook.com\\\/SilhouetteAppliances\",\"https:\\\/\\\/www.youtube.com\\\/user\\\/SilhouetteAppliance\"]}]}<\/script>\n<!-- \/ Yoast SEO plugin. -->","yoast_head_json":{"title":"Cheshire - Cave \u00e0 vin de 15\" \u00e0 zone unique - DWC1534BLS | Silhouette Canada","description":"Ce luxueux refroidisseur de vin se dresse comme une colonne solide, capable d'attirer l'attention de chacun de vos invit\u00e9s. De la garniture ext\u00e9rieure en acier inoxydable aux lumi\u00e8res int\u00e9rieures \u00e9clairantes, cette pi\u00e8ce est plus qu'un accessoire de rangement, c'est une v\u00e9ritable attraction.","robots":{"index":"index","follow":"follow","max-snippet":"max-snippet:-1","max-image-preview":"max-image-preview:large","max-video-preview":"max-video-preview:-1"},"canonical":"https:\/\/www.silhouetteappliances.com\/fr\/products\/dwc1534bls\/","og_locale":"fr_CA","og_type":"article","og_title":"Cheshire - Cave \u00e0 vin de 15\" \u00e0 zone unique - DWC1534BLS | Silhouette Canada","og_description":"Ce luxueux refroidisseur de vin se dresse comme une colonne solide, capable d'attirer l'attention de chacun de vos invit\u00e9s. De la garniture ext\u00e9rieure en acier inoxydable aux lumi\u00e8res int\u00e9rieures \u00e9clairantes, cette pi\u00e8ce est plus qu'un accessoire de rangement, c'est une v\u00e9ritable attraction.","og_url":"https:\/\/www.silhouetteappliances.com\/fr\/products\/dwc1534bls\/","og_site_name":"Silhouette - Canada - French","article_publisher":"https:\/\/www.facebook.com\/SilhouetteAppliances","article_modified_time":"2022-12-02T19:57:47+00:00","og_image":[{"width":632,"height":574,"url":"https:\/\/cdnweb.silhouetteappliances.com\/wp-content\/uploads\/sites\/7\/2022\/02\/09222825\/DWC1534BLSweb.png","type":"image\/png"}],"twitter_card":"summary_large_image","schema":{"@context":"https:\/\/schema.org","@graph":[{"@type":["WebPage","ItemPage"],"url":"https:\/\/www.silhouetteappliances.com\/fr\/products\/dwc1534bls\/","name":"Cheshire - Cave \u00e0 vin de 15\" \u00e0 zone unique - DWC1534BLS | Silhouette Canada","isPartOf":[],"primaryImageOfPage":[],"image":[],"thumbnailUrl":"https:\/\/cdnweb.danby.com\/wp-content\/uploads\/sites\/7\/2022\/02\/09222825\/DWC1534BLSweb.png","datePublished":"2022-02-09T20:59:24+00:00","dateModified":"2022-12-02T19:57:47+00:00","description":"Ce luxueux refroidisseur de vin se dresse comme une colonne solide, capable d'attirer l'attention de chacun de vos invit\u00e9s. De la garniture ext\u00e9rieure en acier inoxydable aux lumi\u00e8res int\u00e9rieures \u00e9clairantes, cette pi\u00e8ce est plus qu'un accessoire de rangement, c'est une v\u00e9ritable attraction.","breadcrumb":[],"inLanguage":"fr-CA","potentialAction":[{"@type":"ReadAction","target":["https:\/\/www.silhouetteappliances.com\/fr\/products\/dwc1534bls\/"]}]},{"@type":"ImageObject","inLanguage":"fr-CA","url":"https:\/\/cdnweb.danby.com\/wp-content\/uploads\/sites\/7\/2022\/02\/09222825\/DWC1534BLSweb.png","contentUrl":"https:\/\/cdnweb.danby.com\/wp-content\/uploads\/sites\/7\/2022\/02\/09222825\/DWC1534BLSweb.png","width":632,"height":574},{"@type":"BreadcrumbList","itemListElement":[{"@type":"ListItem","position":1,"name":"Home","item":"https:\/\/www.silhouetteappliances.com\/fr\/"},{"@type":"ListItem","position":2,"name":"Shop","item":"https:\/\/www.silhouetteappliances.com\/fr\/shop\/"},{"@type":"ListItem","position":3,"name":"Cheshire &#8211; Cave \u00e0 vin de 15&#8243; \u00e0 zone unique"}]},{"@type":"WebSite","url":"https:\/\/www.silhouetteappliances.com\/fr\/","name":"Silhouette - Canada - French","description":"Enfriadores de vino Refrigeradores bajo mostrador.  Todos los frigor\u00edficos - Centro de Bebidas y Vinos","publisher":[],"potentialAction":[{"@type":"SearchAction","target":{"@type":"EntryPoint","urlTemplate":"https:\/\/www.silhouetteappliances.com\/fr\/?s={search_term_string}"},"query-input":{"@type":"PropertyValueSpecification","valueRequired":true,"valueName":"search_term_string"}}],"inLanguage":"fr-CA"},{"@type":"Organization","name":"Silhouette Appliances","url":"https:\/\/www.silhouetteappliances.com\/fr\/","logo":{"@type":"ImageObject","inLanguage":"fr-CA","url":"https:\/\/www.silhouetteappliances.com\/fr\/wp-content\/uploads\/sites\/7\/2021\/12\/logo.png","contentUrl":"https:\/\/www.silhouetteappliances.com\/fr\/wp-content\/uploads\/sites\/7\/2021\/12\/logo.png","width":216,"height":46,"caption":"Silhouette Appliances"},"image":[],"sameAs":["https:\/\/www.facebook.com\/SilhouetteAppliances","https:\/\/www.youtube.com\/user\/SilhouetteAppliance"]}]}},"post_mailing_queue_ids":[],"_links":{"self":[{"href":"https:\/\/www.silhouetteappliances.com\/fr\/wp-json\/wp\/v2\/product\/1030","targetHints":{"allow":["GET"]}}],"collection":[{"href":"https:\/\/www.silhouetteappliances.com\/fr\/wp-json\/wp\/v2\/product"}],"about":[{"href":"https:\/\/www.silhouetteappliances.com\/fr\/wp-json\/wp\/v2\/types\/product"}],"replies":[{"embeddable":true,"href":"https:\/\/www.silhouetteappliances.com\/fr\/wp-json\/wp\/v2\/comments?post=1030"}],"wp:featuredmedia":[{"embeddable":true,"href":"https:\/\/www.silhouetteappliances.com\/fr\/wp-json\/wp\/v2\/media\/1178"}],"wp:attachment":[{"href":"https:\/\/www.silhouetteappliances.com\/fr\/wp-json\/wp\/v2\/media?parent=1030"}],"wp:term":[{"taxonomy":"product_brand","embeddable":true,"href":"https:\/\/www.silhouetteappliances.com\/fr\/wp-json\/wp\/v2\/product_brand?post=1030"},{"taxonomy":"product_cat","embeddable":true,"href":"https:\/\/www.silhouetteappliances.com\/fr\/wp-json\/wp\/v2\/product_cat?post=1030"},{"taxonomy":"product_tag","embeddable":true,"href":"https:\/\/www.silhouetteappliances.com\/fr\/wp-json\/wp\/v2\/product_tag?post=1030"}],"curies":[{"name":"wp","href":"https:\/\/api.w.org\/{rel}","templated":true}]}}