{"id":1022,"date":"2022-02-09T20:59:24","date_gmt":"2022-02-09T20:59:24","guid":{"rendered":"https:\/\/www.silhouetteappliances.com\/fr\/product\/dwc047d1bsspr\/"},"modified":"2023-11-09T16:10:19","modified_gmt":"2023-11-09T16:10:19","slug":"dwc047d1bsspr","status":"publish","type":"product","link":"https:\/\/www.silhouetteappliances.com\/fr\/products\/dwc047d1bsspr\/","title":{"rendered":"Napa &#8211; Refroidisseur \u00e0 vin 24&Prime; \u00e0 porte fran\u00e7aise"},"content":{"rendered":"","protected":false},"excerpt":{"rendered":"<ul>\n<li>Refroidisseur de vin encastr\u00e9 sous le comptoir avec porte fran\u00e7aise de 24&Prime; de large<\/li>\n<li>Peut contenir jusqu&rsquo;\u00e0 42 bouteilles de vin de 750 ml*.<\/li>\n<li>La zone \u00e0 double temp\u00e9rature offre une plage de temp\u00e9rature de 5\u00b0C \u00e0 18\u00b0C (41\u00b0F \u00e0 64\u00b0F) &#8211; \u00e0 gauche et \u00e0 droite.<\/li>\n<li>Refroidissement par pro-vection &#8211; syst\u00e8me de gestion de la temp\u00e9rature qui utilise plusieurs capteurs pour ajuster le d\u00e9bit d&rsquo;air du ventilateur afin de maintenir une temp\u00e9rature constante.<\/li>\n<li>10 \u00e9tag\u00e8res m\u00e9talliques r\u00e9glables (5 \u00e0 gauche, 5 \u00e0 droite)<\/li>\n<li>L&rsquo;\u00e9clairage LED blanc p\u00e9rim\u00e9trique illumine l&rsquo;int\u00e9rieur de haut en bas.<\/li>\n<li>Doublure Prowave permettant de ranger les grandes bouteilles de vin dans le fond<\/li>\n<li>Le syst\u00e8me d&rsquo;\u00e9tag\u00e8res Pro-glide minimise les vibrations et s&rsquo;\u00e9tend \u00e0 100% pour un acc\u00e8s facile.<\/li>\n<li>Porte en verre Low E en acier inoxydable<\/li>\n<li>Comprend une alarme de temp\u00e9rature, une alarme d&rsquo;entreb\u00e2illement de la porte et un rappel de temp\u00e9rature.<\/li>\n<li>Fonctionnement silencieux : 47 db<\/li>\n<li>Garantie de 24 mois avec service \u00e0 domicile<\/li>\n<\/ul>\n","protected":false},"featured_media":1164,"comment_status":"closed","ping_status":"closed","template":"","meta":{"_acf_changed":false},"product_brand":[],"product_cat":[21],"product_tag":[],"class_list":{"0":"post-1022","1":"product","2":"type-product","3":"status-publish","4":"has-post-thumbnail","6":"product_cat-refroidisseurs-a-vin","7":"pa_by-cooling-zones-double-zone","8":"pa_by-door-finish-acier-inoxydable","9":"pa_by-door-finish-verre","10":"pa_by-width-24-pouces","12":"first","13":"instock","14":"shipping-taxable","15":"product-type-simple"},"acf":[],"yoast_head":"<!-- This site is optimized with the Yoast SEO plugin v26.7 - https:\/\/yoast.com\/wordpress\/plugins\/seo\/ -->\n<title>Napa - Refroidisseur \u00e0 vin 24&quot; \u00e0 porte fran\u00e7aise - DWC047D1BSSPR | Silhouette Canada<\/title>\n<meta name=\"description\" content=\"Le Napa est le refroidisseur \u00e0 vin parfait pour l&#039;amuseur \u00e9l\u00e9gant qui aime garder une vari\u00e9t\u00e9 de vins rouges et blancs \u00e0 port\u00e9e de main et s&#039;assurer que leurs vari\u00e9t\u00e9s pr\u00e9f\u00e9r\u00e9es sont conserv\u00e9es en permanence \u00e0 la temp\u00e9rature id\u00e9ale pour le plus grand plaisir de leurs invit\u00e9s.\" \/>\n<meta name=\"robots\" content=\"index, follow, max-snippet:-1, max-image-preview:large, max-video-preview:-1\" \/>\n<link rel=\"canonical\" href=\"https:\/\/www.silhouetteappliances.com\/fr\/products\/dwc047d1bsspr\/\" \/>\n<meta property=\"og:locale\" content=\"fr_CA\" \/>\n<meta property=\"og:type\" content=\"article\" \/>\n<meta property=\"og:title\" content=\"Napa - Refroidisseur \u00e0 vin 24&quot; \u00e0 porte fran\u00e7aise - DWC047D1BSSPR | Silhouette Canada\" \/>\n<meta property=\"og:description\" content=\"Le Napa est le refroidisseur \u00e0 vin parfait pour l&#039;amuseur \u00e9l\u00e9gant qui aime garder une vari\u00e9t\u00e9 de vins rouges et blancs \u00e0 port\u00e9e de main et s&#039;assurer que leurs vari\u00e9t\u00e9s pr\u00e9f\u00e9r\u00e9es sont conserv\u00e9es en permanence \u00e0 la temp\u00e9rature id\u00e9ale pour le plus grand plaisir de leurs invit\u00e9s.\" \/>\n<meta property=\"og:url\" content=\"https:\/\/www.silhouetteappliances.com\/fr\/products\/dwc047d1bsspr\/\" \/>\n<meta property=\"og:site_name\" content=\"Silhouette - Canada - French\" \/>\n<meta property=\"article:publisher\" content=\"https:\/\/www.facebook.com\/SilhouetteAppliances\" \/>\n<meta property=\"article:modified_time\" content=\"2023-11-09T16:10:19+00:00\" \/>\n<meta property=\"og:image\" content=\"https:\/\/cdnweb.silhouetteappliances.com\/wp-content\/uploads\/sites\/7\/2022\/02\/09222745\/DWC047D1BSSPR-Featured.jpg\" \/>\n\t<meta property=\"og:image:width\" content=\"1440\" \/>\n\t<meta property=\"og:image:height\" content=\"1920\" \/>\n\t<meta property=\"og:image:type\" content=\"image\/jpeg\" \/>\n<meta name=\"twitter:card\" content=\"summary_large_image\" \/>\n<script type=\"application\/ld+json\" class=\"yoast-schema-graph\">{\"@context\":\"https:\/\/schema.org\",\"@graph\":[{\"@type\":[\"WebPage\",\"ItemPage\"],\"url\":\"https:\/\/www.silhouetteappliances.com\/fr\/products\/dwc047d1bsspr\/\",\"name\":\"Napa - Refroidisseur \u00e0 vin 24\\\" \u00e0 porte fran\u00e7aise - DWC047D1BSSPR | Silhouette Canada\",\"isPartOf\":[],\"primaryImageOfPage\":[],\"image\":[],\"thumbnailUrl\":\"https:\/\/cdnweb.danby.com\/wp-content\/uploads\/sites\/7\/2022\/02\/09222745\/DWC047D1BSSPR-Featured.jpg\",\"datePublished\":\"2022-02-09T20:59:24+00:00\",\"dateModified\":\"2023-11-09T16:10:19+00:00\",\"description\":\"Le Napa est le refroidisseur \u00e0 vin parfait pour l'amuseur \u00e9l\u00e9gant qui aime garder une vari\u00e9t\u00e9 de vins rouges et blancs \u00e0 port\u00e9e de main et s'assurer que leurs vari\u00e9t\u00e9s pr\u00e9f\u00e9r\u00e9es sont conserv\u00e9es en permanence \u00e0 la temp\u00e9rature id\u00e9ale pour le plus grand plaisir de leurs invit\u00e9s.\",\"breadcrumb\":[],\"inLanguage\":\"fr-CA\",\"potentialAction\":[{\"@type\":\"ReadAction\",\"target\":[\"https:\/\/www.silhouetteappliances.com\/fr\/products\/dwc047d1bsspr\/\"]}]},{\"@type\":\"ImageObject\",\"inLanguage\":\"fr-CA\",\"url\":\"https:\/\/cdnweb.danby.com\/wp-content\/uploads\/sites\/7\/2022\/02\/09222745\/DWC047D1BSSPR-Featured.jpg\",\"contentUrl\":\"https:\/\/cdnweb.danby.com\/wp-content\/uploads\/sites\/7\/2022\/02\/09222745\/DWC047D1BSSPR-Featured.jpg\",\"width\":1440,\"height\":1920},{\"@type\":\"BreadcrumbList\",\"itemListElement\":[{\"@type\":\"ListItem\",\"position\":1,\"name\":\"Home\",\"item\":\"https:\/\/www.silhouetteappliances.com\/fr\/\"},{\"@type\":\"ListItem\",\"position\":2,\"name\":\"Shop\",\"item\":\"https:\/\/www.silhouetteappliances.com\/fr\/shop\/\"},{\"@type\":\"ListItem\",\"position\":3,\"name\":\"Napa &#8211; Refroidisseur \u00e0 vin 24&#8243; \u00e0 porte fran\u00e7aise\"}]},{\"@type\":\"WebSite\",\"url\":\"https:\/\/www.silhouetteappliances.com\/fr\/\",\"name\":\"Silhouette - Canada - French\",\"description\":\"Enfriadores de vino Refrigeradores bajo mostrador.  Todos los frigor\u00edficos - Centro de Bebidas y Vinos\",\"publisher\":[],\"potentialAction\":[{\"@type\":\"SearchAction\",\"target\":{\"@type\":\"EntryPoint\",\"urlTemplate\":\"https:\/\/www.silhouetteappliances.com\/fr\/?s={search_term_string}\"},\"query-input\":{\"@type\":\"PropertyValueSpecification\",\"valueRequired\":true,\"valueName\":\"search_term_string\"}}],\"inLanguage\":\"fr-CA\"},{\"@type\":\"Organization\",\"name\":\"Silhouette Appliances\",\"url\":\"https:\/\/www.silhouetteappliances.com\/fr\/\",\"logo\":{\"@type\":\"ImageObject\",\"inLanguage\":\"fr-CA\",\"url\":\"https:\/\/www.silhouetteappliances.com\/fr\/wp-content\/uploads\/sites\/7\/2021\/12\/logo.png\",\"contentUrl\":\"https:\/\/www.silhouetteappliances.com\/fr\/wp-content\/uploads\/sites\/7\/2021\/12\/logo.png\",\"width\":216,\"height\":46,\"caption\":\"Silhouette Appliances\"},\"image\":[],\"sameAs\":[\"https:\/\/www.facebook.com\/SilhouetteAppliances\",\"https:\/\/www.youtube.com\/user\/SilhouetteAppliance\"]}]}<\/script>\n<!-- \/ Yoast SEO plugin. -->","yoast_head_json":{"title":"Napa - Refroidisseur \u00e0 vin 24\" \u00e0 porte fran\u00e7aise - DWC047D1BSSPR | Silhouette Canada","description":"Le Napa est le refroidisseur \u00e0 vin parfait pour l'amuseur \u00e9l\u00e9gant qui aime garder une vari\u00e9t\u00e9 de vins rouges et blancs \u00e0 port\u00e9e de main et s'assurer que leurs vari\u00e9t\u00e9s pr\u00e9f\u00e9r\u00e9es sont conserv\u00e9es en permanence \u00e0 la temp\u00e9rature id\u00e9ale pour le plus grand plaisir de leurs invit\u00e9s.","robots":{"index":"index","follow":"follow","max-snippet":"max-snippet:-1","max-image-preview":"max-image-preview:large","max-video-preview":"max-video-preview:-1"},"canonical":"https:\/\/www.silhouetteappliances.com\/fr\/products\/dwc047d1bsspr\/","og_locale":"fr_CA","og_type":"article","og_title":"Napa - Refroidisseur \u00e0 vin 24\" \u00e0 porte fran\u00e7aise - DWC047D1BSSPR | Silhouette Canada","og_description":"Le Napa est le refroidisseur \u00e0 vin parfait pour l'amuseur \u00e9l\u00e9gant qui aime garder une vari\u00e9t\u00e9 de vins rouges et blancs \u00e0 port\u00e9e de main et s'assurer que leurs vari\u00e9t\u00e9s pr\u00e9f\u00e9r\u00e9es sont conserv\u00e9es en permanence \u00e0 la temp\u00e9rature id\u00e9ale pour le plus grand plaisir de leurs invit\u00e9s.","og_url":"https:\/\/www.silhouetteappliances.com\/fr\/products\/dwc047d1bsspr\/","og_site_name":"Silhouette - Canada - French","article_publisher":"https:\/\/www.facebook.com\/SilhouetteAppliances","article_modified_time":"2023-11-09T16:10:19+00:00","og_image":[{"width":1440,"height":1920,"url":"https:\/\/cdnweb.silhouetteappliances.com\/wp-content\/uploads\/sites\/7\/2022\/02\/09222745\/DWC047D1BSSPR-Featured.jpg","type":"image\/jpeg"}],"twitter_card":"summary_large_image","schema":{"@context":"https:\/\/schema.org","@graph":[{"@type":["WebPage","ItemPage"],"url":"https:\/\/www.silhouetteappliances.com\/fr\/products\/dwc047d1bsspr\/","name":"Napa - Refroidisseur \u00e0 vin 24\" \u00e0 porte fran\u00e7aise - DWC047D1BSSPR | Silhouette Canada","isPartOf":[],"primaryImageOfPage":[],"image":[],"thumbnailUrl":"https:\/\/cdnweb.danby.com\/wp-content\/uploads\/sites\/7\/2022\/02\/09222745\/DWC047D1BSSPR-Featured.jpg","datePublished":"2022-02-09T20:59:24+00:00","dateModified":"2023-11-09T16:10:19+00:00","description":"Le Napa est le refroidisseur \u00e0 vin parfait pour l'amuseur \u00e9l\u00e9gant qui aime garder une vari\u00e9t\u00e9 de vins rouges et blancs \u00e0 port\u00e9e de main et s'assurer que leurs vari\u00e9t\u00e9s pr\u00e9f\u00e9r\u00e9es sont conserv\u00e9es en permanence \u00e0 la temp\u00e9rature id\u00e9ale pour le plus grand plaisir de leurs invit\u00e9s.","breadcrumb":[],"inLanguage":"fr-CA","potentialAction":[{"@type":"ReadAction","target":["https:\/\/www.silhouetteappliances.com\/fr\/products\/dwc047d1bsspr\/"]}]},{"@type":"ImageObject","inLanguage":"fr-CA","url":"https:\/\/cdnweb.danby.com\/wp-content\/uploads\/sites\/7\/2022\/02\/09222745\/DWC047D1BSSPR-Featured.jpg","contentUrl":"https:\/\/cdnweb.danby.com\/wp-content\/uploads\/sites\/7\/2022\/02\/09222745\/DWC047D1BSSPR-Featured.jpg","width":1440,"height":1920},{"@type":"BreadcrumbList","itemListElement":[{"@type":"ListItem","position":1,"name":"Home","item":"https:\/\/www.silhouetteappliances.com\/fr\/"},{"@type":"ListItem","position":2,"name":"Shop","item":"https:\/\/www.silhouetteappliances.com\/fr\/shop\/"},{"@type":"ListItem","position":3,"name":"Napa &#8211; Refroidisseur \u00e0 vin 24&#8243; \u00e0 porte fran\u00e7aise"}]},{"@type":"WebSite","url":"https:\/\/www.silhouetteappliances.com\/fr\/","name":"Silhouette - Canada - French","description":"Enfriadores de vino Refrigeradores bajo mostrador.  Todos los frigor\u00edficos - Centro de Bebidas y Vinos","publisher":[],"potentialAction":[{"@type":"SearchAction","target":{"@type":"EntryPoint","urlTemplate":"https:\/\/www.silhouetteappliances.com\/fr\/?s={search_term_string}"},"query-input":{"@type":"PropertyValueSpecification","valueRequired":true,"valueName":"search_term_string"}}],"inLanguage":"fr-CA"},{"@type":"Organization","name":"Silhouette Appliances","url":"https:\/\/www.silhouetteappliances.com\/fr\/","logo":{"@type":"ImageObject","inLanguage":"fr-CA","url":"https:\/\/www.silhouetteappliances.com\/fr\/wp-content\/uploads\/sites\/7\/2021\/12\/logo.png","contentUrl":"https:\/\/www.silhouetteappliances.com\/fr\/wp-content\/uploads\/sites\/7\/2021\/12\/logo.png","width":216,"height":46,"caption":"Silhouette Appliances"},"image":[],"sameAs":["https:\/\/www.facebook.com\/SilhouetteAppliances","https:\/\/www.youtube.com\/user\/SilhouetteAppliance"]}]}},"post_mailing_queue_ids":[],"_links":{"self":[{"href":"https:\/\/www.silhouetteappliances.com\/fr\/wp-json\/wp\/v2\/product\/1022","targetHints":{"allow":["GET"]}}],"collection":[{"href":"https:\/\/www.silhouetteappliances.com\/fr\/wp-json\/wp\/v2\/product"}],"about":[{"href":"https:\/\/www.silhouetteappliances.com\/fr\/wp-json\/wp\/v2\/types\/product"}],"replies":[{"embeddable":true,"href":"https:\/\/www.silhouetteappliances.com\/fr\/wp-json\/wp\/v2\/comments?post=1022"}],"wp:featuredmedia":[{"embeddable":true,"href":"https:\/\/www.silhouetteappliances.com\/fr\/wp-json\/wp\/v2\/media\/1164"}],"wp:attachment":[{"href":"https:\/\/www.silhouetteappliances.com\/fr\/wp-json\/wp\/v2\/media?parent=1022"}],"wp:term":[{"taxonomy":"product_brand","embeddable":true,"href":"https:\/\/www.silhouetteappliances.com\/fr\/wp-json\/wp\/v2\/product_brand?post=1022"},{"taxonomy":"product_cat","embeddable":true,"href":"https:\/\/www.silhouetteappliances.com\/fr\/wp-json\/wp\/v2\/product_cat?post=1022"},{"taxonomy":"product_tag","embeddable":true,"href":"https:\/\/www.silhouetteappliances.com\/fr\/wp-json\/wp\/v2\/product_tag?post=1022"}],"curies":[{"name":"wp","href":"https:\/\/api.w.org\/{rel}","templated":true}]}}