{"id":67,"date":"2021-12-04T07:52:23","date_gmt":"2021-12-04T07:52:23","guid":{"rendered":"https:\/\/www.silhouetteappliances.com\/fr\/manual-downloads\/"},"modified":"2022-06-10T17:30:13","modified_gmt":"2022-06-10T17:30:13","slug":"manuales-de-productos","status":"publish","type":"page","link":"https:\/\/www.silhouetteappliances.com\/fr\/manuales-de-productos\/","title":{"rendered":"Manuales de productos"},"content":{"rendered":"\t\t<div data-elementor-type=\"wp-page\" data-elementor-id=\"67\" class=\"elementor elementor-67\" data-elementor-post-type=\"page\">\n\t\t\t\t\t\t<section class=\"elementor-section elementor-top-section elementor-element elementor-element-62b23e07 elementor-section-full_width elementor-section-height-min-height elementor-section-stretched elementor-section-height-default elementor-section-items-middle\" data-id=\"62b23e07\" data-element_type=\"section\" data-settings=\"{&quot;stretch_section&quot;:&quot;section-stretched&quot;,&quot;background_background&quot;:&quot;classic&quot;}\">\n\t\t\t\t\t\t<div class=\"elementor-container elementor-column-gap-default\">\n\t\t\t\t\t<div class=\"elementor-column elementor-col-100 elementor-top-column elementor-element elementor-element-4597515e\" data-id=\"4597515e\" data-element_type=\"column\">\n\t\t\t<div class=\"elementor-widget-wrap elementor-element-populated\">\n\t\t\t\t\t\t<div class=\"elementor-element elementor-element-56dd9afb elementor-widget__width-auto elementor-widget elementor-widget-heading\" data-id=\"56dd9afb\" data-element_type=\"widget\" data-widget_type=\"heading.default\">\n\t\t\t\t<div class=\"elementor-widget-container\">\n\t\t\t\t\t<h1 class=\"elementor-heading-title elementor-size-default\">Manuales de productos<\/h1>\t\t\t\t<\/div>\n\t\t\t\t<\/div>\n\t\t\t\t\t<\/div>\n\t\t<\/div>\n\t\t\t\t\t<\/div>\n\t\t<\/section>\n\t\t\t\t<section class=\"elementor-section elementor-top-section elementor-element elementor-element-e869a67 elementor-section-boxed elementor-section-height-default elementor-section-height-default\" data-id=\"e869a67\" data-element_type=\"section\">\n\t\t\t\t\t\t<div class=\"elementor-container elementor-column-gap-default\">\n\t\t\t\t\t<div class=\"elementor-column elementor-col-100 elementor-top-column elementor-element elementor-element-1ec92ab\" data-id=\"1ec92ab\" data-element_type=\"column\">\n\t\t\t<div class=\"elementor-widget-wrap elementor-element-populated\">\n\t\t\t\t\t\t<div class=\"elementor-element elementor-element-d73be24 elementor-widget elementor-widget-shortcode\" data-id=\"d73be24\" data-element_type=\"widget\" data-widget_type=\"shortcode.default\">\n\t\t\t\t<div class=\"elementor-widget-container\">\n\t\t\t\t\t\n\t<div class=\"resources_search\">\t\n\t\t<form role=\"search\" method=\"GET\" class=\"search-form\">\n\t\t\t\t<label>\n\t\t\t\t\t<span class=\"screen-reader-text\">Recherche :<\/span>\n\t\t\t\t\t<input type=\"search\" class=\"search_box\" placeholder=\"Recherche par SKU\" value=\"\" name=\"sku\" title=\"Recherche :\" \/>\n\t\t\t\t<\/label>\n\t\t\t\t<input type=\"submit\" class=\"resource_button\" value=\"Recherche\" \/>\n\t\t\t<\/form>\n\t<\/div>\n\n<table style=\"width:100%\" role=\"presentation\">\n  <tr>\n\t<th>SKU<\/th>\n    <th>Manuel du propri\u00e9taire<\/th>\n\t<th>Guide de l'\u00e9nergie<\/th>\n\t<th>Fiche technique<\/th>\n\t<th>Chemical Information<\/th>\n  <\/tr>\n  \n\n\t\t<tr>\n\t\t\t<td>SPRWC052D3SS<\/td>\n\t\t\t\t\t\t\t<td><a target=\"_blank\" href=\"https:\/\/cdnns.danby.com\/4973611\/SPRWC052D3SS_SPRWC052D3SS-P_EFS_20240515.1219859.pdf\" aria-label=\"click here to download Cave \u00e0 vin encastr\u00e9e Silhouette Pro Gen 3 &#8211; 24&Prime; en acier inoxydable SPRWC052D3SS Owner's Manual (New Window)\">Afficher\/t\u00e9l\u00e9charger<\/a><\/td>\t\n\t\t\t\t\n\t\t\t\n\t\t\t\t\t\t\t<td><a target=\"_blank\" href=\"https:\/\/cdnns.danby.com\/4973611\/DANBY%20SPRWC052D3SS%20energy%20label.1266537.pdf\" aria-label=\"click here to download Cave \u00e0 vin encastr\u00e9e Silhouette Pro Gen 3 &#8211; 24&Prime; en acier inoxydable SPRWC052D3SS Energy Guide (New Window)\">Afficher\/t\u00e9l\u00e9charger<\/a><\/td>\t\n\t\t\t\t\t\t\n\t\t\t\t\t\t\t<td><a target=\"_blank\" href=\"https:\/\/cdnweb.silhouetteappliances.com\/wp-content\/uploads\/sites\/7\/2024\/08\/06183448\/SPRWC052D3SS_SpecSheet_FR.pdf\" aria-label=\"click here to download SPRWC052D3SS Energy Guide (New Window)\">Afficher\/t\u00e9l\u00e9charger<\/a><\/td>\t\n\t\t\t\t\t\t\n\t\t\t<td><\/td> \t\n\t\t\t\n\t\n\t\t<\/tr>\n\t\t\t\t<tr>\n\t\t\t<td>SPRWC052D3SS-P<\/td>\n\t\t\t\t\t\t\t<td><a target=\"_blank\" href=\"https:\/\/cdnns.danby.com\/4973611\/SPRWBC052D3SS_SPRWBC052D3SS-P_EFS_20240515.1235216.pdf\" aria-label=\"click here to download Silhouette Pro Gen 3 &#8211; Cave \u00e0 vin encastrable de 24 po, pr\u00eate pour panneau SPRWC052D3SS-P Owner's Manual (New Window)\">Afficher\/t\u00e9l\u00e9charger<\/a><\/td>\t\n\t\t\t\t\n\t\t\t\n\t\t\t\t\t\t\t<td><a target=\"_blank\" href=\"https:\/\/cdnns.danby.com\/4973611\/DANBY%20SPRWC052D3SS-P%20energy%20label.1266538.pdf\" aria-label=\"click here to download Silhouette Pro Gen 3 &#8211; Cave \u00e0 vin encastrable de 24 po, pr\u00eate pour panneau SPRWC052D3SS-P Energy Guide (New Window)\">Afficher\/t\u00e9l\u00e9charger<\/a><\/td>\t\n\t\t\t\t\t\t\n\t\t\t\t\t\t\t<td><a target=\"_blank\" href=\"https:\/\/cdnweb.silhouetteappliances.com\/wp-content\/uploads\/sites\/7\/2024\/08\/06183451\/SPRWC052D3SS-P_SpecSheet_FR.pdf\" aria-label=\"click here to download SPRWC052D3SS-P Energy Guide (New Window)\">Afficher\/t\u00e9l\u00e9charger<\/a><\/td>\t\n\t\t\t\t\t\t\n\t\t\t<td><\/td> \t\n\t\t\t\n\t\n\t\t<\/tr>\n\t\t\t\t<tr>\n\t\t\t<td>SPRWBC052D3SS<\/td>\n\t\t\t\t\t\t\t<td><a target=\"_blank\" href=\"https:\/\/cdnns.danby.com\/4973611\/SPRWBC052D3SS_SPRWBC052D3SS-P_EFS_20240515.1235217.pdf\" aria-label=\"click here to download Centre de vin et de boissons encastr\u00e9 Silhouette Pro Gen 3 &#8211; 24&Prime; en acier inoxydable SPRWBC052D3SS Owner's Manual (New Window)\">Afficher\/t\u00e9l\u00e9charger<\/a><\/td>\t\n\t\t\t\t\n\t\t\t\n\t\t\t\t\t\t\t<td><a target=\"_blank\" href=\"https:\/\/cdnns.danby.com\/4973611\/DANBY%20SPRWBC052D3SS%20energy%20label.1266535.pdf\" aria-label=\"click here to download Centre de vin et de boissons encastr\u00e9 Silhouette Pro Gen 3 &#8211; 24&Prime; en acier inoxydable SPRWBC052D3SS Energy Guide (New Window)\">Afficher\/t\u00e9l\u00e9charger<\/a><\/td>\t\n\t\t\t\t\t\t\n\t\t\t\t\t\t\t<td><a target=\"_blank\" href=\"https:\/\/cdnweb.silhouetteappliances.com\/wp-content\/uploads\/sites\/7\/2024\/08\/06183454\/SPRWBC052D3SS_SpecSheet_FR.pdf\" aria-label=\"click here to download SPRWBC052D3SS Energy Guide (New Window)\">Afficher\/t\u00e9l\u00e9charger<\/a><\/td>\t\n\t\t\t\t\t\t\n\t\t\t<td><\/td> \t\n\t\t\t\n\t\n\t\t<\/tr>\n\t\t\t\t<tr>\n\t\t\t<td>SPRWBC052D3SS-P<\/td>\n\t\t\t\t\t\t\t<td><a target=\"_blank\" href=\"https:\/\/cdnns.danby.com\/4973611\/SPRWBC052D3SS_SPRWBC052D3SS-P_EFS_20240515.1235216.pdf\" aria-label=\"click here to download Centre de vin et de boissons encastr\u00e9 Silhouette 24&Prime; pr\u00eat \u00e0 recevoir un panneau SPRWBC052D3SS-P Owner's Manual (New Window)\">Afficher\/t\u00e9l\u00e9charger<\/a><\/td>\t\n\t\t\t\t\n\t\t\t\n\t\t\t\t\t\t\t<td><a target=\"_blank\" href=\"https:\/\/cdnns.danby.com\/4973611\/DANBY%20SPRWBC052D3SS-P%20energy%20label.1266536.pdf\" aria-label=\"click here to download Centre de vin et de boissons encastr\u00e9 Silhouette 24&Prime; pr\u00eat \u00e0 recevoir un panneau SPRWBC052D3SS-P Energy Guide (New Window)\">Afficher\/t\u00e9l\u00e9charger<\/a><\/td>\t\n\t\t\t\t\t\t\n\t\t\t\t\t\t\t<td><a target=\"_blank\" href=\"https:\/\/cdnweb.silhouetteappliances.com\/wp-content\/uploads\/sites\/7\/2024\/08\/06183458\/SPRWBC052D3SS-P_SpecSheet_FR.pdf\" aria-label=\"click here to download SPRWBC052D3SS-P Energy Guide (New Window)\">Afficher\/t\u00e9l\u00e9charger<\/a><\/td>\t\n\t\t\t\t\t\t\n\t\t\t<td><\/td> \t\n\t\t\t\n\t\n\t\t<\/tr>\n\t\t\t\t<tr>\n\t\t\t<td>SPRBC052D3SS<\/td>\n\t\t\t\t\t\t\t<td><a target=\"_blank\" href=\"https:\/\/cdnns.danby.com\/4973611\/SPRBC052D3SS_SPRBC052D3SS-P_EFS_20240515.1219753.pdf\" aria-label=\"click here to download Centre de boissons encastr\u00e9 Silhouette Pro Gen 3 &#8211; 24&Prime; en acier inoxydable SPRBC052D3SS Owner's Manual (New Window)\">Afficher\/t\u00e9l\u00e9charger<\/a><\/td>\t\n\t\t\t\t\n\t\t\t\n\t\t\t\t\t\t\t<td><a target=\"_blank\" href=\"https:\/\/cdnns.danby.com\/4973611\/DANBY%20SPRBC052D3SS%20energy%20label.1266533.pdf\" aria-label=\"click here to download Centre de boissons encastr\u00e9 Silhouette Pro Gen 3 &#8211; 24&Prime; en acier inoxydable SPRBC052D3SS Energy Guide (New Window)\">Afficher\/t\u00e9l\u00e9charger<\/a><\/td>\t\n\t\t\t\t\t\t\n\t\t\t\t\t\t\t<td><a target=\"_blank\" href=\"https:\/\/cdnweb.silhouetteappliances.com\/wp-content\/uploads\/sites\/7\/2024\/08\/06183501\/SPRBC052D3SS_SpecSheet_FR.pdf\" aria-label=\"click here to download SPRBC052D3SS Energy Guide (New Window)\">Afficher\/t\u00e9l\u00e9charger<\/a><\/td>\t\n\t\t\t\t\t\t\n\t\t\t<td><\/td> \t\n\t\t\t\n\t\n\t\t<\/tr>\n\t\t\t\t<tr>\n\t\t\t<td>SPRBC052D3SS-P<\/td>\n\t\t\t\t\t\t\t<td><a target=\"_blank\" href=\"https:\/\/cdnns.danby.com\/4973611\/SPRBC052D3SS_SPRBC052D3SS-P_EFS_20240515.1219754.pdf\" aria-label=\"click here to download Centre de boissons encastr\u00e9 Silhouette Pro Gen 3 &#8211; 24&Prime; pr\u00eat \u00e0 recevoir un panneau SPRBC052D3SS-P Owner's Manual (New Window)\">Afficher\/t\u00e9l\u00e9charger<\/a><\/td>\t\n\t\t\t\t\n\t\t\t\n\t\t\t\t\t\t\t<td><a target=\"_blank\" href=\"https:\/\/cdnns.danby.com\/4973611\/DANBY%20SPRBC052D3SS-P%20energy%20label.1266534.pdf\" aria-label=\"click here to download Centre de boissons encastr\u00e9 Silhouette Pro Gen 3 &#8211; 24&Prime; pr\u00eat \u00e0 recevoir un panneau SPRBC052D3SS-P Energy Guide (New Window)\">Afficher\/t\u00e9l\u00e9charger<\/a><\/td>\t\n\t\t\t\t\t\t\n\t\t\t\t\t\t\t<td><a target=\"_blank\" href=\"https:\/\/cdnweb.silhouetteappliances.com\/wp-content\/uploads\/sites\/7\/2024\/08\/06183511\/SPRBC052D3SS-P_SpecSheet_FR.pdf\" aria-label=\"click here to download SPRBC052D3SS-P Energy Guide (New Window)\">Afficher\/t\u00e9l\u00e9charger<\/a><\/td>\t\n\t\t\t\t\t\t\n\t\t\t<td><\/td> \t\n\t\t\t\n\t\n\t\t<\/tr>\n\t\t\t\t<tr>\n\t\t\t<td>SRVWC050L<\/td>\n\t\t\t\t\t\t\t<td><a target=\"_blank\" href=\"https:\/\/cdnns.silhouetteappliances.com\/4973611\/SRVWC050L_SRVWC050R_EFOM_20170810.pdf\" aria-label=\"click here to download Silhouette &#8211; R\u00e9serve SRVWC050L Owner's Manual (New Window)\">Afficher\/t\u00e9l\u00e9charger<\/a><\/td>\t\n\t\t\t\t\n\t\t\t\n\t\t\t\t\t\t\t<td><a target=\"_blank\" href=\"https:\/\/cdnns.silhouetteappliances.com\/4973611\/NRCAN%20Label%20-%20SRVWC050R-L.10585.png\" aria-label=\"click here to download Silhouette &#8211; R\u00e9serve SRVWC050L Energy Guide (New Window)\">Afficher\/t\u00e9l\u00e9charger<\/a><\/td>\t\n\t\t\t\t\t\t\n\t\t\t<td><a target=\"_blank\" href=\"https:\/\/www.silhouetteappliances.com\/fr\/products\/srvwc050l\/?o=pdf\" aria-label=\"click here to download SRVWC050L Spec Sheet (New Window)\">Afficher\/t\u00e9l\u00e9charger<\/a><\/td> \t\t\t\n\t\t\t<td><\/td> \t\n\t\t\t\n\t\n\t\t<\/tr>\n\t\t\t\t<tr>\n\t\t\t<td>SRVWC050R<\/td>\n\t\t\t\t\t\t\t<td><a target=\"_blank\" href=\"https:\/\/cdnns.silhouetteappliances.com\/4973611\/SRVWC050L_SRVWC050R_EFOM_20170810.pdf\" aria-label=\"click here to download Silhouette &#8211; R\u00e9serve (poign\u00e9e droite) SRVWC050R Owner's Manual (New Window)\">Afficher\/t\u00e9l\u00e9charger<\/a><\/td>\t\n\t\t\t\t\n\t\t\t\n\t\t\t\t\t\t\t<td><a target=\"_blank\" href=\"https:\/\/cdnns.silhouetteappliances.com\/4973611\/NRCAN%20Label%20-%20SRVWC050R-L.10586.png\" aria-label=\"click here to download Silhouette &#8211; R\u00e9serve (poign\u00e9e droite) SRVWC050R Energy Guide (New Window)\">Afficher\/t\u00e9l\u00e9charger<\/a><\/td>\t\n\t\t\t\t\t\t\n\t\t\t<td><a target=\"_blank\" href=\"https:\/\/www.silhouetteappliances.com\/fr\/products\/srvwc050r\/?o=pdf\" aria-label=\"click here to download SRVWC050R Spec Sheet (New Window)\">Afficher\/t\u00e9l\u00e9charger<\/a><\/td> \t\t\t\n\t\t\t<td><\/td> \t\n\t\t\t\n\t\n\t\t<\/tr>\n\t\t\t\t<tr>\n\t\t\t<td>SRVBC050R<\/td>\n\t\t\t\t\t\t\t<td><a target=\"_blank\" href=\"https:\/\/cdnns.silhouetteappliances.com\/4973611\/SRVBC050L_SRVBC050R_EFOM_20170810.pdf\" aria-label=\"click here to download Silhouette &#8211; R\u00e9serve (poign\u00e9e droite) SRVBC050R Owner's Manual (New Window)\">Afficher\/t\u00e9l\u00e9charger<\/a><\/td>\t\n\t\t\t\t\n\t\t\t\n\t\t\t\t\t\t\t<td><a target=\"_blank\" href=\"https:\/\/cdnns.silhouetteappliances.com\/4973611\/SRVBC050L_SRVBC050R-Energyguide-US.9734.pdf\" aria-label=\"click here to download Silhouette &#8211; R\u00e9serve (poign\u00e9e droite) SRVBC050R Energy Guide (New Window)\">Afficher\/t\u00e9l\u00e9charger<\/a><\/td>\t\n\t\t\t\t\t\t\n\t\t\t<td><a target=\"_blank\" href=\"https:\/\/www.silhouetteappliances.com\/fr\/products\/srvbc050r\/?o=pdf\" aria-label=\"click here to download SRVBC050R Spec Sheet (New Window)\">Afficher\/t\u00e9l\u00e9charger<\/a><\/td> \t\t\t\n\t\t\t<td><\/td> \t\n\t\t\t\n\t\n\t\t<\/tr>\n\t\t\t\t<tr>\n\t\t\t<td>SRVBC050L<\/td>\n\t\t\t\t\t\t\t<td><a target=\"_blank\" href=\"https:\/\/cdnns.silhouetteappliances.com\/4973611\/SRVBC050L_SRVBC050R_EFOM_20170810.pdf\" aria-label=\"click here to download Silhouette &#8211; R\u00e9serve SRVBC050L Owner's Manual (New Window)\">Afficher\/t\u00e9l\u00e9charger<\/a><\/td>\t\n\t\t\t\t\n\t\t\t\n\t\t\t\t\t\t\t<td><a target=\"_blank\" href=\"https:\/\/cdnns.silhouetteappliances.com\/4973611\/SRVBC050L_SRVBC050R-Energyguide-US.9734.pdf\" aria-label=\"click here to download Silhouette &#8211; R\u00e9serve SRVBC050L Energy Guide (New Window)\">Afficher\/t\u00e9l\u00e9charger<\/a><\/td>\t\n\t\t\t\t\t\t\n\t\t\t<td><a target=\"_blank\" href=\"https:\/\/www.silhouetteappliances.com\/fr\/products\/srvbc050l\/?o=pdf\" aria-label=\"click here to download SRVBC050L Spec Sheet (New Window)\">Afficher\/t\u00e9l\u00e9charger<\/a><\/td> \t\t\t\n\t\t\t<td><\/td> \t\n\t\t\t\n\t\n\t\t<\/tr>\n\t\t <\/table>\n\n<div aria-label='Pagination' class='navigation pagination'><ul class='page-numbers'>\n\t<li><span aria-label=\"Page 1\" aria-current=\"page\" class=\"page-numbers current\"><span class=\"screen-reader-text\">Page<\/span> 1<\/span><\/li>\n\t<li><a aria-label=\"Page 2\" class=\"page-numbers\" href=\"https:\/\/www.silhouetteappliances.com\/fr\/wp-json\/wp\/v2\/pages\/67\/page\/2\/\"><span class=\"screen-reader-text\">Page<\/span> 2<\/a><\/li>\n\t<li><a aria-label=\"Page 3\" class=\"page-numbers\" href=\"https:\/\/www.silhouetteappliances.com\/fr\/wp-json\/wp\/v2\/pages\/67\/page\/3\/\"><span class=\"screen-reader-text\">Page<\/span> 3<\/a><\/li>\n\t<li><span class=\"page-numbers dots\">&hellip;<\/span><\/li>\n\t<li><a aria-label=\"Page 7\" class=\"page-numbers\" href=\"https:\/\/www.silhouetteappliances.com\/fr\/wp-json\/wp\/v2\/pages\/67\/page\/7\/\"><span class=\"screen-reader-text\">Page<\/span> 7<\/a><\/li>\n\t<li><a class=\"next page-numbers\" href=\"https:\/\/www.silhouetteappliances.com\/fr\/wp-json\/wp\/v2\/pages\/67\/page\/2\/\"><span class=\"btn-text\">Page suivante<\/span><\/a><\/li>\n<\/ul>\n<\/div>\t\t<div class=\"elementor-shortcode\"><\/div>\n\t\t\t\t\t\t<\/div>\n\t\t\t\t<\/div>\n\t\t\t\t\t<\/div>\n\t\t<\/div>\n\t\t\t\t\t<\/div>\n\t\t<\/section>\n\t\t\t\t<\/div>\n\t\t","protected":false},"excerpt":{"rendered":"<p>Manuales de productos<\/p>\n","protected":false},"author":2,"featured_media":0,"parent":0,"menu_order":0,"comment_status":"closed","ping_status":"closed","template":"elementor_header_footer","meta":{"_acf_changed":false,"footnotes":""},"class_list":["post-67","page","type-page","status-publish","hentry"],"acf":[],"yoast_head":"<!-- This site is optimized with the Yoast SEO plugin v26.7 - https:\/\/yoast.com\/wordpress\/plugins\/seo\/ -->\n<title>Manuales de productos | Silhouette Appliances Canada<\/title>\n<meta name=\"robots\" content=\"index, follow, max-snippet:-1, max-image-preview:large, max-video-preview:-1\" \/>\n<link rel=\"canonical\" href=\"https:\/\/www.silhouetteappliances.com\/fr\/manuales-de-productos\/\" \/>\n<meta property=\"og:locale\" content=\"fr_CA\" \/>\n<meta property=\"og:type\" content=\"article\" \/>\n<meta property=\"og:title\" content=\"Manuales de productos | Silhouette Appliances Canada\" \/>\n<meta property=\"og:description\" content=\"Manuales de productos\" \/>\n<meta property=\"og:url\" content=\"https:\/\/www.silhouetteappliances.com\/fr\/manuales-de-productos\/\" \/>\n<meta property=\"og:site_name\" content=\"Silhouette - Canada - French\" \/>\n<meta property=\"article:publisher\" content=\"https:\/\/www.facebook.com\/SilhouetteAppliances\" \/>\n<meta property=\"article:modified_time\" content=\"2022-06-10T17:30:13+00:00\" \/>\n<meta property=\"og:image\" content=\"https:\/\/cdnweb.danby.com\/wp-content\/uploads\/sites\/7\/2022\/03\/14162430\/Silhouette_OG.png\" \/>\n\t<meta property=\"og:image:width\" content=\"1200\" \/>\n\t<meta property=\"og:image:height\" content=\"630\" \/>\n\t<meta property=\"og:image:type\" content=\"image\/png\" \/>\n<meta name=\"twitter:card\" content=\"summary_large_image\" \/>\n<meta name=\"twitter:label1\" content=\"Estimation du temps de lecture\" \/>\n\t<meta name=\"twitter:data1\" content=\"1 minute\" \/>\n<script type=\"application\/ld+json\" class=\"yoast-schema-graph\">{\"@context\":\"https:\/\/schema.org\",\"@graph\":[{\"@type\":\"WebPage\",\"url\":\"https:\/\/www.silhouetteappliances.com\/fr\/manuales-de-productos\/\",\"name\":\"Manuales de productos | Silhouette Appliances Canada\",\"isPartOf\":[],\"datePublished\":\"2021-12-04T07:52:23+00:00\",\"dateModified\":\"2022-06-10T17:30:13+00:00\",\"breadcrumb\":[],\"inLanguage\":\"fr-CA\",\"potentialAction\":[{\"@type\":\"ReadAction\",\"target\":[\"https:\/\/www.silhouetteappliances.com\/fr\/manuales-de-productos\/\"]}]},{\"@type\":\"BreadcrumbList\",\"itemListElement\":[{\"@type\":\"ListItem\",\"position\":1,\"name\":\"Home\",\"item\":\"https:\/\/www.silhouetteappliances.com\/fr\/\"},{\"@type\":\"ListItem\",\"position\":2,\"name\":\"Manuales de productos\"}]},{\"@type\":\"WebSite\",\"url\":\"https:\/\/www.silhouetteappliances.com\/fr\/\",\"name\":\"Silhouette - Canada - French\",\"description\":\"Enfriadores de vino Refrigeradores bajo mostrador.  Todos los frigor\u00edficos - Centro de Bebidas y Vinos\",\"publisher\":[],\"potentialAction\":[{\"@type\":\"SearchAction\",\"target\":{\"@type\":\"EntryPoint\",\"urlTemplate\":\"https:\/\/www.silhouetteappliances.com\/fr\/?s={search_term_string}\"},\"query-input\":{\"@type\":\"PropertyValueSpecification\",\"valueRequired\":true,\"valueName\":\"search_term_string\"}}],\"inLanguage\":\"fr-CA\"},{\"@type\":\"Organization\",\"name\":\"Silhouette Appliances\",\"url\":\"https:\/\/www.silhouetteappliances.com\/fr\/\",\"logo\":{\"@type\":\"ImageObject\",\"inLanguage\":\"fr-CA\",\"url\":\"https:\/\/www.silhouetteappliances.com\/fr\/wp-content\/uploads\/sites\/7\/2021\/12\/logo.png\",\"contentUrl\":\"https:\/\/www.silhouetteappliances.com\/fr\/wp-content\/uploads\/sites\/7\/2021\/12\/logo.png\",\"width\":216,\"height\":46,\"caption\":\"Silhouette Appliances\"},\"image\":[],\"sameAs\":[\"https:\/\/www.facebook.com\/SilhouetteAppliances\",\"https:\/\/www.youtube.com\/user\/SilhouetteAppliance\"]}]}<\/script>\n<!-- \/ Yoast SEO plugin. -->","yoast_head_json":{"title":"Manuales de productos | Silhouette Appliances Canada","robots":{"index":"index","follow":"follow","max-snippet":"max-snippet:-1","max-image-preview":"max-image-preview:large","max-video-preview":"max-video-preview:-1"},"canonical":"https:\/\/www.silhouetteappliances.com\/fr\/manuales-de-productos\/","og_locale":"fr_CA","og_type":"article","og_title":"Manuales de productos | Silhouette Appliances Canada","og_description":"Manuales de productos","og_url":"https:\/\/www.silhouetteappliances.com\/fr\/manuales-de-productos\/","og_site_name":"Silhouette - Canada - French","article_publisher":"https:\/\/www.facebook.com\/SilhouetteAppliances","article_modified_time":"2022-06-10T17:30:13+00:00","og_image":[{"width":1200,"height":630,"url":"https:\/\/cdnweb.danby.com\/wp-content\/uploads\/sites\/7\/2022\/03\/14162430\/Silhouette_OG.png","type":"image\/png"}],"twitter_card":"summary_large_image","twitter_misc":{"Estimation du temps de lecture":"1 minute"},"schema":{"@context":"https:\/\/schema.org","@graph":[{"@type":"WebPage","url":"https:\/\/www.silhouetteappliances.com\/fr\/manuales-de-productos\/","name":"Manuales de productos | Silhouette Appliances Canada","isPartOf":[],"datePublished":"2021-12-04T07:52:23+00:00","dateModified":"2022-06-10T17:30:13+00:00","breadcrumb":[],"inLanguage":"fr-CA","potentialAction":[{"@type":"ReadAction","target":["https:\/\/www.silhouetteappliances.com\/fr\/manuales-de-productos\/"]}]},{"@type":"BreadcrumbList","itemListElement":[{"@type":"ListItem","position":1,"name":"Home","item":"https:\/\/www.silhouetteappliances.com\/fr\/"},{"@type":"ListItem","position":2,"name":"Manuales de productos"}]},{"@type":"WebSite","url":"https:\/\/www.silhouetteappliances.com\/fr\/","name":"Silhouette - Canada - French","description":"Enfriadores de vino Refrigeradores bajo mostrador.  Todos los frigor\u00edficos - Centro de Bebidas y Vinos","publisher":[],"potentialAction":[{"@type":"SearchAction","target":{"@type":"EntryPoint","urlTemplate":"https:\/\/www.silhouetteappliances.com\/fr\/?s={search_term_string}"},"query-input":{"@type":"PropertyValueSpecification","valueRequired":true,"valueName":"search_term_string"}}],"inLanguage":"fr-CA"},{"@type":"Organization","name":"Silhouette Appliances","url":"https:\/\/www.silhouetteappliances.com\/fr\/","logo":{"@type":"ImageObject","inLanguage":"fr-CA","url":"https:\/\/www.silhouetteappliances.com\/fr\/wp-content\/uploads\/sites\/7\/2021\/12\/logo.png","contentUrl":"https:\/\/www.silhouetteappliances.com\/fr\/wp-content\/uploads\/sites\/7\/2021\/12\/logo.png","width":216,"height":46,"caption":"Silhouette Appliances"},"image":[],"sameAs":["https:\/\/www.facebook.com\/SilhouetteAppliances","https:\/\/www.youtube.com\/user\/SilhouetteAppliance"]}]}},"post_mailing_queue_ids":[],"_links":{"self":[{"href":"https:\/\/www.silhouetteappliances.com\/fr\/wp-json\/wp\/v2\/pages\/67","targetHints":{"allow":["GET"]}}],"collection":[{"href":"https:\/\/www.silhouetteappliances.com\/fr\/wp-json\/wp\/v2\/pages"}],"about":[{"href":"https:\/\/www.silhouetteappliances.com\/fr\/wp-json\/wp\/v2\/types\/page"}],"author":[{"embeddable":true,"href":"https:\/\/www.silhouetteappliances.com\/fr\/wp-json\/wp\/v2\/users\/2"}],"replies":[{"embeddable":true,"href":"https:\/\/www.silhouetteappliances.com\/fr\/wp-json\/wp\/v2\/comments?post=67"}],"version-history":[{"count":0,"href":"https:\/\/www.silhouetteappliances.com\/fr\/wp-json\/wp\/v2\/pages\/67\/revisions"}],"wp:attachment":[{"href":"https:\/\/www.silhouetteappliances.com\/fr\/wp-json\/wp\/v2\/media?parent=67"}],"curies":[{"name":"wp","href":"https:\/\/api.w.org\/{rel}","templated":true}]}}