{"id":63,"date":"2021-12-04T07:52:22","date_gmt":"2021-12-04T07:52:22","guid":{"rendered":"https:\/\/www.silhouetteappliances.com\/fr\/call-us\/"},"modified":"2022-03-10T19:22:21","modified_gmt":"2022-03-10T19:22:21","slug":"appelez-nous","status":"publish","type":"page","link":"https:\/\/www.silhouetteappliances.com\/fr\/centre-de-service-aux-consommateurs\/appelez-nous\/","title":{"rendered":"Appelez-Nous"},"content":{"rendered":"\t\t<div data-elementor-type=\"wp-page\" data-elementor-id=\"63\" class=\"elementor elementor-63\" data-elementor-post-type=\"page\">\n\t\t\t\t\t\t<section class=\"elementor-section elementor-top-section elementor-element elementor-element-3f3091ee elementor-section-full_width elementor-section-height-min-height elementor-section-stretched elementor-section-height-default elementor-section-items-middle\" data-id=\"3f3091ee\" data-element_type=\"section\" data-settings=\"{&quot;stretch_section&quot;:&quot;section-stretched&quot;,&quot;background_background&quot;:&quot;classic&quot;}\">\n\t\t\t\t\t\t<div class=\"elementor-container elementor-column-gap-default\">\n\t\t\t\t\t<div class=\"elementor-column elementor-col-100 elementor-top-column elementor-element elementor-element-4651b2f0\" data-id=\"4651b2f0\" data-element_type=\"column\">\n\t\t\t<div class=\"elementor-widget-wrap elementor-element-populated\">\n\t\t\t\t\t\t<div class=\"elementor-element elementor-element-2d13b774 elementor-widget__width-auto elementor-widget elementor-widget-heading\" data-id=\"2d13b774\" data-element_type=\"widget\" data-widget_type=\"heading.default\">\n\t\t\t\t<div class=\"elementor-widget-container\">\n\t\t\t\t\t<h1 class=\"elementor-heading-title elementor-size-default\">appelez-nous<\/h1>\t\t\t\t<\/div>\n\t\t\t\t<\/div>\n\t\t\t\t\t<\/div>\n\t\t<\/div>\n\t\t\t\t\t<\/div>\n\t\t<\/section>\n\t\t\t\t<section class=\"elementor-section elementor-top-section elementor-element elementor-element-2d1c6904 elementor-section-boxed elementor-section-height-default elementor-section-height-default\" data-id=\"2d1c6904\" data-element_type=\"section\">\n\t\t\t\t\t\t<div class=\"elementor-container elementor-column-gap-default\">\n\t\t\t\t\t<div class=\"elementor-column elementor-col-100 elementor-top-column elementor-element elementor-element-73c6bb7\" data-id=\"73c6bb7\" data-element_type=\"column\">\n\t\t\t<div class=\"elementor-widget-wrap elementor-element-populated\">\n\t\t\t\t\t\t<div class=\"elementor-element elementor-element-11ca080a elementor-widget elementor-widget-text-editor\" data-id=\"11ca080a\" data-element_type=\"widget\" data-widget_type=\"text-editor.default\">\n\t\t\t\t<div class=\"elementor-widget-container\">\n\t\t\t\t\t\t\t\t\t<p>Notre \u00e9quipe d\u2019assistance aux consommateurs est l\u00e0 pour vous aider.<br \/>Il nous fera plaisir de r\u00e9pondre \u00e0 vos questions et pr\u00e9occupations et de vous dispenser conseils et soutien concernant vos appareils.<\/p><p><strong>1-844-455-6097<\/strong><\/p><p>Lundi &#8211; Jeudi\u00a0<strong>:<\/strong> 8:30 \u00e0 18\u00a0:00 HNE<\/p><p>Vendredi\u00a0<strong>:<\/strong> 8:30 \u00e0 16\u00a0:00 HNE<\/p>\t\t\t\t\t\t\t\t<\/div>\n\t\t\t\t<\/div>\n\t\t\t\t\t<\/div>\n\t\t<\/div>\n\t\t\t\t\t<\/div>\n\t\t<\/section>\n\t\t\t\t<\/div>\n\t\t","protected":false},"excerpt":{"rendered":"<p>appelez-nous Notre \u00e9quipe d\u2019assistance aux consommateurs est l\u00e0 pour vous aider.Il nous fera plaisir de r\u00e9pondre \u00e0 vos questions et pr\u00e9occupations et de vous dispenser conseils et soutien concernant vos appareils. 1-844-455-6097 Lundi &#8211; Jeudi\u00a0: 8:30 \u00e0 18\u00a0:00 HNE Vendredi\u00a0: 8:30 \u00e0 16\u00a0:00 HNE<\/p>\n","protected":false},"author":2,"featured_media":0,"parent":87,"menu_order":0,"comment_status":"closed","ping_status":"closed","template":"elementor_header_footer","meta":{"_acf_changed":false,"footnotes":""},"class_list":["post-63","page","type-page","status-publish","hentry"],"acf":[],"yoast_head":"<!-- This site is optimized with the Yoast SEO plugin v26.7 - https:\/\/yoast.com\/wordpress\/plugins\/seo\/ -->\n<title>Appelez-Nous | Silhouette Appliances Canada<\/title>\n<meta name=\"robots\" content=\"index, follow, max-snippet:-1, max-image-preview:large, max-video-preview:-1\" \/>\n<link rel=\"canonical\" href=\"https:\/\/www.silhouetteappliances.com\/fr\/centre-de-service-aux-consommateurs\/appelez-nous\/\" \/>\n<meta property=\"og:locale\" content=\"fr_CA\" \/>\n<meta property=\"og:type\" content=\"article\" \/>\n<meta property=\"og:title\" content=\"Appelez-Nous | Silhouette Appliances Canada\" \/>\n<meta property=\"og:description\" content=\"appelez-nous Notre \u00e9quipe d\u2019assistance aux consommateurs est l\u00e0 pour vous aider.Il nous fera plaisir de r\u00e9pondre \u00e0 vos questions et pr\u00e9occupations et de vous dispenser conseils et soutien concernant vos appareils. 1-844-455-6097 Lundi &#8211; Jeudi\u00a0: 8:30 \u00e0 18\u00a0:00 HNE Vendredi\u00a0: 8:30 \u00e0 16\u00a0:00 HNE\" \/>\n<meta property=\"og:url\" content=\"https:\/\/www.silhouetteappliances.com\/fr\/centre-de-service-aux-consommateurs\/appelez-nous\/\" \/>\n<meta property=\"og:site_name\" content=\"Silhouette - Canada - French\" \/>\n<meta property=\"article:publisher\" content=\"https:\/\/www.facebook.com\/SilhouetteAppliances\" \/>\n<meta property=\"article:modified_time\" content=\"2022-03-10T19:22:21+00:00\" \/>\n<meta property=\"og:image\" content=\"https:\/\/cdnweb.danby.com\/wp-content\/uploads\/sites\/7\/2022\/03\/14162430\/Silhouette_OG.png\" \/>\n\t<meta property=\"og:image:width\" content=\"1200\" \/>\n\t<meta property=\"og:image:height\" content=\"630\" \/>\n\t<meta property=\"og:image:type\" content=\"image\/png\" \/>\n<meta name=\"twitter:card\" content=\"summary_large_image\" \/>\n<script type=\"application\/ld+json\" class=\"yoast-schema-graph\">{\"@context\":\"https:\/\/schema.org\",\"@graph\":[{\"@type\":\"WebPage\",\"url\":\"https:\/\/www.silhouetteappliances.com\/fr\/centre-de-service-aux-consommateurs\/appelez-nous\/\",\"name\":\"Appelez-Nous | Silhouette Appliances Canada\",\"isPartOf\":[],\"datePublished\":\"2021-12-04T07:52:22+00:00\",\"dateModified\":\"2022-03-10T19:22:21+00:00\",\"breadcrumb\":[],\"inLanguage\":\"fr-CA\",\"potentialAction\":[{\"@type\":\"ReadAction\",\"target\":[\"https:\/\/www.silhouetteappliances.com\/fr\/centre-de-service-aux-consommateurs\/appelez-nous\/\"]}]},{\"@type\":\"BreadcrumbList\",\"itemListElement\":[{\"@type\":\"ListItem\",\"position\":1,\"name\":\"Home\",\"item\":\"https:\/\/www.silhouetteappliances.com\/fr\/\"},{\"@type\":\"ListItem\",\"position\":2,\"name\":\"Centre de service aux consommateurs\",\"item\":\"https:\/\/www.silhouetteappliances.com\/fr\/centre-de-service-aux-consommateurs\/\"},{\"@type\":\"ListItem\",\"position\":3,\"name\":\"Appelez-Nous\"}]},{\"@type\":\"WebSite\",\"url\":\"https:\/\/www.silhouetteappliances.com\/fr\/\",\"name\":\"Silhouette - Canada - French\",\"description\":\"Enfriadores de vino Refrigeradores bajo mostrador.  Todos los frigor\u00edficos - Centro de Bebidas y Vinos\",\"publisher\":[],\"potentialAction\":[{\"@type\":\"SearchAction\",\"target\":{\"@type\":\"EntryPoint\",\"urlTemplate\":\"https:\/\/www.silhouetteappliances.com\/fr\/?s={search_term_string}\"},\"query-input\":{\"@type\":\"PropertyValueSpecification\",\"valueRequired\":true,\"valueName\":\"search_term_string\"}}],\"inLanguage\":\"fr-CA\"},{\"@type\":\"Organization\",\"name\":\"Silhouette Appliances\",\"url\":\"https:\/\/www.silhouetteappliances.com\/fr\/\",\"logo\":{\"@type\":\"ImageObject\",\"inLanguage\":\"fr-CA\",\"url\":\"https:\/\/www.silhouetteappliances.com\/fr\/wp-content\/uploads\/sites\/7\/2021\/12\/logo.png\",\"contentUrl\":\"https:\/\/www.silhouetteappliances.com\/fr\/wp-content\/uploads\/sites\/7\/2021\/12\/logo.png\",\"width\":216,\"height\":46,\"caption\":\"Silhouette Appliances\"},\"image\":[],\"sameAs\":[\"https:\/\/www.facebook.com\/SilhouetteAppliances\",\"https:\/\/www.youtube.com\/user\/SilhouetteAppliance\"]}]}<\/script>\n<!-- \/ Yoast SEO plugin. -->","yoast_head_json":{"title":"Appelez-Nous | Silhouette Appliances Canada","robots":{"index":"index","follow":"follow","max-snippet":"max-snippet:-1","max-image-preview":"max-image-preview:large","max-video-preview":"max-video-preview:-1"},"canonical":"https:\/\/www.silhouetteappliances.com\/fr\/centre-de-service-aux-consommateurs\/appelez-nous\/","og_locale":"fr_CA","og_type":"article","og_title":"Appelez-Nous | Silhouette Appliances Canada","og_description":"appelez-nous Notre \u00e9quipe d\u2019assistance aux consommateurs est l\u00e0 pour vous aider.Il nous fera plaisir de r\u00e9pondre \u00e0 vos questions et pr\u00e9occupations et de vous dispenser conseils et soutien concernant vos appareils. 1-844-455-6097 Lundi &#8211; Jeudi\u00a0: 8:30 \u00e0 18\u00a0:00 HNE Vendredi\u00a0: 8:30 \u00e0 16\u00a0:00 HNE","og_url":"https:\/\/www.silhouetteappliances.com\/fr\/centre-de-service-aux-consommateurs\/appelez-nous\/","og_site_name":"Silhouette - Canada - French","article_publisher":"https:\/\/www.facebook.com\/SilhouetteAppliances","article_modified_time":"2022-03-10T19:22:21+00:00","og_image":[{"width":1200,"height":630,"url":"https:\/\/cdnweb.danby.com\/wp-content\/uploads\/sites\/7\/2022\/03\/14162430\/Silhouette_OG.png","type":"image\/png"}],"twitter_card":"summary_large_image","schema":{"@context":"https:\/\/schema.org","@graph":[{"@type":"WebPage","url":"https:\/\/www.silhouetteappliances.com\/fr\/centre-de-service-aux-consommateurs\/appelez-nous\/","name":"Appelez-Nous | Silhouette Appliances Canada","isPartOf":[],"datePublished":"2021-12-04T07:52:22+00:00","dateModified":"2022-03-10T19:22:21+00:00","breadcrumb":[],"inLanguage":"fr-CA","potentialAction":[{"@type":"ReadAction","target":["https:\/\/www.silhouetteappliances.com\/fr\/centre-de-service-aux-consommateurs\/appelez-nous\/"]}]},{"@type":"BreadcrumbList","itemListElement":[{"@type":"ListItem","position":1,"name":"Home","item":"https:\/\/www.silhouetteappliances.com\/fr\/"},{"@type":"ListItem","position":2,"name":"Centre de service aux consommateurs","item":"https:\/\/www.silhouetteappliances.com\/fr\/centre-de-service-aux-consommateurs\/"},{"@type":"ListItem","position":3,"name":"Appelez-Nous"}]},{"@type":"WebSite","url":"https:\/\/www.silhouetteappliances.com\/fr\/","name":"Silhouette - Canada - French","description":"Enfriadores de vino Refrigeradores bajo mostrador.  Todos los frigor\u00edficos - Centro de Bebidas y Vinos","publisher":[],"potentialAction":[{"@type":"SearchAction","target":{"@type":"EntryPoint","urlTemplate":"https:\/\/www.silhouetteappliances.com\/fr\/?s={search_term_string}"},"query-input":{"@type":"PropertyValueSpecification","valueRequired":true,"valueName":"search_term_string"}}],"inLanguage":"fr-CA"},{"@type":"Organization","name":"Silhouette Appliances","url":"https:\/\/www.silhouetteappliances.com\/fr\/","logo":{"@type":"ImageObject","inLanguage":"fr-CA","url":"https:\/\/www.silhouetteappliances.com\/fr\/wp-content\/uploads\/sites\/7\/2021\/12\/logo.png","contentUrl":"https:\/\/www.silhouetteappliances.com\/fr\/wp-content\/uploads\/sites\/7\/2021\/12\/logo.png","width":216,"height":46,"caption":"Silhouette Appliances"},"image":[],"sameAs":["https:\/\/www.facebook.com\/SilhouetteAppliances","https:\/\/www.youtube.com\/user\/SilhouetteAppliance"]}]}},"post_mailing_queue_ids":[],"_links":{"self":[{"href":"https:\/\/www.silhouetteappliances.com\/fr\/wp-json\/wp\/v2\/pages\/63","targetHints":{"allow":["GET"]}}],"collection":[{"href":"https:\/\/www.silhouetteappliances.com\/fr\/wp-json\/wp\/v2\/pages"}],"about":[{"href":"https:\/\/www.silhouetteappliances.com\/fr\/wp-json\/wp\/v2\/types\/page"}],"author":[{"embeddable":true,"href":"https:\/\/www.silhouetteappliances.com\/fr\/wp-json\/wp\/v2\/users\/2"}],"replies":[{"embeddable":true,"href":"https:\/\/www.silhouetteappliances.com\/fr\/wp-json\/wp\/v2\/comments?post=63"}],"version-history":[{"count":0,"href":"https:\/\/www.silhouetteappliances.com\/fr\/wp-json\/wp\/v2\/pages\/63\/revisions"}],"up":[{"embeddable":true,"href":"https:\/\/www.silhouetteappliances.com\/fr\/wp-json\/wp\/v2\/pages\/87"}],"wp:attachment":[{"href":"https:\/\/www.silhouetteappliances.com\/fr\/wp-json\/wp\/v2\/media?parent=63"}],"curies":[{"name":"wp","href":"https:\/\/api.w.org\/{rel}","templated":true}]}}