{"id":51,"date":"2021-12-04T07:52:22","date_gmt":"2021-12-04T07:52:22","guid":{"rendered":"https:\/\/www.silhouetteappliances.com\/fr\/extended-warranty-purchase\/"},"modified":"2024-12-11T14:09:18","modified_gmt":"2024-12-11T14:09:18","slug":"achat-de-garantie-prolongee","status":"publish","type":"page","link":"https:\/\/www.silhouetteappliances.com\/fr\/enregistrement-de-la-garantie\/achat-de-garantie-prolongee\/","title":{"rendered":"Achat de garantie prolong\u00e9e"},"content":{"rendered":"\t\t<div data-elementor-type=\"wp-page\" data-elementor-id=\"51\" class=\"elementor elementor-51\" data-elementor-post-type=\"page\">\n\t\t\t\t\t\t<section class=\"elementor-section elementor-top-section elementor-element elementor-element-4f4bf8df elementor-section-full_width elementor-section-height-min-height elementor-section-stretched elementor-section-height-default elementor-section-items-middle\" data-id=\"4f4bf8df\" data-element_type=\"section\" data-settings=\"{&quot;stretch_section&quot;:&quot;section-stretched&quot;,&quot;background_background&quot;:&quot;classic&quot;}\">\n\t\t\t\t\t\t<div class=\"elementor-container elementor-column-gap-default\">\n\t\t\t\t\t<div class=\"elementor-column elementor-col-100 elementor-top-column elementor-element elementor-element-6055ac19\" data-id=\"6055ac19\" data-element_type=\"column\">\n\t\t\t<div class=\"elementor-widget-wrap elementor-element-populated\">\n\t\t\t\t\t\t<div class=\"elementor-element elementor-element-a6a400c elementor-widget__width-auto elementor-widget elementor-widget-heading\" data-id=\"a6a400c\" data-element_type=\"widget\" data-widget_type=\"heading.default\">\n\t\t\t\t<div class=\"elementor-widget-container\">\n\t\t\t\t\t<h1 class=\"elementor-heading-title elementor-size-default\">Achat de garantie prolong\u00e9e<\/h1>\t\t\t\t<\/div>\n\t\t\t\t<\/div>\n\t\t\t\t\t<\/div>\n\t\t<\/div>\n\t\t\t\t\t<\/div>\n\t\t<\/section>\n\t\t\t\t<section class=\"elementor-section elementor-top-section elementor-element elementor-element-5ee75f5f elementor-section-boxed elementor-section-height-default elementor-section-height-default\" data-id=\"5ee75f5f\" data-element_type=\"section\">\n\t\t\t\t\t\t<div class=\"elementor-container elementor-column-gap-default\">\n\t\t\t\t\t<div class=\"elementor-column elementor-col-100 elementor-top-column elementor-element elementor-element-4ed0ef1a\" data-id=\"4ed0ef1a\" data-element_type=\"column\">\n\t\t\t<div class=\"elementor-widget-wrap elementor-element-populated\">\n\t\t\t\t\t\t<div class=\"elementor-element elementor-element-32b22df8 elementor-widget elementor-widget-heading\" data-id=\"32b22df8\" data-element_type=\"widget\" data-widget_type=\"heading.default\">\n\t\t\t\t<div class=\"elementor-widget-container\">\n\t\t\t\t\t<h2 class=\"elementor-heading-title elementor-size-default\">Agissez maintenant, afin de vous procurer une garantie prolong\u00e9e platine<\/h2>\t\t\t\t<\/div>\n\t\t\t\t<\/div>\n\t\t\t\t\t<\/div>\n\t\t<\/div>\n\t\t\t\t\t<\/div>\n\t\t<\/section>\n\t\t\t\t<section class=\"elementor-section elementor-top-section elementor-element elementor-element-be7d8a5 elementor-section-boxed elementor-section-height-default elementor-section-height-default\" data-id=\"be7d8a5\" data-element_type=\"section\">\n\t\t\t\t\t\t<div class=\"elementor-container elementor-column-gap-default\">\n\t\t\t\t\t<div class=\"elementor-column elementor-col-100 elementor-top-column elementor-element elementor-element-320d5c80\" data-id=\"320d5c80\" data-element_type=\"column\">\n\t\t\t<div class=\"elementor-widget-wrap elementor-element-populated\">\n\t\t\t\t\t\t<section class=\"elementor-section elementor-inner-section elementor-element elementor-element-68e7734b elementor-section-boxed elementor-section-height-default elementor-section-height-default\" data-id=\"68e7734b\" data-element_type=\"section\">\n\t\t\t\t\t\t<div class=\"elementor-container elementor-column-gap-default\">\n\t\t\t\t\t<div class=\"elementor-column elementor-col-50 elementor-inner-column elementor-element elementor-element-7afff871\" data-id=\"7afff871\" data-element_type=\"column\">\n\t\t\t<div class=\"elementor-widget-wrap elementor-element-populated\">\n\t\t\t\t\t\t<div class=\"elementor-element elementor-element-637b09e4 elementor-widget elementor-widget-heading\" data-id=\"637b09e4\" data-element_type=\"widget\" data-widget_type=\"heading.default\">\n\t\t\t\t<div class=\"elementor-widget-container\">\n\t\t\t\t\t<h2 class=\"elementor-heading-title elementor-size-default\">Voici quelques-uns des avantages relatifs \u00e0 cette garantie:<\/h2>\t\t\t\t<\/div>\n\t\t\t\t<\/div>\n\t\t\t\t<div class=\"elementor-element elementor-element-ea7e379 elementor-icon-list--layout-traditional elementor-list-item-link-full_width elementor-widget elementor-widget-icon-list\" data-id=\"ea7e379\" data-element_type=\"widget\" data-widget_type=\"icon-list.default\">\n\t\t\t\t<div class=\"elementor-widget-container\">\n\t\t\t\t\t\t\t<ul class=\"elementor-icon-list-items\">\n\t\t\t\t\t\t\t<li class=\"elementor-icon-list-item\">\n\t\t\t\t\t\t\t\t\t\t\t<span class=\"elementor-icon-list-icon\">\n\t\t\t\t\t\t\t<i aria-hidden=\"true\" class=\"fas fa-check\"><\/i>\t\t\t\t\t\t<\/span>\n\t\t\t\t\t\t\t\t\t\t<span class=\"elementor-icon-list-text\">Profitez de la tranquillit\u00e9 d\u2019esprit que peut vous procurer le fait de savoir que votre investissement sera prot\u00e9g\u00e9 pendant 4 ans au-del\u00e0 de la garantie originale du manufacturier.<\/span>\n\t\t\t\t\t\t\t\t\t<\/li>\n\t\t\t\t\t\t\t\t<li class=\"elementor-icon-list-item\">\n\t\t\t\t\t\t\t\t\t\t\t<span class=\"elementor-icon-list-icon\">\n\t\t\t\t\t\t\t<i aria-hidden=\"true\" class=\"fas fa-check\"><\/i>\t\t\t\t\t\t<\/span>\n\t\t\t\t\t\t\t\t\t\t<span class=\"elementor-icon-list-text\">Aucune franchise. Aucun co\u00fbt ou frais additionnel, autre que le prix d\u2019achat de notre Garantie Prolong\u00e9e Platine.<\/span>\n\t\t\t\t\t\t\t\t\t<\/li>\n\t\t\t\t\t\t\t\t<li class=\"elementor-icon-list-item\">\n\t\t\t\t\t\t\t\t\t\t\t<span class=\"elementor-icon-list-icon\">\n\t\t\t\t\t\t\t<i aria-hidden=\"true\" class=\"fas fa-check\"><\/i>\t\t\t\t\t\t<\/span>\n\t\t\t\t\t\t\t\t\t\t<span class=\"elementor-icon-list-text\">Couverture compl\u00e8te. Prolonge la garantie originale du fabricant, telle qu'elle est indiqu\u00e9e dans le manuel du propri\u00e9taire, pour la dur\u00e9e de la garantie prolong\u00e9e.<\/span>\n\t\t\t\t\t\t\t\t\t<\/li>\n\t\t\t\t\t\t<\/ul>\n\t\t\t\t\t\t<\/div>\n\t\t\t\t<\/div>\n\t\t\t\t\t<\/div>\n\t\t<\/div>\n\t\t\t\t<div class=\"elementor-column elementor-col-50 elementor-inner-column elementor-element elementor-element-526072de\" data-id=\"526072de\" data-element_type=\"column\" data-settings=\"{&quot;background_background&quot;:&quot;classic&quot;}\">\n\t\t\t<div class=\"elementor-widget-wrap elementor-element-populated\">\n\t\t\t\t\t\t<div class=\"elementor-element elementor-element-6dff10c3 elementor-widget elementor-widget-heading\" data-id=\"6dff10c3\" data-element_type=\"widget\" data-widget_type=\"heading.default\">\n\t\t\t\t<div class=\"elementor-widget-container\">\n\t\t\t\t\t<h2 class=\"elementor-heading-title elementor-size-default\">Si vous n'avez pas encore enregistr\u00e9 votre produit et re\u00e7u un code de garantie, veuillez  <a href=\"https:\/\/www.silhouetteappliances.com\/warranty-registration\/product-registration\/\">Inscrivez-vous maintenant<\/a>.<\/h2>\t\t\t\t<\/div>\n\t\t\t\t<\/div>\n\t\t\t\t<div class=\"elementor-element elementor-element-9749980 elementor-widget elementor-widget-heading\" data-id=\"9749980\" data-element_type=\"widget\" data-widget_type=\"heading.default\">\n\t\t\t\t<div class=\"elementor-widget-container\">\n\t\t\t\t\t<div class=\"elementor-heading-title elementor-size-default\"><b>Avis important:<\/b><br>\nNous vous informons que notre programme d'extension de garantie est actuellement en suspens. Nous vous remercions de votre compr\u00e9hension et vous encourageons \u00e0 revenir pour des mises \u00e0 jour.<\/div>\t\t\t\t<\/div>\n\t\t\t\t<\/div>\n\t\t\t\t\t<\/div>\n\t\t<\/div>\n\t\t\t\t\t<\/div>\n\t\t<\/section>\n\t\t\t\t\t<\/div>\n\t\t<\/div>\n\t\t\t\t\t<\/div>\n\t\t<\/section>\n\t\t\t\t<section class=\"elementor-section elementor-top-section elementor-element elementor-element-0989a03 elementor-section-boxed elementor-section-height-default elementor-section-height-default\" data-id=\"0989a03\" data-element_type=\"section\">\n\t\t\t\t\t\t<div class=\"elementor-container elementor-column-gap-default\">\n\t\t\t\t\t<div class=\"elementor-column elementor-col-100 elementor-top-column elementor-element elementor-element-605ca0c\" data-id=\"605ca0c\" data-element_type=\"column\">\n\t\t\t<div class=\"elementor-widget-wrap elementor-element-populated\">\n\t\t\t\t\t\t<section class=\"elementor-section elementor-inner-section elementor-element elementor-element-cc5a7b4 elementor-section-boxed elementor-section-height-default elementor-section-height-default\" data-id=\"cc5a7b4\" data-element_type=\"section\">\n\t\t\t\t\t\t<div class=\"elementor-container elementor-column-gap-default\">\n\t\t\t\t\t<div class=\"elementor-column elementor-col-100 elementor-inner-column elementor-element elementor-element-c768cad\" data-id=\"c768cad\" data-element_type=\"column\">\n\t\t\t<div class=\"elementor-widget-wrap elementor-element-populated\">\n\t\t\t\t\t\t<div class=\"elementor-element elementor-element-01dae73 elementor-widget elementor-widget-menu-anchor\" data-id=\"01dae73\" data-element_type=\"widget\" data-widget_type=\"menu-anchor.default\">\n\t\t\t\t<div class=\"elementor-widget-container\">\n\t\t\t\t\t\t\t<div class=\"elementor-menu-anchor\" id=\"terms\"><\/div>\n\t\t\t\t\t\t<\/div>\n\t\t\t\t<\/div>\n\t\t\t\t<div class=\"elementor-element elementor-element-03d9681 elementor-widget elementor-widget-heading\" data-id=\"03d9681\" data-element_type=\"widget\" data-widget_type=\"heading.default\">\n\t\t\t\t<div class=\"elementor-widget-container\">\n\t\t\t\t\t<h2 class=\"elementor-heading-title elementor-size-default\">Faits saillants sur l'extension de garantie<\/h2>\t\t\t\t<\/div>\n\t\t\t\t<\/div>\n\t\t\t\t<div class=\"elementor-element elementor-element-4d3d111 elementor-icon-list--layout-traditional elementor-list-item-link-full_width elementor-widget elementor-widget-icon-list\" data-id=\"4d3d111\" data-element_type=\"widget\" data-widget_type=\"icon-list.default\">\n\t\t\t\t<div class=\"elementor-widget-container\">\n\t\t\t\t\t\t\t<ul class=\"elementor-icon-list-items\">\n\t\t\t\t\t\t\t<li class=\"elementor-icon-list-item\">\n\t\t\t\t\t\t\t\t\t\t\t<span class=\"elementor-icon-list-icon\">\n\t\t\t\t\t\t\t<i aria-hidden=\"true\" class=\"fas fa-check\"><\/i>\t\t\t\t\t\t<\/span>\n\t\t\t\t\t\t\t\t\t\t<span class=\"elementor-icon-list-text\">L'appareil doit \u00eatre enregistr\u00e9 avant d'acheter une extension de garantie Platinum.<\/span>\n\t\t\t\t\t\t\t\t\t<\/li>\n\t\t\t\t\t\t\t\t<li class=\"elementor-icon-list-item\">\n\t\t\t\t\t\t\t\t\t\t\t<span class=\"elementor-icon-list-icon\">\n\t\t\t\t\t\t\t<i aria-hidden=\"true\" class=\"fas fa-check\"><\/i>\t\t\t\t\t\t<\/span>\n\t\t\t\t\t\t\t\t\t\t<span class=\"elementor-icon-list-text\">La couverture compl\u00e8te prolonge la garantie originale du fabricant indiqu\u00e9e dans le manuel du propri\u00e9taire pour la dur\u00e9e de la garantie prolong\u00e9e platine. Une option de remplacement sera envisag\u00e9e \u00e0 la discr\u00e9tion de Danby.<\/span>\n\t\t\t\t\t\t\t\t\t<\/li>\n\t\t\t\t\t\t\t\t<li class=\"elementor-icon-list-item\">\n\t\t\t\t\t\t\t\t\t\t\t<span class=\"elementor-icon-list-icon\">\n\t\t\t\t\t\t\t<i aria-hidden=\"true\" class=\"fas fa-check\"><\/i>\t\t\t\t\t\t<\/span>\n\t\t\t\t\t\t\t\t\t\t<span class=\"elementor-icon-list-text\">La couverture de l'extension de garantie ne s'appliquera qu'\u00e0 l'unit\u00e9 enregistr\u00e9e dans le cadre de l'extension de garantie achet\u00e9e.<\/span>\n\t\t\t\t\t\t\t\t\t<\/li>\n\t\t\t\t\t\t\t\t<li class=\"elementor-icon-list-item\">\n\t\t\t\t\t\t\t\t\t\t\t<span class=\"elementor-icon-list-icon\">\n\t\t\t\t\t\t\t<i aria-hidden=\"true\" class=\"fas fa-check\"><\/i>\t\t\t\t\t\t<\/span>\n\t\t\t\t\t\t\t\t\t\t<span class=\"elementor-icon-list-text\">Les appareils de remplacement fournis par Danby Products pendant la p\u00e9riode de garantie prolong\u00e9e Platinum sont garantis pendant 12 mois \u00e0 compter de la date de remplacement et ne sont pas admissibles \u00e0 une couverture suppl\u00e9mentaire de la garantie prolong\u00e9e Platinum.<\/span>\n\t\t\t\t\t\t\t\t\t<\/li>\n\t\t\t\t\t\t\t\t<li class=\"elementor-icon-list-item\">\n\t\t\t\t\t\t\t\t\t\t\t<span class=\"elementor-icon-list-icon\">\n\t\t\t\t\t\t\t<i aria-hidden=\"true\" class=\"fas fa-check\"><\/i>\t\t\t\t\t\t<\/span>\n\t\t\t\t\t\t\t\t\t\t<span class=\"elementor-icon-list-text\">Les garanties prolong\u00e9es Platinum sont non remboursables et non transf\u00e9rables et constituent une extension de la couverture de la garantie du fabricant.<\/span>\n\t\t\t\t\t\t\t\t\t<\/li>\n\t\t\t\t\t\t\t\t<li class=\"elementor-icon-list-item\">\n\t\t\t\t\t\t\t\t\t\t\t<span class=\"elementor-icon-list-icon\">\n\t\t\t\t\t\t\t<i aria-hidden=\"true\" class=\"fas fa-check\"><\/i>\t\t\t\t\t\t<\/span>\n\t\t\t\t\t\t\t\t\t\t<span class=\"elementor-icon-list-text\">Si un remplacement Danby est effectu\u00e9 pendant la dur\u00e9e de la garantie originale du fabricant, la garantie prolong\u00e9e Platinum sera maintenue.<\/span>\n\t\t\t\t\t\t\t\t\t<\/li>\n\t\t\t\t\t\t\t\t<li class=\"elementor-icon-list-item\">\n\t\t\t\t\t\t\t\t\t\t\t<span class=\"elementor-icon-list-icon\">\n\t\t\t\t\t\t\t<i aria-hidden=\"true\" class=\"fas fa-check\"><\/i>\t\t\t\t\t\t<\/span>\n\t\t\t\t\t\t\t\t\t\t<span class=\"elementor-icon-list-text\">La garantie originale du fabricant et l'extension de garantie Platinum ne sont valables que si elles sont accompagn\u00e9es de la preuve d'achat originale.<\/span>\n\t\t\t\t\t\t\t\t\t<\/li>\n\t\t\t\t\t\t<\/ul>\n\t\t\t\t\t\t<\/div>\n\t\t\t\t<\/div>\n\t\t\t\t\t<\/div>\n\t\t<\/div>\n\t\t\t\t\t<\/div>\n\t\t<\/section>\n\t\t\t\t\t<\/div>\n\t\t<\/div>\n\t\t\t\t\t<\/div>\n\t\t<\/section>\n\t\t\t\t<\/div>\n\t\t","protected":false},"excerpt":{"rendered":"<p>Achat de garantie prolong\u00e9e Agissez maintenant, afin de vous procurer une garantie prolong\u00e9e platine Voici quelques-uns des avantages relatifs \u00e0 cette garantie: Profitez de la tranquillit\u00e9 d\u2019esprit que peut vous procurer le fait de savoir que votre investissement sera prot\u00e9g\u00e9 pendant 4 ans au-del\u00e0 de la garantie originale du manufacturier. Aucune franchise. Aucun co\u00fbt ou [&hellip;]<\/p>\n","protected":false},"author":2,"featured_media":0,"parent":59,"menu_order":0,"comment_status":"closed","ping_status":"closed","template":"elementor_header_footer","meta":{"_acf_changed":false,"footnotes":""},"class_list":["post-51","page","type-page","status-publish","hentry"],"acf":[],"yoast_head":"<!-- This site is optimized with the Yoast SEO plugin v26.7 - https:\/\/yoast.com\/wordpress\/plugins\/seo\/ -->\n<title>Achat de garantie prolong\u00e9e | Silhouette Appliances Canada<\/title>\n<meta name=\"robots\" content=\"index, follow, max-snippet:-1, max-image-preview:large, max-video-preview:-1\" \/>\n<link rel=\"canonical\" href=\"https:\/\/www.silhouetteappliances.com\/fr\/enregistrement-de-la-garantie\/achat-de-garantie-prolongee\/\" \/>\n<meta property=\"og:locale\" content=\"fr_CA\" \/>\n<meta property=\"og:type\" content=\"article\" \/>\n<meta property=\"og:title\" content=\"Achat de garantie prolong\u00e9e | Silhouette Appliances Canada\" \/>\n<meta property=\"og:description\" content=\"Achat de garantie prolong\u00e9e Agissez maintenant, afin de vous procurer une garantie prolong\u00e9e platine Voici quelques-uns des avantages relatifs \u00e0 cette garantie: Profitez de la tranquillit\u00e9 d\u2019esprit que peut vous procurer le fait de savoir que votre investissement sera prot\u00e9g\u00e9 pendant 4 ans au-del\u00e0 de la garantie originale du manufacturier. Aucune franchise. Aucun co\u00fbt ou [&hellip;]\" \/>\n<meta property=\"og:url\" content=\"https:\/\/www.silhouetteappliances.com\/fr\/enregistrement-de-la-garantie\/achat-de-garantie-prolongee\/\" \/>\n<meta property=\"og:site_name\" content=\"Silhouette - Canada - French\" \/>\n<meta property=\"article:publisher\" content=\"https:\/\/www.facebook.com\/SilhouetteAppliances\" \/>\n<meta property=\"article:modified_time\" content=\"2024-12-11T14:09:18+00:00\" \/>\n<meta property=\"og:image\" content=\"https:\/\/cdnweb.danby.com\/wp-content\/uploads\/sites\/7\/2022\/03\/14162430\/Silhouette_OG.png\" \/>\n\t<meta property=\"og:image:width\" content=\"1200\" \/>\n\t<meta property=\"og:image:height\" content=\"630\" \/>\n\t<meta property=\"og:image:type\" content=\"image\/png\" \/>\n<meta name=\"twitter:card\" content=\"summary_large_image\" \/>\n<meta name=\"twitter:label1\" content=\"Estimation du temps de lecture\" \/>\n\t<meta name=\"twitter:data1\" content=\"2 minutes\" \/>\n<script type=\"application\/ld+json\" class=\"yoast-schema-graph\">{\"@context\":\"https:\/\/schema.org\",\"@graph\":[{\"@type\":\"WebPage\",\"url\":\"https:\/\/www.silhouetteappliances.com\/fr\/enregistrement-de-la-garantie\/achat-de-garantie-prolongee\/\",\"name\":\"Achat de garantie prolong\u00e9e | Silhouette Appliances Canada\",\"isPartOf\":[],\"datePublished\":\"2021-12-04T07:52:22+00:00\",\"dateModified\":\"2024-12-11T14:09:18+00:00\",\"breadcrumb\":[],\"inLanguage\":\"fr-CA\",\"potentialAction\":[{\"@type\":\"ReadAction\",\"target\":[\"https:\/\/www.silhouetteappliances.com\/fr\/enregistrement-de-la-garantie\/achat-de-garantie-prolongee\/\"]}]},{\"@type\":\"BreadcrumbList\",\"itemListElement\":[{\"@type\":\"ListItem\",\"position\":1,\"name\":\"Home\",\"item\":\"https:\/\/www.silhouetteappliances.com\/fr\/\"},{\"@type\":\"ListItem\",\"position\":2,\"name\":\"Enregistrement de la garantie\",\"item\":\"https:\/\/www.silhouetteappliances.com\/fr\/enregistrement-de-la-garantie\/\"},{\"@type\":\"ListItem\",\"position\":3,\"name\":\"Achat de garantie prolong\u00e9e\"}]},{\"@type\":\"WebSite\",\"url\":\"https:\/\/www.silhouetteappliances.com\/fr\/\",\"name\":\"Silhouette - Canada - French\",\"description\":\"Enfriadores de vino Refrigeradores bajo mostrador.  Todos los frigor\u00edficos - Centro de Bebidas y Vinos\",\"publisher\":[],\"potentialAction\":[{\"@type\":\"SearchAction\",\"target\":{\"@type\":\"EntryPoint\",\"urlTemplate\":\"https:\/\/www.silhouetteappliances.com\/fr\/?s={search_term_string}\"},\"query-input\":{\"@type\":\"PropertyValueSpecification\",\"valueRequired\":true,\"valueName\":\"search_term_string\"}}],\"inLanguage\":\"fr-CA\"},{\"@type\":\"Organization\",\"name\":\"Silhouette Appliances\",\"url\":\"https:\/\/www.silhouetteappliances.com\/fr\/\",\"logo\":{\"@type\":\"ImageObject\",\"inLanguage\":\"fr-CA\",\"url\":\"https:\/\/www.silhouetteappliances.com\/fr\/wp-content\/uploads\/sites\/7\/2021\/12\/logo.png\",\"contentUrl\":\"https:\/\/www.silhouetteappliances.com\/fr\/wp-content\/uploads\/sites\/7\/2021\/12\/logo.png\",\"width\":216,\"height\":46,\"caption\":\"Silhouette Appliances\"},\"image\":[],\"sameAs\":[\"https:\/\/www.facebook.com\/SilhouetteAppliances\",\"https:\/\/www.youtube.com\/user\/SilhouetteAppliance\"]}]}<\/script>\n<!-- \/ Yoast SEO plugin. -->","yoast_head_json":{"title":"Achat de garantie prolong\u00e9e | Silhouette Appliances Canada","robots":{"index":"index","follow":"follow","max-snippet":"max-snippet:-1","max-image-preview":"max-image-preview:large","max-video-preview":"max-video-preview:-1"},"canonical":"https:\/\/www.silhouetteappliances.com\/fr\/enregistrement-de-la-garantie\/achat-de-garantie-prolongee\/","og_locale":"fr_CA","og_type":"article","og_title":"Achat de garantie prolong\u00e9e | Silhouette Appliances Canada","og_description":"Achat de garantie prolong\u00e9e Agissez maintenant, afin de vous procurer une garantie prolong\u00e9e platine Voici quelques-uns des avantages relatifs \u00e0 cette garantie: Profitez de la tranquillit\u00e9 d\u2019esprit que peut vous procurer le fait de savoir que votre investissement sera prot\u00e9g\u00e9 pendant 4 ans au-del\u00e0 de la garantie originale du manufacturier. Aucune franchise. Aucun co\u00fbt ou [&hellip;]","og_url":"https:\/\/www.silhouetteappliances.com\/fr\/enregistrement-de-la-garantie\/achat-de-garantie-prolongee\/","og_site_name":"Silhouette - Canada - French","article_publisher":"https:\/\/www.facebook.com\/SilhouetteAppliances","article_modified_time":"2024-12-11T14:09:18+00:00","og_image":[{"width":1200,"height":630,"url":"https:\/\/cdnweb.danby.com\/wp-content\/uploads\/sites\/7\/2022\/03\/14162430\/Silhouette_OG.png","type":"image\/png"}],"twitter_card":"summary_large_image","twitter_misc":{"Estimation du temps de lecture":"2 minutes"},"schema":{"@context":"https:\/\/schema.org","@graph":[{"@type":"WebPage","url":"https:\/\/www.silhouetteappliances.com\/fr\/enregistrement-de-la-garantie\/achat-de-garantie-prolongee\/","name":"Achat de garantie prolong\u00e9e | Silhouette Appliances Canada","isPartOf":[],"datePublished":"2021-12-04T07:52:22+00:00","dateModified":"2024-12-11T14:09:18+00:00","breadcrumb":[],"inLanguage":"fr-CA","potentialAction":[{"@type":"ReadAction","target":["https:\/\/www.silhouetteappliances.com\/fr\/enregistrement-de-la-garantie\/achat-de-garantie-prolongee\/"]}]},{"@type":"BreadcrumbList","itemListElement":[{"@type":"ListItem","position":1,"name":"Home","item":"https:\/\/www.silhouetteappliances.com\/fr\/"},{"@type":"ListItem","position":2,"name":"Enregistrement de la garantie","item":"https:\/\/www.silhouetteappliances.com\/fr\/enregistrement-de-la-garantie\/"},{"@type":"ListItem","position":3,"name":"Achat de garantie prolong\u00e9e"}]},{"@type":"WebSite","url":"https:\/\/www.silhouetteappliances.com\/fr\/","name":"Silhouette - Canada - French","description":"Enfriadores de vino Refrigeradores bajo mostrador.  Todos los frigor\u00edficos - Centro de Bebidas y Vinos","publisher":[],"potentialAction":[{"@type":"SearchAction","target":{"@type":"EntryPoint","urlTemplate":"https:\/\/www.silhouetteappliances.com\/fr\/?s={search_term_string}"},"query-input":{"@type":"PropertyValueSpecification","valueRequired":true,"valueName":"search_term_string"}}],"inLanguage":"fr-CA"},{"@type":"Organization","name":"Silhouette Appliances","url":"https:\/\/www.silhouetteappliances.com\/fr\/","logo":{"@type":"ImageObject","inLanguage":"fr-CA","url":"https:\/\/www.silhouetteappliances.com\/fr\/wp-content\/uploads\/sites\/7\/2021\/12\/logo.png","contentUrl":"https:\/\/www.silhouetteappliances.com\/fr\/wp-content\/uploads\/sites\/7\/2021\/12\/logo.png","width":216,"height":46,"caption":"Silhouette Appliances"},"image":[],"sameAs":["https:\/\/www.facebook.com\/SilhouetteAppliances","https:\/\/www.youtube.com\/user\/SilhouetteAppliance"]}]}},"post_mailing_queue_ids":[],"_links":{"self":[{"href":"https:\/\/www.silhouetteappliances.com\/fr\/wp-json\/wp\/v2\/pages\/51","targetHints":{"allow":["GET"]}}],"collection":[{"href":"https:\/\/www.silhouetteappliances.com\/fr\/wp-json\/wp\/v2\/pages"}],"about":[{"href":"https:\/\/www.silhouetteappliances.com\/fr\/wp-json\/wp\/v2\/types\/page"}],"author":[{"embeddable":true,"href":"https:\/\/www.silhouetteappliances.com\/fr\/wp-json\/wp\/v2\/users\/2"}],"replies":[{"embeddable":true,"href":"https:\/\/www.silhouetteappliances.com\/fr\/wp-json\/wp\/v2\/comments?post=51"}],"version-history":[{"count":0,"href":"https:\/\/www.silhouetteappliances.com\/fr\/wp-json\/wp\/v2\/pages\/51\/revisions"}],"up":[{"embeddable":true,"href":"https:\/\/www.silhouetteappliances.com\/fr\/wp-json\/wp\/v2\/pages\/59"}],"wp:attachment":[{"href":"https:\/\/www.silhouetteappliances.com\/fr\/wp-json\/wp\/v2\/media?parent=51"}],"curies":[{"name":"wp","href":"https:\/\/api.w.org\/{rel}","templated":true}]}}