{"id":28,"date":"2021-12-04T07:52:21","date_gmt":"2021-12-04T07:52:21","guid":{"rendered":"https:\/\/www.silhouetteappliances.com\/fr\/accessibility\/"},"modified":"2024-10-17T15:01:23","modified_gmt":"2024-10-17T15:01:23","slug":"accessibilite","status":"publish","type":"page","link":"https:\/\/www.silhouetteappliances.com\/fr\/accessibilite\/","title":{"rendered":"Accessibilit\u00e9"},"content":{"rendered":"\t\t<div data-elementor-type=\"wp-page\" data-elementor-id=\"28\" class=\"elementor elementor-28\" data-elementor-post-type=\"page\">\n\t\t\t\t\t\t<section class=\"elementor-section elementor-top-section elementor-element elementor-element-234d3ba8 elementor-section-full_width elementor-section-height-min-height elementor-section-stretched elementor-section-height-default elementor-section-items-middle\" data-id=\"234d3ba8\" data-element_type=\"section\" data-settings=\"{&quot;stretch_section&quot;:&quot;section-stretched&quot;,&quot;background_background&quot;:&quot;classic&quot;}\">\n\t\t\t\t\t\t<div class=\"elementor-container elementor-column-gap-default\">\n\t\t\t\t\t<div class=\"elementor-column elementor-col-100 elementor-top-column elementor-element elementor-element-6768eccf\" data-id=\"6768eccf\" data-element_type=\"column\">\n\t\t\t<div class=\"elementor-widget-wrap elementor-element-populated\">\n\t\t\t\t\t\t<div class=\"elementor-element elementor-element-244facbe elementor-widget__width-auto elementor-widget elementor-widget-heading\" data-id=\"244facbe\" data-element_type=\"widget\" data-widget_type=\"heading.default\">\n\t\t\t\t<div class=\"elementor-widget-container\">\n\t\t\t\t\t<h1 class=\"elementor-heading-title elementor-size-default\">Honorer notre engagement au niveau de l\u2019accessibilit\u00e9<\/h1>\t\t\t\t<\/div>\n\t\t\t\t<\/div>\n\t\t\t\t\t<\/div>\n\t\t<\/div>\n\t\t\t\t\t<\/div>\n\t\t<\/section>\n\t\t\t\t<section class=\"elementor-section elementor-top-section elementor-element elementor-element-3a971333 elementor-section-boxed elementor-section-height-default elementor-section-height-default\" data-id=\"3a971333\" data-element_type=\"section\">\n\t\t\t\t\t\t<div class=\"elementor-container elementor-column-gap-default\">\n\t\t\t\t\t<div class=\"elementor-column elementor-col-100 elementor-top-column elementor-element elementor-element-6e04c857\" data-id=\"6e04c857\" data-element_type=\"column\">\n\t\t\t<div class=\"elementor-widget-wrap elementor-element-populated\">\n\t\t\t\t\t\t<div class=\"elementor-element elementor-element-3b9e26c3 elementor-widget elementor-widget-heading\" data-id=\"3b9e26c3\" data-element_type=\"widget\" data-widget_type=\"heading.default\">\n\t\t\t\t<div class=\"elementor-widget-container\">\n\t\t\t\t\t<h2 class=\"elementor-heading-title elementor-size-default\">Politique d'accessibilit\u00e9 pour la fourniture de biens et de services aux personnes handicap\u00e9es<\/h2>\t\t\t\t<\/div>\n\t\t\t\t<\/div>\n\t\t\t\t<div class=\"elementor-element elementor-element-21be2092 elementor-widget elementor-widget-heading\" data-id=\"21be2092\" data-element_type=\"widget\" data-widget_type=\"heading.default\">\n\t\t\t\t<div class=\"elementor-widget-container\">\n\t\t\t\t\t<div class=\"elementor-heading-title elementor-size-default\">Objectif:<\/div>\t\t\t\t<\/div>\n\t\t\t\t<\/div>\n\t\t\t\t<div class=\"elementor-element elementor-element-417b36d elementor-widget elementor-widget-text-editor\" data-id=\"417b36d\" data-element_type=\"widget\" data-widget_type=\"text-editor.default\">\n\t\t\t\t<div class=\"elementor-widget-container\">\n\t\t\t\t\t\t\t\t\t<p>Cette politique d\u00e9crit notre engagement \u00e0 fournir des biens et des services accessibles aux personnes handicap\u00e9es en garantissant l&rsquo;inclusion et le respect de toutes les lois f\u00e9d\u00e9rales et provinciales sur l&rsquo;accessibilit\u00e9 au Canada, telles que, mais sans s&rsquo;y limiter, la Loi canadienne sur l&rsquo;accessibilit\u00e9.<\/p><p>Danby s&rsquo;engage \u00e0 offrir un service d&rsquo;excellence \u00e0 tous ses clients, y compris aux personnes handicap\u00e9es, en supprimant les obstacles et en garantissant l&rsquo;accessibilit\u00e9. Notre politique de service client accessible est conforme aux principes d&rsquo;ind\u00e9pendance, de dignit\u00e9, d&rsquo;int\u00e9gration et d&rsquo;\u00e9galit\u00e9 des chances pour toutes les personnes handicap\u00e9es. Nous d\u00e9ploierons tous les efforts raisonnables pour \u00eatre coh\u00e9rents avec les principes de notre politique.<\/p><p>Cette politique s&rsquo;applique \u00e0 tous les employ\u00e9s qui interagissent avec le public ou des tiers au nom de notre organisation.<\/p>\t\t\t\t\t\t\t\t<\/div>\n\t\t\t\t<\/div>\n\t\t\t\t<div class=\"elementor-element elementor-element-619272b6 elementor-widget elementor-widget-heading\" data-id=\"619272b6\" data-element_type=\"widget\" data-widget_type=\"heading.default\">\n\t\t\t\t<div class=\"elementor-widget-container\">\n\t\t\t\t\t<div class=\"elementor-heading-title elementor-size-default\">D\u00e9finitions:<\/div>\t\t\t\t<\/div>\n\t\t\t\t<\/div>\n\t\t\t\t<div class=\"elementor-element elementor-element-4f10f4ef elementor-widget elementor-widget-text-editor\" data-id=\"4f10f4ef\" data-element_type=\"widget\" data-widget_type=\"text-editor.default\">\n\t\t\t\t<div class=\"elementor-widget-container\">\n\t\t\t\t\t\t\t\t\t<ul><li><strong>Handicap:<\/strong> tel que d\u00e9fini par la l\u00e9gislation applicable, y compris les d\u00e9ficiences physiques, mentales, intellectuelles ou sensorielles.<\/li><li><strong>Appareils fonctionnels<\/strong>: outils ou technologies utilis\u00e9s par les personnes handicap\u00e9es pour les aider dans leurs activit\u00e9s quotidiennes.<\/li><\/ul>\t\t\t\t\t\t\t\t<\/div>\n\t\t\t\t<\/div>\n\t\t\t\t<div class=\"elementor-element elementor-element-1af7547e elementor-widget elementor-widget-heading\" data-id=\"1af7547e\" data-element_type=\"widget\" data-widget_type=\"heading.default\">\n\t\t\t\t<div class=\"elementor-widget-container\">\n\t\t\t\t\t<div class=\"elementor-heading-title elementor-size-default\">\u00c9nonc\u00e9s de politique:<\/div>\t\t\t\t<\/div>\n\t\t\t\t<\/div>\n\t\t\t\t<div class=\"elementor-element elementor-element-bfd1e27 elementor-widget elementor-widget-heading\" data-id=\"bfd1e27\" data-element_type=\"widget\" data-widget_type=\"heading.default\">\n\t\t\t\t<div class=\"elementor-widget-container\">\n\t\t\t\t\t<div class=\"elementor-heading-title elementor-size-default\">Communication<\/div>\t\t\t\t<\/div>\n\t\t\t\t<\/div>\n\t\t\t\t<div class=\"elementor-element elementor-element-30350a0e elementor-widget elementor-widget-text-editor\" data-id=\"30350a0e\" data-element_type=\"widget\" data-widget_type=\"text-editor.default\">\n\t\t\t\t<div class=\"elementor-widget-container\">\n\t\t\t\t\t\t\t\t\t<p>Nous communiquerons avec les personnes handicap\u00e9es de mani\u00e8re \u00e0 tenir compte de leur handicap. Nous d\u00e9terminerons avec la personne handicap\u00e9e quelle m\u00e9thode de communication lui convient. Cela peut inclure la fourniture de formats accessibles et d&rsquo;aides \u00e0 la communication sur demande et peut inclure les \u00e9l\u00e9ments suivants\u00a0:<\/p><ul><li>\u00c9crire avec un stylo et du papier<\/li><li>Saisir des messages dans les deux sens<\/li><li>Communication \u00e9lectronique<\/li><li>Gestes<\/li><\/ul>\t\t\t\t\t\t\t\t<\/div>\n\t\t\t\t<\/div>\n\t\t\t\t<div class=\"elementor-element elementor-element-231212c0 elementor-widget elementor-widget-heading\" data-id=\"231212c0\" data-element_type=\"widget\" data-widget_type=\"heading.default\">\n\t\t\t\t<div class=\"elementor-widget-container\">\n\t\t\t\t\t<div class=\"elementor-heading-title elementor-size-default\">Accessibilit\u00e9 du site Web:<\/div>\t\t\t\t<\/div>\n\t\t\t\t<\/div>\n\t\t\t\t<div class=\"elementor-element elementor-element-1a321131 elementor-widget elementor-widget-text-editor\" data-id=\"1a321131\" data-element_type=\"widget\" data-widget_type=\"text-editor.default\">\n\t\t\t\t<div class=\"elementor-widget-container\">\n\t\t\t\t\t\t\t\t\t<p>Le contenu du site Web de Danby est conforme aux WCAG 2.0 niveau AA et est contr\u00f4l\u00e9 r\u00e9guli\u00e8rement.<\/p>\t\t\t\t\t\t\t\t<\/div>\n\t\t\t\t<\/div>\n\t\t\t\t<div class=\"elementor-element elementor-element-380a9e23 elementor-widget elementor-widget-heading\" data-id=\"380a9e23\" data-element_type=\"widget\" data-widget_type=\"heading.default\">\n\t\t\t\t<div class=\"elementor-widget-container\">\n\t\t\t\t\t<div class=\"elementor-heading-title elementor-size-default\">Animaux d'assistance :<\/div>\t\t\t\t<\/div>\n\t\t\t\t<\/div>\n\t\t\t\t<div class=\"elementor-element elementor-element-1128ccdb elementor-widget elementor-widget-text-editor\" data-id=\"1128ccdb\" data-element_type=\"widget\" data-widget_type=\"text-editor.default\">\n\t\t\t\t<div class=\"elementor-widget-container\">\n\t\t\t\t\t\t\t\t\t<p>Nous accueillons les personnes handicap\u00e9es et leurs animaux d&rsquo;assistance. Les animaux d&rsquo;assistance sont autoris\u00e9s dans les parties publiques de nos locaux, sauf si l&rsquo;animal est exclu par une autre loi. Si un animal d&rsquo;assistance est exclu par la loi, nous utiliserons d&rsquo;autres mesures pour fournir des services \u00e0 une personne handicap\u00e9e.<\/p><p>Un animal d&rsquo;assistance peut \u00eatre facilement identifi\u00e9 gr\u00e2ce \u00e0 des indicateurs visuels, par exemple lorsqu&rsquo;il porte un harnais ou un gilet, ou lorsqu&rsquo;il aide la personne \u00e0 effectuer certaines t\u00e2ches. Veuillez identifier votre animal comme un animal de soutien s&rsquo;il n&rsquo;y a pas d&rsquo;indicateurs visuels \u00e9vidents.<\/p>\t\t\t\t\t\t\t\t<\/div>\n\t\t\t\t<\/div>\n\t\t\t\t<div class=\"elementor-element elementor-element-560c488d elementor-widget elementor-widget-heading\" data-id=\"560c488d\" data-element_type=\"widget\" data-widget_type=\"heading.default\">\n\t\t\t\t<div class=\"elementor-widget-container\">\n\t\t\t\t\t<div class=\"elementor-heading-title elementor-size-default\">Personne de soutien :<\/div>\t\t\t\t<\/div>\n\t\t\t\t<\/div>\n\t\t\t\t<div class=\"elementor-element elementor-element-5cace9 elementor-widget elementor-widget-text-editor\" data-id=\"5cace9\" data-element_type=\"widget\" data-widget_type=\"text-editor.default\">\n\t\t\t\t<div class=\"elementor-widget-container\">\n\t\t\t\t\t\t\t\t\t<p>Une personne handicap\u00e9e accompagn\u00e9e d&rsquo;une personne de soutien sera autoris\u00e9e \u00e0 se faire accompagner par cette personne dans nos locaux.<\/p><p>Dans certains cas, Danby peut exiger qu&rsquo;une personne handicap\u00e9e soit accompagn\u00e9e d&rsquo;une personne de soutien pour des raisons de sant\u00e9 ou de s\u00e9curit\u00e9\u00a0:<\/p><ul><li>La personne handicap\u00e9e<\/li><li>Les autres personnes pr\u00e9sentes dans les locaux<\/li><\/ul><p>Avant de prendre une d\u00e9cision, Danby:<\/p><ul><li>Consultera la personne handicap\u00e9e pour comprendre ses besoins<\/li><li>\u00c9tudiera les raisons de sant\u00e9 ou de s\u00e9curit\u00e9 en fonction des preuves disponibles<\/li><li>D\u00e9terminera s&rsquo;il n&rsquo;existe aucun autre moyen raisonnable de prot\u00e9ger la sant\u00e9 ou la s\u00e9curit\u00e9 de la personne ou des autres personnes pr\u00e9sentes dans les locaux<\/li><\/ul>\t\t\t\t\t\t\t\t<\/div>\n\t\t\t\t<\/div>\n\t\t\t\t<div class=\"elementor-element elementor-element-3b04c216 elementor-widget elementor-widget-heading\" data-id=\"3b04c216\" data-element_type=\"widget\" data-widget_type=\"heading.default\">\n\t\t\t\t<div class=\"elementor-widget-container\">\n\t\t\t\t\t<div class=\"elementor-heading-title elementor-size-default\">Formation:<\/div>\t\t\t\t<\/div>\n\t\t\t\t<\/div>\n\t\t\t\t<div class=\"elementor-element elementor-element-6f1008e1 elementor-widget elementor-widget-text-editor\" data-id=\"6f1008e1\" data-element_type=\"widget\" data-widget_type=\"text-editor.default\">\n\t\t\t\t<div class=\"elementor-widget-container\">\n\t\t\t\t\t\t\t\t\t<p>Danby offre une formation concernant les personnes handicap\u00e9es \u00e0 tous les nouveaux employ\u00e9s et conserve le mat\u00e9riel de formation sur un site facilement accessible appel\u00e9 \u00ab\u00a0Danby University\u00a0\u00bb pour faciliter les cours de recyclage si n\u00e9cessaire. Une formation est dispens\u00e9e aux employ\u00e9s afin de garantir que toutes les d\u00e9clarations de politique not\u00e9es sont respect\u00e9es.<\/p>\t\t\t\t\t\t\t\t<\/div>\n\t\t\t\t<\/div>\n\t\t\t\t<div class=\"elementor-element elementor-element-12beb02b elementor-widget elementor-widget-heading\" data-id=\"12beb02b\" data-element_type=\"widget\" data-widget_type=\"heading.default\">\n\t\t\t\t<div class=\"elementor-widget-container\">\n\t\t\t\t\t<div class=\"elementor-heading-title elementor-size-default\">Processus de r\u00e9troaction<\/div>\t\t\t\t<\/div>\n\t\t\t\t<\/div>\n\t\t\t\t<div class=\"elementor-element elementor-element-76a5d91a elementor-widget elementor-widget-text-editor\" data-id=\"76a5d91a\" data-element_type=\"widget\" data-widget_type=\"text-editor.default\">\n\t\t\t\t<div class=\"elementor-widget-container\">\n\t\t\t\t\t\t\t\t\t<p>Danby accueille favorablement les commentaires sur la fa\u00e7on dont nous fournissons un service client accessible. Les commentaires des clients nous aideront \u00e0 identifier les obstacles et \u00e0 r\u00e9pondre aux pr\u00e9occupations.<\/p><p>Les clients qui souhaitent donner leur avis sur la mani\u00e8re dont Danby fournit des biens, des services ou des installations aux personnes handicap\u00e9es peuvent le faire de la mani\u00e8re suivante\u00a0:<\/p>\t\t\t\t\t\t\t\t<\/div>\n\t\t\t\t<\/div>\n\t\t\t\t<div class=\"elementor-element elementor-element-22b69b97 elementor-widget elementor-widget-heading\" data-id=\"22b69b97\" data-element_type=\"widget\" data-widget_type=\"heading.default\">\n\t\t\t\t<div class=\"elementor-widget-container\">\n\t\t\t\t\t<div class=\"elementor-heading-title elementor-size-default\">Par courrier :<\/div>\t\t\t\t<\/div>\n\t\t\t\t<\/div>\n\t\t\t\t<div class=\"elementor-element elementor-element-1fd548c1 elementor-widget elementor-widget-text-editor\" data-id=\"1fd548c1\" data-element_type=\"widget\" data-widget_type=\"text-editor.default\">\n\t\t\t\t<div class=\"elementor-widget-container\">\n\t\t\t\t\t\t\t\t\t<p>Danby<br \/>5070 Whitelaw Rd.<br \/>Guelph, ON<br \/>N1H 6Z9<\/p>\t\t\t\t\t\t\t\t<\/div>\n\t\t\t\t<\/div>\n\t\t\t\t<div class=\"elementor-element elementor-element-5586f611 elementor-widget elementor-widget-heading\" data-id=\"5586f611\" data-element_type=\"widget\" data-widget_type=\"heading.default\">\n\t\t\t\t<div class=\"elementor-widget-container\">\n\t\t\t\t\t<div class=\"elementor-heading-title elementor-size-default\">Par t\u00e9l\u00e9phone <\/div>\t\t\t\t<\/div>\n\t\t\t\t<\/div>\n\t\t\t\t<div class=\"elementor-element elementor-element-3bc41af elementor-widget elementor-widget-text-editor\" data-id=\"3bc41af\" data-element_type=\"widget\" data-widget_type=\"text-editor.default\">\n\t\t\t\t<div class=\"elementor-widget-container\">\n\t\t\t\t\t\t\t\t\t<p>519-837-0920<\/p>\t\t\t\t\t\t\t\t<\/div>\n\t\t\t\t<\/div>\n\t\t\t\t\t<\/div>\n\t\t<\/div>\n\t\t\t\t\t<\/div>\n\t\t<\/section>\n\t\t\t\t<\/div>\n\t\t","protected":false},"excerpt":{"rendered":"<p>Honorer notre engagement au niveau de l\u2019accessibilit\u00e9 Politique d&rsquo;accessibilit\u00e9 pour la fourniture de biens et de services aux personnes handicap\u00e9es Objectif: Cette politique d\u00e9crit notre engagement \u00e0 fournir des biens et des services accessibles aux personnes handicap\u00e9es en garantissant l&rsquo;inclusion et le respect de toutes les lois f\u00e9d\u00e9rales et provinciales sur l&rsquo;accessibilit\u00e9 au Canada, telles [&hellip;]<\/p>\n","protected":false},"author":2,"featured_media":0,"parent":0,"menu_order":0,"comment_status":"closed","ping_status":"closed","template":"elementor_header_footer","meta":{"_acf_changed":false,"footnotes":""},"class_list":["post-28","page","type-page","status-publish","hentry"],"acf":[],"yoast_head":"<!-- This site is optimized with the Yoast SEO plugin v26.7 - https:\/\/yoast.com\/wordpress\/plugins\/seo\/ -->\n<title>Accessibilit\u00e9 | Silhouette Appliances Canada<\/title>\n<meta name=\"robots\" content=\"index, follow, max-snippet:-1, max-image-preview:large, max-video-preview:-1\" \/>\n<link rel=\"canonical\" href=\"https:\/\/www.silhouetteappliances.com\/fr\/accessibilite\/\" \/>\n<meta property=\"og:locale\" content=\"fr_CA\" \/>\n<meta property=\"og:type\" content=\"article\" \/>\n<meta property=\"og:title\" content=\"Accessibilit\u00e9 | Silhouette Appliances Canada\" \/>\n<meta property=\"og:description\" content=\"Honorer notre engagement au niveau de l\u2019accessibilit\u00e9 Politique d&rsquo;accessibilit\u00e9 pour la fourniture de biens et de services aux personnes handicap\u00e9es Objectif: Cette politique d\u00e9crit notre engagement \u00e0 fournir des biens et des services accessibles aux personnes handicap\u00e9es en garantissant l&rsquo;inclusion et le respect de toutes les lois f\u00e9d\u00e9rales et provinciales sur l&rsquo;accessibilit\u00e9 au Canada, telles [&hellip;]\" \/>\n<meta property=\"og:url\" content=\"https:\/\/www.silhouetteappliances.com\/fr\/accessibilite\/\" \/>\n<meta property=\"og:site_name\" content=\"Silhouette - Canada - French\" \/>\n<meta property=\"article:publisher\" content=\"https:\/\/www.facebook.com\/SilhouetteAppliances\" \/>\n<meta property=\"article:modified_time\" content=\"2024-10-17T15:01:23+00:00\" \/>\n<meta property=\"og:image\" content=\"https:\/\/cdnweb.danby.com\/wp-content\/uploads\/sites\/7\/2022\/03\/14162430\/Silhouette_OG.png\" \/>\n\t<meta property=\"og:image:width\" content=\"1200\" \/>\n\t<meta property=\"og:image:height\" content=\"630\" \/>\n\t<meta property=\"og:image:type\" content=\"image\/png\" \/>\n<meta name=\"twitter:card\" content=\"summary_large_image\" \/>\n<meta name=\"twitter:label1\" content=\"Estimation du temps de lecture\" \/>\n\t<meta name=\"twitter:data1\" content=\"4 minutes\" \/>\n<script type=\"application\/ld+json\" class=\"yoast-schema-graph\">{\"@context\":\"https:\/\/schema.org\",\"@graph\":[{\"@type\":\"WebPage\",\"url\":\"https:\/\/www.silhouetteappliances.com\/fr\/accessibilite\/\",\"name\":\"Accessibilit\u00e9 | Silhouette Appliances Canada\",\"isPartOf\":[],\"datePublished\":\"2021-12-04T07:52:21+00:00\",\"dateModified\":\"2024-10-17T15:01:23+00:00\",\"breadcrumb\":[],\"inLanguage\":\"fr-CA\",\"potentialAction\":[{\"@type\":\"ReadAction\",\"target\":[\"https:\/\/www.silhouetteappliances.com\/fr\/accessibilite\/\"]}]},{\"@type\":\"BreadcrumbList\",\"itemListElement\":[{\"@type\":\"ListItem\",\"position\":1,\"name\":\"Home\",\"item\":\"https:\/\/www.silhouetteappliances.com\/fr\/\"},{\"@type\":\"ListItem\",\"position\":2,\"name\":\"Accessibilit\u00e9\"}]},{\"@type\":\"WebSite\",\"url\":\"https:\/\/www.silhouetteappliances.com\/fr\/\",\"name\":\"Silhouette - Canada - French\",\"description\":\"Enfriadores de vino Refrigeradores bajo mostrador.  Todos los frigor\u00edficos - Centro de Bebidas y Vinos\",\"publisher\":[],\"potentialAction\":[{\"@type\":\"SearchAction\",\"target\":{\"@type\":\"EntryPoint\",\"urlTemplate\":\"https:\/\/www.silhouetteappliances.com\/fr\/?s={search_term_string}\"},\"query-input\":{\"@type\":\"PropertyValueSpecification\",\"valueRequired\":true,\"valueName\":\"search_term_string\"}}],\"inLanguage\":\"fr-CA\"},{\"@type\":\"Organization\",\"name\":\"Silhouette Appliances\",\"url\":\"https:\/\/www.silhouetteappliances.com\/fr\/\",\"logo\":{\"@type\":\"ImageObject\",\"inLanguage\":\"fr-CA\",\"url\":\"https:\/\/www.silhouetteappliances.com\/fr\/wp-content\/uploads\/sites\/7\/2021\/12\/logo.png\",\"contentUrl\":\"https:\/\/www.silhouetteappliances.com\/fr\/wp-content\/uploads\/sites\/7\/2021\/12\/logo.png\",\"width\":216,\"height\":46,\"caption\":\"Silhouette Appliances\"},\"image\":[],\"sameAs\":[\"https:\/\/www.facebook.com\/SilhouetteAppliances\",\"https:\/\/www.youtube.com\/user\/SilhouetteAppliance\"]}]}<\/script>\n<!-- \/ Yoast SEO plugin. -->","yoast_head_json":{"title":"Accessibilit\u00e9 | Silhouette Appliances Canada","robots":{"index":"index","follow":"follow","max-snippet":"max-snippet:-1","max-image-preview":"max-image-preview:large","max-video-preview":"max-video-preview:-1"},"canonical":"https:\/\/www.silhouetteappliances.com\/fr\/accessibilite\/","og_locale":"fr_CA","og_type":"article","og_title":"Accessibilit\u00e9 | Silhouette Appliances Canada","og_description":"Honorer notre engagement au niveau de l\u2019accessibilit\u00e9 Politique d&rsquo;accessibilit\u00e9 pour la fourniture de biens et de services aux personnes handicap\u00e9es Objectif: Cette politique d\u00e9crit notre engagement \u00e0 fournir des biens et des services accessibles aux personnes handicap\u00e9es en garantissant l&rsquo;inclusion et le respect de toutes les lois f\u00e9d\u00e9rales et provinciales sur l&rsquo;accessibilit\u00e9 au Canada, telles [&hellip;]","og_url":"https:\/\/www.silhouetteappliances.com\/fr\/accessibilite\/","og_site_name":"Silhouette - Canada - French","article_publisher":"https:\/\/www.facebook.com\/SilhouetteAppliances","article_modified_time":"2024-10-17T15:01:23+00:00","og_image":[{"width":1200,"height":630,"url":"https:\/\/cdnweb.danby.com\/wp-content\/uploads\/sites\/7\/2022\/03\/14162430\/Silhouette_OG.png","type":"image\/png"}],"twitter_card":"summary_large_image","twitter_misc":{"Estimation du temps de lecture":"4 minutes"},"schema":{"@context":"https:\/\/schema.org","@graph":[{"@type":"WebPage","url":"https:\/\/www.silhouetteappliances.com\/fr\/accessibilite\/","name":"Accessibilit\u00e9 | Silhouette Appliances Canada","isPartOf":[],"datePublished":"2021-12-04T07:52:21+00:00","dateModified":"2024-10-17T15:01:23+00:00","breadcrumb":[],"inLanguage":"fr-CA","potentialAction":[{"@type":"ReadAction","target":["https:\/\/www.silhouetteappliances.com\/fr\/accessibilite\/"]}]},{"@type":"BreadcrumbList","itemListElement":[{"@type":"ListItem","position":1,"name":"Home","item":"https:\/\/www.silhouetteappliances.com\/fr\/"},{"@type":"ListItem","position":2,"name":"Accessibilit\u00e9"}]},{"@type":"WebSite","url":"https:\/\/www.silhouetteappliances.com\/fr\/","name":"Silhouette - Canada - French","description":"Enfriadores de vino Refrigeradores bajo mostrador.  Todos los frigor\u00edficos - Centro de Bebidas y Vinos","publisher":[],"potentialAction":[{"@type":"SearchAction","target":{"@type":"EntryPoint","urlTemplate":"https:\/\/www.silhouetteappliances.com\/fr\/?s={search_term_string}"},"query-input":{"@type":"PropertyValueSpecification","valueRequired":true,"valueName":"search_term_string"}}],"inLanguage":"fr-CA"},{"@type":"Organization","name":"Silhouette Appliances","url":"https:\/\/www.silhouetteappliances.com\/fr\/","logo":{"@type":"ImageObject","inLanguage":"fr-CA","url":"https:\/\/www.silhouetteappliances.com\/fr\/wp-content\/uploads\/sites\/7\/2021\/12\/logo.png","contentUrl":"https:\/\/www.silhouetteappliances.com\/fr\/wp-content\/uploads\/sites\/7\/2021\/12\/logo.png","width":216,"height":46,"caption":"Silhouette Appliances"},"image":[],"sameAs":["https:\/\/www.facebook.com\/SilhouetteAppliances","https:\/\/www.youtube.com\/user\/SilhouetteAppliance"]}]}},"post_mailing_queue_ids":[],"_links":{"self":[{"href":"https:\/\/www.silhouetteappliances.com\/fr\/wp-json\/wp\/v2\/pages\/28","targetHints":{"allow":["GET"]}}],"collection":[{"href":"https:\/\/www.silhouetteappliances.com\/fr\/wp-json\/wp\/v2\/pages"}],"about":[{"href":"https:\/\/www.silhouetteappliances.com\/fr\/wp-json\/wp\/v2\/types\/page"}],"author":[{"embeddable":true,"href":"https:\/\/www.silhouetteappliances.com\/fr\/wp-json\/wp\/v2\/users\/2"}],"replies":[{"embeddable":true,"href":"https:\/\/www.silhouetteappliances.com\/fr\/wp-json\/wp\/v2\/comments?post=28"}],"version-history":[{"count":0,"href":"https:\/\/www.silhouetteappliances.com\/fr\/wp-json\/wp\/v2\/pages\/28\/revisions"}],"wp:attachment":[{"href":"https:\/\/www.silhouetteappliances.com\/fr\/wp-json\/wp\/v2\/media?parent=28"}],"curies":[{"name":"wp","href":"https:\/\/api.w.org\/{rel}","templated":true}]}}